{"id":6069,"date":"2025-09-17T15:47:43","date_gmt":"2025-09-17T13:47:43","guid":{"rendered":"https:\/\/biopastis.com\/productos\/non class\u00e9\/gateau-mini-sacher\/"},"modified":"2025-09-17T15:47:43","modified_gmt":"2025-09-17T13:47:43","slug":"gateau-mini-sacher","status":"publish","type":"product","link":"https:\/\/biopastis.com\/fr\/productos\/commerce-de-detail\/mini-cakes-fr\/gateau-mini-sacher\/","title":{"rendered":"G\u00e2teau Mini-Sacher"},"content":{"rendered":"<table>\n<tbody>\n<tr>\n<td class=\"bd\">Poids<\/td>\n<td class=\"der\">750 g +\/- 5 %<\/td>\n<\/tr>\n<tr>\n<td class=\"bd\">Dimensions<\/td>\n<td class=\"right\">180 x 60<\/td>\n<\/tr>\n<tr>\n<td class=\"bd\">Portions<\/td>\n<td class=\"der\">1<\/td>\n<\/tr>\n<tr>\n<td class=\"bd\">Unit\u00e9s<\/td>\n<td class=\"der\">1<\/td>\n<\/tr>\n<\/tbody>\n<\/table>\n","protected":false},"excerpt":{"rendered":"<p>G\u00e2teau rond traditionnel compos\u00e9 de deux g\u00e9noises au chocolat fourr\u00e9es \u00e0 la confiture d&rsquo;abricots. Recouvert d&rsquo;une ganache au chocolat et d\u00e9cor\u00e9 d&rsquo;une inscription Sacher et de vermicelles au cacao.<\/p>\n","protected":false},"featured_media":5382,"template":"","meta":[],"product_brand":[],"product_cat":[158],"product_tag":[230,231],"class_list":{"0":"post-6069","1":"product","2":"type-product","3":"status-publish","4":"has-post-thumbnail","6":"product_cat-mini-cakes-fr","7":"product_tag-gateau","8":"product_tag-mini","10":"first","11":"instock","12":"shipping-taxable","13":"product-type-simple"},"yoast_head":"<!-- This site is optimized with the Yoast SEO plugin v27.4 - https:\/\/yoast.com\/product\/yoast-seo-wordpress\/ -->\n<title>G\u00e2teau Mini-Sacher - BioPastis<\/title>\n<meta name=\"description\" content=\"G\u00e2teau rond traditionnel compos\u00e9 de deux g\u00e9noises au chocolat fourr\u00e9es \u00e0 la confiture d&#039;abricots. Recouvert d&#039;une ganache au chocolat et d\u00e9cor\u00e9 d&#039;une inscription Sacher et de vermicelles au cacao.\" \/>\n<meta name=\"robots\" content=\"index, follow, max-snippet:-1, max-image-preview:large, max-video-preview:-1\" \/>\n<link rel=\"canonical\" href=\"https:\/\/biopastis.com\/fr\/productos\/commerce-de-detail\/mini-cakes-fr\/gateau-mini-sacher\/\" \/>\n<meta property=\"og:locale\" content=\"fr_FR\" \/>\n<meta property=\"og:type\" content=\"article\" \/>\n<meta property=\"og:title\" content=\"G\u00e2teau Mini-Sacher - BioPastis\" \/>\n<meta property=\"og:description\" content=\"G\u00e2teau rond traditionnel compos\u00e9 de deux g\u00e9noises au chocolat fourr\u00e9es \u00e0 la confiture d&#039;abricots. Recouvert d&#039;une ganache au chocolat et d\u00e9cor\u00e9 d&#039;une inscription Sacher et de vermicelles au cacao.\" \/>\n<meta property=\"og:url\" content=\"https:\/\/biopastis.com\/fr\/productos\/commerce-de-detail\/mini-cakes-fr\/gateau-mini-sacher\/\" \/>\n<meta property=\"og:site_name\" content=\"BioPastis\" \/>\n<meta property=\"og:image\" content=\"https:\/\/biopastis.com\/wp-content\/uploads\/2025\/09\/Tarta-Sacher-3.png\" \/>\n\t<meta property=\"og:image:width\" content=\"1184\" \/>\n\t<meta property=\"og:image:height\" content=\"864\" \/>\n\t<meta property=\"og:image:type\" content=\"image\/png\" \/>\n<meta name=\"twitter:card\" content=\"summary_large_image\" \/>\n<script type=\"application\/ld+json\" class=\"yoast-schema-graph\">{\"@context\":\"https:\\\/\\\/schema.org\",\"@graph\":[{\"@type\":\"WebPage\",\"@id\":\"https:\\\/\\\/biopastis.com\\\/fr\\\/productos\\\/commerce-de-detail\\\/mini-cakes-fr\\\/gateau-mini-sacher\\\/\",\"url\":\"https:\\\/\\\/biopastis.com\\\/fr\\\/productos\\\/commerce-de-detail\\\/mini-cakes-fr\\\/gateau-mini-sacher\\\/\",\"name\":\"G\u00e2teau Mini-Sacher - BioPastis\",\"isPartOf\":{\"@id\":\"https:\\\/\\\/biopastis.com\\\/fr\\\/#website\"},\"primaryImageOfPage\":{\"@id\":\"https:\\\/\\\/biopastis.com\\\/fr\\\/productos\\\/commerce-de-detail\\\/mini-cakes-fr\\\/gateau-mini-sacher\\\/#primaryimage\"},\"image\":{\"@id\":\"https:\\\/\\\/biopastis.com\\\/fr\\\/productos\\\/commerce-de-detail\\\/mini-cakes-fr\\\/gateau-mini-sacher\\\/#primaryimage\"},\"thumbnailUrl\":\"https:\\\/\\\/biopastis.com\\\/wp-content\\\/uploads\\\/2025\\\/09\\\/Tarta-Sacher-3.png\",\"datePublished\":\"2025-09-17T13:47:43+00:00\",\"description\":\"G\u00e2teau rond traditionnel compos\u00e9 de deux g\u00e9noises au chocolat fourr\u00e9es \u00e0 la confiture d'abricots. Recouvert d'une ganache au chocolat et d\u00e9cor\u00e9 d'une inscription Sacher et de vermicelles au cacao.\",\"breadcrumb\":{\"@id\":\"https:\\\/\\\/biopastis.com\\\/fr\\\/productos\\\/commerce-de-detail\\\/mini-cakes-fr\\\/gateau-mini-sacher\\\/#breadcrumb\"},\"inLanguage\":\"fr-FR\",\"potentialAction\":[{\"@type\":\"ReadAction\",\"target\":[\"https:\\\/\\\/biopastis.com\\\/fr\\\/productos\\\/commerce-de-detail\\\/mini-cakes-fr\\\/gateau-mini-sacher\\\/\"]}]},{\"@type\":\"ImageObject\",\"inLanguage\":\"fr-FR\",\"@id\":\"https:\\\/\\\/biopastis.com\\\/fr\\\/productos\\\/commerce-de-detail\\\/mini-cakes-fr\\\/gateau-mini-sacher\\\/#primaryimage\",\"url\":\"https:\\\/\\\/biopastis.com\\\/wp-content\\\/uploads\\\/2025\\\/09\\\/Tarta-Sacher-3.png\",\"contentUrl\":\"https:\\\/\\\/biopastis.com\\\/wp-content\\\/uploads\\\/2025\\\/09\\\/Tarta-Sacher-3.png\",\"width\":1184,\"height\":864},{\"@type\":\"BreadcrumbList\",\"@id\":\"https:\\\/\\\/biopastis.com\\\/fr\\\/productos\\\/commerce-de-detail\\\/mini-cakes-fr\\\/gateau-mini-sacher\\\/#breadcrumb\",\"itemListElement\":[{\"@type\":\"ListItem\",\"position\":1,\"name\":\"Portada\",\"item\":\"https:\\\/\\\/biopastis.com\\\/fr\\\/\"},{\"@type\":\"ListItem\",\"position\":2,\"name\":\"Produits\",\"item\":\"https:\\\/\\\/biopastis.com\\\/fr\\\/boutique\\\/\"},{\"@type\":\"ListItem\",\"position\":3,\"name\":\"G\u00e2teau Mini-Sacher\"}]},{\"@type\":\"WebSite\",\"@id\":\"https:\\\/\\\/biopastis.com\\\/fr\\\/#website\",\"url\":\"https:\\\/\\\/biopastis.com\\\/fr\\\/\",\"name\":\"BioPastis\",\"description\":\"La alimentaci\u00f3n natural\",\"publisher\":{\"@id\":\"https:\\\/\\\/biopastis.com\\\/fr\\\/#organization\"},\"potentialAction\":[{\"@type\":\"SearchAction\",\"target\":{\"@type\":\"EntryPoint\",\"urlTemplate\":\"https:\\\/\\\/biopastis.com\\\/fr\\\/?s={search_term_string}\"},\"query-input\":{\"@type\":\"PropertyValueSpecification\",\"valueRequired\":true,\"valueName\":\"search_term_string\"}}],\"inLanguage\":\"fr-FR\"},{\"@type\":\"Organization\",\"@id\":\"https:\\\/\\\/biopastis.com\\\/fr\\\/#organization\",\"name\":\"BioPastis\",\"url\":\"https:\\\/\\\/biopastis.com\\\/fr\\\/\",\"logo\":{\"@type\":\"ImageObject\",\"inLanguage\":\"fr-FR\",\"@id\":\"https:\\\/\\\/biopastis.com\\\/fr\\\/#\\\/schema\\\/logo\\\/image\\\/\",\"url\":\"https:\\\/\\\/biopastis.com\\\/wp-content\\\/uploads\\\/2024\\\/01\\\/BIOPASTIS-NATURAL.jpg\",\"contentUrl\":\"https:\\\/\\\/biopastis.com\\\/wp-content\\\/uploads\\\/2024\\\/01\\\/BIOPASTIS-NATURAL.jpg\",\"width\":658,\"height\":663,\"caption\":\"BioPastis\"},\"image\":{\"@id\":\"https:\\\/\\\/biopastis.com\\\/fr\\\/#\\\/schema\\\/logo\\\/image\\\/\"}}]}<\/script>\n<!-- \/ Yoast SEO plugin. -->","yoast_head_json":{"title":"G\u00e2teau Mini-Sacher - BioPastis","description":"G\u00e2teau rond traditionnel compos\u00e9 de deux g\u00e9noises au chocolat fourr\u00e9es \u00e0 la confiture d'abricots. Recouvert d'une ganache au chocolat et d\u00e9cor\u00e9 d'une inscription Sacher et de vermicelles au cacao.","robots":{"index":"index","follow":"follow","max-snippet":"max-snippet:-1","max-image-preview":"max-image-preview:large","max-video-preview":"max-video-preview:-1"},"canonical":"https:\/\/biopastis.com\/fr\/productos\/commerce-de-detail\/mini-cakes-fr\/gateau-mini-sacher\/","og_locale":"fr_FR","og_type":"article","og_title":"G\u00e2teau Mini-Sacher - BioPastis","og_description":"G\u00e2teau rond traditionnel compos\u00e9 de deux g\u00e9noises au chocolat fourr\u00e9es \u00e0 la confiture d'abricots. Recouvert d'une ganache au chocolat et d\u00e9cor\u00e9 d'une inscription Sacher et de vermicelles au cacao.","og_url":"https:\/\/biopastis.com\/fr\/productos\/commerce-de-detail\/mini-cakes-fr\/gateau-mini-sacher\/","og_site_name":"BioPastis","og_image":[{"width":1184,"height":864,"url":"https:\/\/biopastis.com\/wp-content\/uploads\/2025\/09\/Tarta-Sacher-3.png","type":"image\/png"}],"twitter_card":"summary_large_image","schema":{"@context":"https:\/\/schema.org","@graph":[{"@type":"WebPage","@id":"https:\/\/biopastis.com\/fr\/productos\/commerce-de-detail\/mini-cakes-fr\/gateau-mini-sacher\/","url":"https:\/\/biopastis.com\/fr\/productos\/commerce-de-detail\/mini-cakes-fr\/gateau-mini-sacher\/","name":"G\u00e2teau Mini-Sacher - BioPastis","isPartOf":{"@id":"https:\/\/biopastis.com\/fr\/#website"},"primaryImageOfPage":{"@id":"https:\/\/biopastis.com\/fr\/productos\/commerce-de-detail\/mini-cakes-fr\/gateau-mini-sacher\/#primaryimage"},"image":{"@id":"https:\/\/biopastis.com\/fr\/productos\/commerce-de-detail\/mini-cakes-fr\/gateau-mini-sacher\/#primaryimage"},"thumbnailUrl":"https:\/\/biopastis.com\/wp-content\/uploads\/2025\/09\/Tarta-Sacher-3.png","datePublished":"2025-09-17T13:47:43+00:00","description":"G\u00e2teau rond traditionnel compos\u00e9 de deux g\u00e9noises au chocolat fourr\u00e9es \u00e0 la confiture d'abricots. Recouvert d'une ganache au chocolat et d\u00e9cor\u00e9 d'une inscription Sacher et de vermicelles au cacao.","breadcrumb":{"@id":"https:\/\/biopastis.com\/fr\/productos\/commerce-de-detail\/mini-cakes-fr\/gateau-mini-sacher\/#breadcrumb"},"inLanguage":"fr-FR","potentialAction":[{"@type":"ReadAction","target":["https:\/\/biopastis.com\/fr\/productos\/commerce-de-detail\/mini-cakes-fr\/gateau-mini-sacher\/"]}]},{"@type":"ImageObject","inLanguage":"fr-FR","@id":"https:\/\/biopastis.com\/fr\/productos\/commerce-de-detail\/mini-cakes-fr\/gateau-mini-sacher\/#primaryimage","url":"https:\/\/biopastis.com\/wp-content\/uploads\/2025\/09\/Tarta-Sacher-3.png","contentUrl":"https:\/\/biopastis.com\/wp-content\/uploads\/2025\/09\/Tarta-Sacher-3.png","width":1184,"height":864},{"@type":"BreadcrumbList","@id":"https:\/\/biopastis.com\/fr\/productos\/commerce-de-detail\/mini-cakes-fr\/gateau-mini-sacher\/#breadcrumb","itemListElement":[{"@type":"ListItem","position":1,"name":"Portada","item":"https:\/\/biopastis.com\/fr\/"},{"@type":"ListItem","position":2,"name":"Produits","item":"https:\/\/biopastis.com\/fr\/boutique\/"},{"@type":"ListItem","position":3,"name":"G\u00e2teau Mini-Sacher"}]},{"@type":"WebSite","@id":"https:\/\/biopastis.com\/fr\/#website","url":"https:\/\/biopastis.com\/fr\/","name":"BioPastis","description":"La alimentaci\u00f3n natural","publisher":{"@id":"https:\/\/biopastis.com\/fr\/#organization"},"potentialAction":[{"@type":"SearchAction","target":{"@type":"EntryPoint","urlTemplate":"https:\/\/biopastis.com\/fr\/?s={search_term_string}"},"query-input":{"@type":"PropertyValueSpecification","valueRequired":true,"valueName":"search_term_string"}}],"inLanguage":"fr-FR"},{"@type":"Organization","@id":"https:\/\/biopastis.com\/fr\/#organization","name":"BioPastis","url":"https:\/\/biopastis.com\/fr\/","logo":{"@type":"ImageObject","inLanguage":"fr-FR","@id":"https:\/\/biopastis.com\/fr\/#\/schema\/logo\/image\/","url":"https:\/\/biopastis.com\/wp-content\/uploads\/2024\/01\/BIOPASTIS-NATURAL.jpg","contentUrl":"https:\/\/biopastis.com\/wp-content\/uploads\/2024\/01\/BIOPASTIS-NATURAL.jpg","width":658,"height":663,"caption":"BioPastis"},"image":{"@id":"https:\/\/biopastis.com\/fr\/#\/schema\/logo\/image\/"}}]}},"_links":{"self":[{"href":"https:\/\/biopastis.com\/fr\/wp-json\/wp\/v2\/product\/6069","targetHints":{"allow":["GET"]}}],"collection":[{"href":"https:\/\/biopastis.com\/fr\/wp-json\/wp\/v2\/product"}],"about":[{"href":"https:\/\/biopastis.com\/fr\/wp-json\/wp\/v2\/types\/product"}],"wp:featuredmedia":[{"embeddable":true,"href":"https:\/\/biopastis.com\/fr\/wp-json\/wp\/v2\/media\/5382"}],"wp:attachment":[{"href":"https:\/\/biopastis.com\/fr\/wp-json\/wp\/v2\/media?parent=6069"}],"wp:term":[{"taxonomy":"product_brand","embeddable":true,"href":"https:\/\/biopastis.com\/fr\/wp-json\/wp\/v2\/product_brand?post=6069"},{"taxonomy":"product_cat","embeddable":true,"href":"https:\/\/biopastis.com\/fr\/wp-json\/wp\/v2\/product_cat?post=6069"},{"taxonomy":"product_tag","embeddable":true,"href":"https:\/\/biopastis.com\/fr\/wp-json\/wp\/v2\/product_tag?post=6069"}],"curies":[{"name":"wp","href":"https:\/\/api.w.org\/{rel}","templated":true}]}}