{"id":6068,"date":"2025-09-17T15:51:27","date_gmt":"2025-09-17T13:51:27","guid":{"rendered":"https:\/\/biopastis.com\/productos\/non%20class\u00e9\/mini-tartelettes-pistache-et-chocolat-blanc\/"},"modified":"2026-01-02T08:13:43","modified_gmt":"2026-01-02T07:13:43","slug":"mini-tartelettes-pistache-et-chocolat-blanc","status":"publish","type":"product","link":"https:\/\/biopastis.com\/fr\/productos\/commerce-de-detail\/mini-cakes-fr\/mini-tartelettes-pistache-et-chocolat-blanc\/","title":{"rendered":"Mini tartelettes pistache et chocolat blanc"},"content":{"rendered":"<table>\n<tbody>\n<tr>\n<td class=\"bd\">Poids<\/td>\n<td class=\"der\">750 g +\/- 5 %<\/td>\n<\/tr>\n<tr>\n<td class=\"bd\">Dimensions<\/td>\n<td class=\"der\">180 x 60 mm<\/td>\n<\/tr>\n<tr>\n<td class=\"bd\">Portions<\/td>\n<td class=\"der\">1<\/td>\n<\/tr>\n<tr>\n<td class=\"bd\">Unit\u00e9s<\/td>\n<td class=\"der\">1<\/td>\n<\/tr>\n<\/tbody>\n<\/table>\n\n<p><\/p>\n","protected":false},"excerpt":{"rendered":"<p>Un g\u00e2teau \u00e9ponge moelleux aux \u00e9clats de pistaches, fourr\u00e9 de cr\u00e8me au fromage et au chocolat blanc, et parfum\u00e9 \u00e0 la pistache. D\u00e9cor\u00e9 de cr\u00e8me au fromage et au chocolat blanc, de p\u00e9pites de chocolat blanc, de rosettes de cr\u00e8me au fromage et au chocolat blanc, et de pistaches hach\u00e9es sur le dessus et \u00e0 la base.<\/p>\n","protected":false},"featured_media":5403,"template":"","meta":[],"product_brand":[],"product_cat":[158],"product_tag":[230,231,241],"class_list":{"0":"post-6068","1":"product","2":"type-product","3":"status-publish","4":"has-post-thumbnail","6":"product_cat-mini-cakes-fr","7":"product_tag-gateau","8":"product_tag-mini","9":"product_tag-pistache","11":"first","12":"instock","13":"shipping-taxable","14":"product-type-simple"},"yoast_head":"<!-- This site is optimized with the Yoast SEO plugin v27.4 - https:\/\/yoast.com\/product\/yoast-seo-wordpress\/ -->\n<title>Mini tartelettes pistache et chocolat blanc - BioPastis<\/title>\n<meta name=\"description\" content=\"Un g\u00e2teau \u00e9ponge moelleux aux \u00e9clats de pistaches, fourr\u00e9 de cr\u00e8me au fromage et au chocolat blanc, et parfum\u00e9 \u00e0 la pistache. D\u00e9cor\u00e9 de cr\u00e8me au fromage et au chocolat blanc, de p\u00e9pites de chocolat blanc, de rosettes de cr\u00e8me au fromage et au chocolat blanc, et de pistaches hach\u00e9es sur le dessus et \u00e0 la base.\" \/>\n<meta name=\"robots\" content=\"index, follow, max-snippet:-1, max-image-preview:large, max-video-preview:-1\" \/>\n<link rel=\"canonical\" href=\"https:\/\/biopastis.com\/fr\/productos\/commerce-de-detail\/mini-cakes-fr\/mini-tartelettes-pistache-et-chocolat-blanc\/\" \/>\n<meta property=\"og:locale\" content=\"fr_FR\" \/>\n<meta property=\"og:type\" content=\"article\" \/>\n<meta property=\"og:title\" content=\"Mini tartelettes pistache et chocolat blanc - BioPastis\" \/>\n<meta property=\"og:description\" content=\"Un g\u00e2teau \u00e9ponge moelleux aux \u00e9clats de pistaches, fourr\u00e9 de cr\u00e8me au fromage et au chocolat blanc, et parfum\u00e9 \u00e0 la pistache. D\u00e9cor\u00e9 de cr\u00e8me au fromage et au chocolat blanc, de p\u00e9pites de chocolat blanc, de rosettes de cr\u00e8me au fromage et au chocolat blanc, et de pistaches hach\u00e9es sur le dessus et \u00e0 la base.\" \/>\n<meta property=\"og:url\" content=\"https:\/\/biopastis.com\/fr\/productos\/commerce-de-detail\/mini-cakes-fr\/mini-tartelettes-pistache-et-chocolat-blanc\/\" \/>\n<meta property=\"og:site_name\" content=\"BioPastis\" \/>\n<meta property=\"article:modified_time\" content=\"2026-01-02T07:13:43+00:00\" \/>\n<meta property=\"og:image\" content=\"https:\/\/biopastis.com\/wp-content\/uploads\/2025\/09\/Tarta-de-pistacho-y-chocolate-blanco-2.png\" \/>\n\t<meta property=\"og:image:width\" content=\"1184\" \/>\n\t<meta property=\"og:image:height\" content=\"864\" \/>\n\t<meta property=\"og:image:type\" content=\"image\/png\" \/>\n<meta name=\"twitter:card\" content=\"summary_large_image\" \/>\n<script type=\"application\/ld+json\" class=\"yoast-schema-graph\">{\"@context\":\"https:\\\/\\\/schema.org\",\"@graph\":[{\"@type\":\"WebPage\",\"@id\":\"https:\\\/\\\/biopastis.com\\\/fr\\\/productos\\\/commerce-de-detail\\\/mini-cakes-fr\\\/mini-tartelettes-pistache-et-chocolat-blanc\\\/\",\"url\":\"https:\\\/\\\/biopastis.com\\\/fr\\\/productos\\\/commerce-de-detail\\\/mini-cakes-fr\\\/mini-tartelettes-pistache-et-chocolat-blanc\\\/\",\"name\":\"Mini tartelettes pistache et chocolat blanc - BioPastis\",\"isPartOf\":{\"@id\":\"https:\\\/\\\/biopastis.com\\\/fr\\\/#website\"},\"primaryImageOfPage\":{\"@id\":\"https:\\\/\\\/biopastis.com\\\/fr\\\/productos\\\/commerce-de-detail\\\/mini-cakes-fr\\\/mini-tartelettes-pistache-et-chocolat-blanc\\\/#primaryimage\"},\"image\":{\"@id\":\"https:\\\/\\\/biopastis.com\\\/fr\\\/productos\\\/commerce-de-detail\\\/mini-cakes-fr\\\/mini-tartelettes-pistache-et-chocolat-blanc\\\/#primaryimage\"},\"thumbnailUrl\":\"https:\\\/\\\/biopastis.com\\\/wp-content\\\/uploads\\\/2025\\\/09\\\/Tarta-de-pistacho-y-chocolate-blanco-2.png\",\"datePublished\":\"2025-09-17T13:51:27+00:00\",\"dateModified\":\"2026-01-02T07:13:43+00:00\",\"description\":\"Un g\u00e2teau \u00e9ponge moelleux aux \u00e9clats de pistaches, fourr\u00e9 de cr\u00e8me au fromage et au chocolat blanc, et parfum\u00e9 \u00e0 la pistache. D\u00e9cor\u00e9 de cr\u00e8me au fromage et au chocolat blanc, de p\u00e9pites de chocolat blanc, de rosettes de cr\u00e8me au fromage et au chocolat blanc, et de pistaches hach\u00e9es sur le dessus et \u00e0 la base.\",\"breadcrumb\":{\"@id\":\"https:\\\/\\\/biopastis.com\\\/fr\\\/productos\\\/commerce-de-detail\\\/mini-cakes-fr\\\/mini-tartelettes-pistache-et-chocolat-blanc\\\/#breadcrumb\"},\"inLanguage\":\"fr-FR\",\"potentialAction\":[{\"@type\":\"ReadAction\",\"target\":[\"https:\\\/\\\/biopastis.com\\\/fr\\\/productos\\\/commerce-de-detail\\\/mini-cakes-fr\\\/mini-tartelettes-pistache-et-chocolat-blanc\\\/\"]}]},{\"@type\":\"ImageObject\",\"inLanguage\":\"fr-FR\",\"@id\":\"https:\\\/\\\/biopastis.com\\\/fr\\\/productos\\\/commerce-de-detail\\\/mini-cakes-fr\\\/mini-tartelettes-pistache-et-chocolat-blanc\\\/#primaryimage\",\"url\":\"https:\\\/\\\/biopastis.com\\\/wp-content\\\/uploads\\\/2025\\\/09\\\/Tarta-de-pistacho-y-chocolate-blanco-2.png\",\"contentUrl\":\"https:\\\/\\\/biopastis.com\\\/wp-content\\\/uploads\\\/2025\\\/09\\\/Tarta-de-pistacho-y-chocolate-blanco-2.png\",\"width\":1184,\"height\":864},{\"@type\":\"BreadcrumbList\",\"@id\":\"https:\\\/\\\/biopastis.com\\\/fr\\\/productos\\\/commerce-de-detail\\\/mini-cakes-fr\\\/mini-tartelettes-pistache-et-chocolat-blanc\\\/#breadcrumb\",\"itemListElement\":[{\"@type\":\"ListItem\",\"position\":1,\"name\":\"Portada\",\"item\":\"https:\\\/\\\/biopastis.com\\\/fr\\\/\"},{\"@type\":\"ListItem\",\"position\":2,\"name\":\"Produits\",\"item\":\"https:\\\/\\\/biopastis.com\\\/fr\\\/boutique\\\/\"},{\"@type\":\"ListItem\",\"position\":3,\"name\":\"Mini tartelettes pistache et chocolat blanc\"}]},{\"@type\":\"WebSite\",\"@id\":\"https:\\\/\\\/biopastis.com\\\/fr\\\/#website\",\"url\":\"https:\\\/\\\/biopastis.com\\\/fr\\\/\",\"name\":\"BioPastis\",\"description\":\"La alimentaci\u00f3n natural\",\"publisher\":{\"@id\":\"https:\\\/\\\/biopastis.com\\\/fr\\\/#organization\"},\"potentialAction\":[{\"@type\":\"SearchAction\",\"target\":{\"@type\":\"EntryPoint\",\"urlTemplate\":\"https:\\\/\\\/biopastis.com\\\/fr\\\/?s={search_term_string}\"},\"query-input\":{\"@type\":\"PropertyValueSpecification\",\"valueRequired\":true,\"valueName\":\"search_term_string\"}}],\"inLanguage\":\"fr-FR\"},{\"@type\":\"Organization\",\"@id\":\"https:\\\/\\\/biopastis.com\\\/fr\\\/#organization\",\"name\":\"BioPastis\",\"url\":\"https:\\\/\\\/biopastis.com\\\/fr\\\/\",\"logo\":{\"@type\":\"ImageObject\",\"inLanguage\":\"fr-FR\",\"@id\":\"https:\\\/\\\/biopastis.com\\\/fr\\\/#\\\/schema\\\/logo\\\/image\\\/\",\"url\":\"https:\\\/\\\/biopastis.com\\\/wp-content\\\/uploads\\\/2024\\\/01\\\/BIOPASTIS-NATURAL.jpg\",\"contentUrl\":\"https:\\\/\\\/biopastis.com\\\/wp-content\\\/uploads\\\/2024\\\/01\\\/BIOPASTIS-NATURAL.jpg\",\"width\":658,\"height\":663,\"caption\":\"BioPastis\"},\"image\":{\"@id\":\"https:\\\/\\\/biopastis.com\\\/fr\\\/#\\\/schema\\\/logo\\\/image\\\/\"}}]}<\/script>\n<!-- \/ Yoast SEO plugin. -->","yoast_head_json":{"title":"Mini tartelettes pistache et chocolat blanc - BioPastis","description":"Un g\u00e2teau \u00e9ponge moelleux aux \u00e9clats de pistaches, fourr\u00e9 de cr\u00e8me au fromage et au chocolat blanc, et parfum\u00e9 \u00e0 la pistache. D\u00e9cor\u00e9 de cr\u00e8me au fromage et au chocolat blanc, de p\u00e9pites de chocolat blanc, de rosettes de cr\u00e8me au fromage et au chocolat blanc, et de pistaches hach\u00e9es sur le dessus et \u00e0 la base.","robots":{"index":"index","follow":"follow","max-snippet":"max-snippet:-1","max-image-preview":"max-image-preview:large","max-video-preview":"max-video-preview:-1"},"canonical":"https:\/\/biopastis.com\/fr\/productos\/commerce-de-detail\/mini-cakes-fr\/mini-tartelettes-pistache-et-chocolat-blanc\/","og_locale":"fr_FR","og_type":"article","og_title":"Mini tartelettes pistache et chocolat blanc - BioPastis","og_description":"Un g\u00e2teau \u00e9ponge moelleux aux \u00e9clats de pistaches, fourr\u00e9 de cr\u00e8me au fromage et au chocolat blanc, et parfum\u00e9 \u00e0 la pistache. D\u00e9cor\u00e9 de cr\u00e8me au fromage et au chocolat blanc, de p\u00e9pites de chocolat blanc, de rosettes de cr\u00e8me au fromage et au chocolat blanc, et de pistaches hach\u00e9es sur le dessus et \u00e0 la base.","og_url":"https:\/\/biopastis.com\/fr\/productos\/commerce-de-detail\/mini-cakes-fr\/mini-tartelettes-pistache-et-chocolat-blanc\/","og_site_name":"BioPastis","article_modified_time":"2026-01-02T07:13:43+00:00","og_image":[{"width":1184,"height":864,"url":"https:\/\/biopastis.com\/wp-content\/uploads\/2025\/09\/Tarta-de-pistacho-y-chocolate-blanco-2.png","type":"image\/png"}],"twitter_card":"summary_large_image","schema":{"@context":"https:\/\/schema.org","@graph":[{"@type":"WebPage","@id":"https:\/\/biopastis.com\/fr\/productos\/commerce-de-detail\/mini-cakes-fr\/mini-tartelettes-pistache-et-chocolat-blanc\/","url":"https:\/\/biopastis.com\/fr\/productos\/commerce-de-detail\/mini-cakes-fr\/mini-tartelettes-pistache-et-chocolat-blanc\/","name":"Mini tartelettes pistache et chocolat blanc - BioPastis","isPartOf":{"@id":"https:\/\/biopastis.com\/fr\/#website"},"primaryImageOfPage":{"@id":"https:\/\/biopastis.com\/fr\/productos\/commerce-de-detail\/mini-cakes-fr\/mini-tartelettes-pistache-et-chocolat-blanc\/#primaryimage"},"image":{"@id":"https:\/\/biopastis.com\/fr\/productos\/commerce-de-detail\/mini-cakes-fr\/mini-tartelettes-pistache-et-chocolat-blanc\/#primaryimage"},"thumbnailUrl":"https:\/\/biopastis.com\/wp-content\/uploads\/2025\/09\/Tarta-de-pistacho-y-chocolate-blanco-2.png","datePublished":"2025-09-17T13:51:27+00:00","dateModified":"2026-01-02T07:13:43+00:00","description":"Un g\u00e2teau \u00e9ponge moelleux aux \u00e9clats de pistaches, fourr\u00e9 de cr\u00e8me au fromage et au chocolat blanc, et parfum\u00e9 \u00e0 la pistache. D\u00e9cor\u00e9 de cr\u00e8me au fromage et au chocolat blanc, de p\u00e9pites de chocolat blanc, de rosettes de cr\u00e8me au fromage et au chocolat blanc, et de pistaches hach\u00e9es sur le dessus et \u00e0 la base.","breadcrumb":{"@id":"https:\/\/biopastis.com\/fr\/productos\/commerce-de-detail\/mini-cakes-fr\/mini-tartelettes-pistache-et-chocolat-blanc\/#breadcrumb"},"inLanguage":"fr-FR","potentialAction":[{"@type":"ReadAction","target":["https:\/\/biopastis.com\/fr\/productos\/commerce-de-detail\/mini-cakes-fr\/mini-tartelettes-pistache-et-chocolat-blanc\/"]}]},{"@type":"ImageObject","inLanguage":"fr-FR","@id":"https:\/\/biopastis.com\/fr\/productos\/commerce-de-detail\/mini-cakes-fr\/mini-tartelettes-pistache-et-chocolat-blanc\/#primaryimage","url":"https:\/\/biopastis.com\/wp-content\/uploads\/2025\/09\/Tarta-de-pistacho-y-chocolate-blanco-2.png","contentUrl":"https:\/\/biopastis.com\/wp-content\/uploads\/2025\/09\/Tarta-de-pistacho-y-chocolate-blanco-2.png","width":1184,"height":864},{"@type":"BreadcrumbList","@id":"https:\/\/biopastis.com\/fr\/productos\/commerce-de-detail\/mini-cakes-fr\/mini-tartelettes-pistache-et-chocolat-blanc\/#breadcrumb","itemListElement":[{"@type":"ListItem","position":1,"name":"Portada","item":"https:\/\/biopastis.com\/fr\/"},{"@type":"ListItem","position":2,"name":"Produits","item":"https:\/\/biopastis.com\/fr\/boutique\/"},{"@type":"ListItem","position":3,"name":"Mini tartelettes pistache et chocolat blanc"}]},{"@type":"WebSite","@id":"https:\/\/biopastis.com\/fr\/#website","url":"https:\/\/biopastis.com\/fr\/","name":"BioPastis","description":"La alimentaci\u00f3n natural","publisher":{"@id":"https:\/\/biopastis.com\/fr\/#organization"},"potentialAction":[{"@type":"SearchAction","target":{"@type":"EntryPoint","urlTemplate":"https:\/\/biopastis.com\/fr\/?s={search_term_string}"},"query-input":{"@type":"PropertyValueSpecification","valueRequired":true,"valueName":"search_term_string"}}],"inLanguage":"fr-FR"},{"@type":"Organization","@id":"https:\/\/biopastis.com\/fr\/#organization","name":"BioPastis","url":"https:\/\/biopastis.com\/fr\/","logo":{"@type":"ImageObject","inLanguage":"fr-FR","@id":"https:\/\/biopastis.com\/fr\/#\/schema\/logo\/image\/","url":"https:\/\/biopastis.com\/wp-content\/uploads\/2024\/01\/BIOPASTIS-NATURAL.jpg","contentUrl":"https:\/\/biopastis.com\/wp-content\/uploads\/2024\/01\/BIOPASTIS-NATURAL.jpg","width":658,"height":663,"caption":"BioPastis"},"image":{"@id":"https:\/\/biopastis.com\/fr\/#\/schema\/logo\/image\/"}}]}},"_links":{"self":[{"href":"https:\/\/biopastis.com\/fr\/wp-json\/wp\/v2\/product\/6068","targetHints":{"allow":["GET"]}}],"collection":[{"href":"https:\/\/biopastis.com\/fr\/wp-json\/wp\/v2\/product"}],"about":[{"href":"https:\/\/biopastis.com\/fr\/wp-json\/wp\/v2\/types\/product"}],"wp:featuredmedia":[{"embeddable":true,"href":"https:\/\/biopastis.com\/fr\/wp-json\/wp\/v2\/media\/5403"}],"wp:attachment":[{"href":"https:\/\/biopastis.com\/fr\/wp-json\/wp\/v2\/media?parent=6068"}],"wp:term":[{"taxonomy":"product_brand","embeddable":true,"href":"https:\/\/biopastis.com\/fr\/wp-json\/wp\/v2\/product_brand?post=6068"},{"taxonomy":"product_cat","embeddable":true,"href":"https:\/\/biopastis.com\/fr\/wp-json\/wp\/v2\/product_cat?post=6068"},{"taxonomy":"product_tag","embeddable":true,"href":"https:\/\/biopastis.com\/fr\/wp-json\/wp\/v2\/product_tag?post=6068"}],"curies":[{"name":"wp","href":"https:\/\/api.w.org\/{rel}","templated":true}]}}