{"id":6063,"date":"2025-09-17T15:57:53","date_gmt":"2025-09-17T13:57:53","guid":{"rendered":"https:\/\/biopastis.com\/productos\/non class\u00e9\/mini-gateau-aux-biscuits-caramelises\/"},"modified":"2025-09-17T15:57:53","modified_gmt":"2025-09-17T13:57:53","slug":"mini-gateau-aux-biscuits-caramelises","status":"publish","type":"product","link":"https:\/\/biopastis.com\/fr\/productos\/commerce-de-detail\/mini-cakes-fr\/mini-gateau-aux-biscuits-caramelises\/","title":{"rendered":"Mini g\u00e2teau aux biscuits caram\u00e9lis\u00e9s"},"content":{"rendered":"<table>\n<tbody>\n<tr>\n<td class=\"bd\">Poids<\/td>\n<td class=\"der\">750 g +\/- 5 %<\/td>\n<\/tr>\n<tr>\n<td class=\"bd\">Dimensions<\/td>\n<td class=\"der\">180 x 60 mm<\/td>\n<\/tr>\n<tr>\n<td class=\"bd\">Portions<\/td>\n<td class=\"der\">1<\/td>\n<\/tr>\n<tr>\n<td class=\"bd\">Unit\u00e9s<\/td>\n<td class=\"der\">1<\/td>\n<\/tr>\n<\/tbody>\n<\/table>\n","protected":false},"excerpt":{"rendered":"<p>Tarte aux sp\u00e9culoos, \u00e0 base de biscuit, garnie de fromage frais (type mousse) et de p\u00e2te de biscuit Lotus. D\u00e9cor\u00e9e de p\u00e2te de biscuit Lotus et de miettes de biscuit Lotus.<\/p>\n","protected":false},"featured_media":5707,"template":"","meta":[],"product_brand":[],"product_cat":[158],"product_tag":[232,230,231],"class_list":{"0":"post-6063","1":"product","2":"type-product","3":"status-publish","4":"has-post-thumbnail","6":"product_cat-mini-cakes-fr","7":"product_tag-biscuit-au-lotus","8":"product_tag-gateau","9":"product_tag-mini","11":"first","12":"instock","13":"shipping-taxable","14":"product-type-simple"},"yoast_head":"<!-- This site is optimized with the Yoast SEO plugin v27.4 - https:\/\/yoast.com\/product\/yoast-seo-wordpress\/ -->\n<title>Mini g\u00e2teau aux biscuits caram\u00e9lis\u00e9s - BioPastis<\/title>\n<meta name=\"description\" content=\"Tarte aux sp\u00e9culoos, \u00e0 base de biscuit, garnie de fromage frais (type mousse) et de p\u00e2te de biscuit Lotus. D\u00e9cor\u00e9e de p\u00e2te de biscuit Lotus et de miettes de biscuit Lotus.\" \/>\n<meta name=\"robots\" content=\"index, follow, max-snippet:-1, max-image-preview:large, max-video-preview:-1\" \/>\n<link rel=\"canonical\" href=\"https:\/\/biopastis.com\/fr\/productos\/commerce-de-detail\/mini-cakes-fr\/mini-gateau-aux-biscuits-caramelises\/\" \/>\n<meta property=\"og:locale\" content=\"fr_FR\" \/>\n<meta property=\"og:type\" content=\"article\" \/>\n<meta property=\"og:title\" content=\"Mini g\u00e2teau aux biscuits caram\u00e9lis\u00e9s - BioPastis\" \/>\n<meta property=\"og:description\" content=\"Tarte aux sp\u00e9culoos, \u00e0 base de biscuit, garnie de fromage frais (type mousse) et de p\u00e2te de biscuit Lotus. D\u00e9cor\u00e9e de p\u00e2te de biscuit Lotus et de miettes de biscuit Lotus.\" \/>\n<meta property=\"og:url\" content=\"https:\/\/biopastis.com\/fr\/productos\/commerce-de-detail\/mini-cakes-fr\/mini-gateau-aux-biscuits-caramelises\/\" \/>\n<meta property=\"og:site_name\" content=\"BioPastis\" \/>\n<meta property=\"og:image\" content=\"https:\/\/biopastis.com\/wp-content\/uploads\/2025\/09\/Tarta-de-Galleta-Caramelizada-Mini-02152012-.jpg\" \/>\n\t<meta property=\"og:image:width\" content=\"1184\" \/>\n\t<meta property=\"og:image:height\" content=\"864\" \/>\n\t<meta property=\"og:image:type\" content=\"image\/jpeg\" \/>\n<meta name=\"twitter:card\" content=\"summary_large_image\" \/>\n<script type=\"application\/ld+json\" class=\"yoast-schema-graph\">{\"@context\":\"https:\\\/\\\/schema.org\",\"@graph\":[{\"@type\":\"WebPage\",\"@id\":\"https:\\\/\\\/biopastis.com\\\/fr\\\/productos\\\/commerce-de-detail\\\/mini-cakes-fr\\\/mini-gateau-aux-biscuits-caramelises\\\/\",\"url\":\"https:\\\/\\\/biopastis.com\\\/fr\\\/productos\\\/commerce-de-detail\\\/mini-cakes-fr\\\/mini-gateau-aux-biscuits-caramelises\\\/\",\"name\":\"Mini g\u00e2teau aux biscuits caram\u00e9lis\u00e9s - BioPastis\",\"isPartOf\":{\"@id\":\"https:\\\/\\\/biopastis.com\\\/fr\\\/#website\"},\"primaryImageOfPage\":{\"@id\":\"https:\\\/\\\/biopastis.com\\\/fr\\\/productos\\\/commerce-de-detail\\\/mini-cakes-fr\\\/mini-gateau-aux-biscuits-caramelises\\\/#primaryimage\"},\"image\":{\"@id\":\"https:\\\/\\\/biopastis.com\\\/fr\\\/productos\\\/commerce-de-detail\\\/mini-cakes-fr\\\/mini-gateau-aux-biscuits-caramelises\\\/#primaryimage\"},\"thumbnailUrl\":\"https:\\\/\\\/biopastis.com\\\/wp-content\\\/uploads\\\/2025\\\/09\\\/Tarta-de-Galleta-Caramelizada-Mini-02152012-.jpg\",\"datePublished\":\"2025-09-17T13:57:53+00:00\",\"description\":\"Tarte aux sp\u00e9culoos, \u00e0 base de biscuit, garnie de fromage frais (type mousse) et de p\u00e2te de biscuit Lotus. D\u00e9cor\u00e9e de p\u00e2te de biscuit Lotus et de miettes de biscuit Lotus.\",\"breadcrumb\":{\"@id\":\"https:\\\/\\\/biopastis.com\\\/fr\\\/productos\\\/commerce-de-detail\\\/mini-cakes-fr\\\/mini-gateau-aux-biscuits-caramelises\\\/#breadcrumb\"},\"inLanguage\":\"fr-FR\",\"potentialAction\":[{\"@type\":\"ReadAction\",\"target\":[\"https:\\\/\\\/biopastis.com\\\/fr\\\/productos\\\/commerce-de-detail\\\/mini-cakes-fr\\\/mini-gateau-aux-biscuits-caramelises\\\/\"]}]},{\"@type\":\"ImageObject\",\"inLanguage\":\"fr-FR\",\"@id\":\"https:\\\/\\\/biopastis.com\\\/fr\\\/productos\\\/commerce-de-detail\\\/mini-cakes-fr\\\/mini-gateau-aux-biscuits-caramelises\\\/#primaryimage\",\"url\":\"https:\\\/\\\/biopastis.com\\\/wp-content\\\/uploads\\\/2025\\\/09\\\/Tarta-de-Galleta-Caramelizada-Mini-02152012-.jpg\",\"contentUrl\":\"https:\\\/\\\/biopastis.com\\\/wp-content\\\/uploads\\\/2025\\\/09\\\/Tarta-de-Galleta-Caramelizada-Mini-02152012-.jpg\",\"width\":1184,\"height\":864},{\"@type\":\"BreadcrumbList\",\"@id\":\"https:\\\/\\\/biopastis.com\\\/fr\\\/productos\\\/commerce-de-detail\\\/mini-cakes-fr\\\/mini-gateau-aux-biscuits-caramelises\\\/#breadcrumb\",\"itemListElement\":[{\"@type\":\"ListItem\",\"position\":1,\"name\":\"Portada\",\"item\":\"https:\\\/\\\/biopastis.com\\\/fr\\\/\"},{\"@type\":\"ListItem\",\"position\":2,\"name\":\"Produits\",\"item\":\"https:\\\/\\\/biopastis.com\\\/fr\\\/boutique\\\/\"},{\"@type\":\"ListItem\",\"position\":3,\"name\":\"Mini g\u00e2teau aux biscuits caram\u00e9lis\u00e9s\"}]},{\"@type\":\"WebSite\",\"@id\":\"https:\\\/\\\/biopastis.com\\\/fr\\\/#website\",\"url\":\"https:\\\/\\\/biopastis.com\\\/fr\\\/\",\"name\":\"BioPastis\",\"description\":\"La alimentaci\u00f3n natural\",\"publisher\":{\"@id\":\"https:\\\/\\\/biopastis.com\\\/fr\\\/#organization\"},\"potentialAction\":[{\"@type\":\"SearchAction\",\"target\":{\"@type\":\"EntryPoint\",\"urlTemplate\":\"https:\\\/\\\/biopastis.com\\\/fr\\\/?s={search_term_string}\"},\"query-input\":{\"@type\":\"PropertyValueSpecification\",\"valueRequired\":true,\"valueName\":\"search_term_string\"}}],\"inLanguage\":\"fr-FR\"},{\"@type\":\"Organization\",\"@id\":\"https:\\\/\\\/biopastis.com\\\/fr\\\/#organization\",\"name\":\"BioPastis\",\"url\":\"https:\\\/\\\/biopastis.com\\\/fr\\\/\",\"logo\":{\"@type\":\"ImageObject\",\"inLanguage\":\"fr-FR\",\"@id\":\"https:\\\/\\\/biopastis.com\\\/fr\\\/#\\\/schema\\\/logo\\\/image\\\/\",\"url\":\"https:\\\/\\\/biopastis.com\\\/wp-content\\\/uploads\\\/2024\\\/01\\\/BIOPASTIS-NATURAL.jpg\",\"contentUrl\":\"https:\\\/\\\/biopastis.com\\\/wp-content\\\/uploads\\\/2024\\\/01\\\/BIOPASTIS-NATURAL.jpg\",\"width\":658,\"height\":663,\"caption\":\"BioPastis\"},\"image\":{\"@id\":\"https:\\\/\\\/biopastis.com\\\/fr\\\/#\\\/schema\\\/logo\\\/image\\\/\"}}]}<\/script>\n<!-- \/ Yoast SEO plugin. -->","yoast_head_json":{"title":"Mini g\u00e2teau aux biscuits caram\u00e9lis\u00e9s - BioPastis","description":"Tarte aux sp\u00e9culoos, \u00e0 base de biscuit, garnie de fromage frais (type mousse) et de p\u00e2te de biscuit Lotus. D\u00e9cor\u00e9e de p\u00e2te de biscuit Lotus et de miettes de biscuit Lotus.","robots":{"index":"index","follow":"follow","max-snippet":"max-snippet:-1","max-image-preview":"max-image-preview:large","max-video-preview":"max-video-preview:-1"},"canonical":"https:\/\/biopastis.com\/fr\/productos\/commerce-de-detail\/mini-cakes-fr\/mini-gateau-aux-biscuits-caramelises\/","og_locale":"fr_FR","og_type":"article","og_title":"Mini g\u00e2teau aux biscuits caram\u00e9lis\u00e9s - BioPastis","og_description":"Tarte aux sp\u00e9culoos, \u00e0 base de biscuit, garnie de fromage frais (type mousse) et de p\u00e2te de biscuit Lotus. D\u00e9cor\u00e9e de p\u00e2te de biscuit Lotus et de miettes de biscuit Lotus.","og_url":"https:\/\/biopastis.com\/fr\/productos\/commerce-de-detail\/mini-cakes-fr\/mini-gateau-aux-biscuits-caramelises\/","og_site_name":"BioPastis","og_image":[{"width":1184,"height":864,"url":"https:\/\/biopastis.com\/wp-content\/uploads\/2025\/09\/Tarta-de-Galleta-Caramelizada-Mini-02152012-.jpg","type":"image\/jpeg"}],"twitter_card":"summary_large_image","schema":{"@context":"https:\/\/schema.org","@graph":[{"@type":"WebPage","@id":"https:\/\/biopastis.com\/fr\/productos\/commerce-de-detail\/mini-cakes-fr\/mini-gateau-aux-biscuits-caramelises\/","url":"https:\/\/biopastis.com\/fr\/productos\/commerce-de-detail\/mini-cakes-fr\/mini-gateau-aux-biscuits-caramelises\/","name":"Mini g\u00e2teau aux biscuits caram\u00e9lis\u00e9s - BioPastis","isPartOf":{"@id":"https:\/\/biopastis.com\/fr\/#website"},"primaryImageOfPage":{"@id":"https:\/\/biopastis.com\/fr\/productos\/commerce-de-detail\/mini-cakes-fr\/mini-gateau-aux-biscuits-caramelises\/#primaryimage"},"image":{"@id":"https:\/\/biopastis.com\/fr\/productos\/commerce-de-detail\/mini-cakes-fr\/mini-gateau-aux-biscuits-caramelises\/#primaryimage"},"thumbnailUrl":"https:\/\/biopastis.com\/wp-content\/uploads\/2025\/09\/Tarta-de-Galleta-Caramelizada-Mini-02152012-.jpg","datePublished":"2025-09-17T13:57:53+00:00","description":"Tarte aux sp\u00e9culoos, \u00e0 base de biscuit, garnie de fromage frais (type mousse) et de p\u00e2te de biscuit Lotus. D\u00e9cor\u00e9e de p\u00e2te de biscuit Lotus et de miettes de biscuit Lotus.","breadcrumb":{"@id":"https:\/\/biopastis.com\/fr\/productos\/commerce-de-detail\/mini-cakes-fr\/mini-gateau-aux-biscuits-caramelises\/#breadcrumb"},"inLanguage":"fr-FR","potentialAction":[{"@type":"ReadAction","target":["https:\/\/biopastis.com\/fr\/productos\/commerce-de-detail\/mini-cakes-fr\/mini-gateau-aux-biscuits-caramelises\/"]}]},{"@type":"ImageObject","inLanguage":"fr-FR","@id":"https:\/\/biopastis.com\/fr\/productos\/commerce-de-detail\/mini-cakes-fr\/mini-gateau-aux-biscuits-caramelises\/#primaryimage","url":"https:\/\/biopastis.com\/wp-content\/uploads\/2025\/09\/Tarta-de-Galleta-Caramelizada-Mini-02152012-.jpg","contentUrl":"https:\/\/biopastis.com\/wp-content\/uploads\/2025\/09\/Tarta-de-Galleta-Caramelizada-Mini-02152012-.jpg","width":1184,"height":864},{"@type":"BreadcrumbList","@id":"https:\/\/biopastis.com\/fr\/productos\/commerce-de-detail\/mini-cakes-fr\/mini-gateau-aux-biscuits-caramelises\/#breadcrumb","itemListElement":[{"@type":"ListItem","position":1,"name":"Portada","item":"https:\/\/biopastis.com\/fr\/"},{"@type":"ListItem","position":2,"name":"Produits","item":"https:\/\/biopastis.com\/fr\/boutique\/"},{"@type":"ListItem","position":3,"name":"Mini g\u00e2teau aux biscuits caram\u00e9lis\u00e9s"}]},{"@type":"WebSite","@id":"https:\/\/biopastis.com\/fr\/#website","url":"https:\/\/biopastis.com\/fr\/","name":"BioPastis","description":"La alimentaci\u00f3n natural","publisher":{"@id":"https:\/\/biopastis.com\/fr\/#organization"},"potentialAction":[{"@type":"SearchAction","target":{"@type":"EntryPoint","urlTemplate":"https:\/\/biopastis.com\/fr\/?s={search_term_string}"},"query-input":{"@type":"PropertyValueSpecification","valueRequired":true,"valueName":"search_term_string"}}],"inLanguage":"fr-FR"},{"@type":"Organization","@id":"https:\/\/biopastis.com\/fr\/#organization","name":"BioPastis","url":"https:\/\/biopastis.com\/fr\/","logo":{"@type":"ImageObject","inLanguage":"fr-FR","@id":"https:\/\/biopastis.com\/fr\/#\/schema\/logo\/image\/","url":"https:\/\/biopastis.com\/wp-content\/uploads\/2024\/01\/BIOPASTIS-NATURAL.jpg","contentUrl":"https:\/\/biopastis.com\/wp-content\/uploads\/2024\/01\/BIOPASTIS-NATURAL.jpg","width":658,"height":663,"caption":"BioPastis"},"image":{"@id":"https:\/\/biopastis.com\/fr\/#\/schema\/logo\/image\/"}}]}},"_links":{"self":[{"href":"https:\/\/biopastis.com\/fr\/wp-json\/wp\/v2\/product\/6063","targetHints":{"allow":["GET"]}}],"collection":[{"href":"https:\/\/biopastis.com\/fr\/wp-json\/wp\/v2\/product"}],"about":[{"href":"https:\/\/biopastis.com\/fr\/wp-json\/wp\/v2\/types\/product"}],"wp:featuredmedia":[{"embeddable":true,"href":"https:\/\/biopastis.com\/fr\/wp-json\/wp\/v2\/media\/5707"}],"wp:attachment":[{"href":"https:\/\/biopastis.com\/fr\/wp-json\/wp\/v2\/media?parent=6063"}],"wp:term":[{"taxonomy":"product_brand","embeddable":true,"href":"https:\/\/biopastis.com\/fr\/wp-json\/wp\/v2\/product_brand?post=6063"},{"taxonomy":"product_cat","embeddable":true,"href":"https:\/\/biopastis.com\/fr\/wp-json\/wp\/v2\/product_cat?post=6063"},{"taxonomy":"product_tag","embeddable":true,"href":"https:\/\/biopastis.com\/fr\/wp-json\/wp\/v2\/product_tag?post=6063"}],"curies":[{"name":"wp","href":"https:\/\/api.w.org\/{rel}","templated":true}]}}