{"id":4546,"date":"2024-08-08T15:46:49","date_gmt":"2024-08-08T13:46:49","guid":{"rendered":"https:\/\/biopastis.com\/productos\/non%20class\u00e9\/gateau-aux-pistaches-et-au-chocolat-blanc\/"},"modified":"2025-09-09T15:11:03","modified_gmt":"2025-09-09T13:11:03","slug":"gateau-aux-pistaches-et-au-chocolat-blanc","status":"publish","type":"product","link":"https:\/\/biopastis.com\/fr\/productos\/gateaux-americains\/gateaux-a-couches\/gateau-aux-pistaches-et-au-chocolat-blanc\/","title":{"rendered":"G\u00e2teau aux pistaches et au chocolat blanc"},"content":{"rendered":"&#13;\n<p>Poids : 2500 Gr +\/- 5%<br\/>Mesures : 240 mm<br\/>Portions : 14<br\/>Unit\u00e9s : 1<\/p>&#13;\n","protected":false},"excerpt":{"rendered":"<p>G\u00e2teau \u00e9ponge aux morceaux de pistaches, fourr\u00e9 de fromage \u00e0 la cr\u00e8me au chocolat blanc et ar\u00f4me de pistache, et un deuxi\u00e8me fourrage de pralin\u00e9 \u00e0 la pistache. Fini avec du fromage \u00e0 la cr\u00e8me et du chocolat blanc, d\u00e9cor\u00e9 de pistaches hach\u00e9es sur un pi\u00e9destal, de larmes de chocolat blanc, de rosettes de fromage \u00e0 la cr\u00e8me au chocolat blanc et de pistaches hach\u00e9es en surface.<\/p>\n","protected":false},"featured_media":5328,"comment_status":"closed","ping_status":"closed","template":"","meta":[],"product_brand":[],"product_cat":[103],"product_tag":[172],"class_list":{"0":"post-4546","1":"product","2":"type-product","3":"status-publish","4":"has-post-thumbnail","6":"product_cat-gateaux-a-couches","7":"product_tag-cheesecakes-fr","9":"first","10":"instock","11":"shipping-taxable","12":"product-type-simple"},"yoast_head":"<!-- This site is optimized with the Yoast SEO plugin v27.3 - https:\/\/yoast.com\/product\/yoast-seo-wordpress\/ -->\n<title>G\u00e2teau aux pistaches et au chocolat blanc - BioPastis<\/title>\n<meta name=\"description\" content=\"G\u00e2teau \u00e9ponge moelleux aux \u00e9clats de pistaches, fourr\u00e9 au fromage frais au chocolat blanc et \u00e0 l&#039;ar\u00f4me de pistache, et garni d&#039;une seconde garniture pralin\u00e9e \u00e0 la pistache. Garni de fromage frais et de chocolat blanc, il est d\u00e9cor\u00e9 de pistaches hach\u00e9es sur un socle, de p\u00e9pites de chocolat blanc, de rosaces de fromage frais au chocolat blanc et de pistaches hach\u00e9es sur le dessus.\" \/>\n<meta name=\"robots\" content=\"index, follow, max-snippet:-1, max-image-preview:large, max-video-preview:-1\" \/>\n<link rel=\"canonical\" href=\"https:\/\/biopastis.com\/fr\/productos\/gateaux-americains\/gateaux-a-couches\/gateau-aux-pistaches-et-au-chocolat-blanc\/\" \/>\n<meta property=\"og:locale\" content=\"fr_FR\" \/>\n<meta property=\"og:type\" content=\"article\" \/>\n<meta property=\"og:title\" content=\"G\u00e2teau aux pistaches et au chocolat blanc - BioPastis\" \/>\n<meta property=\"og:description\" content=\"G\u00e2teau \u00e9ponge moelleux aux \u00e9clats de pistaches, fourr\u00e9 au fromage frais au chocolat blanc et \u00e0 l&#039;ar\u00f4me de pistache, et garni d&#039;une seconde garniture pralin\u00e9e \u00e0 la pistache. Garni de fromage frais et de chocolat blanc, il est d\u00e9cor\u00e9 de pistaches hach\u00e9es sur un socle, de p\u00e9pites de chocolat blanc, de rosaces de fromage frais au chocolat blanc et de pistaches hach\u00e9es sur le dessus.\" \/>\n<meta property=\"og:url\" content=\"https:\/\/biopastis.com\/fr\/productos\/gateaux-americains\/gateaux-a-couches\/gateau-aux-pistaches-et-au-chocolat-blanc\/\" \/>\n<meta property=\"og:site_name\" content=\"BioPastis\" \/>\n<meta property=\"article:modified_time\" content=\"2025-09-09T13:11:03+00:00\" \/>\n<meta property=\"og:image\" content=\"https:\/\/biopastis.com\/wp-content\/uploads\/2024\/08\/Tarta-de-Pistacho-y-chocolate-blanco-scaled-02205003.png\" \/>\n\t<meta property=\"og:image:width\" content=\"1248\" \/>\n\t<meta property=\"og:image:height\" content=\"832\" \/>\n\t<meta property=\"og:image:type\" content=\"image\/png\" \/>\n<meta name=\"twitter:card\" content=\"summary_large_image\" \/>\n<script type=\"application\/ld+json\" class=\"yoast-schema-graph\">{\"@context\":\"https:\\\/\\\/schema.org\",\"@graph\":[{\"@type\":\"WebPage\",\"@id\":\"https:\\\/\\\/biopastis.com\\\/fr\\\/productos\\\/gateaux-americains\\\/gateaux-a-couches\\\/gateau-aux-pistaches-et-au-chocolat-blanc\\\/\",\"url\":\"https:\\\/\\\/biopastis.com\\\/fr\\\/productos\\\/gateaux-americains\\\/gateaux-a-couches\\\/gateau-aux-pistaches-et-au-chocolat-blanc\\\/\",\"name\":\"G\u00e2teau aux pistaches et au chocolat blanc - BioPastis\",\"isPartOf\":{\"@id\":\"https:\\\/\\\/biopastis.com\\\/fr\\\/#website\"},\"primaryImageOfPage\":{\"@id\":\"https:\\\/\\\/biopastis.com\\\/fr\\\/productos\\\/gateaux-americains\\\/gateaux-a-couches\\\/gateau-aux-pistaches-et-au-chocolat-blanc\\\/#primaryimage\"},\"image\":{\"@id\":\"https:\\\/\\\/biopastis.com\\\/fr\\\/productos\\\/gateaux-americains\\\/gateaux-a-couches\\\/gateau-aux-pistaches-et-au-chocolat-blanc\\\/#primaryimage\"},\"thumbnailUrl\":\"https:\\\/\\\/biopastis.com\\\/wp-content\\\/uploads\\\/2024\\\/08\\\/Tarta-de-Pistacho-y-chocolate-blanco-scaled-02205003.png\",\"datePublished\":\"2024-08-08T13:46:49+00:00\",\"dateModified\":\"2025-09-09T13:11:03+00:00\",\"description\":\"G\u00e2teau \u00e9ponge moelleux aux \u00e9clats de pistaches, fourr\u00e9 au fromage frais au chocolat blanc et \u00e0 l'ar\u00f4me de pistache, et garni d'une seconde garniture pralin\u00e9e \u00e0 la pistache. Garni de fromage frais et de chocolat blanc, il est d\u00e9cor\u00e9 de pistaches hach\u00e9es sur un socle, de p\u00e9pites de chocolat blanc, de rosaces de fromage frais au chocolat blanc et de pistaches hach\u00e9es sur le dessus.\",\"breadcrumb\":{\"@id\":\"https:\\\/\\\/biopastis.com\\\/fr\\\/productos\\\/gateaux-americains\\\/gateaux-a-couches\\\/gateau-aux-pistaches-et-au-chocolat-blanc\\\/#breadcrumb\"},\"inLanguage\":\"fr-FR\",\"potentialAction\":[{\"@type\":\"ReadAction\",\"target\":[\"https:\\\/\\\/biopastis.com\\\/fr\\\/productos\\\/gateaux-americains\\\/gateaux-a-couches\\\/gateau-aux-pistaches-et-au-chocolat-blanc\\\/\"]}]},{\"@type\":\"ImageObject\",\"inLanguage\":\"fr-FR\",\"@id\":\"https:\\\/\\\/biopastis.com\\\/fr\\\/productos\\\/gateaux-americains\\\/gateaux-a-couches\\\/gateau-aux-pistaches-et-au-chocolat-blanc\\\/#primaryimage\",\"url\":\"https:\\\/\\\/biopastis.com\\\/wp-content\\\/uploads\\\/2024\\\/08\\\/Tarta-de-Pistacho-y-chocolate-blanco-scaled-02205003.png\",\"contentUrl\":\"https:\\\/\\\/biopastis.com\\\/wp-content\\\/uploads\\\/2024\\\/08\\\/Tarta-de-Pistacho-y-chocolate-blanco-scaled-02205003.png\",\"width\":1248,\"height\":832},{\"@type\":\"BreadcrumbList\",\"@id\":\"https:\\\/\\\/biopastis.com\\\/fr\\\/productos\\\/gateaux-americains\\\/gateaux-a-couches\\\/gateau-aux-pistaches-et-au-chocolat-blanc\\\/#breadcrumb\",\"itemListElement\":[{\"@type\":\"ListItem\",\"position\":1,\"name\":\"Portada\",\"item\":\"https:\\\/\\\/biopastis.com\\\/fr\\\/\"},{\"@type\":\"ListItem\",\"position\":2,\"name\":\"Produits\",\"item\":\"https:\\\/\\\/biopastis.com\\\/fr\\\/boutique\\\/\"},{\"@type\":\"ListItem\",\"position\":3,\"name\":\"G\u00e2teau aux pistaches et au chocolat blanc\"}]},{\"@type\":\"WebSite\",\"@id\":\"https:\\\/\\\/biopastis.com\\\/fr\\\/#website\",\"url\":\"https:\\\/\\\/biopastis.com\\\/fr\\\/\",\"name\":\"BioPastis\",\"description\":\"La alimentaci\u00f3n natural\",\"publisher\":{\"@id\":\"https:\\\/\\\/biopastis.com\\\/fr\\\/#organization\"},\"potentialAction\":[{\"@type\":\"SearchAction\",\"target\":{\"@type\":\"EntryPoint\",\"urlTemplate\":\"https:\\\/\\\/biopastis.com\\\/fr\\\/?s={search_term_string}\"},\"query-input\":{\"@type\":\"PropertyValueSpecification\",\"valueRequired\":true,\"valueName\":\"search_term_string\"}}],\"inLanguage\":\"fr-FR\"},{\"@type\":\"Organization\",\"@id\":\"https:\\\/\\\/biopastis.com\\\/fr\\\/#organization\",\"name\":\"BioPastis\",\"url\":\"https:\\\/\\\/biopastis.com\\\/fr\\\/\",\"logo\":{\"@type\":\"ImageObject\",\"inLanguage\":\"fr-FR\",\"@id\":\"https:\\\/\\\/biopastis.com\\\/fr\\\/#\\\/schema\\\/logo\\\/image\\\/\",\"url\":\"https:\\\/\\\/biopastis.com\\\/wp-content\\\/uploads\\\/2024\\\/01\\\/BIOPASTIS-NATURAL.jpg\",\"contentUrl\":\"https:\\\/\\\/biopastis.com\\\/wp-content\\\/uploads\\\/2024\\\/01\\\/BIOPASTIS-NATURAL.jpg\",\"width\":658,\"height\":663,\"caption\":\"BioPastis\"},\"image\":{\"@id\":\"https:\\\/\\\/biopastis.com\\\/fr\\\/#\\\/schema\\\/logo\\\/image\\\/\"}}]}<\/script>\n<!-- \/ Yoast SEO plugin. -->","yoast_head_json":{"title":"G\u00e2teau aux pistaches et au chocolat blanc - BioPastis","description":"G\u00e2teau \u00e9ponge moelleux aux \u00e9clats de pistaches, fourr\u00e9 au fromage frais au chocolat blanc et \u00e0 l'ar\u00f4me de pistache, et garni d'une seconde garniture pralin\u00e9e \u00e0 la pistache. Garni de fromage frais et de chocolat blanc, il est d\u00e9cor\u00e9 de pistaches hach\u00e9es sur un socle, de p\u00e9pites de chocolat blanc, de rosaces de fromage frais au chocolat blanc et de pistaches hach\u00e9es sur le dessus.","robots":{"index":"index","follow":"follow","max-snippet":"max-snippet:-1","max-image-preview":"max-image-preview:large","max-video-preview":"max-video-preview:-1"},"canonical":"https:\/\/biopastis.com\/fr\/productos\/gateaux-americains\/gateaux-a-couches\/gateau-aux-pistaches-et-au-chocolat-blanc\/","og_locale":"fr_FR","og_type":"article","og_title":"G\u00e2teau aux pistaches et au chocolat blanc - BioPastis","og_description":"G\u00e2teau \u00e9ponge moelleux aux \u00e9clats de pistaches, fourr\u00e9 au fromage frais au chocolat blanc et \u00e0 l'ar\u00f4me de pistache, et garni d'une seconde garniture pralin\u00e9e \u00e0 la pistache. Garni de fromage frais et de chocolat blanc, il est d\u00e9cor\u00e9 de pistaches hach\u00e9es sur un socle, de p\u00e9pites de chocolat blanc, de rosaces de fromage frais au chocolat blanc et de pistaches hach\u00e9es sur le dessus.","og_url":"https:\/\/biopastis.com\/fr\/productos\/gateaux-americains\/gateaux-a-couches\/gateau-aux-pistaches-et-au-chocolat-blanc\/","og_site_name":"BioPastis","article_modified_time":"2025-09-09T13:11:03+00:00","og_image":[{"width":1248,"height":832,"url":"https:\/\/biopastis.com\/wp-content\/uploads\/2024\/08\/Tarta-de-Pistacho-y-chocolate-blanco-scaled-02205003.png","type":"image\/png"}],"twitter_card":"summary_large_image","schema":{"@context":"https:\/\/schema.org","@graph":[{"@type":"WebPage","@id":"https:\/\/biopastis.com\/fr\/productos\/gateaux-americains\/gateaux-a-couches\/gateau-aux-pistaches-et-au-chocolat-blanc\/","url":"https:\/\/biopastis.com\/fr\/productos\/gateaux-americains\/gateaux-a-couches\/gateau-aux-pistaches-et-au-chocolat-blanc\/","name":"G\u00e2teau aux pistaches et au chocolat blanc - BioPastis","isPartOf":{"@id":"https:\/\/biopastis.com\/fr\/#website"},"primaryImageOfPage":{"@id":"https:\/\/biopastis.com\/fr\/productos\/gateaux-americains\/gateaux-a-couches\/gateau-aux-pistaches-et-au-chocolat-blanc\/#primaryimage"},"image":{"@id":"https:\/\/biopastis.com\/fr\/productos\/gateaux-americains\/gateaux-a-couches\/gateau-aux-pistaches-et-au-chocolat-blanc\/#primaryimage"},"thumbnailUrl":"https:\/\/biopastis.com\/wp-content\/uploads\/2024\/08\/Tarta-de-Pistacho-y-chocolate-blanco-scaled-02205003.png","datePublished":"2024-08-08T13:46:49+00:00","dateModified":"2025-09-09T13:11:03+00:00","description":"G\u00e2teau \u00e9ponge moelleux aux \u00e9clats de pistaches, fourr\u00e9 au fromage frais au chocolat blanc et \u00e0 l'ar\u00f4me de pistache, et garni d'une seconde garniture pralin\u00e9e \u00e0 la pistache. Garni de fromage frais et de chocolat blanc, il est d\u00e9cor\u00e9 de pistaches hach\u00e9es sur un socle, de p\u00e9pites de chocolat blanc, de rosaces de fromage frais au chocolat blanc et de pistaches hach\u00e9es sur le dessus.","breadcrumb":{"@id":"https:\/\/biopastis.com\/fr\/productos\/gateaux-americains\/gateaux-a-couches\/gateau-aux-pistaches-et-au-chocolat-blanc\/#breadcrumb"},"inLanguage":"fr-FR","potentialAction":[{"@type":"ReadAction","target":["https:\/\/biopastis.com\/fr\/productos\/gateaux-americains\/gateaux-a-couches\/gateau-aux-pistaches-et-au-chocolat-blanc\/"]}]},{"@type":"ImageObject","inLanguage":"fr-FR","@id":"https:\/\/biopastis.com\/fr\/productos\/gateaux-americains\/gateaux-a-couches\/gateau-aux-pistaches-et-au-chocolat-blanc\/#primaryimage","url":"https:\/\/biopastis.com\/wp-content\/uploads\/2024\/08\/Tarta-de-Pistacho-y-chocolate-blanco-scaled-02205003.png","contentUrl":"https:\/\/biopastis.com\/wp-content\/uploads\/2024\/08\/Tarta-de-Pistacho-y-chocolate-blanco-scaled-02205003.png","width":1248,"height":832},{"@type":"BreadcrumbList","@id":"https:\/\/biopastis.com\/fr\/productos\/gateaux-americains\/gateaux-a-couches\/gateau-aux-pistaches-et-au-chocolat-blanc\/#breadcrumb","itemListElement":[{"@type":"ListItem","position":1,"name":"Portada","item":"https:\/\/biopastis.com\/fr\/"},{"@type":"ListItem","position":2,"name":"Produits","item":"https:\/\/biopastis.com\/fr\/boutique\/"},{"@type":"ListItem","position":3,"name":"G\u00e2teau aux pistaches et au chocolat blanc"}]},{"@type":"WebSite","@id":"https:\/\/biopastis.com\/fr\/#website","url":"https:\/\/biopastis.com\/fr\/","name":"BioPastis","description":"La alimentaci\u00f3n natural","publisher":{"@id":"https:\/\/biopastis.com\/fr\/#organization"},"potentialAction":[{"@type":"SearchAction","target":{"@type":"EntryPoint","urlTemplate":"https:\/\/biopastis.com\/fr\/?s={search_term_string}"},"query-input":{"@type":"PropertyValueSpecification","valueRequired":true,"valueName":"search_term_string"}}],"inLanguage":"fr-FR"},{"@type":"Organization","@id":"https:\/\/biopastis.com\/fr\/#organization","name":"BioPastis","url":"https:\/\/biopastis.com\/fr\/","logo":{"@type":"ImageObject","inLanguage":"fr-FR","@id":"https:\/\/biopastis.com\/fr\/#\/schema\/logo\/image\/","url":"https:\/\/biopastis.com\/wp-content\/uploads\/2024\/01\/BIOPASTIS-NATURAL.jpg","contentUrl":"https:\/\/biopastis.com\/wp-content\/uploads\/2024\/01\/BIOPASTIS-NATURAL.jpg","width":658,"height":663,"caption":"BioPastis"},"image":{"@id":"https:\/\/biopastis.com\/fr\/#\/schema\/logo\/image\/"}}]}},"_links":{"self":[{"href":"https:\/\/biopastis.com\/fr\/wp-json\/wp\/v2\/product\/4546","targetHints":{"allow":["GET"]}}],"collection":[{"href":"https:\/\/biopastis.com\/fr\/wp-json\/wp\/v2\/product"}],"about":[{"href":"https:\/\/biopastis.com\/fr\/wp-json\/wp\/v2\/types\/product"}],"replies":[{"embeddable":true,"href":"https:\/\/biopastis.com\/fr\/wp-json\/wp\/v2\/comments?post=4546"}],"wp:featuredmedia":[{"embeddable":true,"href":"https:\/\/biopastis.com\/fr\/wp-json\/wp\/v2\/media\/5328"}],"wp:attachment":[{"href":"https:\/\/biopastis.com\/fr\/wp-json\/wp\/v2\/media?parent=4546"}],"wp:term":[{"taxonomy":"product_brand","embeddable":true,"href":"https:\/\/biopastis.com\/fr\/wp-json\/wp\/v2\/product_brand?post=4546"},{"taxonomy":"product_cat","embeddable":true,"href":"https:\/\/biopastis.com\/fr\/wp-json\/wp\/v2\/product_cat?post=4546"},{"taxonomy":"product_tag","embeddable":true,"href":"https:\/\/biopastis.com\/fr\/wp-json\/wp\/v2\/product_tag?post=4546"}],"curies":[{"name":"wp","href":"https:\/\/api.w.org\/{rel}","templated":true}]}}