{"id":4538,"date":"2024-08-08T15:40:04","date_gmt":"2024-08-08T13:40:04","guid":{"rendered":"https:\/\/biopastis.com\/productos\/non%20class\u00e9\/le-petit-dejeuner-traditionnel-de-grand-mere\/"},"modified":"2024-08-08T15:43:05","modified_gmt":"2024-08-08T13:43:05","slug":"le-petit-dejeuner-traditionnel-de-grand-mere","status":"publish","type":"product","link":"https:\/\/biopastis.com\/fr\/productos\/gateaux-americains\/gateaux-moelleux\/gateaux-petit-dejeuner\/le-petit-dejeuner-traditionnel-de-grand-mere\/","title":{"rendered":"Le petit-d\u00e9jeuner traditionnel de grand-m\u00e8re"},"content":{"rendered":"\n<p>Poids : 1000 Gr +\/- 5%<br\/>Mesures : 40 x 60 mm<br\/>Portions : 1<br\/>Unit\u00e9s : 1<\/p>\n","protected":false},"excerpt":{"rendered":"<p>G\u00e9noise traditionnelle au yaourt et au citron, d\u00e9cor\u00e9e de sucre en grains caram\u00e9lis\u00e9.<\/p>\n","protected":false},"featured_media":5579,"comment_status":"open","ping_status":"closed","template":"","meta":[],"product_brand":[],"product_cat":[110],"product_tag":[184],"class_list":{"0":"post-4538","1":"product","2":"type-product","3":"status-publish","4":"has-post-thumbnail","6":"product_cat-gateaux-petit-dejeuner","7":"product_tag-gateaux-pour-le-petit-dejeuner","9":"first","10":"instock","11":"shipping-taxable","12":"product-type-simple"},"yoast_head":"<!-- This site is optimized with the Yoast SEO plugin v27.4 - https:\/\/yoast.com\/product\/yoast-seo-wordpress\/ -->\n<title>Le petit-d\u00e9jeuner traditionnel de grand-m\u00e8re - BioPastis<\/title>\n<meta name=\"description\" content=\"G\u00e9noise traditionnelle au yaourt et au citron, d\u00e9cor\u00e9e de sucre en grains caram\u00e9lis\u00e9.\" \/>\n<meta name=\"robots\" content=\"index, follow, max-snippet:-1, max-image-preview:large, max-video-preview:-1\" \/>\n<link rel=\"canonical\" href=\"https:\/\/biopastis.com\/fr\/productos\/gateaux-americains\/gateaux-moelleux\/gateaux-petit-dejeuner\/le-petit-dejeuner-traditionnel-de-grand-mere\/\" \/>\n<meta property=\"og:locale\" content=\"fr_FR\" \/>\n<meta property=\"og:type\" content=\"article\" \/>\n<meta property=\"og:title\" content=\"Le petit-d\u00e9jeuner traditionnel de grand-m\u00e8re - BioPastis\" \/>\n<meta property=\"og:description\" content=\"G\u00e9noise traditionnelle au yaourt et au citron, d\u00e9cor\u00e9e de sucre en grains caram\u00e9lis\u00e9.\" \/>\n<meta property=\"og:url\" content=\"https:\/\/biopastis.com\/fr\/productos\/gateaux-americains\/gateaux-moelleux\/gateaux-petit-dejeuner\/le-petit-dejeuner-traditionnel-de-grand-mere\/\" \/>\n<meta property=\"og:site_name\" content=\"BioPastis\" \/>\n<meta property=\"article:modified_time\" content=\"2024-08-08T13:43:05+00:00\" \/>\n<meta property=\"og:image\" content=\"https:\/\/biopastis.com\/wp-content\/uploads\/2024\/08\/Breafast-de-la-abuela-scaled.jpg\" \/>\n\t<meta property=\"og:image:width\" content=\"2560\" \/>\n\t<meta property=\"og:image:height\" content=\"2014\" \/>\n\t<meta property=\"og:image:type\" content=\"image\/jpeg\" \/>\n<meta name=\"twitter:card\" content=\"summary_large_image\" \/>\n<script type=\"application\/ld+json\" class=\"yoast-schema-graph\">{\"@context\":\"https:\\\/\\\/schema.org\",\"@graph\":[{\"@type\":\"WebPage\",\"@id\":\"https:\\\/\\\/biopastis.com\\\/fr\\\/productos\\\/gateaux-americains\\\/gateaux-moelleux\\\/gateaux-petit-dejeuner\\\/le-petit-dejeuner-traditionnel-de-grand-mere\\\/\",\"url\":\"https:\\\/\\\/biopastis.com\\\/fr\\\/productos\\\/gateaux-americains\\\/gateaux-moelleux\\\/gateaux-petit-dejeuner\\\/le-petit-dejeuner-traditionnel-de-grand-mere\\\/\",\"name\":\"Le petit-d\u00e9jeuner traditionnel de grand-m\u00e8re - BioPastis\",\"isPartOf\":{\"@id\":\"https:\\\/\\\/biopastis.com\\\/fr\\\/#website\"},\"primaryImageOfPage\":{\"@id\":\"https:\\\/\\\/biopastis.com\\\/fr\\\/productos\\\/gateaux-americains\\\/gateaux-moelleux\\\/gateaux-petit-dejeuner\\\/le-petit-dejeuner-traditionnel-de-grand-mere\\\/#primaryimage\"},\"image\":{\"@id\":\"https:\\\/\\\/biopastis.com\\\/fr\\\/productos\\\/gateaux-americains\\\/gateaux-moelleux\\\/gateaux-petit-dejeuner\\\/le-petit-dejeuner-traditionnel-de-grand-mere\\\/#primaryimage\"},\"thumbnailUrl\":\"https:\\\/\\\/biopastis.com\\\/wp-content\\\/uploads\\\/2024\\\/08\\\/Breafast-de-la-abuela-scaled-02012194.png\",\"datePublished\":\"2024-08-08T13:40:04+00:00\",\"dateModified\":\"2024-08-08T13:43:05+00:00\",\"description\":\"G\u00e9noise traditionnelle au yaourt et au citron, d\u00e9cor\u00e9e de sucre en grains caram\u00e9lis\u00e9.\",\"breadcrumb\":{\"@id\":\"https:\\\/\\\/biopastis.com\\\/fr\\\/productos\\\/gateaux-americains\\\/gateaux-moelleux\\\/gateaux-petit-dejeuner\\\/le-petit-dejeuner-traditionnel-de-grand-mere\\\/#breadcrumb\"},\"inLanguage\":\"fr-FR\",\"potentialAction\":[{\"@type\":\"ReadAction\",\"target\":[\"https:\\\/\\\/biopastis.com\\\/fr\\\/productos\\\/gateaux-americains\\\/gateaux-moelleux\\\/gateaux-petit-dejeuner\\\/le-petit-dejeuner-traditionnel-de-grand-mere\\\/\"]}]},{\"@type\":\"ImageObject\",\"inLanguage\":\"fr-FR\",\"@id\":\"https:\\\/\\\/biopastis.com\\\/fr\\\/productos\\\/gateaux-americains\\\/gateaux-moelleux\\\/gateaux-petit-dejeuner\\\/le-petit-dejeuner-traditionnel-de-grand-mere\\\/#primaryimage\",\"url\":\"https:\\\/\\\/biopastis.com\\\/wp-content\\\/uploads\\\/2024\\\/08\\\/Breafast-de-la-abuela-scaled-02012194.png\",\"contentUrl\":\"https:\\\/\\\/biopastis.com\\\/wp-content\\\/uploads\\\/2024\\\/08\\\/Breafast-de-la-abuela-scaled-02012194.png\",\"width\":1152,\"height\":896},{\"@type\":\"BreadcrumbList\",\"@id\":\"https:\\\/\\\/biopastis.com\\\/fr\\\/productos\\\/gateaux-americains\\\/gateaux-moelleux\\\/gateaux-petit-dejeuner\\\/le-petit-dejeuner-traditionnel-de-grand-mere\\\/#breadcrumb\",\"itemListElement\":[{\"@type\":\"ListItem\",\"position\":1,\"name\":\"Portada\",\"item\":\"https:\\\/\\\/biopastis.com\\\/fr\\\/\"},{\"@type\":\"ListItem\",\"position\":2,\"name\":\"Produits\",\"item\":\"https:\\\/\\\/biopastis.com\\\/fr\\\/boutique\\\/\"},{\"@type\":\"ListItem\",\"position\":3,\"name\":\"Le petit-d\u00e9jeuner traditionnel de grand-m\u00e8re\"}]},{\"@type\":\"WebSite\",\"@id\":\"https:\\\/\\\/biopastis.com\\\/fr\\\/#website\",\"url\":\"https:\\\/\\\/biopastis.com\\\/fr\\\/\",\"name\":\"BioPastis\",\"description\":\"La alimentaci\u00f3n natural\",\"publisher\":{\"@id\":\"https:\\\/\\\/biopastis.com\\\/fr\\\/#organization\"},\"potentialAction\":[{\"@type\":\"SearchAction\",\"target\":{\"@type\":\"EntryPoint\",\"urlTemplate\":\"https:\\\/\\\/biopastis.com\\\/fr\\\/?s={search_term_string}\"},\"query-input\":{\"@type\":\"PropertyValueSpecification\",\"valueRequired\":true,\"valueName\":\"search_term_string\"}}],\"inLanguage\":\"fr-FR\"},{\"@type\":\"Organization\",\"@id\":\"https:\\\/\\\/biopastis.com\\\/fr\\\/#organization\",\"name\":\"BioPastis\",\"url\":\"https:\\\/\\\/biopastis.com\\\/fr\\\/\",\"logo\":{\"@type\":\"ImageObject\",\"inLanguage\":\"fr-FR\",\"@id\":\"https:\\\/\\\/biopastis.com\\\/fr\\\/#\\\/schema\\\/logo\\\/image\\\/\",\"url\":\"https:\\\/\\\/biopastis.com\\\/wp-content\\\/uploads\\\/2024\\\/01\\\/BIOPASTIS-NATURAL.jpg\",\"contentUrl\":\"https:\\\/\\\/biopastis.com\\\/wp-content\\\/uploads\\\/2024\\\/01\\\/BIOPASTIS-NATURAL.jpg\",\"width\":658,\"height\":663,\"caption\":\"BioPastis\"},\"image\":{\"@id\":\"https:\\\/\\\/biopastis.com\\\/fr\\\/#\\\/schema\\\/logo\\\/image\\\/\"}}]}<\/script>\n<!-- \/ Yoast SEO plugin. -->","yoast_head_json":{"title":"Le petit-d\u00e9jeuner traditionnel de grand-m\u00e8re - BioPastis","description":"G\u00e9noise traditionnelle au yaourt et au citron, d\u00e9cor\u00e9e de sucre en grains caram\u00e9lis\u00e9.","robots":{"index":"index","follow":"follow","max-snippet":"max-snippet:-1","max-image-preview":"max-image-preview:large","max-video-preview":"max-video-preview:-1"},"canonical":"https:\/\/biopastis.com\/fr\/productos\/gateaux-americains\/gateaux-moelleux\/gateaux-petit-dejeuner\/le-petit-dejeuner-traditionnel-de-grand-mere\/","og_locale":"fr_FR","og_type":"article","og_title":"Le petit-d\u00e9jeuner traditionnel de grand-m\u00e8re - BioPastis","og_description":"G\u00e9noise traditionnelle au yaourt et au citron, d\u00e9cor\u00e9e de sucre en grains caram\u00e9lis\u00e9.","og_url":"https:\/\/biopastis.com\/fr\/productos\/gateaux-americains\/gateaux-moelleux\/gateaux-petit-dejeuner\/le-petit-dejeuner-traditionnel-de-grand-mere\/","og_site_name":"BioPastis","article_modified_time":"2024-08-08T13:43:05+00:00","og_image":[{"width":2560,"height":2014,"url":"https:\/\/biopastis.com\/wp-content\/uploads\/2024\/08\/Breafast-de-la-abuela-scaled.jpg","type":"image\/jpeg"}],"twitter_card":"summary_large_image","schema":{"@context":"https:\/\/schema.org","@graph":[{"@type":"WebPage","@id":"https:\/\/biopastis.com\/fr\/productos\/gateaux-americains\/gateaux-moelleux\/gateaux-petit-dejeuner\/le-petit-dejeuner-traditionnel-de-grand-mere\/","url":"https:\/\/biopastis.com\/fr\/productos\/gateaux-americains\/gateaux-moelleux\/gateaux-petit-dejeuner\/le-petit-dejeuner-traditionnel-de-grand-mere\/","name":"Le petit-d\u00e9jeuner traditionnel de grand-m\u00e8re - BioPastis","isPartOf":{"@id":"https:\/\/biopastis.com\/fr\/#website"},"primaryImageOfPage":{"@id":"https:\/\/biopastis.com\/fr\/productos\/gateaux-americains\/gateaux-moelleux\/gateaux-petit-dejeuner\/le-petit-dejeuner-traditionnel-de-grand-mere\/#primaryimage"},"image":{"@id":"https:\/\/biopastis.com\/fr\/productos\/gateaux-americains\/gateaux-moelleux\/gateaux-petit-dejeuner\/le-petit-dejeuner-traditionnel-de-grand-mere\/#primaryimage"},"thumbnailUrl":"https:\/\/biopastis.com\/wp-content\/uploads\/2024\/08\/Breafast-de-la-abuela-scaled-02012194.png","datePublished":"2024-08-08T13:40:04+00:00","dateModified":"2024-08-08T13:43:05+00:00","description":"G\u00e9noise traditionnelle au yaourt et au citron, d\u00e9cor\u00e9e de sucre en grains caram\u00e9lis\u00e9.","breadcrumb":{"@id":"https:\/\/biopastis.com\/fr\/productos\/gateaux-americains\/gateaux-moelleux\/gateaux-petit-dejeuner\/le-petit-dejeuner-traditionnel-de-grand-mere\/#breadcrumb"},"inLanguage":"fr-FR","potentialAction":[{"@type":"ReadAction","target":["https:\/\/biopastis.com\/fr\/productos\/gateaux-americains\/gateaux-moelleux\/gateaux-petit-dejeuner\/le-petit-dejeuner-traditionnel-de-grand-mere\/"]}]},{"@type":"ImageObject","inLanguage":"fr-FR","@id":"https:\/\/biopastis.com\/fr\/productos\/gateaux-americains\/gateaux-moelleux\/gateaux-petit-dejeuner\/le-petit-dejeuner-traditionnel-de-grand-mere\/#primaryimage","url":"https:\/\/biopastis.com\/wp-content\/uploads\/2024\/08\/Breafast-de-la-abuela-scaled-02012194.png","contentUrl":"https:\/\/biopastis.com\/wp-content\/uploads\/2024\/08\/Breafast-de-la-abuela-scaled-02012194.png","width":1152,"height":896},{"@type":"BreadcrumbList","@id":"https:\/\/biopastis.com\/fr\/productos\/gateaux-americains\/gateaux-moelleux\/gateaux-petit-dejeuner\/le-petit-dejeuner-traditionnel-de-grand-mere\/#breadcrumb","itemListElement":[{"@type":"ListItem","position":1,"name":"Portada","item":"https:\/\/biopastis.com\/fr\/"},{"@type":"ListItem","position":2,"name":"Produits","item":"https:\/\/biopastis.com\/fr\/boutique\/"},{"@type":"ListItem","position":3,"name":"Le petit-d\u00e9jeuner traditionnel de grand-m\u00e8re"}]},{"@type":"WebSite","@id":"https:\/\/biopastis.com\/fr\/#website","url":"https:\/\/biopastis.com\/fr\/","name":"BioPastis","description":"La alimentaci\u00f3n natural","publisher":{"@id":"https:\/\/biopastis.com\/fr\/#organization"},"potentialAction":[{"@type":"SearchAction","target":{"@type":"EntryPoint","urlTemplate":"https:\/\/biopastis.com\/fr\/?s={search_term_string}"},"query-input":{"@type":"PropertyValueSpecification","valueRequired":true,"valueName":"search_term_string"}}],"inLanguage":"fr-FR"},{"@type":"Organization","@id":"https:\/\/biopastis.com\/fr\/#organization","name":"BioPastis","url":"https:\/\/biopastis.com\/fr\/","logo":{"@type":"ImageObject","inLanguage":"fr-FR","@id":"https:\/\/biopastis.com\/fr\/#\/schema\/logo\/image\/","url":"https:\/\/biopastis.com\/wp-content\/uploads\/2024\/01\/BIOPASTIS-NATURAL.jpg","contentUrl":"https:\/\/biopastis.com\/wp-content\/uploads\/2024\/01\/BIOPASTIS-NATURAL.jpg","width":658,"height":663,"caption":"BioPastis"},"image":{"@id":"https:\/\/biopastis.com\/fr\/#\/schema\/logo\/image\/"}}]}},"_links":{"self":[{"href":"https:\/\/biopastis.com\/fr\/wp-json\/wp\/v2\/product\/4538","targetHints":{"allow":["GET"]}}],"collection":[{"href":"https:\/\/biopastis.com\/fr\/wp-json\/wp\/v2\/product"}],"about":[{"href":"https:\/\/biopastis.com\/fr\/wp-json\/wp\/v2\/types\/product"}],"replies":[{"embeddable":true,"href":"https:\/\/biopastis.com\/fr\/wp-json\/wp\/v2\/comments?post=4538"}],"wp:featuredmedia":[{"embeddable":true,"href":"https:\/\/biopastis.com\/fr\/wp-json\/wp\/v2\/media\/5579"}],"wp:attachment":[{"href":"https:\/\/biopastis.com\/fr\/wp-json\/wp\/v2\/media?parent=4538"}],"wp:term":[{"taxonomy":"product_brand","embeddable":true,"href":"https:\/\/biopastis.com\/fr\/wp-json\/wp\/v2\/product_brand?post=4538"},{"taxonomy":"product_cat","embeddable":true,"href":"https:\/\/biopastis.com\/fr\/wp-json\/wp\/v2\/product_cat?post=4538"},{"taxonomy":"product_tag","embeddable":true,"href":"https:\/\/biopastis.com\/fr\/wp-json\/wp\/v2\/product_tag?post=4538"}],"curies":[{"name":"wp","href":"https:\/\/api.w.org\/{rel}","templated":true}]}}