{"id":4202,"date":"2024-07-18T16:14:47","date_gmt":"2024-07-18T14:14:47","guid":{"rendered":"https:\/\/biopastis.com\/productos\/non%20class\u00e9\/gateau-au-fromage-et-au-chocolat\/"},"modified":"2024-07-23T15:41:49","modified_gmt":"2024-07-23T13:41:49","slug":"gateau-au-fromage-et-au-chocolat","status":"publish","type":"product","link":"https:\/\/biopastis.com\/fr\/productos\/gateaux-americains\/gateaux-au-fromage\/gateau-au-fromage-et-au-chocolat\/","title":{"rendered":"G\u00e2teau au fromage et au chocolat"},"content":{"rendered":"\n<p>Poids : 2100 Gr +\/- 5%<br\/>Mesures : 240<br\/>Portions : 14<br\/>Unit\u00e9s : 1<\/p>\n","protected":false},"excerpt":{"rendered":"<p>G\u00e2teau cuit au four avec une base de biscuit digestif, du fromage \u00e0 la cr\u00e8me et une couverture de chocolat. D\u00e9cor\u00e9 de cr\u00e8me, de morceaux de brownie, de chocolat blanc et d&rsquo;une touche de cacao.<\/p>\n","protected":false},"featured_media":5551,"template":"","meta":[],"product_brand":[],"product_cat":[97],"product_tag":[172],"class_list":{"0":"post-4202","1":"product","2":"type-product","3":"status-publish","4":"has-post-thumbnail","6":"product_cat-gateaux-au-fromage","7":"product_tag-cheesecakes-fr","9":"first","10":"instock","11":"shipping-taxable","12":"product-type-simple"},"yoast_head":"<!-- This site is optimized with the Yoast SEO plugin v27.4 - https:\/\/yoast.com\/product\/yoast-seo-wordpress\/ -->\n<title>G\u00e2teau au fromage et au chocolat - BioPastis<\/title>\n<meta name=\"description\" content=\"G\u00e2teau cuit au four avec une base de biscuit digestif, du fromage \u00e0 la cr\u00e8me et une couverture de chocolat. D\u00e9cor\u00e9 de cr\u00e8me, de morceaux de brownie, de chocolat blanc et d&#039;une touche de cacao.\" \/>\n<meta name=\"robots\" content=\"index, follow, max-snippet:-1, max-image-preview:large, max-video-preview:-1\" \/>\n<link rel=\"canonical\" href=\"https:\/\/biopastis.com\/fr\/productos\/gateaux-americains\/gateaux-au-fromage\/gateau-au-fromage-et-au-chocolat\/\" \/>\n<meta property=\"og:locale\" content=\"fr_FR\" \/>\n<meta property=\"og:type\" content=\"article\" \/>\n<meta property=\"og:title\" content=\"G\u00e2teau au fromage et au chocolat - BioPastis\" \/>\n<meta property=\"og:description\" content=\"G\u00e2teau cuit au four avec une base de biscuit digestif, du fromage \u00e0 la cr\u00e8me et une couverture de chocolat. D\u00e9cor\u00e9 de cr\u00e8me, de morceaux de brownie, de chocolat blanc et d&#039;une touche de cacao.\" \/>\n<meta property=\"og:url\" content=\"https:\/\/biopastis.com\/fr\/productos\/gateaux-americains\/gateaux-au-fromage\/gateau-au-fromage-et-au-chocolat\/\" \/>\n<meta property=\"og:site_name\" content=\"BioPastis\" \/>\n<meta property=\"article:modified_time\" content=\"2024-07-23T13:41:49+00:00\" \/>\n<meta property=\"og:image\" content=\"https:\/\/biopastis.com\/wp-content\/uploads\/2024\/07\/Cheesecake-Chocolate-02189008-scaled.jpg\" \/>\n\t<meta property=\"og:image:width\" content=\"2560\" \/>\n\t<meta property=\"og:image:height\" content=\"1707\" \/>\n\t<meta property=\"og:image:type\" content=\"image\/jpeg\" \/>\n<meta name=\"twitter:card\" content=\"summary_large_image\" \/>\n<script type=\"application\/ld+json\" class=\"yoast-schema-graph\">{\"@context\":\"https:\\\/\\\/schema.org\",\"@graph\":[{\"@type\":\"WebPage\",\"@id\":\"https:\\\/\\\/biopastis.com\\\/fr\\\/productos\\\/gateaux-americains\\\/gateaux-au-fromage\\\/gateau-au-fromage-et-au-chocolat\\\/\",\"url\":\"https:\\\/\\\/biopastis.com\\\/fr\\\/productos\\\/gateaux-americains\\\/gateaux-au-fromage\\\/gateau-au-fromage-et-au-chocolat\\\/\",\"name\":\"G\u00e2teau au fromage et au chocolat - BioPastis\",\"isPartOf\":{\"@id\":\"https:\\\/\\\/biopastis.com\\\/fr\\\/#website\"},\"primaryImageOfPage\":{\"@id\":\"https:\\\/\\\/biopastis.com\\\/fr\\\/productos\\\/gateaux-americains\\\/gateaux-au-fromage\\\/gateau-au-fromage-et-au-chocolat\\\/#primaryimage\"},\"image\":{\"@id\":\"https:\\\/\\\/biopastis.com\\\/fr\\\/productos\\\/gateaux-americains\\\/gateaux-au-fromage\\\/gateau-au-fromage-et-au-chocolat\\\/#primaryimage\"},\"thumbnailUrl\":\"https:\\\/\\\/biopastis.com\\\/wp-content\\\/uploads\\\/2024\\\/07\\\/Cheesecake-Chocolate-02189008-scaled-02189008.png\",\"datePublished\":\"2024-07-18T14:14:47+00:00\",\"dateModified\":\"2024-07-23T13:41:49+00:00\",\"description\":\"G\u00e2teau cuit au four avec une base de biscuit digestif, du fromage \u00e0 la cr\u00e8me et une couverture de chocolat. D\u00e9cor\u00e9 de cr\u00e8me, de morceaux de brownie, de chocolat blanc et d'une touche de cacao.\",\"breadcrumb\":{\"@id\":\"https:\\\/\\\/biopastis.com\\\/fr\\\/productos\\\/gateaux-americains\\\/gateaux-au-fromage\\\/gateau-au-fromage-et-au-chocolat\\\/#breadcrumb\"},\"inLanguage\":\"fr-FR\",\"potentialAction\":[{\"@type\":\"ReadAction\",\"target\":[\"https:\\\/\\\/biopastis.com\\\/fr\\\/productos\\\/gateaux-americains\\\/gateaux-au-fromage\\\/gateau-au-fromage-et-au-chocolat\\\/\"]}]},{\"@type\":\"ImageObject\",\"inLanguage\":\"fr-FR\",\"@id\":\"https:\\\/\\\/biopastis.com\\\/fr\\\/productos\\\/gateaux-americains\\\/gateaux-au-fromage\\\/gateau-au-fromage-et-au-chocolat\\\/#primaryimage\",\"url\":\"https:\\\/\\\/biopastis.com\\\/wp-content\\\/uploads\\\/2024\\\/07\\\/Cheesecake-Chocolate-02189008-scaled-02189008.png\",\"contentUrl\":\"https:\\\/\\\/biopastis.com\\\/wp-content\\\/uploads\\\/2024\\\/07\\\/Cheesecake-Chocolate-02189008-scaled-02189008.png\",\"width\":1248,\"height\":832},{\"@type\":\"BreadcrumbList\",\"@id\":\"https:\\\/\\\/biopastis.com\\\/fr\\\/productos\\\/gateaux-americains\\\/gateaux-au-fromage\\\/gateau-au-fromage-et-au-chocolat\\\/#breadcrumb\",\"itemListElement\":[{\"@type\":\"ListItem\",\"position\":1,\"name\":\"Portada\",\"item\":\"https:\\\/\\\/biopastis.com\\\/fr\\\/\"},{\"@type\":\"ListItem\",\"position\":2,\"name\":\"Produits\",\"item\":\"https:\\\/\\\/biopastis.com\\\/fr\\\/boutique\\\/\"},{\"@type\":\"ListItem\",\"position\":3,\"name\":\"G\u00e2teau au fromage et au chocolat\"}]},{\"@type\":\"WebSite\",\"@id\":\"https:\\\/\\\/biopastis.com\\\/fr\\\/#website\",\"url\":\"https:\\\/\\\/biopastis.com\\\/fr\\\/\",\"name\":\"BioPastis\",\"description\":\"La alimentaci\u00f3n natural\",\"publisher\":{\"@id\":\"https:\\\/\\\/biopastis.com\\\/fr\\\/#organization\"},\"potentialAction\":[{\"@type\":\"SearchAction\",\"target\":{\"@type\":\"EntryPoint\",\"urlTemplate\":\"https:\\\/\\\/biopastis.com\\\/fr\\\/?s={search_term_string}\"},\"query-input\":{\"@type\":\"PropertyValueSpecification\",\"valueRequired\":true,\"valueName\":\"search_term_string\"}}],\"inLanguage\":\"fr-FR\"},{\"@type\":\"Organization\",\"@id\":\"https:\\\/\\\/biopastis.com\\\/fr\\\/#organization\",\"name\":\"BioPastis\",\"url\":\"https:\\\/\\\/biopastis.com\\\/fr\\\/\",\"logo\":{\"@type\":\"ImageObject\",\"inLanguage\":\"fr-FR\",\"@id\":\"https:\\\/\\\/biopastis.com\\\/fr\\\/#\\\/schema\\\/logo\\\/image\\\/\",\"url\":\"https:\\\/\\\/biopastis.com\\\/wp-content\\\/uploads\\\/2024\\\/01\\\/BIOPASTIS-NATURAL.jpg\",\"contentUrl\":\"https:\\\/\\\/biopastis.com\\\/wp-content\\\/uploads\\\/2024\\\/01\\\/BIOPASTIS-NATURAL.jpg\",\"width\":658,\"height\":663,\"caption\":\"BioPastis\"},\"image\":{\"@id\":\"https:\\\/\\\/biopastis.com\\\/fr\\\/#\\\/schema\\\/logo\\\/image\\\/\"}}]}<\/script>\n<!-- \/ Yoast SEO plugin. -->","yoast_head_json":{"title":"G\u00e2teau au fromage et au chocolat - BioPastis","description":"G\u00e2teau cuit au four avec une base de biscuit digestif, du fromage \u00e0 la cr\u00e8me et une couverture de chocolat. D\u00e9cor\u00e9 de cr\u00e8me, de morceaux de brownie, de chocolat blanc et d'une touche de cacao.","robots":{"index":"index","follow":"follow","max-snippet":"max-snippet:-1","max-image-preview":"max-image-preview:large","max-video-preview":"max-video-preview:-1"},"canonical":"https:\/\/biopastis.com\/fr\/productos\/gateaux-americains\/gateaux-au-fromage\/gateau-au-fromage-et-au-chocolat\/","og_locale":"fr_FR","og_type":"article","og_title":"G\u00e2teau au fromage et au chocolat - BioPastis","og_description":"G\u00e2teau cuit au four avec une base de biscuit digestif, du fromage \u00e0 la cr\u00e8me et une couverture de chocolat. D\u00e9cor\u00e9 de cr\u00e8me, de morceaux de brownie, de chocolat blanc et d'une touche de cacao.","og_url":"https:\/\/biopastis.com\/fr\/productos\/gateaux-americains\/gateaux-au-fromage\/gateau-au-fromage-et-au-chocolat\/","og_site_name":"BioPastis","article_modified_time":"2024-07-23T13:41:49+00:00","og_image":[{"width":2560,"height":1707,"url":"https:\/\/biopastis.com\/wp-content\/uploads\/2024\/07\/Cheesecake-Chocolate-02189008-scaled.jpg","type":"image\/jpeg"}],"twitter_card":"summary_large_image","schema":{"@context":"https:\/\/schema.org","@graph":[{"@type":"WebPage","@id":"https:\/\/biopastis.com\/fr\/productos\/gateaux-americains\/gateaux-au-fromage\/gateau-au-fromage-et-au-chocolat\/","url":"https:\/\/biopastis.com\/fr\/productos\/gateaux-americains\/gateaux-au-fromage\/gateau-au-fromage-et-au-chocolat\/","name":"G\u00e2teau au fromage et au chocolat - BioPastis","isPartOf":{"@id":"https:\/\/biopastis.com\/fr\/#website"},"primaryImageOfPage":{"@id":"https:\/\/biopastis.com\/fr\/productos\/gateaux-americains\/gateaux-au-fromage\/gateau-au-fromage-et-au-chocolat\/#primaryimage"},"image":{"@id":"https:\/\/biopastis.com\/fr\/productos\/gateaux-americains\/gateaux-au-fromage\/gateau-au-fromage-et-au-chocolat\/#primaryimage"},"thumbnailUrl":"https:\/\/biopastis.com\/wp-content\/uploads\/2024\/07\/Cheesecake-Chocolate-02189008-scaled-02189008.png","datePublished":"2024-07-18T14:14:47+00:00","dateModified":"2024-07-23T13:41:49+00:00","description":"G\u00e2teau cuit au four avec une base de biscuit digestif, du fromage \u00e0 la cr\u00e8me et une couverture de chocolat. D\u00e9cor\u00e9 de cr\u00e8me, de morceaux de brownie, de chocolat blanc et d'une touche de cacao.","breadcrumb":{"@id":"https:\/\/biopastis.com\/fr\/productos\/gateaux-americains\/gateaux-au-fromage\/gateau-au-fromage-et-au-chocolat\/#breadcrumb"},"inLanguage":"fr-FR","potentialAction":[{"@type":"ReadAction","target":["https:\/\/biopastis.com\/fr\/productos\/gateaux-americains\/gateaux-au-fromage\/gateau-au-fromage-et-au-chocolat\/"]}]},{"@type":"ImageObject","inLanguage":"fr-FR","@id":"https:\/\/biopastis.com\/fr\/productos\/gateaux-americains\/gateaux-au-fromage\/gateau-au-fromage-et-au-chocolat\/#primaryimage","url":"https:\/\/biopastis.com\/wp-content\/uploads\/2024\/07\/Cheesecake-Chocolate-02189008-scaled-02189008.png","contentUrl":"https:\/\/biopastis.com\/wp-content\/uploads\/2024\/07\/Cheesecake-Chocolate-02189008-scaled-02189008.png","width":1248,"height":832},{"@type":"BreadcrumbList","@id":"https:\/\/biopastis.com\/fr\/productos\/gateaux-americains\/gateaux-au-fromage\/gateau-au-fromage-et-au-chocolat\/#breadcrumb","itemListElement":[{"@type":"ListItem","position":1,"name":"Portada","item":"https:\/\/biopastis.com\/fr\/"},{"@type":"ListItem","position":2,"name":"Produits","item":"https:\/\/biopastis.com\/fr\/boutique\/"},{"@type":"ListItem","position":3,"name":"G\u00e2teau au fromage et au chocolat"}]},{"@type":"WebSite","@id":"https:\/\/biopastis.com\/fr\/#website","url":"https:\/\/biopastis.com\/fr\/","name":"BioPastis","description":"La alimentaci\u00f3n natural","publisher":{"@id":"https:\/\/biopastis.com\/fr\/#organization"},"potentialAction":[{"@type":"SearchAction","target":{"@type":"EntryPoint","urlTemplate":"https:\/\/biopastis.com\/fr\/?s={search_term_string}"},"query-input":{"@type":"PropertyValueSpecification","valueRequired":true,"valueName":"search_term_string"}}],"inLanguage":"fr-FR"},{"@type":"Organization","@id":"https:\/\/biopastis.com\/fr\/#organization","name":"BioPastis","url":"https:\/\/biopastis.com\/fr\/","logo":{"@type":"ImageObject","inLanguage":"fr-FR","@id":"https:\/\/biopastis.com\/fr\/#\/schema\/logo\/image\/","url":"https:\/\/biopastis.com\/wp-content\/uploads\/2024\/01\/BIOPASTIS-NATURAL.jpg","contentUrl":"https:\/\/biopastis.com\/wp-content\/uploads\/2024\/01\/BIOPASTIS-NATURAL.jpg","width":658,"height":663,"caption":"BioPastis"},"image":{"@id":"https:\/\/biopastis.com\/fr\/#\/schema\/logo\/image\/"}}]}},"_links":{"self":[{"href":"https:\/\/biopastis.com\/fr\/wp-json\/wp\/v2\/product\/4202","targetHints":{"allow":["GET"]}}],"collection":[{"href":"https:\/\/biopastis.com\/fr\/wp-json\/wp\/v2\/product"}],"about":[{"href":"https:\/\/biopastis.com\/fr\/wp-json\/wp\/v2\/types\/product"}],"wp:featuredmedia":[{"embeddable":true,"href":"https:\/\/biopastis.com\/fr\/wp-json\/wp\/v2\/media\/5551"}],"wp:attachment":[{"href":"https:\/\/biopastis.com\/fr\/wp-json\/wp\/v2\/media?parent=4202"}],"wp:term":[{"taxonomy":"product_brand","embeddable":true,"href":"https:\/\/biopastis.com\/fr\/wp-json\/wp\/v2\/product_brand?post=4202"},{"taxonomy":"product_cat","embeddable":true,"href":"https:\/\/biopastis.com\/fr\/wp-json\/wp\/v2\/product_cat?post=4202"},{"taxonomy":"product_tag","embeddable":true,"href":"https:\/\/biopastis.com\/fr\/wp-json\/wp\/v2\/product_tag?post=4202"}],"curies":[{"name":"wp","href":"https:\/\/api.w.org\/{rel}","templated":true}]}}