{"id":4194,"date":"2024-07-17T16:37:40","date_gmt":"2024-07-17T14:37:40","guid":{"rendered":"https:\/\/biopastis.com\/productos\/non%20class\u00e9\/gateau-au-chocolat-et-a-la-creme-browcookie\/"},"modified":"2024-07-17T16:44:33","modified_gmt":"2024-07-17T14:44:33","slug":"gateau-au-chocolat-et-a-la-creme-browcookie","status":"publish","type":"product","link":"https:\/\/biopastis.com\/fr\/productos\/gateaux-americains\/gateaux-plus-grands\/gateau-au-chocolat-et-a-la-creme-browcookie\/","title":{"rendered":"G\u00e2teau au chocolat et \u00e0 la cr\u00e8me Browcookie"},"content":{"rendered":"\n<p>Poids : 2250 Gr +\/- 5%<br\/>Mesures : 240<br\/>Portions : 14<br\/>Unit\u00e9s : 1<\/p>\n","protected":false},"excerpt":{"rendered":"<p>G\u00e2teau qui m\u00e9lange deux des friandises am\u00e9ricaines les plus typiques, le Chewy Brownie Cake, une couche de biscuit am\u00e9ricain avec des dorps au chocolat, fourr\u00e9e de fromage \u00e0 la cr\u00e8me et de biscuits. D\u00e9cor\u00e9 de cubes de brownie, de morceaux de biscuits am\u00e9ricains \u00e0 la vanille, de biscuits \u00e0 la cr\u00e8me de cacao et recouvert d&rsquo;un enrobage de chocolat. Un g\u00e2teau \u00e0 la hauteur des plus exigeants.<\/p>\n","protected":false},"featured_media":5312,"comment_status":"closed","ping_status":"closed","template":"","meta":[],"product_brand":[],"product_cat":[91],"product_tag":[177],"class_list":{"0":"post-4194","1":"product","2":"type-product","3":"status-publish","4":"has-post-thumbnail","6":"product_cat-gateaux-plus-grands","7":"product_tag-tarte-americaine","9":"first","10":"instock","11":"shipping-taxable","12":"product-type-simple"},"yoast_head":"<!-- This site is optimized with the Yoast SEO plugin v27.3 - https:\/\/yoast.com\/product\/yoast-seo-wordpress\/ -->\n<title>G\u00e2teau au chocolat et \u00e0 la cr\u00e8me Browcookie - BioPastis<\/title>\n<meta name=\"description\" content=\"G\u00e2teau qui m\u00e9lange deux des friandises am\u00e9ricaines les plus typiques, le Chewy Brownie Cake, une couche de biscuit am\u00e9ricain avec des dorps au chocolat, fourr\u00e9e de fromage \u00e0 la cr\u00e8me et de biscuits.\" \/>\n<meta name=\"robots\" content=\"index, follow, max-snippet:-1, max-image-preview:large, max-video-preview:-1\" \/>\n<link rel=\"canonical\" href=\"https:\/\/biopastis.com\/fr\/productos\/gateaux-americains\/gateaux-plus-grands\/gateau-au-chocolat-et-a-la-creme-browcookie\/\" \/>\n<meta property=\"og:locale\" content=\"fr_FR\" \/>\n<meta property=\"og:type\" content=\"article\" \/>\n<meta property=\"og:title\" content=\"G\u00e2teau au chocolat et \u00e0 la cr\u00e8me Browcookie - BioPastis\" \/>\n<meta property=\"og:description\" content=\"G\u00e2teau qui m\u00e9lange deux des friandises am\u00e9ricaines les plus typiques, le Chewy Brownie Cake, une couche de biscuit am\u00e9ricain avec des dorps au chocolat, fourr\u00e9e de fromage \u00e0 la cr\u00e8me et de biscuits.\" \/>\n<meta property=\"og:url\" content=\"https:\/\/biopastis.com\/fr\/productos\/gateaux-americains\/gateaux-plus-grands\/gateau-au-chocolat-et-a-la-creme-browcookie\/\" \/>\n<meta property=\"og:site_name\" content=\"BioPastis\" \/>\n<meta property=\"article:modified_time\" content=\"2024-07-17T14:44:33+00:00\" \/>\n<meta property=\"og:image\" content=\"https:\/\/biopastis.com\/wp-content\/uploads\/2024\/07\/Browcookie-chocolate-and-cream-scaled.jpg\" \/>\n\t<meta property=\"og:image:width\" content=\"2560\" \/>\n\t<meta property=\"og:image:height\" content=\"1707\" \/>\n\t<meta property=\"og:image:type\" content=\"image\/jpeg\" \/>\n<meta name=\"twitter:card\" content=\"summary_large_image\" \/>\n<script type=\"application\/ld+json\" class=\"yoast-schema-graph\">{\"@context\":\"https:\\\/\\\/schema.org\",\"@graph\":[{\"@type\":\"WebPage\",\"@id\":\"https:\\\/\\\/biopastis.com\\\/fr\\\/productos\\\/gateaux-americains\\\/gateaux-plus-grands\\\/gateau-au-chocolat-et-a-la-creme-browcookie\\\/\",\"url\":\"https:\\\/\\\/biopastis.com\\\/fr\\\/productos\\\/gateaux-americains\\\/gateaux-plus-grands\\\/gateau-au-chocolat-et-a-la-creme-browcookie\\\/\",\"name\":\"G\u00e2teau au chocolat et \u00e0 la cr\u00e8me Browcookie - BioPastis\",\"isPartOf\":{\"@id\":\"https:\\\/\\\/biopastis.com\\\/fr\\\/#website\"},\"primaryImageOfPage\":{\"@id\":\"https:\\\/\\\/biopastis.com\\\/fr\\\/productos\\\/gateaux-americains\\\/gateaux-plus-grands\\\/gateau-au-chocolat-et-a-la-creme-browcookie\\\/#primaryimage\"},\"image\":{\"@id\":\"https:\\\/\\\/biopastis.com\\\/fr\\\/productos\\\/gateaux-americains\\\/gateaux-plus-grands\\\/gateau-au-chocolat-et-a-la-creme-browcookie\\\/#primaryimage\"},\"thumbnailUrl\":\"https:\\\/\\\/biopastis.com\\\/wp-content\\\/uploads\\\/2024\\\/07\\\/Tarta-Browcookie-Chocolate-and-Cream-02012196.png\",\"datePublished\":\"2024-07-17T14:37:40+00:00\",\"dateModified\":\"2024-07-17T14:44:33+00:00\",\"description\":\"G\u00e2teau qui m\u00e9lange deux des friandises am\u00e9ricaines les plus typiques, le Chewy Brownie Cake, une couche de biscuit am\u00e9ricain avec des dorps au chocolat, fourr\u00e9e de fromage \u00e0 la cr\u00e8me et de biscuits.\",\"breadcrumb\":{\"@id\":\"https:\\\/\\\/biopastis.com\\\/fr\\\/productos\\\/gateaux-americains\\\/gateaux-plus-grands\\\/gateau-au-chocolat-et-a-la-creme-browcookie\\\/#breadcrumb\"},\"inLanguage\":\"fr-FR\",\"potentialAction\":[{\"@type\":\"ReadAction\",\"target\":[\"https:\\\/\\\/biopastis.com\\\/fr\\\/productos\\\/gateaux-americains\\\/gateaux-plus-grands\\\/gateau-au-chocolat-et-a-la-creme-browcookie\\\/\"]}]},{\"@type\":\"ImageObject\",\"inLanguage\":\"fr-FR\",\"@id\":\"https:\\\/\\\/biopastis.com\\\/fr\\\/productos\\\/gateaux-americains\\\/gateaux-plus-grands\\\/gateau-au-chocolat-et-a-la-creme-browcookie\\\/#primaryimage\",\"url\":\"https:\\\/\\\/biopastis.com\\\/wp-content\\\/uploads\\\/2024\\\/07\\\/Tarta-Browcookie-Chocolate-and-Cream-02012196.png\",\"contentUrl\":\"https:\\\/\\\/biopastis.com\\\/wp-content\\\/uploads\\\/2024\\\/07\\\/Tarta-Browcookie-Chocolate-and-Cream-02012196.png\",\"width\":1248,\"height\":832},{\"@type\":\"BreadcrumbList\",\"@id\":\"https:\\\/\\\/biopastis.com\\\/fr\\\/productos\\\/gateaux-americains\\\/gateaux-plus-grands\\\/gateau-au-chocolat-et-a-la-creme-browcookie\\\/#breadcrumb\",\"itemListElement\":[{\"@type\":\"ListItem\",\"position\":1,\"name\":\"Portada\",\"item\":\"https:\\\/\\\/biopastis.com\\\/fr\\\/\"},{\"@type\":\"ListItem\",\"position\":2,\"name\":\"Produits\",\"item\":\"https:\\\/\\\/biopastis.com\\\/fr\\\/boutique\\\/\"},{\"@type\":\"ListItem\",\"position\":3,\"name\":\"G\u00e2teau au chocolat et \u00e0 la cr\u00e8me Browcookie\"}]},{\"@type\":\"WebSite\",\"@id\":\"https:\\\/\\\/biopastis.com\\\/fr\\\/#website\",\"url\":\"https:\\\/\\\/biopastis.com\\\/fr\\\/\",\"name\":\"BioPastis\",\"description\":\"La alimentaci\u00f3n natural\",\"publisher\":{\"@id\":\"https:\\\/\\\/biopastis.com\\\/fr\\\/#organization\"},\"potentialAction\":[{\"@type\":\"SearchAction\",\"target\":{\"@type\":\"EntryPoint\",\"urlTemplate\":\"https:\\\/\\\/biopastis.com\\\/fr\\\/?s={search_term_string}\"},\"query-input\":{\"@type\":\"PropertyValueSpecification\",\"valueRequired\":true,\"valueName\":\"search_term_string\"}}],\"inLanguage\":\"fr-FR\"},{\"@type\":\"Organization\",\"@id\":\"https:\\\/\\\/biopastis.com\\\/fr\\\/#organization\",\"name\":\"BioPastis\",\"url\":\"https:\\\/\\\/biopastis.com\\\/fr\\\/\",\"logo\":{\"@type\":\"ImageObject\",\"inLanguage\":\"fr-FR\",\"@id\":\"https:\\\/\\\/biopastis.com\\\/fr\\\/#\\\/schema\\\/logo\\\/image\\\/\",\"url\":\"https:\\\/\\\/biopastis.com\\\/wp-content\\\/uploads\\\/2024\\\/01\\\/BIOPASTIS-NATURAL.jpg\",\"contentUrl\":\"https:\\\/\\\/biopastis.com\\\/wp-content\\\/uploads\\\/2024\\\/01\\\/BIOPASTIS-NATURAL.jpg\",\"width\":658,\"height\":663,\"caption\":\"BioPastis\"},\"image\":{\"@id\":\"https:\\\/\\\/biopastis.com\\\/fr\\\/#\\\/schema\\\/logo\\\/image\\\/\"}}]}<\/script>\n<!-- \/ Yoast SEO plugin. -->","yoast_head_json":{"title":"G\u00e2teau au chocolat et \u00e0 la cr\u00e8me Browcookie - BioPastis","description":"G\u00e2teau qui m\u00e9lange deux des friandises am\u00e9ricaines les plus typiques, le Chewy Brownie Cake, une couche de biscuit am\u00e9ricain avec des dorps au chocolat, fourr\u00e9e de fromage \u00e0 la cr\u00e8me et de biscuits.","robots":{"index":"index","follow":"follow","max-snippet":"max-snippet:-1","max-image-preview":"max-image-preview:large","max-video-preview":"max-video-preview:-1"},"canonical":"https:\/\/biopastis.com\/fr\/productos\/gateaux-americains\/gateaux-plus-grands\/gateau-au-chocolat-et-a-la-creme-browcookie\/","og_locale":"fr_FR","og_type":"article","og_title":"G\u00e2teau au chocolat et \u00e0 la cr\u00e8me Browcookie - BioPastis","og_description":"G\u00e2teau qui m\u00e9lange deux des friandises am\u00e9ricaines les plus typiques, le Chewy Brownie Cake, une couche de biscuit am\u00e9ricain avec des dorps au chocolat, fourr\u00e9e de fromage \u00e0 la cr\u00e8me et de biscuits.","og_url":"https:\/\/biopastis.com\/fr\/productos\/gateaux-americains\/gateaux-plus-grands\/gateau-au-chocolat-et-a-la-creme-browcookie\/","og_site_name":"BioPastis","article_modified_time":"2024-07-17T14:44:33+00:00","og_image":[{"width":2560,"height":1707,"url":"https:\/\/biopastis.com\/wp-content\/uploads\/2024\/07\/Browcookie-chocolate-and-cream-scaled.jpg","type":"image\/jpeg"}],"twitter_card":"summary_large_image","schema":{"@context":"https:\/\/schema.org","@graph":[{"@type":"WebPage","@id":"https:\/\/biopastis.com\/fr\/productos\/gateaux-americains\/gateaux-plus-grands\/gateau-au-chocolat-et-a-la-creme-browcookie\/","url":"https:\/\/biopastis.com\/fr\/productos\/gateaux-americains\/gateaux-plus-grands\/gateau-au-chocolat-et-a-la-creme-browcookie\/","name":"G\u00e2teau au chocolat et \u00e0 la cr\u00e8me Browcookie - BioPastis","isPartOf":{"@id":"https:\/\/biopastis.com\/fr\/#website"},"primaryImageOfPage":{"@id":"https:\/\/biopastis.com\/fr\/productos\/gateaux-americains\/gateaux-plus-grands\/gateau-au-chocolat-et-a-la-creme-browcookie\/#primaryimage"},"image":{"@id":"https:\/\/biopastis.com\/fr\/productos\/gateaux-americains\/gateaux-plus-grands\/gateau-au-chocolat-et-a-la-creme-browcookie\/#primaryimage"},"thumbnailUrl":"https:\/\/biopastis.com\/wp-content\/uploads\/2024\/07\/Tarta-Browcookie-Chocolate-and-Cream-02012196.png","datePublished":"2024-07-17T14:37:40+00:00","dateModified":"2024-07-17T14:44:33+00:00","description":"G\u00e2teau qui m\u00e9lange deux des friandises am\u00e9ricaines les plus typiques, le Chewy Brownie Cake, une couche de biscuit am\u00e9ricain avec des dorps au chocolat, fourr\u00e9e de fromage \u00e0 la cr\u00e8me et de biscuits.","breadcrumb":{"@id":"https:\/\/biopastis.com\/fr\/productos\/gateaux-americains\/gateaux-plus-grands\/gateau-au-chocolat-et-a-la-creme-browcookie\/#breadcrumb"},"inLanguage":"fr-FR","potentialAction":[{"@type":"ReadAction","target":["https:\/\/biopastis.com\/fr\/productos\/gateaux-americains\/gateaux-plus-grands\/gateau-au-chocolat-et-a-la-creme-browcookie\/"]}]},{"@type":"ImageObject","inLanguage":"fr-FR","@id":"https:\/\/biopastis.com\/fr\/productos\/gateaux-americains\/gateaux-plus-grands\/gateau-au-chocolat-et-a-la-creme-browcookie\/#primaryimage","url":"https:\/\/biopastis.com\/wp-content\/uploads\/2024\/07\/Tarta-Browcookie-Chocolate-and-Cream-02012196.png","contentUrl":"https:\/\/biopastis.com\/wp-content\/uploads\/2024\/07\/Tarta-Browcookie-Chocolate-and-Cream-02012196.png","width":1248,"height":832},{"@type":"BreadcrumbList","@id":"https:\/\/biopastis.com\/fr\/productos\/gateaux-americains\/gateaux-plus-grands\/gateau-au-chocolat-et-a-la-creme-browcookie\/#breadcrumb","itemListElement":[{"@type":"ListItem","position":1,"name":"Portada","item":"https:\/\/biopastis.com\/fr\/"},{"@type":"ListItem","position":2,"name":"Produits","item":"https:\/\/biopastis.com\/fr\/boutique\/"},{"@type":"ListItem","position":3,"name":"G\u00e2teau au chocolat et \u00e0 la cr\u00e8me Browcookie"}]},{"@type":"WebSite","@id":"https:\/\/biopastis.com\/fr\/#website","url":"https:\/\/biopastis.com\/fr\/","name":"BioPastis","description":"La alimentaci\u00f3n natural","publisher":{"@id":"https:\/\/biopastis.com\/fr\/#organization"},"potentialAction":[{"@type":"SearchAction","target":{"@type":"EntryPoint","urlTemplate":"https:\/\/biopastis.com\/fr\/?s={search_term_string}"},"query-input":{"@type":"PropertyValueSpecification","valueRequired":true,"valueName":"search_term_string"}}],"inLanguage":"fr-FR"},{"@type":"Organization","@id":"https:\/\/biopastis.com\/fr\/#organization","name":"BioPastis","url":"https:\/\/biopastis.com\/fr\/","logo":{"@type":"ImageObject","inLanguage":"fr-FR","@id":"https:\/\/biopastis.com\/fr\/#\/schema\/logo\/image\/","url":"https:\/\/biopastis.com\/wp-content\/uploads\/2024\/01\/BIOPASTIS-NATURAL.jpg","contentUrl":"https:\/\/biopastis.com\/wp-content\/uploads\/2024\/01\/BIOPASTIS-NATURAL.jpg","width":658,"height":663,"caption":"BioPastis"},"image":{"@id":"https:\/\/biopastis.com\/fr\/#\/schema\/logo\/image\/"}}]}},"_links":{"self":[{"href":"https:\/\/biopastis.com\/fr\/wp-json\/wp\/v2\/product\/4194","targetHints":{"allow":["GET"]}}],"collection":[{"href":"https:\/\/biopastis.com\/fr\/wp-json\/wp\/v2\/product"}],"about":[{"href":"https:\/\/biopastis.com\/fr\/wp-json\/wp\/v2\/types\/product"}],"replies":[{"embeddable":true,"href":"https:\/\/biopastis.com\/fr\/wp-json\/wp\/v2\/comments?post=4194"}],"wp:featuredmedia":[{"embeddable":true,"href":"https:\/\/biopastis.com\/fr\/wp-json\/wp\/v2\/media\/5312"}],"wp:attachment":[{"href":"https:\/\/biopastis.com\/fr\/wp-json\/wp\/v2\/media?parent=4194"}],"wp:term":[{"taxonomy":"product_brand","embeddable":true,"href":"https:\/\/biopastis.com\/fr\/wp-json\/wp\/v2\/product_brand?post=4194"},{"taxonomy":"product_cat","embeddable":true,"href":"https:\/\/biopastis.com\/fr\/wp-json\/wp\/v2\/product_cat?post=4194"},{"taxonomy":"product_tag","embeddable":true,"href":"https:\/\/biopastis.com\/fr\/wp-json\/wp\/v2\/product_tag?post=4194"}],"curies":[{"name":"wp","href":"https:\/\/api.w.org\/{rel}","templated":true}]}}