{"id":3198,"date":"2023-11-12T10:36:34","date_gmt":"2023-11-12T09:36:34","guid":{"rendered":"https:\/\/biopastis.com\/?post_type=product&#038;p=3198"},"modified":"2024-04-11T20:04:08","modified_gmt":"2024-04-11T18:04:08","slug":"gateau-carrot-cake","status":"publish","type":"product","link":"https:\/\/biopastis.com\/fr\/productos\/commerce-de-detail\/mini-cakes-fr\/gateau-carrot-cake\/","title":{"rendered":"G\u00e2teau Carrot Cake"},"content":{"rendered":"<p>[vc_row][vc_column width=\u00a0\u00bb1\/3&Prime;][vc_column_text]<\/p>\n<table>\n<tbody>\n<tr>\n<td class=\"bd\">Poids<\/td>\n<td class=\"der\">800 gr +\/- 5%<\/td>\n<\/tr>\n<tr>\n<td class=\"bd\">Taille<\/td>\n<td class=\"der\"><\/td>\n<\/tr>\n<tr>\n<td class=\"bd\">Portions<\/td>\n<td class=\"der\">1<\/td>\n<\/tr>\n<tr>\n<td class=\"bd\">Pi\u00e8ces<\/td>\n<td class=\"der\">1<\/td>\n<\/tr>\n<\/tbody>\n<\/table>\n<p>[\/vc_column_text][\/vc_column][vc_column width=\u00a0\u00bb1\/3&Prime;][\/vc_column][vc_column width=\u00a0\u00bb1\/3&Prime;][\/vc_column][\/vc_row]<\/p>\n","protected":false},"excerpt":{"rendered":"<p>G\u00e2teau traditionnel aux carottes et aux noix, compos\u00e9 de trois couches de g\u00e9noise aux carottes, aromatis\u00e9e aux clous de girofle, au gingembre, \u00e0 la cannelle et \u00e0 la noix de muscade. Rempli de fromage frais, d\u00e9cor\u00e9 de rosettes de fromage frais, de biscuits hach\u00e9s, de chocolat \u00e0 la carotte et de feuilles de chocolat enrob\u00e9es de noix et de boules de riz.<\/p>\n","protected":false},"featured_media":5450,"comment_status":"closed","ping_status":"closed","template":"","meta":[],"product_brand":[],"product_cat":[158],"product_tag":[],"class_list":{"0":"post-3198","1":"product","2":"type-product","3":"status-publish","4":"has-post-thumbnail","6":"product_cat-mini-cakes-fr","8":"first","9":"instock","10":"shipping-taxable","11":"product-type-simple"},"yoast_head":"<!-- This site is optimized with the Yoast SEO plugin v27.3 - https:\/\/yoast.com\/product\/yoast-seo-wordpress\/ -->\n<title>G\u00e2teau Carrot Cake - BioPastis<\/title>\n<meta name=\"description\" content=\"G\u00e2teau traditionnel aux carottes et aux noix, compos\u00e9 de trois couches de g\u00e9noise aux carottes, aromatis\u00e9e aux clous de girofle, au gingembre, \u00e0 la cannelle et \u00e0 la noix de muscade. Rempli de fromage frais, d\u00e9cor\u00e9 de rosettes de fromage frais, de biscuits hach\u00e9s, de chocolat \u00e0 la carotte et de feuilles de chocolat enrob\u00e9es de noix et de boules de riz.\" \/>\n<meta name=\"robots\" content=\"index, follow, max-snippet:-1, max-image-preview:large, max-video-preview:-1\" \/>\n<link rel=\"canonical\" href=\"https:\/\/biopastis.com\/fr\/productos\/commerce-de-detail\/mini-cakes-fr\/gateau-carrot-cake\/\" \/>\n<meta property=\"og:locale\" content=\"fr_FR\" \/>\n<meta property=\"og:type\" content=\"article\" \/>\n<meta property=\"og:title\" content=\"G\u00e2teau Carrot Cake - BioPastis\" \/>\n<meta property=\"og:description\" content=\"G\u00e2teau traditionnel aux carottes et aux noix, compos\u00e9 de trois couches de g\u00e9noise aux carottes, aromatis\u00e9e aux clous de girofle, au gingembre, \u00e0 la cannelle et \u00e0 la noix de muscade. Rempli de fromage frais, d\u00e9cor\u00e9 de rosettes de fromage frais, de biscuits hach\u00e9s, de chocolat \u00e0 la carotte et de feuilles de chocolat enrob\u00e9es de noix et de boules de riz.\" \/>\n<meta property=\"og:url\" content=\"https:\/\/biopastis.com\/fr\/productos\/commerce-de-detail\/mini-cakes-fr\/gateau-carrot-cake\/\" \/>\n<meta property=\"og:site_name\" content=\"BioPastis\" \/>\n<meta property=\"article:modified_time\" content=\"2024-04-11T18:04:08+00:00\" \/>\n<meta property=\"og:image\" content=\"https:\/\/biopastis.com\/wp-content\/uploads\/2023\/11\/Tarta-carrot-cake-02053021-3.png\" \/>\n\t<meta property=\"og:image:width\" content=\"570\" \/>\n\t<meta property=\"og:image:height\" content=\"448\" \/>\n\t<meta property=\"og:image:type\" content=\"image\/png\" \/>\n<meta name=\"twitter:card\" content=\"summary_large_image\" \/>\n<script type=\"application\/ld+json\" class=\"yoast-schema-graph\">{\"@context\":\"https:\\\/\\\/schema.org\",\"@graph\":[{\"@type\":\"WebPage\",\"@id\":\"https:\\\/\\\/biopastis.com\\\/fr\\\/productos\\\/commerce-de-detail\\\/mini-cakes-fr\\\/gateau-carrot-cake\\\/\",\"url\":\"https:\\\/\\\/biopastis.com\\\/fr\\\/productos\\\/commerce-de-detail\\\/mini-cakes-fr\\\/gateau-carrot-cake\\\/\",\"name\":\"G\u00e2teau Carrot Cake - BioPastis\",\"isPartOf\":{\"@id\":\"https:\\\/\\\/biopastis.com\\\/fr\\\/#website\"},\"primaryImageOfPage\":{\"@id\":\"https:\\\/\\\/biopastis.com\\\/fr\\\/productos\\\/commerce-de-detail\\\/mini-cakes-fr\\\/gateau-carrot-cake\\\/#primaryimage\"},\"image\":{\"@id\":\"https:\\\/\\\/biopastis.com\\\/fr\\\/productos\\\/commerce-de-detail\\\/mini-cakes-fr\\\/gateau-carrot-cake\\\/#primaryimage\"},\"thumbnailUrl\":\"https:\\\/\\\/biopastis.com\\\/wp-content\\\/uploads\\\/2023\\\/11\\\/Tarta-carrot-cake-02053021-3.png\",\"datePublished\":\"2023-11-12T09:36:34+00:00\",\"dateModified\":\"2024-04-11T18:04:08+00:00\",\"description\":\"G\u00e2teau traditionnel aux carottes et aux noix, compos\u00e9 de trois couches de g\u00e9noise aux carottes, aromatis\u00e9e aux clous de girofle, au gingembre, \u00e0 la cannelle et \u00e0 la noix de muscade. Rempli de fromage frais, d\u00e9cor\u00e9 de rosettes de fromage frais, de biscuits hach\u00e9s, de chocolat \u00e0 la carotte et de feuilles de chocolat enrob\u00e9es de noix et de boules de riz.\",\"breadcrumb\":{\"@id\":\"https:\\\/\\\/biopastis.com\\\/fr\\\/productos\\\/commerce-de-detail\\\/mini-cakes-fr\\\/gateau-carrot-cake\\\/#breadcrumb\"},\"inLanguage\":\"fr-FR\",\"potentialAction\":[{\"@type\":\"ReadAction\",\"target\":[\"https:\\\/\\\/biopastis.com\\\/fr\\\/productos\\\/commerce-de-detail\\\/mini-cakes-fr\\\/gateau-carrot-cake\\\/\"]}]},{\"@type\":\"ImageObject\",\"inLanguage\":\"fr-FR\",\"@id\":\"https:\\\/\\\/biopastis.com\\\/fr\\\/productos\\\/commerce-de-detail\\\/mini-cakes-fr\\\/gateau-carrot-cake\\\/#primaryimage\",\"url\":\"https:\\\/\\\/biopastis.com\\\/wp-content\\\/uploads\\\/2023\\\/11\\\/Tarta-carrot-cake-02053021-3.png\",\"contentUrl\":\"https:\\\/\\\/biopastis.com\\\/wp-content\\\/uploads\\\/2023\\\/11\\\/Tarta-carrot-cake-02053021-3.png\",\"width\":570,\"height\":448},{\"@type\":\"BreadcrumbList\",\"@id\":\"https:\\\/\\\/biopastis.com\\\/fr\\\/productos\\\/commerce-de-detail\\\/mini-cakes-fr\\\/gateau-carrot-cake\\\/#breadcrumb\",\"itemListElement\":[{\"@type\":\"ListItem\",\"position\":1,\"name\":\"Portada\",\"item\":\"https:\\\/\\\/biopastis.com\\\/fr\\\/\"},{\"@type\":\"ListItem\",\"position\":2,\"name\":\"Produits\",\"item\":\"https:\\\/\\\/biopastis.com\\\/fr\\\/boutique\\\/\"},{\"@type\":\"ListItem\",\"position\":3,\"name\":\"G\u00e2teau Carrot Cake\"}]},{\"@type\":\"WebSite\",\"@id\":\"https:\\\/\\\/biopastis.com\\\/fr\\\/#website\",\"url\":\"https:\\\/\\\/biopastis.com\\\/fr\\\/\",\"name\":\"BioPastis\",\"description\":\"La alimentaci\u00f3n natural\",\"publisher\":{\"@id\":\"https:\\\/\\\/biopastis.com\\\/fr\\\/#organization\"},\"potentialAction\":[{\"@type\":\"SearchAction\",\"target\":{\"@type\":\"EntryPoint\",\"urlTemplate\":\"https:\\\/\\\/biopastis.com\\\/fr\\\/?s={search_term_string}\"},\"query-input\":{\"@type\":\"PropertyValueSpecification\",\"valueRequired\":true,\"valueName\":\"search_term_string\"}}],\"inLanguage\":\"fr-FR\"},{\"@type\":\"Organization\",\"@id\":\"https:\\\/\\\/biopastis.com\\\/fr\\\/#organization\",\"name\":\"BioPastis\",\"url\":\"https:\\\/\\\/biopastis.com\\\/fr\\\/\",\"logo\":{\"@type\":\"ImageObject\",\"inLanguage\":\"fr-FR\",\"@id\":\"https:\\\/\\\/biopastis.com\\\/fr\\\/#\\\/schema\\\/logo\\\/image\\\/\",\"url\":\"https:\\\/\\\/biopastis.com\\\/wp-content\\\/uploads\\\/2024\\\/01\\\/BIOPASTIS-NATURAL.jpg\",\"contentUrl\":\"https:\\\/\\\/biopastis.com\\\/wp-content\\\/uploads\\\/2024\\\/01\\\/BIOPASTIS-NATURAL.jpg\",\"width\":658,\"height\":663,\"caption\":\"BioPastis\"},\"image\":{\"@id\":\"https:\\\/\\\/biopastis.com\\\/fr\\\/#\\\/schema\\\/logo\\\/image\\\/\"}}]}<\/script>\n<!-- \/ Yoast SEO plugin. -->","yoast_head_json":{"title":"G\u00e2teau Carrot Cake - BioPastis","description":"G\u00e2teau traditionnel aux carottes et aux noix, compos\u00e9 de trois couches de g\u00e9noise aux carottes, aromatis\u00e9e aux clous de girofle, au gingembre, \u00e0 la cannelle et \u00e0 la noix de muscade. Rempli de fromage frais, d\u00e9cor\u00e9 de rosettes de fromage frais, de biscuits hach\u00e9s, de chocolat \u00e0 la carotte et de feuilles de chocolat enrob\u00e9es de noix et de boules de riz.","robots":{"index":"index","follow":"follow","max-snippet":"max-snippet:-1","max-image-preview":"max-image-preview:large","max-video-preview":"max-video-preview:-1"},"canonical":"https:\/\/biopastis.com\/fr\/productos\/commerce-de-detail\/mini-cakes-fr\/gateau-carrot-cake\/","og_locale":"fr_FR","og_type":"article","og_title":"G\u00e2teau Carrot Cake - BioPastis","og_description":"G\u00e2teau traditionnel aux carottes et aux noix, compos\u00e9 de trois couches de g\u00e9noise aux carottes, aromatis\u00e9e aux clous de girofle, au gingembre, \u00e0 la cannelle et \u00e0 la noix de muscade. Rempli de fromage frais, d\u00e9cor\u00e9 de rosettes de fromage frais, de biscuits hach\u00e9s, de chocolat \u00e0 la carotte et de feuilles de chocolat enrob\u00e9es de noix et de boules de riz.","og_url":"https:\/\/biopastis.com\/fr\/productos\/commerce-de-detail\/mini-cakes-fr\/gateau-carrot-cake\/","og_site_name":"BioPastis","article_modified_time":"2024-04-11T18:04:08+00:00","og_image":[{"width":570,"height":448,"url":"https:\/\/biopastis.com\/wp-content\/uploads\/2023\/11\/Tarta-carrot-cake-02053021-3.png","type":"image\/png"}],"twitter_card":"summary_large_image","schema":{"@context":"https:\/\/schema.org","@graph":[{"@type":"WebPage","@id":"https:\/\/biopastis.com\/fr\/productos\/commerce-de-detail\/mini-cakes-fr\/gateau-carrot-cake\/","url":"https:\/\/biopastis.com\/fr\/productos\/commerce-de-detail\/mini-cakes-fr\/gateau-carrot-cake\/","name":"G\u00e2teau Carrot Cake - BioPastis","isPartOf":{"@id":"https:\/\/biopastis.com\/fr\/#website"},"primaryImageOfPage":{"@id":"https:\/\/biopastis.com\/fr\/productos\/commerce-de-detail\/mini-cakes-fr\/gateau-carrot-cake\/#primaryimage"},"image":{"@id":"https:\/\/biopastis.com\/fr\/productos\/commerce-de-detail\/mini-cakes-fr\/gateau-carrot-cake\/#primaryimage"},"thumbnailUrl":"https:\/\/biopastis.com\/wp-content\/uploads\/2023\/11\/Tarta-carrot-cake-02053021-3.png","datePublished":"2023-11-12T09:36:34+00:00","dateModified":"2024-04-11T18:04:08+00:00","description":"G\u00e2teau traditionnel aux carottes et aux noix, compos\u00e9 de trois couches de g\u00e9noise aux carottes, aromatis\u00e9e aux clous de girofle, au gingembre, \u00e0 la cannelle et \u00e0 la noix de muscade. Rempli de fromage frais, d\u00e9cor\u00e9 de rosettes de fromage frais, de biscuits hach\u00e9s, de chocolat \u00e0 la carotte et de feuilles de chocolat enrob\u00e9es de noix et de boules de riz.","breadcrumb":{"@id":"https:\/\/biopastis.com\/fr\/productos\/commerce-de-detail\/mini-cakes-fr\/gateau-carrot-cake\/#breadcrumb"},"inLanguage":"fr-FR","potentialAction":[{"@type":"ReadAction","target":["https:\/\/biopastis.com\/fr\/productos\/commerce-de-detail\/mini-cakes-fr\/gateau-carrot-cake\/"]}]},{"@type":"ImageObject","inLanguage":"fr-FR","@id":"https:\/\/biopastis.com\/fr\/productos\/commerce-de-detail\/mini-cakes-fr\/gateau-carrot-cake\/#primaryimage","url":"https:\/\/biopastis.com\/wp-content\/uploads\/2023\/11\/Tarta-carrot-cake-02053021-3.png","contentUrl":"https:\/\/biopastis.com\/wp-content\/uploads\/2023\/11\/Tarta-carrot-cake-02053021-3.png","width":570,"height":448},{"@type":"BreadcrumbList","@id":"https:\/\/biopastis.com\/fr\/productos\/commerce-de-detail\/mini-cakes-fr\/gateau-carrot-cake\/#breadcrumb","itemListElement":[{"@type":"ListItem","position":1,"name":"Portada","item":"https:\/\/biopastis.com\/fr\/"},{"@type":"ListItem","position":2,"name":"Produits","item":"https:\/\/biopastis.com\/fr\/boutique\/"},{"@type":"ListItem","position":3,"name":"G\u00e2teau Carrot Cake"}]},{"@type":"WebSite","@id":"https:\/\/biopastis.com\/fr\/#website","url":"https:\/\/biopastis.com\/fr\/","name":"BioPastis","description":"La alimentaci\u00f3n natural","publisher":{"@id":"https:\/\/biopastis.com\/fr\/#organization"},"potentialAction":[{"@type":"SearchAction","target":{"@type":"EntryPoint","urlTemplate":"https:\/\/biopastis.com\/fr\/?s={search_term_string}"},"query-input":{"@type":"PropertyValueSpecification","valueRequired":true,"valueName":"search_term_string"}}],"inLanguage":"fr-FR"},{"@type":"Organization","@id":"https:\/\/biopastis.com\/fr\/#organization","name":"BioPastis","url":"https:\/\/biopastis.com\/fr\/","logo":{"@type":"ImageObject","inLanguage":"fr-FR","@id":"https:\/\/biopastis.com\/fr\/#\/schema\/logo\/image\/","url":"https:\/\/biopastis.com\/wp-content\/uploads\/2024\/01\/BIOPASTIS-NATURAL.jpg","contentUrl":"https:\/\/biopastis.com\/wp-content\/uploads\/2024\/01\/BIOPASTIS-NATURAL.jpg","width":658,"height":663,"caption":"BioPastis"},"image":{"@id":"https:\/\/biopastis.com\/fr\/#\/schema\/logo\/image\/"}}]}},"_links":{"self":[{"href":"https:\/\/biopastis.com\/fr\/wp-json\/wp\/v2\/product\/3198","targetHints":{"allow":["GET"]}}],"collection":[{"href":"https:\/\/biopastis.com\/fr\/wp-json\/wp\/v2\/product"}],"about":[{"href":"https:\/\/biopastis.com\/fr\/wp-json\/wp\/v2\/types\/product"}],"replies":[{"embeddable":true,"href":"https:\/\/biopastis.com\/fr\/wp-json\/wp\/v2\/comments?post=3198"}],"wp:featuredmedia":[{"embeddable":true,"href":"https:\/\/biopastis.com\/fr\/wp-json\/wp\/v2\/media\/5450"}],"wp:attachment":[{"href":"https:\/\/biopastis.com\/fr\/wp-json\/wp\/v2\/media?parent=3198"}],"wp:term":[{"taxonomy":"product_brand","embeddable":true,"href":"https:\/\/biopastis.com\/fr\/wp-json\/wp\/v2\/product_brand?post=3198"},{"taxonomy":"product_cat","embeddable":true,"href":"https:\/\/biopastis.com\/fr\/wp-json\/wp\/v2\/product_cat?post=3198"},{"taxonomy":"product_tag","embeddable":true,"href":"https:\/\/biopastis.com\/fr\/wp-json\/wp\/v2\/product_tag?post=3198"}],"curies":[{"name":"wp","href":"https:\/\/api.w.org\/{rel}","templated":true}]}}