{"id":3027,"date":"2023-11-12T10:35:02","date_gmt":"2023-11-12T09:35:02","guid":{"rendered":"https:\/\/biopastis.com\/?post_type=product&#038;p=3027"},"modified":"2024-04-08T15:43:49","modified_gmt":"2024-04-08T13:43:49","slug":"tarton-aux-carottes","status":"publish","type":"product","link":"https:\/\/biopastis.com\/fr\/productos\/horeca-fr\/gateau-rond\/semi-froid-fr\/tarton-aux-carottes\/","title":{"rendered":"Tarton aux carottes"},"content":{"rendered":"<table>\n<tbody>\n<tr>\n<td class=\"bd\">Poids<\/td>\n<td class=\"der\">2 Kgr +\/- 5%<\/td>\n<\/tr>\n<tr>\n<td class=\"bd\">Taille<\/td>\n<td class=\"der\">250 x 080 mm<\/td>\n<\/tr>\n<tr>\n<td class=\"bd\">Portions<\/td>\n<td class=\"der\">1<\/td>\n<\/tr>\n<tr>\n<td class=\"bd\">Pi\u00e8ces<\/td>\n<td class=\"der\">1<\/td>\n<\/tr>\n<\/tbody>\n<\/table>\n<p><a href=\"https:\/\/biopastis.com\/wp-content\/uploads\/2024\/04\/FICHA_TECNICA_02008060_TARTA_ESP_GM.CARROT_CAKE_HORECA-fr.pdf\" rel=\"attachment wp-att-8189\"><img loading=\"lazy\" decoding=\"async\" class=\"alignleft wp-image-8189 size-thumbnail\" src=\"https:\/\/biopastis.com\/wp-content\/uploads\/2024\/01\/icono-pdf-150x150-1.png\" alt=\"\" width=\"150\" height=\"150\" \/><\/a><\/p>\n","protected":false},"excerpt":{"rendered":"<p>Riche g\u00e2teau compos\u00e9 de carottes, de raisins secs et d&rsquo;une garniture au fromage. D\u00e9cor\u00e9 avec de la noix de coco et un gla\u00e7age \u00e0 l&rsquo;orange.<\/p>\n","protected":false},"featured_media":6181,"comment_status":"closed","ping_status":"closed","template":"","meta":[],"product_brand":[],"product_cat":[140],"product_tag":[169],"class_list":{"0":"post-3027","1":"product","2":"type-product","3":"status-publish","4":"has-post-thumbnail","6":"product_cat-semi-froid-fr","7":"product_tag-gourmet-fr","9":"first","10":"instock","11":"shipping-taxable","12":"product-type-simple"},"yoast_head":"<!-- This site is optimized with the Yoast SEO plugin v27.3 - https:\/\/yoast.com\/product\/yoast-seo-wordpress\/ -->\n<title>Tarton aux carottes - BioPastis<\/title>\n<meta name=\"robots\" content=\"index, follow, max-snippet:-1, max-image-preview:large, max-video-preview:-1\" \/>\n<link rel=\"canonical\" href=\"https:\/\/biopastis.com\/fr\/productos\/horeca-fr\/gateau-rond\/semi-froid-fr\/tarton-aux-carottes\/\" \/>\n<meta property=\"og:locale\" content=\"fr_FR\" \/>\n<meta property=\"og:type\" content=\"article\" \/>\n<meta property=\"og:title\" content=\"Tarton aux carottes - BioPastis\" \/>\n<meta property=\"og:description\" content=\"Riche g\u00e2teau compos\u00e9 de carottes, de raisins secs et d&#039;une garniture au fromage. D\u00e9cor\u00e9 avec de la noix de coco et un gla\u00e7age \u00e0 l&#039;orange.\" \/>\n<meta property=\"og:url\" content=\"https:\/\/biopastis.com\/fr\/productos\/horeca-fr\/gateau-rond\/semi-froid-fr\/tarton-aux-carottes\/\" \/>\n<meta property=\"og:site_name\" content=\"BioPastis\" \/>\n<meta property=\"article:modified_time\" content=\"2024-04-08T13:43:49+00:00\" \/>\n<meta property=\"og:image\" content=\"https:\/\/biopastis.com\/wp-content\/uploads\/2023\/11\/Tarton-Carrot-Cake-1-scaled.jpg\" \/>\n\t<meta property=\"og:image:width\" content=\"2560\" \/>\n\t<meta property=\"og:image:height\" content=\"1707\" \/>\n\t<meta property=\"og:image:type\" content=\"image\/jpeg\" \/>\n<meta name=\"twitter:card\" content=\"summary_large_image\" \/>\n<script type=\"application\/ld+json\" class=\"yoast-schema-graph\">{\"@context\":\"https:\\\/\\\/schema.org\",\"@graph\":[{\"@type\":\"WebPage\",\"@id\":\"https:\\\/\\\/biopastis.com\\\/fr\\\/productos\\\/horeca-fr\\\/gateau-rond\\\/semi-froid-fr\\\/tarton-aux-carottes\\\/\",\"url\":\"https:\\\/\\\/biopastis.com\\\/fr\\\/productos\\\/horeca-fr\\\/gateau-rond\\\/semi-froid-fr\\\/tarton-aux-carottes\\\/\",\"name\":\"Tarton aux carottes - BioPastis\",\"isPartOf\":{\"@id\":\"https:\\\/\\\/biopastis.com\\\/fr\\\/#website\"},\"primaryImageOfPage\":{\"@id\":\"https:\\\/\\\/biopastis.com\\\/fr\\\/productos\\\/horeca-fr\\\/gateau-rond\\\/semi-froid-fr\\\/tarton-aux-carottes\\\/#primaryimage\"},\"image\":{\"@id\":\"https:\\\/\\\/biopastis.com\\\/fr\\\/productos\\\/horeca-fr\\\/gateau-rond\\\/semi-froid-fr\\\/tarton-aux-carottes\\\/#primaryimage\"},\"thumbnailUrl\":\"https:\\\/\\\/biopastis.com\\\/wp-content\\\/uploads\\\/2023\\\/11\\\/Tarton-Carrot-Cake-02008060.jpg\",\"datePublished\":\"2023-11-12T09:35:02+00:00\",\"dateModified\":\"2024-04-08T13:43:49+00:00\",\"breadcrumb\":{\"@id\":\"https:\\\/\\\/biopastis.com\\\/fr\\\/productos\\\/horeca-fr\\\/gateau-rond\\\/semi-froid-fr\\\/tarton-aux-carottes\\\/#breadcrumb\"},\"inLanguage\":\"fr-FR\",\"potentialAction\":[{\"@type\":\"ReadAction\",\"target\":[\"https:\\\/\\\/biopastis.com\\\/fr\\\/productos\\\/horeca-fr\\\/gateau-rond\\\/semi-froid-fr\\\/tarton-aux-carottes\\\/\"]}]},{\"@type\":\"ImageObject\",\"inLanguage\":\"fr-FR\",\"@id\":\"https:\\\/\\\/biopastis.com\\\/fr\\\/productos\\\/horeca-fr\\\/gateau-rond\\\/semi-froid-fr\\\/tarton-aux-carottes\\\/#primaryimage\",\"url\":\"https:\\\/\\\/biopastis.com\\\/wp-content\\\/uploads\\\/2023\\\/11\\\/Tarton-Carrot-Cake-02008060.jpg\",\"contentUrl\":\"https:\\\/\\\/biopastis.com\\\/wp-content\\\/uploads\\\/2023\\\/11\\\/Tarton-Carrot-Cake-02008060.jpg\",\"width\":1376,\"height\":768},{\"@type\":\"BreadcrumbList\",\"@id\":\"https:\\\/\\\/biopastis.com\\\/fr\\\/productos\\\/horeca-fr\\\/gateau-rond\\\/semi-froid-fr\\\/tarton-aux-carottes\\\/#breadcrumb\",\"itemListElement\":[{\"@type\":\"ListItem\",\"position\":1,\"name\":\"Portada\",\"item\":\"https:\\\/\\\/biopastis.com\\\/fr\\\/\"},{\"@type\":\"ListItem\",\"position\":2,\"name\":\"Produits\",\"item\":\"https:\\\/\\\/biopastis.com\\\/fr\\\/boutique\\\/\"},{\"@type\":\"ListItem\",\"position\":3,\"name\":\"Tarton aux carottes\"}]},{\"@type\":\"WebSite\",\"@id\":\"https:\\\/\\\/biopastis.com\\\/fr\\\/#website\",\"url\":\"https:\\\/\\\/biopastis.com\\\/fr\\\/\",\"name\":\"BioPastis\",\"description\":\"La alimentaci\u00f3n natural\",\"publisher\":{\"@id\":\"https:\\\/\\\/biopastis.com\\\/fr\\\/#organization\"},\"potentialAction\":[{\"@type\":\"SearchAction\",\"target\":{\"@type\":\"EntryPoint\",\"urlTemplate\":\"https:\\\/\\\/biopastis.com\\\/fr\\\/?s={search_term_string}\"},\"query-input\":{\"@type\":\"PropertyValueSpecification\",\"valueRequired\":true,\"valueName\":\"search_term_string\"}}],\"inLanguage\":\"fr-FR\"},{\"@type\":\"Organization\",\"@id\":\"https:\\\/\\\/biopastis.com\\\/fr\\\/#organization\",\"name\":\"BioPastis\",\"url\":\"https:\\\/\\\/biopastis.com\\\/fr\\\/\",\"logo\":{\"@type\":\"ImageObject\",\"inLanguage\":\"fr-FR\",\"@id\":\"https:\\\/\\\/biopastis.com\\\/fr\\\/#\\\/schema\\\/logo\\\/image\\\/\",\"url\":\"https:\\\/\\\/biopastis.com\\\/wp-content\\\/uploads\\\/2024\\\/01\\\/BIOPASTIS-NATURAL.jpg\",\"contentUrl\":\"https:\\\/\\\/biopastis.com\\\/wp-content\\\/uploads\\\/2024\\\/01\\\/BIOPASTIS-NATURAL.jpg\",\"width\":658,\"height\":663,\"caption\":\"BioPastis\"},\"image\":{\"@id\":\"https:\\\/\\\/biopastis.com\\\/fr\\\/#\\\/schema\\\/logo\\\/image\\\/\"}}]}<\/script>\n<!-- \/ Yoast SEO plugin. -->","yoast_head_json":{"title":"Tarton aux carottes - BioPastis","robots":{"index":"index","follow":"follow","max-snippet":"max-snippet:-1","max-image-preview":"max-image-preview:large","max-video-preview":"max-video-preview:-1"},"canonical":"https:\/\/biopastis.com\/fr\/productos\/horeca-fr\/gateau-rond\/semi-froid-fr\/tarton-aux-carottes\/","og_locale":"fr_FR","og_type":"article","og_title":"Tarton aux carottes - BioPastis","og_description":"Riche g\u00e2teau compos\u00e9 de carottes, de raisins secs et d'une garniture au fromage. D\u00e9cor\u00e9 avec de la noix de coco et un gla\u00e7age \u00e0 l'orange.","og_url":"https:\/\/biopastis.com\/fr\/productos\/horeca-fr\/gateau-rond\/semi-froid-fr\/tarton-aux-carottes\/","og_site_name":"BioPastis","article_modified_time":"2024-04-08T13:43:49+00:00","og_image":[{"width":2560,"height":1707,"url":"https:\/\/biopastis.com\/wp-content\/uploads\/2023\/11\/Tarton-Carrot-Cake-1-scaled.jpg","type":"image\/jpeg"}],"twitter_card":"summary_large_image","schema":{"@context":"https:\/\/schema.org","@graph":[{"@type":"WebPage","@id":"https:\/\/biopastis.com\/fr\/productos\/horeca-fr\/gateau-rond\/semi-froid-fr\/tarton-aux-carottes\/","url":"https:\/\/biopastis.com\/fr\/productos\/horeca-fr\/gateau-rond\/semi-froid-fr\/tarton-aux-carottes\/","name":"Tarton aux carottes - BioPastis","isPartOf":{"@id":"https:\/\/biopastis.com\/fr\/#website"},"primaryImageOfPage":{"@id":"https:\/\/biopastis.com\/fr\/productos\/horeca-fr\/gateau-rond\/semi-froid-fr\/tarton-aux-carottes\/#primaryimage"},"image":{"@id":"https:\/\/biopastis.com\/fr\/productos\/horeca-fr\/gateau-rond\/semi-froid-fr\/tarton-aux-carottes\/#primaryimage"},"thumbnailUrl":"https:\/\/biopastis.com\/wp-content\/uploads\/2023\/11\/Tarton-Carrot-Cake-02008060.jpg","datePublished":"2023-11-12T09:35:02+00:00","dateModified":"2024-04-08T13:43:49+00:00","breadcrumb":{"@id":"https:\/\/biopastis.com\/fr\/productos\/horeca-fr\/gateau-rond\/semi-froid-fr\/tarton-aux-carottes\/#breadcrumb"},"inLanguage":"fr-FR","potentialAction":[{"@type":"ReadAction","target":["https:\/\/biopastis.com\/fr\/productos\/horeca-fr\/gateau-rond\/semi-froid-fr\/tarton-aux-carottes\/"]}]},{"@type":"ImageObject","inLanguage":"fr-FR","@id":"https:\/\/biopastis.com\/fr\/productos\/horeca-fr\/gateau-rond\/semi-froid-fr\/tarton-aux-carottes\/#primaryimage","url":"https:\/\/biopastis.com\/wp-content\/uploads\/2023\/11\/Tarton-Carrot-Cake-02008060.jpg","contentUrl":"https:\/\/biopastis.com\/wp-content\/uploads\/2023\/11\/Tarton-Carrot-Cake-02008060.jpg","width":1376,"height":768},{"@type":"BreadcrumbList","@id":"https:\/\/biopastis.com\/fr\/productos\/horeca-fr\/gateau-rond\/semi-froid-fr\/tarton-aux-carottes\/#breadcrumb","itemListElement":[{"@type":"ListItem","position":1,"name":"Portada","item":"https:\/\/biopastis.com\/fr\/"},{"@type":"ListItem","position":2,"name":"Produits","item":"https:\/\/biopastis.com\/fr\/boutique\/"},{"@type":"ListItem","position":3,"name":"Tarton aux carottes"}]},{"@type":"WebSite","@id":"https:\/\/biopastis.com\/fr\/#website","url":"https:\/\/biopastis.com\/fr\/","name":"BioPastis","description":"La alimentaci\u00f3n natural","publisher":{"@id":"https:\/\/biopastis.com\/fr\/#organization"},"potentialAction":[{"@type":"SearchAction","target":{"@type":"EntryPoint","urlTemplate":"https:\/\/biopastis.com\/fr\/?s={search_term_string}"},"query-input":{"@type":"PropertyValueSpecification","valueRequired":true,"valueName":"search_term_string"}}],"inLanguage":"fr-FR"},{"@type":"Organization","@id":"https:\/\/biopastis.com\/fr\/#organization","name":"BioPastis","url":"https:\/\/biopastis.com\/fr\/","logo":{"@type":"ImageObject","inLanguage":"fr-FR","@id":"https:\/\/biopastis.com\/fr\/#\/schema\/logo\/image\/","url":"https:\/\/biopastis.com\/wp-content\/uploads\/2024\/01\/BIOPASTIS-NATURAL.jpg","contentUrl":"https:\/\/biopastis.com\/wp-content\/uploads\/2024\/01\/BIOPASTIS-NATURAL.jpg","width":658,"height":663,"caption":"BioPastis"},"image":{"@id":"https:\/\/biopastis.com\/fr\/#\/schema\/logo\/image\/"}}]}},"_links":{"self":[{"href":"https:\/\/biopastis.com\/fr\/wp-json\/wp\/v2\/product\/3027","targetHints":{"allow":["GET"]}}],"collection":[{"href":"https:\/\/biopastis.com\/fr\/wp-json\/wp\/v2\/product"}],"about":[{"href":"https:\/\/biopastis.com\/fr\/wp-json\/wp\/v2\/types\/product"}],"replies":[{"embeddable":true,"href":"https:\/\/biopastis.com\/fr\/wp-json\/wp\/v2\/comments?post=3027"}],"wp:featuredmedia":[{"embeddable":true,"href":"https:\/\/biopastis.com\/fr\/wp-json\/wp\/v2\/media\/6181"}],"wp:attachment":[{"href":"https:\/\/biopastis.com\/fr\/wp-json\/wp\/v2\/media?parent=3027"}],"wp:term":[{"taxonomy":"product_brand","embeddable":true,"href":"https:\/\/biopastis.com\/fr\/wp-json\/wp\/v2\/product_brand?post=3027"},{"taxonomy":"product_cat","embeddable":true,"href":"https:\/\/biopastis.com\/fr\/wp-json\/wp\/v2\/product_cat?post=3027"},{"taxonomy":"product_tag","embeddable":true,"href":"https:\/\/biopastis.com\/fr\/wp-json\/wp\/v2\/product_tag?post=3027"}],"curies":[{"name":"wp","href":"https:\/\/api.w.org\/{rel}","templated":true}]}}