{"id":2886,"date":"2023-11-12T10:33:09","date_gmt":"2023-11-12T09:33:09","guid":{"rendered":"https:\/\/biopastis.com\/productos\/non%20class\u00e9\/2886\/"},"modified":"2024-04-04T14:55:46","modified_gmt":"2024-04-04T12:55:46","slug":"plancha-streusel-aux-pommes","status":"publish","type":"product","link":"https:\/\/biopastis.com\/fr\/productos\/horeca-fr\/plaques-rectangulaires\/au-four\/plancha-streusel-aux-pommes\/","title":{"rendered":"Plancha Streusel aux pommes"},"content":{"rendered":"<p>Poids: 1,5 Kg. +\/- 5 %<br \/>\nTaille<br \/>\n300 x 200 x 030<br \/>\nPortions<br \/>\n40<br \/>\nPi\u00e8ces<br \/>\n1<\/p>\n","protected":false},"excerpt":{"rendered":"<p>Plancha de base en g\u00e9noise pr\u00e9d\u00e9coup\u00e9e, remplie d&rsquo;une douce cr\u00e8me \u00e0 la cannelle avec des morceaux de pommes (59%) et des raisins secs.<\/p>\n","protected":false},"featured_media":5732,"comment_status":"closed","ping_status":"closed","template":"","meta":[],"product_brand":[],"product_cat":[128],"product_tag":[187],"class_list":{"0":"post-2886","1":"product","2":"type-product","3":"status-publish","4":"has-post-thumbnail","6":"product_cat-au-four","7":"product_tag-service-de-restauration","9":"first","10":"instock","11":"shipping-taxable","12":"product-type-simple"},"yoast_head":"<!-- This site is optimized with the Yoast SEO plugin v27.3 - https:\/\/yoast.com\/product\/yoast-seo-wordpress\/ -->\n<title>Plancha Streusel aux pommes - BioPastis<\/title>\n<meta name=\"description\" content=\"Plancha de base en g\u00e9noise pr\u00e9d\u00e9coup\u00e9e, remplie d&#039;une douce cr\u00e8me \u00e0 la cannelle avec des morceaux de pommes (59%) et des raisins secs.\" \/>\n<meta name=\"robots\" content=\"index, follow, max-snippet:-1, max-image-preview:large, max-video-preview:-1\" \/>\n<link rel=\"canonical\" href=\"https:\/\/biopastis.com\/fr\/productos\/horeca-fr\/plaques-rectangulaires\/au-four\/plancha-streusel-aux-pommes\/\" \/>\n<meta property=\"og:locale\" content=\"fr_FR\" \/>\n<meta property=\"og:type\" content=\"article\" \/>\n<meta property=\"og:title\" content=\"Plancha Streusel aux pommes - BioPastis\" \/>\n<meta property=\"og:description\" content=\"Plancha de base en g\u00e9noise pr\u00e9d\u00e9coup\u00e9e, remplie d&#039;une douce cr\u00e8me \u00e0 la cannelle avec des morceaux de pommes (59%) et des raisins secs.\" \/>\n<meta property=\"og:url\" content=\"https:\/\/biopastis.com\/fr\/productos\/horeca-fr\/plaques-rectangulaires\/au-four\/plancha-streusel-aux-pommes\/\" \/>\n<meta property=\"og:site_name\" content=\"BioPastis\" \/>\n<meta property=\"article:modified_time\" content=\"2024-04-04T12:55:46+00:00\" \/>\n<meta name=\"twitter:card\" content=\"summary_large_image\" \/>\n<meta name=\"twitter:label1\" content=\"Dur\u00e9e de lecture estim\u00e9e\" \/>\n\t<meta name=\"twitter:data1\" content=\"1 minute\" \/>\n<script type=\"application\/ld+json\" class=\"yoast-schema-graph\">{\"@context\":\"https:\\\/\\\/schema.org\",\"@graph\":[{\"@type\":\"WebPage\",\"@id\":\"https:\\\/\\\/biopastis.com\\\/fr\\\/productos\\\/horeca-fr\\\/plaques-rectangulaires\\\/au-four\\\/plancha-streusel-aux-pommes\\\/\",\"url\":\"https:\\\/\\\/biopastis.com\\\/fr\\\/productos\\\/horeca-fr\\\/plaques-rectangulaires\\\/au-four\\\/plancha-streusel-aux-pommes\\\/\",\"name\":\"Plancha Streusel aux pommes - BioPastis\",\"isPartOf\":{\"@id\":\"https:\\\/\\\/biopastis.com\\\/fr\\\/#website\"},\"primaryImageOfPage\":{\"@id\":\"https:\\\/\\\/biopastis.com\\\/fr\\\/productos\\\/horeca-fr\\\/plaques-rectangulaires\\\/au-four\\\/plancha-streusel-aux-pommes\\\/#primaryimage\"},\"image\":{\"@id\":\"https:\\\/\\\/biopastis.com\\\/fr\\\/productos\\\/horeca-fr\\\/plaques-rectangulaires\\\/au-four\\\/plancha-streusel-aux-pommes\\\/#primaryimage\"},\"thumbnailUrl\":\"https:\\\/\\\/biopastis.com\\\/wp-content\\\/uploads\\\/2023\\\/11\\\/PLANCHA-ESP.-MANZANA-STREUSEL-2-02008020.png\",\"datePublished\":\"2023-11-12T09:33:09+00:00\",\"dateModified\":\"2024-04-04T12:55:46+00:00\",\"description\":\"Plancha de base en g\u00e9noise pr\u00e9d\u00e9coup\u00e9e, remplie d'une douce cr\u00e8me \u00e0 la cannelle avec des morceaux de pommes (59%) et des raisins secs.\",\"breadcrumb\":{\"@id\":\"https:\\\/\\\/biopastis.com\\\/fr\\\/productos\\\/horeca-fr\\\/plaques-rectangulaires\\\/au-four\\\/plancha-streusel-aux-pommes\\\/#breadcrumb\"},\"inLanguage\":\"fr-FR\",\"potentialAction\":[{\"@type\":\"ReadAction\",\"target\":[\"https:\\\/\\\/biopastis.com\\\/fr\\\/productos\\\/horeca-fr\\\/plaques-rectangulaires\\\/au-four\\\/plancha-streusel-aux-pommes\\\/\"]}]},{\"@type\":\"ImageObject\",\"inLanguage\":\"fr-FR\",\"@id\":\"https:\\\/\\\/biopastis.com\\\/fr\\\/productos\\\/horeca-fr\\\/plaques-rectangulaires\\\/au-four\\\/plancha-streusel-aux-pommes\\\/#primaryimage\",\"url\":\"https:\\\/\\\/biopastis.com\\\/wp-content\\\/uploads\\\/2023\\\/11\\\/PLANCHA-ESP.-MANZANA-STREUSEL-2-02008020.png\",\"contentUrl\":\"https:\\\/\\\/biopastis.com\\\/wp-content\\\/uploads\\\/2023\\\/11\\\/PLANCHA-ESP.-MANZANA-STREUSEL-2-02008020.png\",\"width\":1248,\"height\":832},{\"@type\":\"BreadcrumbList\",\"@id\":\"https:\\\/\\\/biopastis.com\\\/fr\\\/productos\\\/horeca-fr\\\/plaques-rectangulaires\\\/au-four\\\/plancha-streusel-aux-pommes\\\/#breadcrumb\",\"itemListElement\":[{\"@type\":\"ListItem\",\"position\":1,\"name\":\"Portada\",\"item\":\"https:\\\/\\\/biopastis.com\\\/fr\\\/\"},{\"@type\":\"ListItem\",\"position\":2,\"name\":\"Produits\",\"item\":\"https:\\\/\\\/biopastis.com\\\/fr\\\/boutique\\\/\"},{\"@type\":\"ListItem\",\"position\":3,\"name\":\"Plancha Streusel aux pommes\"}]},{\"@type\":\"WebSite\",\"@id\":\"https:\\\/\\\/biopastis.com\\\/fr\\\/#website\",\"url\":\"https:\\\/\\\/biopastis.com\\\/fr\\\/\",\"name\":\"BioPastis\",\"description\":\"La alimentaci\u00f3n natural\",\"publisher\":{\"@id\":\"https:\\\/\\\/biopastis.com\\\/fr\\\/#organization\"},\"potentialAction\":[{\"@type\":\"SearchAction\",\"target\":{\"@type\":\"EntryPoint\",\"urlTemplate\":\"https:\\\/\\\/biopastis.com\\\/fr\\\/?s={search_term_string}\"},\"query-input\":{\"@type\":\"PropertyValueSpecification\",\"valueRequired\":true,\"valueName\":\"search_term_string\"}}],\"inLanguage\":\"fr-FR\"},{\"@type\":\"Organization\",\"@id\":\"https:\\\/\\\/biopastis.com\\\/fr\\\/#organization\",\"name\":\"BioPastis\",\"url\":\"https:\\\/\\\/biopastis.com\\\/fr\\\/\",\"logo\":{\"@type\":\"ImageObject\",\"inLanguage\":\"fr-FR\",\"@id\":\"https:\\\/\\\/biopastis.com\\\/fr\\\/#\\\/schema\\\/logo\\\/image\\\/\",\"url\":\"https:\\\/\\\/biopastis.com\\\/wp-content\\\/uploads\\\/2024\\\/01\\\/BIOPASTIS-NATURAL.jpg\",\"contentUrl\":\"https:\\\/\\\/biopastis.com\\\/wp-content\\\/uploads\\\/2024\\\/01\\\/BIOPASTIS-NATURAL.jpg\",\"width\":658,\"height\":663,\"caption\":\"BioPastis\"},\"image\":{\"@id\":\"https:\\\/\\\/biopastis.com\\\/fr\\\/#\\\/schema\\\/logo\\\/image\\\/\"}}]}<\/script>\n<!-- \/ Yoast SEO plugin. -->","yoast_head_json":{"title":"Plancha Streusel aux pommes - BioPastis","description":"Plancha de base en g\u00e9noise pr\u00e9d\u00e9coup\u00e9e, remplie d'une douce cr\u00e8me \u00e0 la cannelle avec des morceaux de pommes (59%) et des raisins secs.","robots":{"index":"index","follow":"follow","max-snippet":"max-snippet:-1","max-image-preview":"max-image-preview:large","max-video-preview":"max-video-preview:-1"},"canonical":"https:\/\/biopastis.com\/fr\/productos\/horeca-fr\/plaques-rectangulaires\/au-four\/plancha-streusel-aux-pommes\/","og_locale":"fr_FR","og_type":"article","og_title":"Plancha Streusel aux pommes - BioPastis","og_description":"Plancha de base en g\u00e9noise pr\u00e9d\u00e9coup\u00e9e, remplie d'une douce cr\u00e8me \u00e0 la cannelle avec des morceaux de pommes (59%) et des raisins secs.","og_url":"https:\/\/biopastis.com\/fr\/productos\/horeca-fr\/plaques-rectangulaires\/au-four\/plancha-streusel-aux-pommes\/","og_site_name":"BioPastis","article_modified_time":"2024-04-04T12:55:46+00:00","twitter_card":"summary_large_image","twitter_misc":{"Dur\u00e9e de lecture estim\u00e9e":"1 minute"},"schema":{"@context":"https:\/\/schema.org","@graph":[{"@type":"WebPage","@id":"https:\/\/biopastis.com\/fr\/productos\/horeca-fr\/plaques-rectangulaires\/au-four\/plancha-streusel-aux-pommes\/","url":"https:\/\/biopastis.com\/fr\/productos\/horeca-fr\/plaques-rectangulaires\/au-four\/plancha-streusel-aux-pommes\/","name":"Plancha Streusel aux pommes - BioPastis","isPartOf":{"@id":"https:\/\/biopastis.com\/fr\/#website"},"primaryImageOfPage":{"@id":"https:\/\/biopastis.com\/fr\/productos\/horeca-fr\/plaques-rectangulaires\/au-four\/plancha-streusel-aux-pommes\/#primaryimage"},"image":{"@id":"https:\/\/biopastis.com\/fr\/productos\/horeca-fr\/plaques-rectangulaires\/au-four\/plancha-streusel-aux-pommes\/#primaryimage"},"thumbnailUrl":"https:\/\/biopastis.com\/wp-content\/uploads\/2023\/11\/PLANCHA-ESP.-MANZANA-STREUSEL-2-02008020.png","datePublished":"2023-11-12T09:33:09+00:00","dateModified":"2024-04-04T12:55:46+00:00","description":"Plancha de base en g\u00e9noise pr\u00e9d\u00e9coup\u00e9e, remplie d'une douce cr\u00e8me \u00e0 la cannelle avec des morceaux de pommes (59%) et des raisins secs.","breadcrumb":{"@id":"https:\/\/biopastis.com\/fr\/productos\/horeca-fr\/plaques-rectangulaires\/au-four\/plancha-streusel-aux-pommes\/#breadcrumb"},"inLanguage":"fr-FR","potentialAction":[{"@type":"ReadAction","target":["https:\/\/biopastis.com\/fr\/productos\/horeca-fr\/plaques-rectangulaires\/au-four\/plancha-streusel-aux-pommes\/"]}]},{"@type":"ImageObject","inLanguage":"fr-FR","@id":"https:\/\/biopastis.com\/fr\/productos\/horeca-fr\/plaques-rectangulaires\/au-four\/plancha-streusel-aux-pommes\/#primaryimage","url":"https:\/\/biopastis.com\/wp-content\/uploads\/2023\/11\/PLANCHA-ESP.-MANZANA-STREUSEL-2-02008020.png","contentUrl":"https:\/\/biopastis.com\/wp-content\/uploads\/2023\/11\/PLANCHA-ESP.-MANZANA-STREUSEL-2-02008020.png","width":1248,"height":832},{"@type":"BreadcrumbList","@id":"https:\/\/biopastis.com\/fr\/productos\/horeca-fr\/plaques-rectangulaires\/au-four\/plancha-streusel-aux-pommes\/#breadcrumb","itemListElement":[{"@type":"ListItem","position":1,"name":"Portada","item":"https:\/\/biopastis.com\/fr\/"},{"@type":"ListItem","position":2,"name":"Produits","item":"https:\/\/biopastis.com\/fr\/boutique\/"},{"@type":"ListItem","position":3,"name":"Plancha Streusel aux pommes"}]},{"@type":"WebSite","@id":"https:\/\/biopastis.com\/fr\/#website","url":"https:\/\/biopastis.com\/fr\/","name":"BioPastis","description":"La alimentaci\u00f3n natural","publisher":{"@id":"https:\/\/biopastis.com\/fr\/#organization"},"potentialAction":[{"@type":"SearchAction","target":{"@type":"EntryPoint","urlTemplate":"https:\/\/biopastis.com\/fr\/?s={search_term_string}"},"query-input":{"@type":"PropertyValueSpecification","valueRequired":true,"valueName":"search_term_string"}}],"inLanguage":"fr-FR"},{"@type":"Organization","@id":"https:\/\/biopastis.com\/fr\/#organization","name":"BioPastis","url":"https:\/\/biopastis.com\/fr\/","logo":{"@type":"ImageObject","inLanguage":"fr-FR","@id":"https:\/\/biopastis.com\/fr\/#\/schema\/logo\/image\/","url":"https:\/\/biopastis.com\/wp-content\/uploads\/2024\/01\/BIOPASTIS-NATURAL.jpg","contentUrl":"https:\/\/biopastis.com\/wp-content\/uploads\/2024\/01\/BIOPASTIS-NATURAL.jpg","width":658,"height":663,"caption":"BioPastis"},"image":{"@id":"https:\/\/biopastis.com\/fr\/#\/schema\/logo\/image\/"}}]}},"_links":{"self":[{"href":"https:\/\/biopastis.com\/fr\/wp-json\/wp\/v2\/product\/2886","targetHints":{"allow":["GET"]}}],"collection":[{"href":"https:\/\/biopastis.com\/fr\/wp-json\/wp\/v2\/product"}],"about":[{"href":"https:\/\/biopastis.com\/fr\/wp-json\/wp\/v2\/types\/product"}],"replies":[{"embeddable":true,"href":"https:\/\/biopastis.com\/fr\/wp-json\/wp\/v2\/comments?post=2886"}],"wp:featuredmedia":[{"embeddable":true,"href":"https:\/\/biopastis.com\/fr\/wp-json\/wp\/v2\/media\/5732"}],"wp:attachment":[{"href":"https:\/\/biopastis.com\/fr\/wp-json\/wp\/v2\/media?parent=2886"}],"wp:term":[{"taxonomy":"product_brand","embeddable":true,"href":"https:\/\/biopastis.com\/fr\/wp-json\/wp\/v2\/product_brand?post=2886"},{"taxonomy":"product_cat","embeddable":true,"href":"https:\/\/biopastis.com\/fr\/wp-json\/wp\/v2\/product_cat?post=2886"},{"taxonomy":"product_tag","embeddable":true,"href":"https:\/\/biopastis.com\/fr\/wp-json\/wp\/v2\/product_tag?post=2886"}],"curies":[{"name":"wp","href":"https:\/\/api.w.org\/{rel}","templated":true}]}}