{"id":2858,"date":"2023-11-12T10:33:47","date_gmt":"2023-11-12T09:33:47","guid":{"rendered":"https:\/\/biopastis.com\/productos\/non class\u00e9\/bande-mar-del-plata\/"},"modified":"2023-11-12T10:33:47","modified_gmt":"2023-11-12T09:33:47","slug":"bande-mar-del-plata","status":"publish","type":"product","link":"https:\/\/biopastis.com\/fr\/productos\/horeca-fr\/specialites-sucrees\/bandes\/bande-mar-del-plata\/","title":{"rendered":"Bande Mar del Plata"},"content":{"rendered":"<table>\n<tbody>\n<tr>\n<td class=\"bd\">Poids<\/td>\n<td class=\"der\">\u00a0900 gr +\/- 5%<\/td>\n<\/tr>\n<tr>\n<td class=\"bd\">Taille<\/td>\n<td class=\"der\">400 x 100 x 040 mm<\/td>\n<\/tr>\n<tr>\n<td class=\"bd\">Portions<\/td>\n<td class=\"der\">1<\/td>\n<\/tr>\n<tr>\n<td class=\"bd\">Pi\u00e8ces<\/td>\n<td class=\"der\">3<\/td>\n<\/tr>\n<\/tbody>\n<\/table>\n<p><a href=\"https:\/\/biopastis.com\/wp-content\/uploads\/2024\/02\/Ficha-tecnica-Pastel-Mar-de-plata-02008051.pdf\" rel=\"attachment wp-att-8189\"><img loading=\"lazy\" decoding=\"async\" class=\"alignleft wp-image-8189 size-thumbnail\" src=\"https:\/\/biopastis.com\/wp-content\/uploads\/2024\/01\/icono-pdf-150x150-1.png\" alt=\"\" width=\"150\" height=\"150\" \/><\/a><\/p>\n","protected":false},"excerpt":{"rendered":"<p>G\u00e2teau typique en forme de bande avec une base de g\u00e9noise \u00e0 la vanille, plus de la cr\u00e8me p\u00e2tissi\u00e8re, de la p\u00e2te feuillet\u00e9e et de la cr\u00e8me et d\u00e9cor\u00e9 avec des tranches d&rsquo;amandes et du sucre glace.<\/p>\n","protected":false},"featured_media":6026,"comment_status":"closed","ping_status":"closed","template":"","meta":[],"product_brand":[],"product_cat":[116],"product_tag":[169],"class_list":{"0":"post-2858","1":"product","2":"type-product","3":"status-publish","4":"has-post-thumbnail","6":"product_cat-bandes","7":"product_tag-gourmet-fr","9":"first","10":"instock","11":"shipping-taxable","12":"product-type-simple"},"yoast_head":"<!-- This site is optimized with the Yoast SEO plugin v27.3 - https:\/\/yoast.com\/product\/yoast-seo-wordpress\/ -->\n<title>Bande Mar del Plata - BioPastis<\/title>\n<meta name=\"description\" content=\"G\u00e2teau typique en forme de bande avec une base de g\u00e9noise \u00e0 la vanille, plus de la cr\u00e8me p\u00e2tissi\u00e8re, de la p\u00e2te feuillet\u00e9e et de la cr\u00e8me et d\u00e9cor\u00e9 avec des tranches d&#039;amandes et du sucre glace.\" \/>\n<meta name=\"robots\" content=\"index, follow, max-snippet:-1, max-image-preview:large, max-video-preview:-1\" \/>\n<link rel=\"canonical\" href=\"https:\/\/biopastis.com\/fr\/productos\/horeca-fr\/specialites-sucrees\/bandes\/bande-mar-del-plata\/\" \/>\n<meta property=\"og:locale\" content=\"fr_FR\" \/>\n<meta property=\"og:type\" content=\"article\" \/>\n<meta property=\"og:title\" content=\"Bande Mar del Plata - BioPastis\" \/>\n<meta property=\"og:description\" content=\"G\u00e2teau typique en forme de bande avec une base de g\u00e9noise \u00e0 la vanille, plus de la cr\u00e8me p\u00e2tissi\u00e8re, de la p\u00e2te feuillet\u00e9e et de la cr\u00e8me et d\u00e9cor\u00e9 avec des tranches d&#039;amandes et du sucre glace.\" \/>\n<meta property=\"og:url\" content=\"https:\/\/biopastis.com\/fr\/productos\/horeca-fr\/specialites-sucrees\/bandes\/bande-mar-del-plata\/\" \/>\n<meta property=\"og:site_name\" content=\"BioPastis\" \/>\n<meta property=\"og:image\" content=\"https:\/\/biopastis.com\/wp-content\/uploads\/2023\/11\/Banda-Mar-de-Plata-scaled.jpg\" \/>\n\t<meta property=\"og:image:width\" content=\"2560\" \/>\n\t<meta property=\"og:image:height\" content=\"1707\" \/>\n\t<meta property=\"og:image:type\" content=\"image\/jpeg\" \/>\n<meta name=\"twitter:card\" content=\"summary_large_image\" \/>\n<script type=\"application\/ld+json\" class=\"yoast-schema-graph\">{\"@context\":\"https:\\\/\\\/schema.org\",\"@graph\":[{\"@type\":\"WebPage\",\"@id\":\"https:\\\/\\\/biopastis.com\\\/fr\\\/productos\\\/horeca-fr\\\/specialites-sucrees\\\/bandes\\\/bande-mar-del-plata\\\/\",\"url\":\"https:\\\/\\\/biopastis.com\\\/fr\\\/productos\\\/horeca-fr\\\/specialites-sucrees\\\/bandes\\\/bande-mar-del-plata\\\/\",\"name\":\"Bande Mar del Plata - BioPastis\",\"isPartOf\":{\"@id\":\"https:\\\/\\\/biopastis.com\\\/fr\\\/#website\"},\"primaryImageOfPage\":{\"@id\":\"https:\\\/\\\/biopastis.com\\\/fr\\\/productos\\\/horeca-fr\\\/specialites-sucrees\\\/bandes\\\/bande-mar-del-plata\\\/#primaryimage\"},\"image\":{\"@id\":\"https:\\\/\\\/biopastis.com\\\/fr\\\/productos\\\/horeca-fr\\\/specialites-sucrees\\\/bandes\\\/bande-mar-del-plata\\\/#primaryimage\"},\"thumbnailUrl\":\"https:\\\/\\\/biopastis.com\\\/wp-content\\\/uploads\\\/2023\\\/11\\\/Banda-Mar-de-Plata-02008051.jpeg\",\"datePublished\":\"2023-11-12T09:33:47+00:00\",\"description\":\"G\u00e2teau typique en forme de bande avec une base de g\u00e9noise \u00e0 la vanille, plus de la cr\u00e8me p\u00e2tissi\u00e8re, de la p\u00e2te feuillet\u00e9e et de la cr\u00e8me et d\u00e9cor\u00e9 avec des tranches d'amandes et du sucre glace.\",\"breadcrumb\":{\"@id\":\"https:\\\/\\\/biopastis.com\\\/fr\\\/productos\\\/horeca-fr\\\/specialites-sucrees\\\/bandes\\\/bande-mar-del-plata\\\/#breadcrumb\"},\"inLanguage\":\"fr-FR\",\"potentialAction\":[{\"@type\":\"ReadAction\",\"target\":[\"https:\\\/\\\/biopastis.com\\\/fr\\\/productos\\\/horeca-fr\\\/specialites-sucrees\\\/bandes\\\/bande-mar-del-plata\\\/\"]}]},{\"@type\":\"ImageObject\",\"inLanguage\":\"fr-FR\",\"@id\":\"https:\\\/\\\/biopastis.com\\\/fr\\\/productos\\\/horeca-fr\\\/specialites-sucrees\\\/bandes\\\/bande-mar-del-plata\\\/#primaryimage\",\"url\":\"https:\\\/\\\/biopastis.com\\\/wp-content\\\/uploads\\\/2023\\\/11\\\/Banda-Mar-de-Plata-02008051.jpeg\",\"contentUrl\":\"https:\\\/\\\/biopastis.com\\\/wp-content\\\/uploads\\\/2023\\\/11\\\/Banda-Mar-de-Plata-02008051.jpeg\",\"width\":1264,\"height\":848},{\"@type\":\"BreadcrumbList\",\"@id\":\"https:\\\/\\\/biopastis.com\\\/fr\\\/productos\\\/horeca-fr\\\/specialites-sucrees\\\/bandes\\\/bande-mar-del-plata\\\/#breadcrumb\",\"itemListElement\":[{\"@type\":\"ListItem\",\"position\":1,\"name\":\"Portada\",\"item\":\"https:\\\/\\\/biopastis.com\\\/fr\\\/\"},{\"@type\":\"ListItem\",\"position\":2,\"name\":\"Produits\",\"item\":\"https:\\\/\\\/biopastis.com\\\/fr\\\/boutique\\\/\"},{\"@type\":\"ListItem\",\"position\":3,\"name\":\"Bande Mar del Plata\"}]},{\"@type\":\"WebSite\",\"@id\":\"https:\\\/\\\/biopastis.com\\\/fr\\\/#website\",\"url\":\"https:\\\/\\\/biopastis.com\\\/fr\\\/\",\"name\":\"BioPastis\",\"description\":\"La alimentaci\u00f3n natural\",\"publisher\":{\"@id\":\"https:\\\/\\\/biopastis.com\\\/fr\\\/#organization\"},\"potentialAction\":[{\"@type\":\"SearchAction\",\"target\":{\"@type\":\"EntryPoint\",\"urlTemplate\":\"https:\\\/\\\/biopastis.com\\\/fr\\\/?s={search_term_string}\"},\"query-input\":{\"@type\":\"PropertyValueSpecification\",\"valueRequired\":true,\"valueName\":\"search_term_string\"}}],\"inLanguage\":\"fr-FR\"},{\"@type\":\"Organization\",\"@id\":\"https:\\\/\\\/biopastis.com\\\/fr\\\/#organization\",\"name\":\"BioPastis\",\"url\":\"https:\\\/\\\/biopastis.com\\\/fr\\\/\",\"logo\":{\"@type\":\"ImageObject\",\"inLanguage\":\"fr-FR\",\"@id\":\"https:\\\/\\\/biopastis.com\\\/fr\\\/#\\\/schema\\\/logo\\\/image\\\/\",\"url\":\"https:\\\/\\\/biopastis.com\\\/wp-content\\\/uploads\\\/2024\\\/01\\\/BIOPASTIS-NATURAL.jpg\",\"contentUrl\":\"https:\\\/\\\/biopastis.com\\\/wp-content\\\/uploads\\\/2024\\\/01\\\/BIOPASTIS-NATURAL.jpg\",\"width\":658,\"height\":663,\"caption\":\"BioPastis\"},\"image\":{\"@id\":\"https:\\\/\\\/biopastis.com\\\/fr\\\/#\\\/schema\\\/logo\\\/image\\\/\"}}]}<\/script>\n<!-- \/ Yoast SEO plugin. -->","yoast_head_json":{"title":"Bande Mar del Plata - BioPastis","description":"G\u00e2teau typique en forme de bande avec une base de g\u00e9noise \u00e0 la vanille, plus de la cr\u00e8me p\u00e2tissi\u00e8re, de la p\u00e2te feuillet\u00e9e et de la cr\u00e8me et d\u00e9cor\u00e9 avec des tranches d'amandes et du sucre glace.","robots":{"index":"index","follow":"follow","max-snippet":"max-snippet:-1","max-image-preview":"max-image-preview:large","max-video-preview":"max-video-preview:-1"},"canonical":"https:\/\/biopastis.com\/fr\/productos\/horeca-fr\/specialites-sucrees\/bandes\/bande-mar-del-plata\/","og_locale":"fr_FR","og_type":"article","og_title":"Bande Mar del Plata - BioPastis","og_description":"G\u00e2teau typique en forme de bande avec une base de g\u00e9noise \u00e0 la vanille, plus de la cr\u00e8me p\u00e2tissi\u00e8re, de la p\u00e2te feuillet\u00e9e et de la cr\u00e8me et d\u00e9cor\u00e9 avec des tranches d'amandes et du sucre glace.","og_url":"https:\/\/biopastis.com\/fr\/productos\/horeca-fr\/specialites-sucrees\/bandes\/bande-mar-del-plata\/","og_site_name":"BioPastis","og_image":[{"width":2560,"height":1707,"url":"https:\/\/biopastis.com\/wp-content\/uploads\/2023\/11\/Banda-Mar-de-Plata-scaled.jpg","type":"image\/jpeg"}],"twitter_card":"summary_large_image","schema":{"@context":"https:\/\/schema.org","@graph":[{"@type":"WebPage","@id":"https:\/\/biopastis.com\/fr\/productos\/horeca-fr\/specialites-sucrees\/bandes\/bande-mar-del-plata\/","url":"https:\/\/biopastis.com\/fr\/productos\/horeca-fr\/specialites-sucrees\/bandes\/bande-mar-del-plata\/","name":"Bande Mar del Plata - BioPastis","isPartOf":{"@id":"https:\/\/biopastis.com\/fr\/#website"},"primaryImageOfPage":{"@id":"https:\/\/biopastis.com\/fr\/productos\/horeca-fr\/specialites-sucrees\/bandes\/bande-mar-del-plata\/#primaryimage"},"image":{"@id":"https:\/\/biopastis.com\/fr\/productos\/horeca-fr\/specialites-sucrees\/bandes\/bande-mar-del-plata\/#primaryimage"},"thumbnailUrl":"https:\/\/biopastis.com\/wp-content\/uploads\/2023\/11\/Banda-Mar-de-Plata-02008051.jpeg","datePublished":"2023-11-12T09:33:47+00:00","description":"G\u00e2teau typique en forme de bande avec une base de g\u00e9noise \u00e0 la vanille, plus de la cr\u00e8me p\u00e2tissi\u00e8re, de la p\u00e2te feuillet\u00e9e et de la cr\u00e8me et d\u00e9cor\u00e9 avec des tranches d'amandes et du sucre glace.","breadcrumb":{"@id":"https:\/\/biopastis.com\/fr\/productos\/horeca-fr\/specialites-sucrees\/bandes\/bande-mar-del-plata\/#breadcrumb"},"inLanguage":"fr-FR","potentialAction":[{"@type":"ReadAction","target":["https:\/\/biopastis.com\/fr\/productos\/horeca-fr\/specialites-sucrees\/bandes\/bande-mar-del-plata\/"]}]},{"@type":"ImageObject","inLanguage":"fr-FR","@id":"https:\/\/biopastis.com\/fr\/productos\/horeca-fr\/specialites-sucrees\/bandes\/bande-mar-del-plata\/#primaryimage","url":"https:\/\/biopastis.com\/wp-content\/uploads\/2023\/11\/Banda-Mar-de-Plata-02008051.jpeg","contentUrl":"https:\/\/biopastis.com\/wp-content\/uploads\/2023\/11\/Banda-Mar-de-Plata-02008051.jpeg","width":1264,"height":848},{"@type":"BreadcrumbList","@id":"https:\/\/biopastis.com\/fr\/productos\/horeca-fr\/specialites-sucrees\/bandes\/bande-mar-del-plata\/#breadcrumb","itemListElement":[{"@type":"ListItem","position":1,"name":"Portada","item":"https:\/\/biopastis.com\/fr\/"},{"@type":"ListItem","position":2,"name":"Produits","item":"https:\/\/biopastis.com\/fr\/boutique\/"},{"@type":"ListItem","position":3,"name":"Bande Mar del Plata"}]},{"@type":"WebSite","@id":"https:\/\/biopastis.com\/fr\/#website","url":"https:\/\/biopastis.com\/fr\/","name":"BioPastis","description":"La alimentaci\u00f3n natural","publisher":{"@id":"https:\/\/biopastis.com\/fr\/#organization"},"potentialAction":[{"@type":"SearchAction","target":{"@type":"EntryPoint","urlTemplate":"https:\/\/biopastis.com\/fr\/?s={search_term_string}"},"query-input":{"@type":"PropertyValueSpecification","valueRequired":true,"valueName":"search_term_string"}}],"inLanguage":"fr-FR"},{"@type":"Organization","@id":"https:\/\/biopastis.com\/fr\/#organization","name":"BioPastis","url":"https:\/\/biopastis.com\/fr\/","logo":{"@type":"ImageObject","inLanguage":"fr-FR","@id":"https:\/\/biopastis.com\/fr\/#\/schema\/logo\/image\/","url":"https:\/\/biopastis.com\/wp-content\/uploads\/2024\/01\/BIOPASTIS-NATURAL.jpg","contentUrl":"https:\/\/biopastis.com\/wp-content\/uploads\/2024\/01\/BIOPASTIS-NATURAL.jpg","width":658,"height":663,"caption":"BioPastis"},"image":{"@id":"https:\/\/biopastis.com\/fr\/#\/schema\/logo\/image\/"}}]}},"_links":{"self":[{"href":"https:\/\/biopastis.com\/fr\/wp-json\/wp\/v2\/product\/2858","targetHints":{"allow":["GET"]}}],"collection":[{"href":"https:\/\/biopastis.com\/fr\/wp-json\/wp\/v2\/product"}],"about":[{"href":"https:\/\/biopastis.com\/fr\/wp-json\/wp\/v2\/types\/product"}],"replies":[{"embeddable":true,"href":"https:\/\/biopastis.com\/fr\/wp-json\/wp\/v2\/comments?post=2858"}],"wp:featuredmedia":[{"embeddable":true,"href":"https:\/\/biopastis.com\/fr\/wp-json\/wp\/v2\/media\/6026"}],"wp:attachment":[{"href":"https:\/\/biopastis.com\/fr\/wp-json\/wp\/v2\/media?parent=2858"}],"wp:term":[{"taxonomy":"product_brand","embeddable":true,"href":"https:\/\/biopastis.com\/fr\/wp-json\/wp\/v2\/product_brand?post=2858"},{"taxonomy":"product_cat","embeddable":true,"href":"https:\/\/biopastis.com\/fr\/wp-json\/wp\/v2\/product_cat?post=2858"},{"taxonomy":"product_tag","embeddable":true,"href":"https:\/\/biopastis.com\/fr\/wp-json\/wp\/v2\/product_tag?post=2858"}],"curies":[{"name":"wp","href":"https:\/\/api.w.org\/{rel}","templated":true}]}}