{"id":2652,"date":"2023-11-12T10:34:56","date_gmt":"2023-11-12T09:34:56","guid":{"rendered":"https:\/\/biopastis.com\/producto\/2652\/"},"modified":"2024-04-04T14:45:28","modified_gmt":"2024-04-04T12:45:28","slug":"gateau-au-fromage-a-la-framboise","status":"publish","type":"product","link":"https:\/\/biopastis.com\/fr\/productos\/horeca-fr\/gateau-rond\/semi-froid-fr\/gateau-au-fromage-a-la-framboise\/","title":{"rendered":"G\u00e2teau au fromage \u00e0 la framboise"},"content":{"rendered":"<table>\n<tbody>\n<tr>\n<td class=\"bd\">Poids<\/td>\n<td class=\"der\">900 gr +\/- 5%<\/td>\n<\/tr>\n<tr>\n<td class=\"bd\">Taille<\/td>\n<td class=\"der\">240 x 040 mm<\/td>\n<\/tr>\n<tr>\n<td class=\"bd\">Portions<\/td>\n<td class=\"der\">1<\/td>\n<\/tr>\n<tr>\n<td class=\"bd\">Unit\u00e9s<\/td>\n<td class=\"der\">1<\/td>\n<\/tr>\n<\/tbody>\n<\/table>\n<p><a href=\"https:\/\/biopastis.com\/wp-content\/uploads\/2024\/03\/FICHA_TECNICA_02004108_TARTA_FS._FRAMBUESA_FOODS_SERVICE_NW-fr.pdf\" rel=\"attachment wp-att-8189\"><img loading=\"lazy\" decoding=\"async\" class=\"alignleft wp-image-8189 size-thumbnail\" src=\"https:\/\/biopastis.com\/wp-content\/uploads\/2024\/01\/icono-pdf-150x150-1.png\" alt=\"\" width=\"150\" height=\"150\" \/><\/a><\/p>\n","protected":false},"excerpt":{"rendered":"<p>G\u00e2teau compos\u00e9 d&rsquo;une base de g\u00e9noise et de rosettes de cr\u00e8me aromatis\u00e9e \u00e0 la framboise, recouvert d&rsquo;une fine couche de confiture de framboise et d\u00e9cor\u00e9 en surface avec des framboises enti\u00e8res.<\/p>\n","protected":false},"featured_media":5934,"comment_status":"closed","ping_status":"closed","template":"","meta":[],"product_brand":[],"product_cat":[140],"product_tag":[187],"class_list":{"0":"post-2652","1":"product","2":"type-product","3":"status-publish","4":"has-post-thumbnail","6":"product_cat-semi-froid-fr","7":"product_tag-service-de-restauration","9":"first","10":"instock","11":"shipping-taxable","12":"product-type-simple"},"yoast_head":"<!-- This site is optimized with the Yoast SEO plugin v27.4 - https:\/\/yoast.com\/product\/yoast-seo-wordpress\/ -->\n<title>G\u00e2teau au fromage \u00e0 la framboise - BioPastis<\/title>\n<meta name=\"description\" content=\"G\u00e2teau compos\u00e9 d&#039;une base de g\u00e9noise et de rosettes de cr\u00e8me aromatis\u00e9e \u00e0 la framboise, recouvert d&#039;une fine couche de confiture de framboise et d\u00e9cor\u00e9 en surface avec des framboises enti\u00e8res.\" \/>\n<meta name=\"robots\" content=\"index, follow, max-snippet:-1, max-image-preview:large, max-video-preview:-1\" \/>\n<link rel=\"canonical\" href=\"https:\/\/biopastis.com\/fr\/productos\/horeca-fr\/gateau-rond\/semi-froid-fr\/gateau-au-fromage-a-la-framboise\/\" \/>\n<meta property=\"og:locale\" content=\"fr_FR\" \/>\n<meta property=\"og:type\" content=\"article\" \/>\n<meta property=\"og:title\" content=\"G\u00e2teau au fromage \u00e0 la framboise - BioPastis\" \/>\n<meta property=\"og:description\" content=\"G\u00e2teau compos\u00e9 d&#039;une base de g\u00e9noise et de rosettes de cr\u00e8me aromatis\u00e9e \u00e0 la framboise, recouvert d&#039;une fine couche de confiture de framboise et d\u00e9cor\u00e9 en surface avec des framboises enti\u00e8res.\" \/>\n<meta property=\"og:url\" content=\"https:\/\/biopastis.com\/fr\/productos\/horeca-fr\/gateau-rond\/semi-froid-fr\/gateau-au-fromage-a-la-framboise\/\" \/>\n<meta property=\"og:site_name\" content=\"BioPastis\" \/>\n<meta property=\"article:modified_time\" content=\"2024-04-04T12:45:28+00:00\" \/>\n<meta property=\"og:image\" content=\"https:\/\/biopastis.com\/wp-content\/uploads\/2023\/11\/Tarta-Frambuesa-FS.jpg\" \/>\n\t<meta property=\"og:image:width\" content=\"945\" \/>\n\t<meta property=\"og:image:height\" content=\"709\" \/>\n\t<meta property=\"og:image:type\" content=\"image\/jpeg\" \/>\n<meta name=\"twitter:card\" content=\"summary_large_image\" \/>\n<meta name=\"twitter:label1\" content=\"Dur\u00e9e de lecture estim\u00e9e\" \/>\n\t<meta name=\"twitter:data1\" content=\"1 minute\" \/>\n<script type=\"application\/ld+json\" class=\"yoast-schema-graph\">{\"@context\":\"https:\\\/\\\/schema.org\",\"@graph\":[{\"@type\":\"WebPage\",\"@id\":\"https:\\\/\\\/biopastis.com\\\/fr\\\/productos\\\/horeca-fr\\\/gateau-rond\\\/semi-froid-fr\\\/gateau-au-fromage-a-la-framboise\\\/\",\"url\":\"https:\\\/\\\/biopastis.com\\\/fr\\\/productos\\\/horeca-fr\\\/gateau-rond\\\/semi-froid-fr\\\/gateau-au-fromage-a-la-framboise\\\/\",\"name\":\"G\u00e2teau au fromage \u00e0 la framboise - BioPastis\",\"isPartOf\":{\"@id\":\"https:\\\/\\\/biopastis.com\\\/fr\\\/#website\"},\"primaryImageOfPage\":{\"@id\":\"https:\\\/\\\/biopastis.com\\\/fr\\\/productos\\\/horeca-fr\\\/gateau-rond\\\/semi-froid-fr\\\/gateau-au-fromage-a-la-framboise\\\/#primaryimage\"},\"image\":{\"@id\":\"https:\\\/\\\/biopastis.com\\\/fr\\\/productos\\\/horeca-fr\\\/gateau-rond\\\/semi-froid-fr\\\/gateau-au-fromage-a-la-framboise\\\/#primaryimage\"},\"thumbnailUrl\":\"https:\\\/\\\/biopastis.com\\\/wp-content\\\/uploads\\\/2023\\\/11\\\/Tarta-Frambuesa-FS-02004108.png\",\"datePublished\":\"2023-11-12T09:34:56+00:00\",\"dateModified\":\"2024-04-04T12:45:28+00:00\",\"description\":\"G\u00e2teau compos\u00e9 d'une base de g\u00e9noise et de rosettes de cr\u00e8me aromatis\u00e9e \u00e0 la framboise, recouvert d'une fine couche de confiture de framboise et d\u00e9cor\u00e9 en surface avec des framboises enti\u00e8res.\",\"breadcrumb\":{\"@id\":\"https:\\\/\\\/biopastis.com\\\/fr\\\/productos\\\/horeca-fr\\\/gateau-rond\\\/semi-froid-fr\\\/gateau-au-fromage-a-la-framboise\\\/#breadcrumb\"},\"inLanguage\":\"fr-FR\",\"potentialAction\":[{\"@type\":\"ReadAction\",\"target\":[\"https:\\\/\\\/biopastis.com\\\/fr\\\/productos\\\/horeca-fr\\\/gateau-rond\\\/semi-froid-fr\\\/gateau-au-fromage-a-la-framboise\\\/\"]}]},{\"@type\":\"ImageObject\",\"inLanguage\":\"fr-FR\",\"@id\":\"https:\\\/\\\/biopastis.com\\\/fr\\\/productos\\\/horeca-fr\\\/gateau-rond\\\/semi-froid-fr\\\/gateau-au-fromage-a-la-framboise\\\/#primaryimage\",\"url\":\"https:\\\/\\\/biopastis.com\\\/wp-content\\\/uploads\\\/2023\\\/11\\\/Tarta-Frambuesa-FS-02004108.png\",\"contentUrl\":\"https:\\\/\\\/biopastis.com\\\/wp-content\\\/uploads\\\/2023\\\/11\\\/Tarta-Frambuesa-FS-02004108.png\",\"width\":1184,\"height\":864},{\"@type\":\"BreadcrumbList\",\"@id\":\"https:\\\/\\\/biopastis.com\\\/fr\\\/productos\\\/horeca-fr\\\/gateau-rond\\\/semi-froid-fr\\\/gateau-au-fromage-a-la-framboise\\\/#breadcrumb\",\"itemListElement\":[{\"@type\":\"ListItem\",\"position\":1,\"name\":\"Portada\",\"item\":\"https:\\\/\\\/biopastis.com\\\/fr\\\/\"},{\"@type\":\"ListItem\",\"position\":2,\"name\":\"Produits\",\"item\":\"https:\\\/\\\/biopastis.com\\\/fr\\\/boutique\\\/\"},{\"@type\":\"ListItem\",\"position\":3,\"name\":\"G\u00e2teau au fromage \u00e0 la framboise\"}]},{\"@type\":\"WebSite\",\"@id\":\"https:\\\/\\\/biopastis.com\\\/fr\\\/#website\",\"url\":\"https:\\\/\\\/biopastis.com\\\/fr\\\/\",\"name\":\"BioPastis\",\"description\":\"La alimentaci\u00f3n natural\",\"publisher\":{\"@id\":\"https:\\\/\\\/biopastis.com\\\/fr\\\/#organization\"},\"potentialAction\":[{\"@type\":\"SearchAction\",\"target\":{\"@type\":\"EntryPoint\",\"urlTemplate\":\"https:\\\/\\\/biopastis.com\\\/fr\\\/?s={search_term_string}\"},\"query-input\":{\"@type\":\"PropertyValueSpecification\",\"valueRequired\":true,\"valueName\":\"search_term_string\"}}],\"inLanguage\":\"fr-FR\"},{\"@type\":\"Organization\",\"@id\":\"https:\\\/\\\/biopastis.com\\\/fr\\\/#organization\",\"name\":\"BioPastis\",\"url\":\"https:\\\/\\\/biopastis.com\\\/fr\\\/\",\"logo\":{\"@type\":\"ImageObject\",\"inLanguage\":\"fr-FR\",\"@id\":\"https:\\\/\\\/biopastis.com\\\/fr\\\/#\\\/schema\\\/logo\\\/image\\\/\",\"url\":\"https:\\\/\\\/biopastis.com\\\/wp-content\\\/uploads\\\/2024\\\/01\\\/BIOPASTIS-NATURAL.jpg\",\"contentUrl\":\"https:\\\/\\\/biopastis.com\\\/wp-content\\\/uploads\\\/2024\\\/01\\\/BIOPASTIS-NATURAL.jpg\",\"width\":658,\"height\":663,\"caption\":\"BioPastis\"},\"image\":{\"@id\":\"https:\\\/\\\/biopastis.com\\\/fr\\\/#\\\/schema\\\/logo\\\/image\\\/\"}}]}<\/script>\n<!-- \/ Yoast SEO plugin. -->","yoast_head_json":{"title":"G\u00e2teau au fromage \u00e0 la framboise - BioPastis","description":"G\u00e2teau compos\u00e9 d'une base de g\u00e9noise et de rosettes de cr\u00e8me aromatis\u00e9e \u00e0 la framboise, recouvert d'une fine couche de confiture de framboise et d\u00e9cor\u00e9 en surface avec des framboises enti\u00e8res.","robots":{"index":"index","follow":"follow","max-snippet":"max-snippet:-1","max-image-preview":"max-image-preview:large","max-video-preview":"max-video-preview:-1"},"canonical":"https:\/\/biopastis.com\/fr\/productos\/horeca-fr\/gateau-rond\/semi-froid-fr\/gateau-au-fromage-a-la-framboise\/","og_locale":"fr_FR","og_type":"article","og_title":"G\u00e2teau au fromage \u00e0 la framboise - BioPastis","og_description":"G\u00e2teau compos\u00e9 d'une base de g\u00e9noise et de rosettes de cr\u00e8me aromatis\u00e9e \u00e0 la framboise, recouvert d'une fine couche de confiture de framboise et d\u00e9cor\u00e9 en surface avec des framboises enti\u00e8res.","og_url":"https:\/\/biopastis.com\/fr\/productos\/horeca-fr\/gateau-rond\/semi-froid-fr\/gateau-au-fromage-a-la-framboise\/","og_site_name":"BioPastis","article_modified_time":"2024-04-04T12:45:28+00:00","og_image":[{"width":945,"height":709,"url":"https:\/\/biopastis.com\/wp-content\/uploads\/2023\/11\/Tarta-Frambuesa-FS.jpg","type":"image\/jpeg"}],"twitter_card":"summary_large_image","twitter_misc":{"Dur\u00e9e de lecture estim\u00e9e":"1 minute"},"schema":{"@context":"https:\/\/schema.org","@graph":[{"@type":"WebPage","@id":"https:\/\/biopastis.com\/fr\/productos\/horeca-fr\/gateau-rond\/semi-froid-fr\/gateau-au-fromage-a-la-framboise\/","url":"https:\/\/biopastis.com\/fr\/productos\/horeca-fr\/gateau-rond\/semi-froid-fr\/gateau-au-fromage-a-la-framboise\/","name":"G\u00e2teau au fromage \u00e0 la framboise - BioPastis","isPartOf":{"@id":"https:\/\/biopastis.com\/fr\/#website"},"primaryImageOfPage":{"@id":"https:\/\/biopastis.com\/fr\/productos\/horeca-fr\/gateau-rond\/semi-froid-fr\/gateau-au-fromage-a-la-framboise\/#primaryimage"},"image":{"@id":"https:\/\/biopastis.com\/fr\/productos\/horeca-fr\/gateau-rond\/semi-froid-fr\/gateau-au-fromage-a-la-framboise\/#primaryimage"},"thumbnailUrl":"https:\/\/biopastis.com\/wp-content\/uploads\/2023\/11\/Tarta-Frambuesa-FS-02004108.png","datePublished":"2023-11-12T09:34:56+00:00","dateModified":"2024-04-04T12:45:28+00:00","description":"G\u00e2teau compos\u00e9 d'une base de g\u00e9noise et de rosettes de cr\u00e8me aromatis\u00e9e \u00e0 la framboise, recouvert d'une fine couche de confiture de framboise et d\u00e9cor\u00e9 en surface avec des framboises enti\u00e8res.","breadcrumb":{"@id":"https:\/\/biopastis.com\/fr\/productos\/horeca-fr\/gateau-rond\/semi-froid-fr\/gateau-au-fromage-a-la-framboise\/#breadcrumb"},"inLanguage":"fr-FR","potentialAction":[{"@type":"ReadAction","target":["https:\/\/biopastis.com\/fr\/productos\/horeca-fr\/gateau-rond\/semi-froid-fr\/gateau-au-fromage-a-la-framboise\/"]}]},{"@type":"ImageObject","inLanguage":"fr-FR","@id":"https:\/\/biopastis.com\/fr\/productos\/horeca-fr\/gateau-rond\/semi-froid-fr\/gateau-au-fromage-a-la-framboise\/#primaryimage","url":"https:\/\/biopastis.com\/wp-content\/uploads\/2023\/11\/Tarta-Frambuesa-FS-02004108.png","contentUrl":"https:\/\/biopastis.com\/wp-content\/uploads\/2023\/11\/Tarta-Frambuesa-FS-02004108.png","width":1184,"height":864},{"@type":"BreadcrumbList","@id":"https:\/\/biopastis.com\/fr\/productos\/horeca-fr\/gateau-rond\/semi-froid-fr\/gateau-au-fromage-a-la-framboise\/#breadcrumb","itemListElement":[{"@type":"ListItem","position":1,"name":"Portada","item":"https:\/\/biopastis.com\/fr\/"},{"@type":"ListItem","position":2,"name":"Produits","item":"https:\/\/biopastis.com\/fr\/boutique\/"},{"@type":"ListItem","position":3,"name":"G\u00e2teau au fromage \u00e0 la framboise"}]},{"@type":"WebSite","@id":"https:\/\/biopastis.com\/fr\/#website","url":"https:\/\/biopastis.com\/fr\/","name":"BioPastis","description":"La alimentaci\u00f3n natural","publisher":{"@id":"https:\/\/biopastis.com\/fr\/#organization"},"potentialAction":[{"@type":"SearchAction","target":{"@type":"EntryPoint","urlTemplate":"https:\/\/biopastis.com\/fr\/?s={search_term_string}"},"query-input":{"@type":"PropertyValueSpecification","valueRequired":true,"valueName":"search_term_string"}}],"inLanguage":"fr-FR"},{"@type":"Organization","@id":"https:\/\/biopastis.com\/fr\/#organization","name":"BioPastis","url":"https:\/\/biopastis.com\/fr\/","logo":{"@type":"ImageObject","inLanguage":"fr-FR","@id":"https:\/\/biopastis.com\/fr\/#\/schema\/logo\/image\/","url":"https:\/\/biopastis.com\/wp-content\/uploads\/2024\/01\/BIOPASTIS-NATURAL.jpg","contentUrl":"https:\/\/biopastis.com\/wp-content\/uploads\/2024\/01\/BIOPASTIS-NATURAL.jpg","width":658,"height":663,"caption":"BioPastis"},"image":{"@id":"https:\/\/biopastis.com\/fr\/#\/schema\/logo\/image\/"}}]}},"_links":{"self":[{"href":"https:\/\/biopastis.com\/fr\/wp-json\/wp\/v2\/product\/2652","targetHints":{"allow":["GET"]}}],"collection":[{"href":"https:\/\/biopastis.com\/fr\/wp-json\/wp\/v2\/product"}],"about":[{"href":"https:\/\/biopastis.com\/fr\/wp-json\/wp\/v2\/types\/product"}],"replies":[{"embeddable":true,"href":"https:\/\/biopastis.com\/fr\/wp-json\/wp\/v2\/comments?post=2652"}],"wp:featuredmedia":[{"embeddable":true,"href":"https:\/\/biopastis.com\/fr\/wp-json\/wp\/v2\/media\/5934"}],"wp:attachment":[{"href":"https:\/\/biopastis.com\/fr\/wp-json\/wp\/v2\/media?parent=2652"}],"wp:term":[{"taxonomy":"product_brand","embeddable":true,"href":"https:\/\/biopastis.com\/fr\/wp-json\/wp\/v2\/product_brand?post=2652"},{"taxonomy":"product_cat","embeddable":true,"href":"https:\/\/biopastis.com\/fr\/wp-json\/wp\/v2\/product_cat?post=2652"},{"taxonomy":"product_tag","embeddable":true,"href":"https:\/\/biopastis.com\/fr\/wp-json\/wp\/v2\/product_tag?post=2652"}],"curies":[{"name":"wp","href":"https:\/\/api.w.org\/{rel}","templated":true}]}}