{"id":2603,"date":"2023-11-12T10:36:44","date_gmt":"2023-11-12T09:36:44","guid":{"rendered":"https:\/\/biopastis.com\/?post_type=product&#038;p=2603"},"modified":"2025-07-24T15:35:34","modified_gmt":"2025-07-24T13:35:34","slug":"gateau-plum-vegetalien-au-chocolat","status":"publish","type":"product","link":"https:\/\/biopastis.com\/fr\/productos\/desserts-vegan\/gateau-plum-vegetalien-au-chocolat\/","title":{"rendered":"G\u00e2teau Plum V\u00e9g\u00e9talien au chocolat"},"content":{"rendered":"<table>\n<tbody>\n<tr>\n<td class=\"bd\">Poids<\/td>\n<td class=\"der\">700 Kgr +\/- 5%<\/td>\n<\/tr>\n<tr>\n<td class=\"bd\">Taille<\/td>\n<td class=\"der\">280x100x80<\/td>\n<\/tr>\n<tr>\n<td class=\"bd\">Portions<\/td>\n<td class=\"der\">1<\/td>\n<\/tr>\n<tr>\n<td class=\"bd\">Pi\u00e8ces<\/td>\n<td class=\"der\">4<\/td>\n<\/tr>\n<\/tbody>\n<\/table>\n<p><a href=\"https:\/\/biopastis.com\/wp-content\/uploads\/2024\/02\/FICHA_TECNICA_PLUM_CAKE_VEGANO_DE_CHOCOLATE.pdf\" rel=\"attachment wp-att-8189\"><img loading=\"lazy\" decoding=\"async\" class=\"alignleft wp-image-8189 size-thumbnail\" src=\"https:\/\/biopastis.com\/wp-content\/uploads\/2024\/01\/icono-pdf-150x150-1.png\" alt=\"\" width=\"150\" height=\"150\" \/><\/a><\/p>\n","protected":false},"excerpt":{"rendered":"<p>Savourez notre d\u00e9licieux g\u00e2teau plum au chocolat, une g\u00e9noise artisanale fabriqu\u00e9e avec les meilleurs ingr\u00e9dients v\u00e9g\u00e9taliens, sans \u0153ufs ni graisses animales. Ce g\u00e2teau au chocolat onctueux est d\u00e9cor\u00e9 de morceaux de gla\u00e7age au chocolat, ce qui en fait le choix id\u00e9al pour les amateurs de chocolat.<\/p>\n<p>Notre g\u00e2teau plum et au chocolat est fabriqu\u00e9 avec les meilleures mati\u00e8res premi\u00e8res, ce qui garantit un go\u00fbt et une texture incomparables. De plus, \u00e9tant v\u00e9g\u00e9talien, il constitue une option saine et respectueuse de l&rsquo;environnement.<\/p>\n<p>Ce g\u00e2teau plum est parfait pour toute occasion sp\u00e9ciale ou simplement pour savourer un d\u00e9licieux dessert ou un en-cas. Et comme il est d\u00e9cor\u00e9 de morceaux de gla\u00e7age au chocolat, c&rsquo;est un cadeau id\u00e9al pour surprendre vos amis et votre famille.<\/p>\n<p>Commandez d\u00e8s maintenant et d\u00e9couvrez le go\u00fbt unique et d\u00e9licieux de notre g\u00e2teau aux prunes et au chocolat &#8211; vous ne le regretterez pas!<\/p>\n","protected":false},"featured_media":853,"comment_status":"closed","ping_status":"closed","template":"","meta":[],"product_brand":[],"product_cat":[143],"product_tag":[190],"class_list":{"0":"post-2603","1":"product","2":"type-product","3":"status-publish","4":"has-post-thumbnail","6":"product_cat-desserts-vegan","7":"product_tag-vegan","9":"first","10":"instock","11":"shipping-taxable","12":"product-type-simple"},"yoast_head":"<!-- This site is optimized with the Yoast SEO plugin v27.3 - https:\/\/yoast.com\/product\/yoast-seo-wordpress\/ -->\n<title>G\u00e2teau Plum V\u00e9g\u00e9talien au chocolat - BioPastis<\/title>\n<meta name=\"description\" content=\"D\u00e9gustez notre d\u00e9licieux g\u00e2teau plum et au chocolat, une g\u00e9noise artisanale fabriqu\u00e9e avec les meilleurs ingr\u00e9dients v\u00e9g\u00e9taliens, sans \u0153uf ni graisse animale.\" \/>\n<meta name=\"robots\" content=\"index, follow, max-snippet:-1, max-image-preview:large, max-video-preview:-1\" \/>\n<link rel=\"canonical\" href=\"https:\/\/biopastis.com\/fr\/productos\/desserts-vegan\/gateau-plum-vegetalien-au-chocolat\/\" \/>\n<meta property=\"og:locale\" content=\"fr_FR\" \/>\n<meta property=\"og:type\" content=\"article\" \/>\n<meta property=\"og:title\" content=\"G\u00e2teau Plum V\u00e9g\u00e9talien au chocolat - BioPastis\" \/>\n<meta property=\"og:description\" content=\"D\u00e9gustez notre d\u00e9licieux g\u00e2teau plum et au chocolat, une g\u00e9noise artisanale fabriqu\u00e9e avec les meilleurs ingr\u00e9dients v\u00e9g\u00e9taliens, sans \u0153uf ni graisse animale.\" \/>\n<meta property=\"og:url\" content=\"https:\/\/biopastis.com\/fr\/productos\/desserts-vegan\/gateau-plum-vegetalien-au-chocolat\/\" \/>\n<meta property=\"og:site_name\" content=\"BioPastis\" \/>\n<meta property=\"article:modified_time\" content=\"2025-07-24T13:35:34+00:00\" \/>\n<meta property=\"og:image\" content=\"https:\/\/biopastis.com\/wp-content\/uploads\/2023\/11\/Plum-cake-Vegano-Chocolate-700g-2-scaled-1.jpg\" \/>\n\t<meta property=\"og:image:width\" content=\"2560\" \/>\n\t<meta property=\"og:image:height\" content=\"1920\" \/>\n\t<meta property=\"og:image:type\" content=\"image\/jpeg\" \/>\n<meta name=\"twitter:card\" content=\"summary_large_image\" \/>\n<script type=\"application\/ld+json\" class=\"yoast-schema-graph\">{\"@context\":\"https:\\\/\\\/schema.org\",\"@graph\":[{\"@type\":\"WebPage\",\"@id\":\"https:\\\/\\\/biopastis.com\\\/fr\\\/productos\\\/desserts-vegan\\\/gateau-plum-vegetalien-au-chocolat\\\/\",\"url\":\"https:\\\/\\\/biopastis.com\\\/fr\\\/productos\\\/desserts-vegan\\\/gateau-plum-vegetalien-au-chocolat\\\/\",\"name\":\"G\u00e2teau Plum V\u00e9g\u00e9talien au chocolat - BioPastis\",\"isPartOf\":{\"@id\":\"https:\\\/\\\/biopastis.com\\\/fr\\\/#website\"},\"primaryImageOfPage\":{\"@id\":\"https:\\\/\\\/biopastis.com\\\/fr\\\/productos\\\/desserts-vegan\\\/gateau-plum-vegetalien-au-chocolat\\\/#primaryimage\"},\"image\":{\"@id\":\"https:\\\/\\\/biopastis.com\\\/fr\\\/productos\\\/desserts-vegan\\\/gateau-plum-vegetalien-au-chocolat\\\/#primaryimage\"},\"thumbnailUrl\":\"https:\\\/\\\/biopastis.com\\\/wp-content\\\/uploads\\\/2023\\\/11\\\/Plum-cake-Vegano-Chocolate-700g-2-scaled-1.jpg\",\"datePublished\":\"2023-11-12T09:36:44+00:00\",\"dateModified\":\"2025-07-24T13:35:34+00:00\",\"description\":\"D\u00e9gustez notre d\u00e9licieux g\u00e2teau plum et au chocolat, une g\u00e9noise artisanale fabriqu\u00e9e avec les meilleurs ingr\u00e9dients v\u00e9g\u00e9taliens, sans \u0153uf ni graisse animale.\",\"breadcrumb\":{\"@id\":\"https:\\\/\\\/biopastis.com\\\/fr\\\/productos\\\/desserts-vegan\\\/gateau-plum-vegetalien-au-chocolat\\\/#breadcrumb\"},\"inLanguage\":\"fr-FR\",\"potentialAction\":[{\"@type\":\"ReadAction\",\"target\":[\"https:\\\/\\\/biopastis.com\\\/fr\\\/productos\\\/desserts-vegan\\\/gateau-plum-vegetalien-au-chocolat\\\/\"]}]},{\"@type\":\"ImageObject\",\"inLanguage\":\"fr-FR\",\"@id\":\"https:\\\/\\\/biopastis.com\\\/fr\\\/productos\\\/desserts-vegan\\\/gateau-plum-vegetalien-au-chocolat\\\/#primaryimage\",\"url\":\"https:\\\/\\\/biopastis.com\\\/wp-content\\\/uploads\\\/2023\\\/11\\\/Plum-cake-Vegano-Chocolate-700g-2-scaled-1.jpg\",\"contentUrl\":\"https:\\\/\\\/biopastis.com\\\/wp-content\\\/uploads\\\/2023\\\/11\\\/Plum-cake-Vegano-Chocolate-700g-2-scaled-1.jpg\",\"width\":2560,\"height\":1920},{\"@type\":\"BreadcrumbList\",\"@id\":\"https:\\\/\\\/biopastis.com\\\/fr\\\/productos\\\/desserts-vegan\\\/gateau-plum-vegetalien-au-chocolat\\\/#breadcrumb\",\"itemListElement\":[{\"@type\":\"ListItem\",\"position\":1,\"name\":\"Portada\",\"item\":\"https:\\\/\\\/biopastis.com\\\/fr\\\/\"},{\"@type\":\"ListItem\",\"position\":2,\"name\":\"Produits\",\"item\":\"https:\\\/\\\/biopastis.com\\\/fr\\\/boutique\\\/\"},{\"@type\":\"ListItem\",\"position\":3,\"name\":\"G\u00e2teau Plum V\u00e9g\u00e9talien au chocolat\"}]},{\"@type\":\"WebSite\",\"@id\":\"https:\\\/\\\/biopastis.com\\\/fr\\\/#website\",\"url\":\"https:\\\/\\\/biopastis.com\\\/fr\\\/\",\"name\":\"BioPastis\",\"description\":\"La alimentaci\u00f3n natural\",\"publisher\":{\"@id\":\"https:\\\/\\\/biopastis.com\\\/fr\\\/#organization\"},\"potentialAction\":[{\"@type\":\"SearchAction\",\"target\":{\"@type\":\"EntryPoint\",\"urlTemplate\":\"https:\\\/\\\/biopastis.com\\\/fr\\\/?s={search_term_string}\"},\"query-input\":{\"@type\":\"PropertyValueSpecification\",\"valueRequired\":true,\"valueName\":\"search_term_string\"}}],\"inLanguage\":\"fr-FR\"},{\"@type\":\"Organization\",\"@id\":\"https:\\\/\\\/biopastis.com\\\/fr\\\/#organization\",\"name\":\"BioPastis\",\"url\":\"https:\\\/\\\/biopastis.com\\\/fr\\\/\",\"logo\":{\"@type\":\"ImageObject\",\"inLanguage\":\"fr-FR\",\"@id\":\"https:\\\/\\\/biopastis.com\\\/fr\\\/#\\\/schema\\\/logo\\\/image\\\/\",\"url\":\"https:\\\/\\\/biopastis.com\\\/wp-content\\\/uploads\\\/2024\\\/01\\\/BIOPASTIS-NATURAL.jpg\",\"contentUrl\":\"https:\\\/\\\/biopastis.com\\\/wp-content\\\/uploads\\\/2024\\\/01\\\/BIOPASTIS-NATURAL.jpg\",\"width\":658,\"height\":663,\"caption\":\"BioPastis\"},\"image\":{\"@id\":\"https:\\\/\\\/biopastis.com\\\/fr\\\/#\\\/schema\\\/logo\\\/image\\\/\"}}]}<\/script>\n<!-- \/ Yoast SEO plugin. -->","yoast_head_json":{"title":"G\u00e2teau Plum V\u00e9g\u00e9talien au chocolat - BioPastis","description":"D\u00e9gustez notre d\u00e9licieux g\u00e2teau plum et au chocolat, une g\u00e9noise artisanale fabriqu\u00e9e avec les meilleurs ingr\u00e9dients v\u00e9g\u00e9taliens, sans \u0153uf ni graisse animale.","robots":{"index":"index","follow":"follow","max-snippet":"max-snippet:-1","max-image-preview":"max-image-preview:large","max-video-preview":"max-video-preview:-1"},"canonical":"https:\/\/biopastis.com\/fr\/productos\/desserts-vegan\/gateau-plum-vegetalien-au-chocolat\/","og_locale":"fr_FR","og_type":"article","og_title":"G\u00e2teau Plum V\u00e9g\u00e9talien au chocolat - BioPastis","og_description":"D\u00e9gustez notre d\u00e9licieux g\u00e2teau plum et au chocolat, une g\u00e9noise artisanale fabriqu\u00e9e avec les meilleurs ingr\u00e9dients v\u00e9g\u00e9taliens, sans \u0153uf ni graisse animale.","og_url":"https:\/\/biopastis.com\/fr\/productos\/desserts-vegan\/gateau-plum-vegetalien-au-chocolat\/","og_site_name":"BioPastis","article_modified_time":"2025-07-24T13:35:34+00:00","og_image":[{"width":2560,"height":1920,"url":"https:\/\/biopastis.com\/wp-content\/uploads\/2023\/11\/Plum-cake-Vegano-Chocolate-700g-2-scaled-1.jpg","type":"image\/jpeg"}],"twitter_card":"summary_large_image","schema":{"@context":"https:\/\/schema.org","@graph":[{"@type":"WebPage","@id":"https:\/\/biopastis.com\/fr\/productos\/desserts-vegan\/gateau-plum-vegetalien-au-chocolat\/","url":"https:\/\/biopastis.com\/fr\/productos\/desserts-vegan\/gateau-plum-vegetalien-au-chocolat\/","name":"G\u00e2teau Plum V\u00e9g\u00e9talien au chocolat - BioPastis","isPartOf":{"@id":"https:\/\/biopastis.com\/fr\/#website"},"primaryImageOfPage":{"@id":"https:\/\/biopastis.com\/fr\/productos\/desserts-vegan\/gateau-plum-vegetalien-au-chocolat\/#primaryimage"},"image":{"@id":"https:\/\/biopastis.com\/fr\/productos\/desserts-vegan\/gateau-plum-vegetalien-au-chocolat\/#primaryimage"},"thumbnailUrl":"https:\/\/biopastis.com\/wp-content\/uploads\/2023\/11\/Plum-cake-Vegano-Chocolate-700g-2-scaled-1.jpg","datePublished":"2023-11-12T09:36:44+00:00","dateModified":"2025-07-24T13:35:34+00:00","description":"D\u00e9gustez notre d\u00e9licieux g\u00e2teau plum et au chocolat, une g\u00e9noise artisanale fabriqu\u00e9e avec les meilleurs ingr\u00e9dients v\u00e9g\u00e9taliens, sans \u0153uf ni graisse animale.","breadcrumb":{"@id":"https:\/\/biopastis.com\/fr\/productos\/desserts-vegan\/gateau-plum-vegetalien-au-chocolat\/#breadcrumb"},"inLanguage":"fr-FR","potentialAction":[{"@type":"ReadAction","target":["https:\/\/biopastis.com\/fr\/productos\/desserts-vegan\/gateau-plum-vegetalien-au-chocolat\/"]}]},{"@type":"ImageObject","inLanguage":"fr-FR","@id":"https:\/\/biopastis.com\/fr\/productos\/desserts-vegan\/gateau-plum-vegetalien-au-chocolat\/#primaryimage","url":"https:\/\/biopastis.com\/wp-content\/uploads\/2023\/11\/Plum-cake-Vegano-Chocolate-700g-2-scaled-1.jpg","contentUrl":"https:\/\/biopastis.com\/wp-content\/uploads\/2023\/11\/Plum-cake-Vegano-Chocolate-700g-2-scaled-1.jpg","width":2560,"height":1920},{"@type":"BreadcrumbList","@id":"https:\/\/biopastis.com\/fr\/productos\/desserts-vegan\/gateau-plum-vegetalien-au-chocolat\/#breadcrumb","itemListElement":[{"@type":"ListItem","position":1,"name":"Portada","item":"https:\/\/biopastis.com\/fr\/"},{"@type":"ListItem","position":2,"name":"Produits","item":"https:\/\/biopastis.com\/fr\/boutique\/"},{"@type":"ListItem","position":3,"name":"G\u00e2teau Plum V\u00e9g\u00e9talien au chocolat"}]},{"@type":"WebSite","@id":"https:\/\/biopastis.com\/fr\/#website","url":"https:\/\/biopastis.com\/fr\/","name":"BioPastis","description":"La alimentaci\u00f3n natural","publisher":{"@id":"https:\/\/biopastis.com\/fr\/#organization"},"potentialAction":[{"@type":"SearchAction","target":{"@type":"EntryPoint","urlTemplate":"https:\/\/biopastis.com\/fr\/?s={search_term_string}"},"query-input":{"@type":"PropertyValueSpecification","valueRequired":true,"valueName":"search_term_string"}}],"inLanguage":"fr-FR"},{"@type":"Organization","@id":"https:\/\/biopastis.com\/fr\/#organization","name":"BioPastis","url":"https:\/\/biopastis.com\/fr\/","logo":{"@type":"ImageObject","inLanguage":"fr-FR","@id":"https:\/\/biopastis.com\/fr\/#\/schema\/logo\/image\/","url":"https:\/\/biopastis.com\/wp-content\/uploads\/2024\/01\/BIOPASTIS-NATURAL.jpg","contentUrl":"https:\/\/biopastis.com\/wp-content\/uploads\/2024\/01\/BIOPASTIS-NATURAL.jpg","width":658,"height":663,"caption":"BioPastis"},"image":{"@id":"https:\/\/biopastis.com\/fr\/#\/schema\/logo\/image\/"}}]}},"_links":{"self":[{"href":"https:\/\/biopastis.com\/fr\/wp-json\/wp\/v2\/product\/2603","targetHints":{"allow":["GET"]}}],"collection":[{"href":"https:\/\/biopastis.com\/fr\/wp-json\/wp\/v2\/product"}],"about":[{"href":"https:\/\/biopastis.com\/fr\/wp-json\/wp\/v2\/types\/product"}],"replies":[{"embeddable":true,"href":"https:\/\/biopastis.com\/fr\/wp-json\/wp\/v2\/comments?post=2603"}],"wp:featuredmedia":[{"embeddable":true,"href":"https:\/\/biopastis.com\/fr\/wp-json\/wp\/v2\/media\/853"}],"wp:attachment":[{"href":"https:\/\/biopastis.com\/fr\/wp-json\/wp\/v2\/media?parent=2603"}],"wp:term":[{"taxonomy":"product_brand","embeddable":true,"href":"https:\/\/biopastis.com\/fr\/wp-json\/wp\/v2\/product_brand?post=2603"},{"taxonomy":"product_cat","embeddable":true,"href":"https:\/\/biopastis.com\/fr\/wp-json\/wp\/v2\/product_cat?post=2603"},{"taxonomy":"product_tag","embeddable":true,"href":"https:\/\/biopastis.com\/fr\/wp-json\/wp\/v2\/product_tag?post=2603"}],"curies":[{"name":"wp","href":"https:\/\/api.w.org\/{rel}","templated":true}]}}