{"id":2598,"date":"2023-11-12T10:36:46","date_gmt":"2023-11-12T09:36:46","guid":{"rendered":"https:\/\/biopastis.com\/?post_type=product&#038;p=2598"},"modified":"2025-07-24T15:35:09","modified_gmt":"2025-07-24T13:35:09","slug":"gateau-plum-vegetalien-aux-framboises","status":"publish","type":"product","link":"https:\/\/biopastis.com\/fr\/productos\/desserts-vegan\/gateau-plum-vegetalien-aux-framboises\/","title":{"rendered":"G\u00e2teau Plum v\u00e9g\u00e9talien aux framboises"},"content":{"rendered":"<table>\n<tbody>\n<tr>\n<td class=\"bd\">Poids<\/td>\n<td class=\"der\">700 Kgr +\/- 5%<\/td>\n<\/tr>\n<tr>\n<td class=\"bd\">Taille<\/td>\n<td class=\"der\">280x100x80<\/td>\n<\/tr>\n<tr>\n<td class=\"bd\">Portions<\/td>\n<td class=\"der\">1<\/td>\n<\/tr>\n<tr>\n<td class=\"bd\">Pi\u00e8ces<\/td>\n<td class=\"der\">4<\/td>\n<\/tr>\n<\/tbody>\n<\/table>\n<p><a href=\"https:\/\/biopastis.com\/wp-content\/uploads\/2024\/02\/FICHA_TECNICA_PLUM_CAKE_VEGANO_DE_FRAMBUESA.pdf\" rel=\"attachment wp-att-8189\"><img loading=\"lazy\" decoding=\"async\" class=\"alignleft wp-image-8189 size-thumbnail\" src=\"https:\/\/biopastis.com\/wp-content\/uploads\/2024\/01\/icono-pdf-150x150-1.png\" alt=\"\" width=\"150\" height=\"150\" \/><\/a><\/p>\n","protected":false},"excerpt":{"rendered":"<p>Savourez notre exquis g\u00e2teau plum aux framboises, une g\u00e9noise artisanale fabriqu\u00e9e avec les meilleurs ingr\u00e9dients v\u00e9g\u00e9taliens, sans \u0153uf ni graisse animale. Cette moelleuse g\u00e9noise \u00e0 la vanille est fourr\u00e9e d&rsquo;une spectaculaire confiture de framboises, qui lui conf\u00e8re une saveur sucr\u00e9e et juteuse. En outre, nous ajoutons un biscuit croustillant \u00e0 la surface du g\u00e2teau aux prunes, ce qui lui conf\u00e8re une touche d\u00e9licieuse et unique.<\/p>\n<p>Notre g\u00e2teau plum aux framboises est une option d\u00e9licieuse pour un dessert ou un en-cas sain et v\u00e9g\u00e9talien. En outre, la confiture de framboises contient des antioxydants et des vitamines b\u00e9n\u00e9fiques pour la sant\u00e9.<\/p>\n","protected":false},"featured_media":860,"comment_status":"closed","ping_status":"closed","template":"","meta":[],"product_brand":[],"product_cat":[143],"product_tag":[190],"class_list":{"0":"post-2598","1":"product","2":"type-product","3":"status-publish","4":"has-post-thumbnail","6":"product_cat-desserts-vegan","7":"product_tag-vegan","9":"first","10":"instock","11":"shipping-taxable","12":"product-type-simple"},"yoast_head":"<!-- This site is optimized with the Yoast SEO plugin v27.3 - https:\/\/yoast.com\/product\/yoast-seo-wordpress\/ -->\n<title>G\u00e2teau Plum v\u00e9g\u00e9talien aux framboises - BioPastis<\/title>\n<meta name=\"description\" content=\"Cette moelleuse g\u00e9noise \u00e0 la vanille est fourr\u00e9e d&#039;une spectaculaire confiture de framboises, qui lui conf\u00e8re un go\u00fbt sucr\u00e9 et juteux.\" \/>\n<meta name=\"robots\" content=\"index, follow, max-snippet:-1, max-image-preview:large, max-video-preview:-1\" \/>\n<link rel=\"canonical\" href=\"https:\/\/biopastis.com\/fr\/productos\/desserts-vegan\/gateau-plum-vegetalien-aux-framboises\/\" \/>\n<meta property=\"og:locale\" content=\"fr_FR\" \/>\n<meta property=\"og:type\" content=\"article\" \/>\n<meta property=\"og:title\" content=\"G\u00e2teau Plum v\u00e9g\u00e9talien aux framboises - BioPastis\" \/>\n<meta property=\"og:description\" content=\"Cette moelleuse g\u00e9noise \u00e0 la vanille est fourr\u00e9e d&#039;une spectaculaire confiture de framboises, qui lui conf\u00e8re un go\u00fbt sucr\u00e9 et juteux.\" \/>\n<meta property=\"og:url\" content=\"https:\/\/biopastis.com\/fr\/productos\/desserts-vegan\/gateau-plum-vegetalien-aux-framboises\/\" \/>\n<meta property=\"og:site_name\" content=\"BioPastis\" \/>\n<meta property=\"article:modified_time\" content=\"2025-07-24T13:35:09+00:00\" \/>\n<meta property=\"og:image\" content=\"https:\/\/biopastis.com\/wp-content\/uploads\/2023\/11\/Plum-cake-Vegano-Frambuesa-700g-scaled-1.jpg\" \/>\n\t<meta property=\"og:image:width\" content=\"2560\" \/>\n\t<meta property=\"og:image:height\" content=\"1920\" \/>\n\t<meta property=\"og:image:type\" content=\"image\/jpeg\" \/>\n<meta name=\"twitter:card\" content=\"summary_large_image\" \/>\n<script type=\"application\/ld+json\" class=\"yoast-schema-graph\">{\"@context\":\"https:\\\/\\\/schema.org\",\"@graph\":[{\"@type\":\"WebPage\",\"@id\":\"https:\\\/\\\/biopastis.com\\\/fr\\\/productos\\\/desserts-vegan\\\/gateau-plum-vegetalien-aux-framboises\\\/\",\"url\":\"https:\\\/\\\/biopastis.com\\\/fr\\\/productos\\\/desserts-vegan\\\/gateau-plum-vegetalien-aux-framboises\\\/\",\"name\":\"G\u00e2teau Plum v\u00e9g\u00e9talien aux framboises - BioPastis\",\"isPartOf\":{\"@id\":\"https:\\\/\\\/biopastis.com\\\/fr\\\/#website\"},\"primaryImageOfPage\":{\"@id\":\"https:\\\/\\\/biopastis.com\\\/fr\\\/productos\\\/desserts-vegan\\\/gateau-plum-vegetalien-aux-framboises\\\/#primaryimage\"},\"image\":{\"@id\":\"https:\\\/\\\/biopastis.com\\\/fr\\\/productos\\\/desserts-vegan\\\/gateau-plum-vegetalien-aux-framboises\\\/#primaryimage\"},\"thumbnailUrl\":\"https:\\\/\\\/biopastis.com\\\/wp-content\\\/uploads\\\/2023\\\/11\\\/Plum-cake-Vegano-Frambuesa-700g-scaled-1.jpg\",\"datePublished\":\"2023-11-12T09:36:46+00:00\",\"dateModified\":\"2025-07-24T13:35:09+00:00\",\"description\":\"Cette moelleuse g\u00e9noise \u00e0 la vanille est fourr\u00e9e d'une spectaculaire confiture de framboises, qui lui conf\u00e8re un go\u00fbt sucr\u00e9 et juteux.\",\"breadcrumb\":{\"@id\":\"https:\\\/\\\/biopastis.com\\\/fr\\\/productos\\\/desserts-vegan\\\/gateau-plum-vegetalien-aux-framboises\\\/#breadcrumb\"},\"inLanguage\":\"fr-FR\",\"potentialAction\":[{\"@type\":\"ReadAction\",\"target\":[\"https:\\\/\\\/biopastis.com\\\/fr\\\/productos\\\/desserts-vegan\\\/gateau-plum-vegetalien-aux-framboises\\\/\"]}]},{\"@type\":\"ImageObject\",\"inLanguage\":\"fr-FR\",\"@id\":\"https:\\\/\\\/biopastis.com\\\/fr\\\/productos\\\/desserts-vegan\\\/gateau-plum-vegetalien-aux-framboises\\\/#primaryimage\",\"url\":\"https:\\\/\\\/biopastis.com\\\/wp-content\\\/uploads\\\/2023\\\/11\\\/Plum-cake-Vegano-Frambuesa-700g-scaled-1.jpg\",\"contentUrl\":\"https:\\\/\\\/biopastis.com\\\/wp-content\\\/uploads\\\/2023\\\/11\\\/Plum-cake-Vegano-Frambuesa-700g-scaled-1.jpg\",\"width\":2560,\"height\":1920},{\"@type\":\"BreadcrumbList\",\"@id\":\"https:\\\/\\\/biopastis.com\\\/fr\\\/productos\\\/desserts-vegan\\\/gateau-plum-vegetalien-aux-framboises\\\/#breadcrumb\",\"itemListElement\":[{\"@type\":\"ListItem\",\"position\":1,\"name\":\"Portada\",\"item\":\"https:\\\/\\\/biopastis.com\\\/fr\\\/\"},{\"@type\":\"ListItem\",\"position\":2,\"name\":\"Produits\",\"item\":\"https:\\\/\\\/biopastis.com\\\/fr\\\/boutique\\\/\"},{\"@type\":\"ListItem\",\"position\":3,\"name\":\"G\u00e2teau Plum v\u00e9g\u00e9talien aux framboises\"}]},{\"@type\":\"WebSite\",\"@id\":\"https:\\\/\\\/biopastis.com\\\/fr\\\/#website\",\"url\":\"https:\\\/\\\/biopastis.com\\\/fr\\\/\",\"name\":\"BioPastis\",\"description\":\"La alimentaci\u00f3n natural\",\"publisher\":{\"@id\":\"https:\\\/\\\/biopastis.com\\\/fr\\\/#organization\"},\"potentialAction\":[{\"@type\":\"SearchAction\",\"target\":{\"@type\":\"EntryPoint\",\"urlTemplate\":\"https:\\\/\\\/biopastis.com\\\/fr\\\/?s={search_term_string}\"},\"query-input\":{\"@type\":\"PropertyValueSpecification\",\"valueRequired\":true,\"valueName\":\"search_term_string\"}}],\"inLanguage\":\"fr-FR\"},{\"@type\":\"Organization\",\"@id\":\"https:\\\/\\\/biopastis.com\\\/fr\\\/#organization\",\"name\":\"BioPastis\",\"url\":\"https:\\\/\\\/biopastis.com\\\/fr\\\/\",\"logo\":{\"@type\":\"ImageObject\",\"inLanguage\":\"fr-FR\",\"@id\":\"https:\\\/\\\/biopastis.com\\\/fr\\\/#\\\/schema\\\/logo\\\/image\\\/\",\"url\":\"https:\\\/\\\/biopastis.com\\\/wp-content\\\/uploads\\\/2024\\\/01\\\/BIOPASTIS-NATURAL.jpg\",\"contentUrl\":\"https:\\\/\\\/biopastis.com\\\/wp-content\\\/uploads\\\/2024\\\/01\\\/BIOPASTIS-NATURAL.jpg\",\"width\":658,\"height\":663,\"caption\":\"BioPastis\"},\"image\":{\"@id\":\"https:\\\/\\\/biopastis.com\\\/fr\\\/#\\\/schema\\\/logo\\\/image\\\/\"}}]}<\/script>\n<!-- \/ Yoast SEO plugin. -->","yoast_head_json":{"title":"G\u00e2teau Plum v\u00e9g\u00e9talien aux framboises - BioPastis","description":"Cette moelleuse g\u00e9noise \u00e0 la vanille est fourr\u00e9e d'une spectaculaire confiture de framboises, qui lui conf\u00e8re un go\u00fbt sucr\u00e9 et juteux.","robots":{"index":"index","follow":"follow","max-snippet":"max-snippet:-1","max-image-preview":"max-image-preview:large","max-video-preview":"max-video-preview:-1"},"canonical":"https:\/\/biopastis.com\/fr\/productos\/desserts-vegan\/gateau-plum-vegetalien-aux-framboises\/","og_locale":"fr_FR","og_type":"article","og_title":"G\u00e2teau Plum v\u00e9g\u00e9talien aux framboises - BioPastis","og_description":"Cette moelleuse g\u00e9noise \u00e0 la vanille est fourr\u00e9e d'une spectaculaire confiture de framboises, qui lui conf\u00e8re un go\u00fbt sucr\u00e9 et juteux.","og_url":"https:\/\/biopastis.com\/fr\/productos\/desserts-vegan\/gateau-plum-vegetalien-aux-framboises\/","og_site_name":"BioPastis","article_modified_time":"2025-07-24T13:35:09+00:00","og_image":[{"width":2560,"height":1920,"url":"https:\/\/biopastis.com\/wp-content\/uploads\/2023\/11\/Plum-cake-Vegano-Frambuesa-700g-scaled-1.jpg","type":"image\/jpeg"}],"twitter_card":"summary_large_image","schema":{"@context":"https:\/\/schema.org","@graph":[{"@type":"WebPage","@id":"https:\/\/biopastis.com\/fr\/productos\/desserts-vegan\/gateau-plum-vegetalien-aux-framboises\/","url":"https:\/\/biopastis.com\/fr\/productos\/desserts-vegan\/gateau-plum-vegetalien-aux-framboises\/","name":"G\u00e2teau Plum v\u00e9g\u00e9talien aux framboises - BioPastis","isPartOf":{"@id":"https:\/\/biopastis.com\/fr\/#website"},"primaryImageOfPage":{"@id":"https:\/\/biopastis.com\/fr\/productos\/desserts-vegan\/gateau-plum-vegetalien-aux-framboises\/#primaryimage"},"image":{"@id":"https:\/\/biopastis.com\/fr\/productos\/desserts-vegan\/gateau-plum-vegetalien-aux-framboises\/#primaryimage"},"thumbnailUrl":"https:\/\/biopastis.com\/wp-content\/uploads\/2023\/11\/Plum-cake-Vegano-Frambuesa-700g-scaled-1.jpg","datePublished":"2023-11-12T09:36:46+00:00","dateModified":"2025-07-24T13:35:09+00:00","description":"Cette moelleuse g\u00e9noise \u00e0 la vanille est fourr\u00e9e d'une spectaculaire confiture de framboises, qui lui conf\u00e8re un go\u00fbt sucr\u00e9 et juteux.","breadcrumb":{"@id":"https:\/\/biopastis.com\/fr\/productos\/desserts-vegan\/gateau-plum-vegetalien-aux-framboises\/#breadcrumb"},"inLanguage":"fr-FR","potentialAction":[{"@type":"ReadAction","target":["https:\/\/biopastis.com\/fr\/productos\/desserts-vegan\/gateau-plum-vegetalien-aux-framboises\/"]}]},{"@type":"ImageObject","inLanguage":"fr-FR","@id":"https:\/\/biopastis.com\/fr\/productos\/desserts-vegan\/gateau-plum-vegetalien-aux-framboises\/#primaryimage","url":"https:\/\/biopastis.com\/wp-content\/uploads\/2023\/11\/Plum-cake-Vegano-Frambuesa-700g-scaled-1.jpg","contentUrl":"https:\/\/biopastis.com\/wp-content\/uploads\/2023\/11\/Plum-cake-Vegano-Frambuesa-700g-scaled-1.jpg","width":2560,"height":1920},{"@type":"BreadcrumbList","@id":"https:\/\/biopastis.com\/fr\/productos\/desserts-vegan\/gateau-plum-vegetalien-aux-framboises\/#breadcrumb","itemListElement":[{"@type":"ListItem","position":1,"name":"Portada","item":"https:\/\/biopastis.com\/fr\/"},{"@type":"ListItem","position":2,"name":"Produits","item":"https:\/\/biopastis.com\/fr\/boutique\/"},{"@type":"ListItem","position":3,"name":"G\u00e2teau Plum v\u00e9g\u00e9talien aux framboises"}]},{"@type":"WebSite","@id":"https:\/\/biopastis.com\/fr\/#website","url":"https:\/\/biopastis.com\/fr\/","name":"BioPastis","description":"La alimentaci\u00f3n natural","publisher":{"@id":"https:\/\/biopastis.com\/fr\/#organization"},"potentialAction":[{"@type":"SearchAction","target":{"@type":"EntryPoint","urlTemplate":"https:\/\/biopastis.com\/fr\/?s={search_term_string}"},"query-input":{"@type":"PropertyValueSpecification","valueRequired":true,"valueName":"search_term_string"}}],"inLanguage":"fr-FR"},{"@type":"Organization","@id":"https:\/\/biopastis.com\/fr\/#organization","name":"BioPastis","url":"https:\/\/biopastis.com\/fr\/","logo":{"@type":"ImageObject","inLanguage":"fr-FR","@id":"https:\/\/biopastis.com\/fr\/#\/schema\/logo\/image\/","url":"https:\/\/biopastis.com\/wp-content\/uploads\/2024\/01\/BIOPASTIS-NATURAL.jpg","contentUrl":"https:\/\/biopastis.com\/wp-content\/uploads\/2024\/01\/BIOPASTIS-NATURAL.jpg","width":658,"height":663,"caption":"BioPastis"},"image":{"@id":"https:\/\/biopastis.com\/fr\/#\/schema\/logo\/image\/"}}]}},"_links":{"self":[{"href":"https:\/\/biopastis.com\/fr\/wp-json\/wp\/v2\/product\/2598","targetHints":{"allow":["GET"]}}],"collection":[{"href":"https:\/\/biopastis.com\/fr\/wp-json\/wp\/v2\/product"}],"about":[{"href":"https:\/\/biopastis.com\/fr\/wp-json\/wp\/v2\/types\/product"}],"replies":[{"embeddable":true,"href":"https:\/\/biopastis.com\/fr\/wp-json\/wp\/v2\/comments?post=2598"}],"wp:featuredmedia":[{"embeddable":true,"href":"https:\/\/biopastis.com\/fr\/wp-json\/wp\/v2\/media\/860"}],"wp:attachment":[{"href":"https:\/\/biopastis.com\/fr\/wp-json\/wp\/v2\/media?parent=2598"}],"wp:term":[{"taxonomy":"product_brand","embeddable":true,"href":"https:\/\/biopastis.com\/fr\/wp-json\/wp\/v2\/product_brand?post=2598"},{"taxonomy":"product_cat","embeddable":true,"href":"https:\/\/biopastis.com\/fr\/wp-json\/wp\/v2\/product_cat?post=2598"},{"taxonomy":"product_tag","embeddable":true,"href":"https:\/\/biopastis.com\/fr\/wp-json\/wp\/v2\/product_tag?post=2598"}],"curies":[{"name":"wp","href":"https:\/\/api.w.org\/{rel}","templated":true}]}}