{"id":2588,"date":"2023-11-12T10:36:59","date_gmt":"2023-11-12T09:36:59","guid":{"rendered":"https:\/\/biopastis.com\/producto\/gateau-vegetalien-aux-carottes\/"},"modified":"2024-03-19T16:59:52","modified_gmt":"2024-03-19T15:59:52","slug":"gateau-vegetalien-aux-carottes","status":"publish","type":"product","link":"https:\/\/biopastis.com\/fr\/productos\/desserts-vegan\/gateau-vegetalien-aux-carottes\/","title":{"rendered":"G\u00e2teau v\u00e9g\u00e9talien aux carottes"},"content":{"rendered":"<table>\n<tbody>\n<tr>\n<td class=\"bd\">Poids<\/td>\n<td class=\"der\">1000 Kgr +\/- 5%<\/td>\n<\/tr>\n<tr>\n<td class=\"bd\">Taille<\/td>\n<td class=\"der\">240&#215;60<\/td>\n<\/tr>\n<tr>\n<td class=\"bd\">Portions<\/td>\n<td class=\"der\">1<\/td>\n<\/tr>\n<tr>\n<td class=\"bd\">Pi\u00e8ces<\/td>\n<td class=\"der\">1<\/td>\n<\/tr>\n<\/tbody>\n<\/table>\n<p><a href=\"https:\/\/biopastis.com\/wp-content\/uploads\/2024\/02\/FICHA_TECNICA_TARTA_VEGANA_DE_ZANAHORIA_1500g.pdf\" rel=\"attachment wp-att-8189\"><img loading=\"lazy\" decoding=\"async\" class=\"alignleft wp-image-8189 size-thumbnail\" src=\"https:\/\/biopastis.com\/wp-content\/uploads\/2024\/01\/icono-pdf-150x150-1.png\" alt=\"\" width=\"150\" height=\"150\" \/><\/a><\/p>\n","protected":false},"excerpt":{"rendered":"<p>Si vous aimez les desserts exotiques et sains, notre g\u00e2teau aux carottes est fait pour vous. Cette g\u00e9noise moelleuse et spongieuse est fabriqu\u00e9e \u00e0 partir des meilleures mati\u00e8res premi\u00e8res v\u00e9g\u00e9taliennes, sans graisse animale, et est aromatis\u00e9e au gingembre, aux clous de girofle, aux noix et \u00e0 la cannelle, ce qui lui conf\u00e8re une touche particuli\u00e8re et exotique.<br \/>\nLe g\u00e2teau est fourr\u00e9 d&rsquo;une l\u00e9g\u00e8re cr\u00e8me \u00e0 la margarine v\u00e9g\u00e9talienne qui donne une touche de douceur et de moelleux \u00e0 l&rsquo;ensemble. Il est \u00e9galement d\u00e9cor\u00e9 de d\u00e9tails d\u00e9licats qui le rendent encore plus app\u00e9tissant.<\/p>\n","protected":false},"featured_media":894,"comment_status":"closed","ping_status":"closed","template":"","meta":[],"product_brand":[],"product_cat":[143],"product_tag":[190],"class_list":{"0":"post-2588","1":"product","2":"type-product","3":"status-publish","4":"has-post-thumbnail","6":"product_cat-desserts-vegan","7":"product_tag-vegan","9":"first","10":"instock","11":"shipping-taxable","12":"product-type-simple"},"yoast_head":"<!-- This site is optimized with the Yoast SEO plugin v27.4 - https:\/\/yoast.com\/product\/yoast-seo-wordpress\/ -->\n<title>G\u00e2teau v\u00e9g\u00e9talien aux carottes - BioPastis<\/title>\n<meta name=\"description\" content=\"G\u00e2teau aux carottes aux ar\u00f4mes exotiques, g\u00e9noise moelleuse et cr\u00e8me l\u00e9g\u00e8re \u00e0 la margarine v\u00e9g\u00e9talienne.\" \/>\n<meta name=\"robots\" content=\"index, follow, max-snippet:-1, max-image-preview:large, max-video-preview:-1\" \/>\n<link rel=\"canonical\" href=\"https:\/\/biopastis.com\/fr\/productos\/desserts-vegan\/gateau-vegetalien-aux-carottes\/\" \/>\n<meta property=\"og:locale\" content=\"fr_FR\" \/>\n<meta property=\"og:type\" content=\"article\" \/>\n<meta property=\"og:title\" content=\"G\u00e2teau v\u00e9g\u00e9talien aux carottes - BioPastis\" \/>\n<meta property=\"og:description\" content=\"G\u00e2teau aux carottes aux ar\u00f4mes exotiques, g\u00e9noise moelleuse et cr\u00e8me l\u00e9g\u00e8re \u00e0 la margarine v\u00e9g\u00e9talienne.\" \/>\n<meta property=\"og:url\" content=\"https:\/\/biopastis.com\/fr\/productos\/desserts-vegan\/gateau-vegetalien-aux-carottes\/\" \/>\n<meta property=\"og:site_name\" content=\"BioPastis\" \/>\n<meta property=\"article:modified_time\" content=\"2024-03-19T15:59:52+00:00\" \/>\n<meta property=\"og:image\" content=\"https:\/\/biopastis.com\/wp-content\/uploads\/2023\/11\/Tarta-Vegana-1400g-scaled-1.jpg\" \/>\n\t<meta property=\"og:image:width\" content=\"2538\" \/>\n\t<meta property=\"og:image:height\" content=\"2560\" \/>\n\t<meta property=\"og:image:type\" content=\"image\/jpeg\" \/>\n<meta name=\"twitter:card\" content=\"summary_large_image\" \/>\n<script type=\"application\/ld+json\" class=\"yoast-schema-graph\">{\"@context\":\"https:\\\/\\\/schema.org\",\"@graph\":[{\"@type\":\"WebPage\",\"@id\":\"https:\\\/\\\/biopastis.com\\\/fr\\\/productos\\\/desserts-vegan\\\/gateau-vegetalien-aux-carottes\\\/\",\"url\":\"https:\\\/\\\/biopastis.com\\\/fr\\\/productos\\\/desserts-vegan\\\/gateau-vegetalien-aux-carottes\\\/\",\"name\":\"G\u00e2teau v\u00e9g\u00e9talien aux carottes - BioPastis\",\"isPartOf\":{\"@id\":\"https:\\\/\\\/biopastis.com\\\/fr\\\/#website\"},\"primaryImageOfPage\":{\"@id\":\"https:\\\/\\\/biopastis.com\\\/fr\\\/productos\\\/desserts-vegan\\\/gateau-vegetalien-aux-carottes\\\/#primaryimage\"},\"image\":{\"@id\":\"https:\\\/\\\/biopastis.com\\\/fr\\\/productos\\\/desserts-vegan\\\/gateau-vegetalien-aux-carottes\\\/#primaryimage\"},\"thumbnailUrl\":\"https:\\\/\\\/biopastis.com\\\/wp-content\\\/uploads\\\/2023\\\/11\\\/Tarta-Vegana-1400g-scaled-1.jpg\",\"datePublished\":\"2023-11-12T09:36:59+00:00\",\"dateModified\":\"2024-03-19T15:59:52+00:00\",\"description\":\"G\u00e2teau aux carottes aux ar\u00f4mes exotiques, g\u00e9noise moelleuse et cr\u00e8me l\u00e9g\u00e8re \u00e0 la margarine v\u00e9g\u00e9talienne.\",\"breadcrumb\":{\"@id\":\"https:\\\/\\\/biopastis.com\\\/fr\\\/productos\\\/desserts-vegan\\\/gateau-vegetalien-aux-carottes\\\/#breadcrumb\"},\"inLanguage\":\"fr-FR\",\"potentialAction\":[{\"@type\":\"ReadAction\",\"target\":[\"https:\\\/\\\/biopastis.com\\\/fr\\\/productos\\\/desserts-vegan\\\/gateau-vegetalien-aux-carottes\\\/\"]}]},{\"@type\":\"ImageObject\",\"inLanguage\":\"fr-FR\",\"@id\":\"https:\\\/\\\/biopastis.com\\\/fr\\\/productos\\\/desserts-vegan\\\/gateau-vegetalien-aux-carottes\\\/#primaryimage\",\"url\":\"https:\\\/\\\/biopastis.com\\\/wp-content\\\/uploads\\\/2023\\\/11\\\/Tarta-Vegana-1400g-scaled-1.jpg\",\"contentUrl\":\"https:\\\/\\\/biopastis.com\\\/wp-content\\\/uploads\\\/2023\\\/11\\\/Tarta-Vegana-1400g-scaled-1.jpg\",\"width\":2538,\"height\":2560},{\"@type\":\"BreadcrumbList\",\"@id\":\"https:\\\/\\\/biopastis.com\\\/fr\\\/productos\\\/desserts-vegan\\\/gateau-vegetalien-aux-carottes\\\/#breadcrumb\",\"itemListElement\":[{\"@type\":\"ListItem\",\"position\":1,\"name\":\"Portada\",\"item\":\"https:\\\/\\\/biopastis.com\\\/fr\\\/\"},{\"@type\":\"ListItem\",\"position\":2,\"name\":\"Produits\",\"item\":\"https:\\\/\\\/biopastis.com\\\/fr\\\/boutique\\\/\"},{\"@type\":\"ListItem\",\"position\":3,\"name\":\"G\u00e2teau v\u00e9g\u00e9talien aux carottes\"}]},{\"@type\":\"WebSite\",\"@id\":\"https:\\\/\\\/biopastis.com\\\/fr\\\/#website\",\"url\":\"https:\\\/\\\/biopastis.com\\\/fr\\\/\",\"name\":\"BioPastis\",\"description\":\"La alimentaci\u00f3n natural\",\"publisher\":{\"@id\":\"https:\\\/\\\/biopastis.com\\\/fr\\\/#organization\"},\"potentialAction\":[{\"@type\":\"SearchAction\",\"target\":{\"@type\":\"EntryPoint\",\"urlTemplate\":\"https:\\\/\\\/biopastis.com\\\/fr\\\/?s={search_term_string}\"},\"query-input\":{\"@type\":\"PropertyValueSpecification\",\"valueRequired\":true,\"valueName\":\"search_term_string\"}}],\"inLanguage\":\"fr-FR\"},{\"@type\":\"Organization\",\"@id\":\"https:\\\/\\\/biopastis.com\\\/fr\\\/#organization\",\"name\":\"BioPastis\",\"url\":\"https:\\\/\\\/biopastis.com\\\/fr\\\/\",\"logo\":{\"@type\":\"ImageObject\",\"inLanguage\":\"fr-FR\",\"@id\":\"https:\\\/\\\/biopastis.com\\\/fr\\\/#\\\/schema\\\/logo\\\/image\\\/\",\"url\":\"https:\\\/\\\/biopastis.com\\\/wp-content\\\/uploads\\\/2024\\\/01\\\/BIOPASTIS-NATURAL.jpg\",\"contentUrl\":\"https:\\\/\\\/biopastis.com\\\/wp-content\\\/uploads\\\/2024\\\/01\\\/BIOPASTIS-NATURAL.jpg\",\"width\":658,\"height\":663,\"caption\":\"BioPastis\"},\"image\":{\"@id\":\"https:\\\/\\\/biopastis.com\\\/fr\\\/#\\\/schema\\\/logo\\\/image\\\/\"}}]}<\/script>\n<!-- \/ Yoast SEO plugin. -->","yoast_head_json":{"title":"G\u00e2teau v\u00e9g\u00e9talien aux carottes - BioPastis","description":"G\u00e2teau aux carottes aux ar\u00f4mes exotiques, g\u00e9noise moelleuse et cr\u00e8me l\u00e9g\u00e8re \u00e0 la margarine v\u00e9g\u00e9talienne.","robots":{"index":"index","follow":"follow","max-snippet":"max-snippet:-1","max-image-preview":"max-image-preview:large","max-video-preview":"max-video-preview:-1"},"canonical":"https:\/\/biopastis.com\/fr\/productos\/desserts-vegan\/gateau-vegetalien-aux-carottes\/","og_locale":"fr_FR","og_type":"article","og_title":"G\u00e2teau v\u00e9g\u00e9talien aux carottes - BioPastis","og_description":"G\u00e2teau aux carottes aux ar\u00f4mes exotiques, g\u00e9noise moelleuse et cr\u00e8me l\u00e9g\u00e8re \u00e0 la margarine v\u00e9g\u00e9talienne.","og_url":"https:\/\/biopastis.com\/fr\/productos\/desserts-vegan\/gateau-vegetalien-aux-carottes\/","og_site_name":"BioPastis","article_modified_time":"2024-03-19T15:59:52+00:00","og_image":[{"width":2538,"height":2560,"url":"https:\/\/biopastis.com\/wp-content\/uploads\/2023\/11\/Tarta-Vegana-1400g-scaled-1.jpg","type":"image\/jpeg"}],"twitter_card":"summary_large_image","schema":{"@context":"https:\/\/schema.org","@graph":[{"@type":"WebPage","@id":"https:\/\/biopastis.com\/fr\/productos\/desserts-vegan\/gateau-vegetalien-aux-carottes\/","url":"https:\/\/biopastis.com\/fr\/productos\/desserts-vegan\/gateau-vegetalien-aux-carottes\/","name":"G\u00e2teau v\u00e9g\u00e9talien aux carottes - BioPastis","isPartOf":{"@id":"https:\/\/biopastis.com\/fr\/#website"},"primaryImageOfPage":{"@id":"https:\/\/biopastis.com\/fr\/productos\/desserts-vegan\/gateau-vegetalien-aux-carottes\/#primaryimage"},"image":{"@id":"https:\/\/biopastis.com\/fr\/productos\/desserts-vegan\/gateau-vegetalien-aux-carottes\/#primaryimage"},"thumbnailUrl":"https:\/\/biopastis.com\/wp-content\/uploads\/2023\/11\/Tarta-Vegana-1400g-scaled-1.jpg","datePublished":"2023-11-12T09:36:59+00:00","dateModified":"2024-03-19T15:59:52+00:00","description":"G\u00e2teau aux carottes aux ar\u00f4mes exotiques, g\u00e9noise moelleuse et cr\u00e8me l\u00e9g\u00e8re \u00e0 la margarine v\u00e9g\u00e9talienne.","breadcrumb":{"@id":"https:\/\/biopastis.com\/fr\/productos\/desserts-vegan\/gateau-vegetalien-aux-carottes\/#breadcrumb"},"inLanguage":"fr-FR","potentialAction":[{"@type":"ReadAction","target":["https:\/\/biopastis.com\/fr\/productos\/desserts-vegan\/gateau-vegetalien-aux-carottes\/"]}]},{"@type":"ImageObject","inLanguage":"fr-FR","@id":"https:\/\/biopastis.com\/fr\/productos\/desserts-vegan\/gateau-vegetalien-aux-carottes\/#primaryimage","url":"https:\/\/biopastis.com\/wp-content\/uploads\/2023\/11\/Tarta-Vegana-1400g-scaled-1.jpg","contentUrl":"https:\/\/biopastis.com\/wp-content\/uploads\/2023\/11\/Tarta-Vegana-1400g-scaled-1.jpg","width":2538,"height":2560},{"@type":"BreadcrumbList","@id":"https:\/\/biopastis.com\/fr\/productos\/desserts-vegan\/gateau-vegetalien-aux-carottes\/#breadcrumb","itemListElement":[{"@type":"ListItem","position":1,"name":"Portada","item":"https:\/\/biopastis.com\/fr\/"},{"@type":"ListItem","position":2,"name":"Produits","item":"https:\/\/biopastis.com\/fr\/boutique\/"},{"@type":"ListItem","position":3,"name":"G\u00e2teau v\u00e9g\u00e9talien aux carottes"}]},{"@type":"WebSite","@id":"https:\/\/biopastis.com\/fr\/#website","url":"https:\/\/biopastis.com\/fr\/","name":"BioPastis","description":"La alimentaci\u00f3n natural","publisher":{"@id":"https:\/\/biopastis.com\/fr\/#organization"},"potentialAction":[{"@type":"SearchAction","target":{"@type":"EntryPoint","urlTemplate":"https:\/\/biopastis.com\/fr\/?s={search_term_string}"},"query-input":{"@type":"PropertyValueSpecification","valueRequired":true,"valueName":"search_term_string"}}],"inLanguage":"fr-FR"},{"@type":"Organization","@id":"https:\/\/biopastis.com\/fr\/#organization","name":"BioPastis","url":"https:\/\/biopastis.com\/fr\/","logo":{"@type":"ImageObject","inLanguage":"fr-FR","@id":"https:\/\/biopastis.com\/fr\/#\/schema\/logo\/image\/","url":"https:\/\/biopastis.com\/wp-content\/uploads\/2024\/01\/BIOPASTIS-NATURAL.jpg","contentUrl":"https:\/\/biopastis.com\/wp-content\/uploads\/2024\/01\/BIOPASTIS-NATURAL.jpg","width":658,"height":663,"caption":"BioPastis"},"image":{"@id":"https:\/\/biopastis.com\/fr\/#\/schema\/logo\/image\/"}}]}},"_links":{"self":[{"href":"https:\/\/biopastis.com\/fr\/wp-json\/wp\/v2\/product\/2588","targetHints":{"allow":["GET"]}}],"collection":[{"href":"https:\/\/biopastis.com\/fr\/wp-json\/wp\/v2\/product"}],"about":[{"href":"https:\/\/biopastis.com\/fr\/wp-json\/wp\/v2\/types\/product"}],"replies":[{"embeddable":true,"href":"https:\/\/biopastis.com\/fr\/wp-json\/wp\/v2\/comments?post=2588"}],"wp:featuredmedia":[{"embeddable":true,"href":"https:\/\/biopastis.com\/fr\/wp-json\/wp\/v2\/media\/894"}],"wp:attachment":[{"href":"https:\/\/biopastis.com\/fr\/wp-json\/wp\/v2\/media?parent=2588"}],"wp:term":[{"taxonomy":"product_brand","embeddable":true,"href":"https:\/\/biopastis.com\/fr\/wp-json\/wp\/v2\/product_brand?post=2588"},{"taxonomy":"product_cat","embeddable":true,"href":"https:\/\/biopastis.com\/fr\/wp-json\/wp\/v2\/product_cat?post=2588"},{"taxonomy":"product_tag","embeddable":true,"href":"https:\/\/biopastis.com\/fr\/wp-json\/wp\/v2\/product_tag?post=2588"}],"curies":[{"name":"wp","href":"https:\/\/api.w.org\/{rel}","templated":true}]}}