{"id":2576,"date":"2023-11-12T10:36:51","date_gmt":"2023-11-12T09:36:51","guid":{"rendered":"https:\/\/biopastis.com\/producto\/gateau-aux-abricots-vegetalien\/"},"modified":"2023-11-12T10:36:51","modified_gmt":"2023-11-12T09:36:51","slug":"gateau-aux-abricots-vegetalien","status":"publish","type":"product","link":"https:\/\/biopastis.com\/fr\/productos\/desserts-vegan\/gateau-aux-abricots-vegetalien\/","title":{"rendered":"G\u00e2teau aux abricots v\u00e9g\u00e9talien"},"content":{"rendered":"<table>\n<tbody>\n<tr>\n<td class=\"bd\">Poids<\/td>\n<td class=\"der\">1000 Kgr +\/- 5%<\/td>\n<\/tr>\n<tr>\n<td class=\"bd\">Taille<\/td>\n<td class=\"der\">240&#215;60<\/td>\n<\/tr>\n<tr>\n<td class=\"bd\">Portions<\/td>\n<td class=\"der\">1<\/td>\n<\/tr>\n<tr>\n<td class=\"bd\">Pi\u00e8ces<\/td>\n<td class=\"der\">1<\/td>\n<\/tr>\n<\/tbody>\n<\/table>\n<p><a href=\"https:\/\/biopastis.com\/wp-content\/uploads\/2024\/02\/FICHA_TECNICA_TARTA_VEGANA_DE_ALBARICOQUE.pdf\" rel=\"attachment wp-att-8189\"><img loading=\"lazy\" decoding=\"async\" class=\"alignleft wp-image-8189 size-thumbnail\" src=\"https:\/\/biopastis.com\/wp-content\/uploads\/2024\/01\/icono-pdf-150x150-1.png\" alt=\"\" width=\"150\" height=\"150\" \/><\/a><\/p>\n","protected":false},"excerpt":{"rendered":"<p>Savourez notre d\u00e9licieux g\u00e2teau aux abricots, un g\u00e2teau artisanal \u00e0 la vanille sans \u0153ufs, doux et moelleux, fabriqu\u00e9 avec les meilleures mati\u00e8res premi\u00e8res v\u00e9g\u00e9taliennes et sans graisse animale. Cette g\u00e2teau est remplie d&rsquo;une confiture d&rsquo;abricots spectaculaire qui apporte une saveur sucr\u00e9e et juteuse. En outre, nous ajoutons \u00e0 la surface du g\u00e2teau un biscuit croustillant qui lui donne une touche d\u00e9licieuse et unique.<\/p>\n","protected":false},"featured_media":867,"comment_status":"closed","ping_status":"closed","template":"","meta":[],"product_brand":[],"product_cat":[143],"product_tag":[190],"class_list":{"0":"post-2576","1":"product","2":"type-product","3":"status-publish","4":"has-post-thumbnail","6":"product_cat-desserts-vegan","7":"product_tag-vegan","9":"first","10":"instock","11":"shipping-taxable","12":"product-type-simple"},"yoast_head":"<!-- This site is optimized with the Yoast SEO plugin v27.4 - https:\/\/yoast.com\/product\/yoast-seo-wordpress\/ -->\n<title>G\u00e2teau aux abricots v\u00e9g\u00e9talien - BioPastis<\/title>\n<meta name=\"description\" content=\"Savourez notre d\u00e9licieux g\u00e2teau aux abricots, un g\u00e2teau artisanal \u00e0 la vanille sans \u0153ufs, doux et moelleux, fabriqu\u00e9 avec les meilleures mati\u00e8res premi\u00e8res v\u00e9g\u00e9taliennes et sans graisse animale. Cette g\u00e2teau est remplie d&#039;une confiture d&#039;abricots spectaculaire qui apporte une saveur sucr\u00e9e et juteuse. En outre, nous ajoutons \u00e0 la surface du g\u00e2teau un biscuit croustillant qui lui donne une touche d\u00e9licieuse et unique.\" \/>\n<meta name=\"robots\" content=\"index, follow, max-snippet:-1, max-image-preview:large, max-video-preview:-1\" \/>\n<link rel=\"canonical\" href=\"https:\/\/biopastis.com\/fr\/productos\/desserts-vegan\/gateau-aux-abricots-vegetalien\/\" \/>\n<meta property=\"og:locale\" content=\"fr_FR\" \/>\n<meta property=\"og:type\" content=\"article\" \/>\n<meta property=\"og:title\" content=\"G\u00e2teau aux abricots v\u00e9g\u00e9talien - BioPastis\" \/>\n<meta property=\"og:description\" content=\"Savourez notre d\u00e9licieux g\u00e2teau aux abricots, un g\u00e2teau artisanal \u00e0 la vanille sans \u0153ufs, doux et moelleux, fabriqu\u00e9 avec les meilleures mati\u00e8res premi\u00e8res v\u00e9g\u00e9taliennes et sans graisse animale. Cette g\u00e2teau est remplie d&#039;une confiture d&#039;abricots spectaculaire qui apporte une saveur sucr\u00e9e et juteuse. En outre, nous ajoutons \u00e0 la surface du g\u00e2teau un biscuit croustillant qui lui donne une touche d\u00e9licieuse et unique.\" \/>\n<meta property=\"og:url\" content=\"https:\/\/biopastis.com\/fr\/productos\/desserts-vegan\/gateau-aux-abricots-vegetalien\/\" \/>\n<meta property=\"og:site_name\" content=\"BioPastis\" \/>\n<meta property=\"og:image\" content=\"https:\/\/biopastis.com\/wp-content\/uploads\/2023\/11\/Tarta-Vegana-Albaricoque-1100g-2-scaled-1.jpg\" \/>\n\t<meta property=\"og:image:width\" content=\"2560\" \/>\n\t<meta property=\"og:image:height\" content=\"2433\" \/>\n\t<meta property=\"og:image:type\" content=\"image\/jpeg\" \/>\n<meta name=\"twitter:card\" content=\"summary_large_image\" \/>\n<script type=\"application\/ld+json\" class=\"yoast-schema-graph\">{\"@context\":\"https:\\\/\\\/schema.org\",\"@graph\":[{\"@type\":\"WebPage\",\"@id\":\"https:\\\/\\\/biopastis.com\\\/fr\\\/productos\\\/desserts-vegan\\\/gateau-aux-abricots-vegetalien\\\/\",\"url\":\"https:\\\/\\\/biopastis.com\\\/fr\\\/productos\\\/desserts-vegan\\\/gateau-aux-abricots-vegetalien\\\/\",\"name\":\"G\u00e2teau aux abricots v\u00e9g\u00e9talien - BioPastis\",\"isPartOf\":{\"@id\":\"https:\\\/\\\/biopastis.com\\\/fr\\\/#website\"},\"primaryImageOfPage\":{\"@id\":\"https:\\\/\\\/biopastis.com\\\/fr\\\/productos\\\/desserts-vegan\\\/gateau-aux-abricots-vegetalien\\\/#primaryimage\"},\"image\":{\"@id\":\"https:\\\/\\\/biopastis.com\\\/fr\\\/productos\\\/desserts-vegan\\\/gateau-aux-abricots-vegetalien\\\/#primaryimage\"},\"thumbnailUrl\":\"https:\\\/\\\/biopastis.com\\\/wp-content\\\/uploads\\\/2023\\\/11\\\/Tarta-Vegana-Albaricoque-1100g-2-scaled-1.jpg\",\"datePublished\":\"2023-11-12T09:36:51+00:00\",\"description\":\"Savourez notre d\u00e9licieux g\u00e2teau aux abricots, un g\u00e2teau artisanal \u00e0 la vanille sans \u0153ufs, doux et moelleux, fabriqu\u00e9 avec les meilleures mati\u00e8res premi\u00e8res v\u00e9g\u00e9taliennes et sans graisse animale. Cette g\u00e2teau est remplie d'une confiture d'abricots spectaculaire qui apporte une saveur sucr\u00e9e et juteuse. En outre, nous ajoutons \u00e0 la surface du g\u00e2teau un biscuit croustillant qui lui donne une touche d\u00e9licieuse et unique.\",\"breadcrumb\":{\"@id\":\"https:\\\/\\\/biopastis.com\\\/fr\\\/productos\\\/desserts-vegan\\\/gateau-aux-abricots-vegetalien\\\/#breadcrumb\"},\"inLanguage\":\"fr-FR\",\"potentialAction\":[{\"@type\":\"ReadAction\",\"target\":[\"https:\\\/\\\/biopastis.com\\\/fr\\\/productos\\\/desserts-vegan\\\/gateau-aux-abricots-vegetalien\\\/\"]}]},{\"@type\":\"ImageObject\",\"inLanguage\":\"fr-FR\",\"@id\":\"https:\\\/\\\/biopastis.com\\\/fr\\\/productos\\\/desserts-vegan\\\/gateau-aux-abricots-vegetalien\\\/#primaryimage\",\"url\":\"https:\\\/\\\/biopastis.com\\\/wp-content\\\/uploads\\\/2023\\\/11\\\/Tarta-Vegana-Albaricoque-1100g-2-scaled-1.jpg\",\"contentUrl\":\"https:\\\/\\\/biopastis.com\\\/wp-content\\\/uploads\\\/2023\\\/11\\\/Tarta-Vegana-Albaricoque-1100g-2-scaled-1.jpg\",\"width\":2560,\"height\":2433},{\"@type\":\"BreadcrumbList\",\"@id\":\"https:\\\/\\\/biopastis.com\\\/fr\\\/productos\\\/desserts-vegan\\\/gateau-aux-abricots-vegetalien\\\/#breadcrumb\",\"itemListElement\":[{\"@type\":\"ListItem\",\"position\":1,\"name\":\"Portada\",\"item\":\"https:\\\/\\\/biopastis.com\\\/fr\\\/\"},{\"@type\":\"ListItem\",\"position\":2,\"name\":\"Produits\",\"item\":\"https:\\\/\\\/biopastis.com\\\/fr\\\/boutique\\\/\"},{\"@type\":\"ListItem\",\"position\":3,\"name\":\"G\u00e2teau aux abricots v\u00e9g\u00e9talien\"}]},{\"@type\":\"WebSite\",\"@id\":\"https:\\\/\\\/biopastis.com\\\/fr\\\/#website\",\"url\":\"https:\\\/\\\/biopastis.com\\\/fr\\\/\",\"name\":\"BioPastis\",\"description\":\"La alimentaci\u00f3n natural\",\"publisher\":{\"@id\":\"https:\\\/\\\/biopastis.com\\\/fr\\\/#organization\"},\"potentialAction\":[{\"@type\":\"SearchAction\",\"target\":{\"@type\":\"EntryPoint\",\"urlTemplate\":\"https:\\\/\\\/biopastis.com\\\/fr\\\/?s={search_term_string}\"},\"query-input\":{\"@type\":\"PropertyValueSpecification\",\"valueRequired\":true,\"valueName\":\"search_term_string\"}}],\"inLanguage\":\"fr-FR\"},{\"@type\":\"Organization\",\"@id\":\"https:\\\/\\\/biopastis.com\\\/fr\\\/#organization\",\"name\":\"BioPastis\",\"url\":\"https:\\\/\\\/biopastis.com\\\/fr\\\/\",\"logo\":{\"@type\":\"ImageObject\",\"inLanguage\":\"fr-FR\",\"@id\":\"https:\\\/\\\/biopastis.com\\\/fr\\\/#\\\/schema\\\/logo\\\/image\\\/\",\"url\":\"https:\\\/\\\/biopastis.com\\\/wp-content\\\/uploads\\\/2024\\\/01\\\/BIOPASTIS-NATURAL.jpg\",\"contentUrl\":\"https:\\\/\\\/biopastis.com\\\/wp-content\\\/uploads\\\/2024\\\/01\\\/BIOPASTIS-NATURAL.jpg\",\"width\":658,\"height\":663,\"caption\":\"BioPastis\"},\"image\":{\"@id\":\"https:\\\/\\\/biopastis.com\\\/fr\\\/#\\\/schema\\\/logo\\\/image\\\/\"}}]}<\/script>\n<!-- \/ Yoast SEO plugin. -->","yoast_head_json":{"title":"G\u00e2teau aux abricots v\u00e9g\u00e9talien - BioPastis","description":"Savourez notre d\u00e9licieux g\u00e2teau aux abricots, un g\u00e2teau artisanal \u00e0 la vanille sans \u0153ufs, doux et moelleux, fabriqu\u00e9 avec les meilleures mati\u00e8res premi\u00e8res v\u00e9g\u00e9taliennes et sans graisse animale. Cette g\u00e2teau est remplie d'une confiture d'abricots spectaculaire qui apporte une saveur sucr\u00e9e et juteuse. En outre, nous ajoutons \u00e0 la surface du g\u00e2teau un biscuit croustillant qui lui donne une touche d\u00e9licieuse et unique.","robots":{"index":"index","follow":"follow","max-snippet":"max-snippet:-1","max-image-preview":"max-image-preview:large","max-video-preview":"max-video-preview:-1"},"canonical":"https:\/\/biopastis.com\/fr\/productos\/desserts-vegan\/gateau-aux-abricots-vegetalien\/","og_locale":"fr_FR","og_type":"article","og_title":"G\u00e2teau aux abricots v\u00e9g\u00e9talien - BioPastis","og_description":"Savourez notre d\u00e9licieux g\u00e2teau aux abricots, un g\u00e2teau artisanal \u00e0 la vanille sans \u0153ufs, doux et moelleux, fabriqu\u00e9 avec les meilleures mati\u00e8res premi\u00e8res v\u00e9g\u00e9taliennes et sans graisse animale. Cette g\u00e2teau est remplie d'une confiture d'abricots spectaculaire qui apporte une saveur sucr\u00e9e et juteuse. En outre, nous ajoutons \u00e0 la surface du g\u00e2teau un biscuit croustillant qui lui donne une touche d\u00e9licieuse et unique.","og_url":"https:\/\/biopastis.com\/fr\/productos\/desserts-vegan\/gateau-aux-abricots-vegetalien\/","og_site_name":"BioPastis","og_image":[{"width":2560,"height":2433,"url":"https:\/\/biopastis.com\/wp-content\/uploads\/2023\/11\/Tarta-Vegana-Albaricoque-1100g-2-scaled-1.jpg","type":"image\/jpeg"}],"twitter_card":"summary_large_image","schema":{"@context":"https:\/\/schema.org","@graph":[{"@type":"WebPage","@id":"https:\/\/biopastis.com\/fr\/productos\/desserts-vegan\/gateau-aux-abricots-vegetalien\/","url":"https:\/\/biopastis.com\/fr\/productos\/desserts-vegan\/gateau-aux-abricots-vegetalien\/","name":"G\u00e2teau aux abricots v\u00e9g\u00e9talien - BioPastis","isPartOf":{"@id":"https:\/\/biopastis.com\/fr\/#website"},"primaryImageOfPage":{"@id":"https:\/\/biopastis.com\/fr\/productos\/desserts-vegan\/gateau-aux-abricots-vegetalien\/#primaryimage"},"image":{"@id":"https:\/\/biopastis.com\/fr\/productos\/desserts-vegan\/gateau-aux-abricots-vegetalien\/#primaryimage"},"thumbnailUrl":"https:\/\/biopastis.com\/wp-content\/uploads\/2023\/11\/Tarta-Vegana-Albaricoque-1100g-2-scaled-1.jpg","datePublished":"2023-11-12T09:36:51+00:00","description":"Savourez notre d\u00e9licieux g\u00e2teau aux abricots, un g\u00e2teau artisanal \u00e0 la vanille sans \u0153ufs, doux et moelleux, fabriqu\u00e9 avec les meilleures mati\u00e8res premi\u00e8res v\u00e9g\u00e9taliennes et sans graisse animale. Cette g\u00e2teau est remplie d'une confiture d'abricots spectaculaire qui apporte une saveur sucr\u00e9e et juteuse. En outre, nous ajoutons \u00e0 la surface du g\u00e2teau un biscuit croustillant qui lui donne une touche d\u00e9licieuse et unique.","breadcrumb":{"@id":"https:\/\/biopastis.com\/fr\/productos\/desserts-vegan\/gateau-aux-abricots-vegetalien\/#breadcrumb"},"inLanguage":"fr-FR","potentialAction":[{"@type":"ReadAction","target":["https:\/\/biopastis.com\/fr\/productos\/desserts-vegan\/gateau-aux-abricots-vegetalien\/"]}]},{"@type":"ImageObject","inLanguage":"fr-FR","@id":"https:\/\/biopastis.com\/fr\/productos\/desserts-vegan\/gateau-aux-abricots-vegetalien\/#primaryimage","url":"https:\/\/biopastis.com\/wp-content\/uploads\/2023\/11\/Tarta-Vegana-Albaricoque-1100g-2-scaled-1.jpg","contentUrl":"https:\/\/biopastis.com\/wp-content\/uploads\/2023\/11\/Tarta-Vegana-Albaricoque-1100g-2-scaled-1.jpg","width":2560,"height":2433},{"@type":"BreadcrumbList","@id":"https:\/\/biopastis.com\/fr\/productos\/desserts-vegan\/gateau-aux-abricots-vegetalien\/#breadcrumb","itemListElement":[{"@type":"ListItem","position":1,"name":"Portada","item":"https:\/\/biopastis.com\/fr\/"},{"@type":"ListItem","position":2,"name":"Produits","item":"https:\/\/biopastis.com\/fr\/boutique\/"},{"@type":"ListItem","position":3,"name":"G\u00e2teau aux abricots v\u00e9g\u00e9talien"}]},{"@type":"WebSite","@id":"https:\/\/biopastis.com\/fr\/#website","url":"https:\/\/biopastis.com\/fr\/","name":"BioPastis","description":"La alimentaci\u00f3n natural","publisher":{"@id":"https:\/\/biopastis.com\/fr\/#organization"},"potentialAction":[{"@type":"SearchAction","target":{"@type":"EntryPoint","urlTemplate":"https:\/\/biopastis.com\/fr\/?s={search_term_string}"},"query-input":{"@type":"PropertyValueSpecification","valueRequired":true,"valueName":"search_term_string"}}],"inLanguage":"fr-FR"},{"@type":"Organization","@id":"https:\/\/biopastis.com\/fr\/#organization","name":"BioPastis","url":"https:\/\/biopastis.com\/fr\/","logo":{"@type":"ImageObject","inLanguage":"fr-FR","@id":"https:\/\/biopastis.com\/fr\/#\/schema\/logo\/image\/","url":"https:\/\/biopastis.com\/wp-content\/uploads\/2024\/01\/BIOPASTIS-NATURAL.jpg","contentUrl":"https:\/\/biopastis.com\/wp-content\/uploads\/2024\/01\/BIOPASTIS-NATURAL.jpg","width":658,"height":663,"caption":"BioPastis"},"image":{"@id":"https:\/\/biopastis.com\/fr\/#\/schema\/logo\/image\/"}}]}},"_links":{"self":[{"href":"https:\/\/biopastis.com\/fr\/wp-json\/wp\/v2\/product\/2576","targetHints":{"allow":["GET"]}}],"collection":[{"href":"https:\/\/biopastis.com\/fr\/wp-json\/wp\/v2\/product"}],"about":[{"href":"https:\/\/biopastis.com\/fr\/wp-json\/wp\/v2\/types\/product"}],"replies":[{"embeddable":true,"href":"https:\/\/biopastis.com\/fr\/wp-json\/wp\/v2\/comments?post=2576"}],"wp:featuredmedia":[{"embeddable":true,"href":"https:\/\/biopastis.com\/fr\/wp-json\/wp\/v2\/media\/867"}],"wp:attachment":[{"href":"https:\/\/biopastis.com\/fr\/wp-json\/wp\/v2\/media?parent=2576"}],"wp:term":[{"taxonomy":"product_brand","embeddable":true,"href":"https:\/\/biopastis.com\/fr\/wp-json\/wp\/v2\/product_brand?post=2576"},{"taxonomy":"product_cat","embeddable":true,"href":"https:\/\/biopastis.com\/fr\/wp-json\/wp\/v2\/product_cat?post=2576"},{"taxonomy":"product_tag","embeddable":true,"href":"https:\/\/biopastis.com\/fr\/wp-json\/wp\/v2\/product_tag?post=2576"}],"curies":[{"name":"wp","href":"https:\/\/api.w.org\/{rel}","templated":true}]}}