{"id":2532,"date":"2023-11-12T10:34:39","date_gmt":"2023-11-12T09:34:39","guid":{"rendered":"https:\/\/biopastis.com\/producto\/gateau-aux-prunes-chocolat-et-orange\/"},"modified":"2023-11-12T10:34:39","modified_gmt":"2023-11-12T09:34:39","slug":"gateau-aux-prunes-chocolat-et-orange","status":"publish","type":"product","link":"https:\/\/biopastis.com\/fr\/productos\/gateaux-americains\/gateaux-moelleux\/gateaux-aux-fruits\/gateau-aux-prunes-chocolat-et-orange\/","title":{"rendered":"G\u00e2teau aux prunes Chocolat et orange"},"content":{"rendered":"<table>\n<tbody>\n<tr>\n<td class=\"bd\">Poids<\/td>\n<td class=\"der\">800 gr +\/- 5%<\/td>\n<\/tr>\n<tr>\n<td class=\"bd\">Taille<\/td>\n<td class=\"der\">300 x 100 mm<\/td>\n<\/tr>\n<tr>\n<td class=\"bd\">Portions<\/td>\n<td class=\"der\">1<\/td>\n<\/tr>\n<tr>\n<td class=\"bd\">Pi\u00e8ces<\/td>\n<td class=\"der\">4<\/td>\n<\/tr>\n<\/tbody>\n<\/table>\n","protected":false},"excerpt":{"rendered":"<p>D\u00e9licieux g\u00e2teau \u00e9ponge au chocolat et \u00e0 l&rsquo;orange dans un nouveau format rectangulaire.<\/p>\n","protected":false},"featured_media":5616,"comment_status":"closed","ping_status":"closed","template":"","meta":[],"product_brand":[],"product_cat":[113],"product_tag":[187],"class_list":{"0":"post-2532","1":"product","2":"type-product","3":"status-publish","4":"has-post-thumbnail","6":"product_cat-gateaux-aux-fruits","7":"product_tag-service-de-restauration","9":"first","10":"instock","11":"shipping-taxable","12":"product-type-simple"},"yoast_head":"<!-- This site is optimized with the Yoast SEO plugin v27.3 - https:\/\/yoast.com\/product\/yoast-seo-wordpress\/ -->\n<title>G\u00e2teau aux prunes Chocolat et orange - BioPastis<\/title>\n<meta name=\"description\" content=\"D\u00e9licieux g\u00e2teau \u00e9ponge au chocolat et \u00e0 l&#039;orange dans un nouveau format rectangulaire.\" \/>\n<meta name=\"robots\" content=\"index, follow, max-snippet:-1, max-image-preview:large, max-video-preview:-1\" \/>\n<link rel=\"canonical\" href=\"https:\/\/biopastis.com\/fr\/productos\/gateaux-americains\/gateaux-moelleux\/gateaux-aux-fruits\/gateau-aux-prunes-chocolat-et-orange\/\" \/>\n<meta property=\"og:locale\" content=\"fr_FR\" \/>\n<meta property=\"og:type\" content=\"article\" \/>\n<meta property=\"og:title\" content=\"G\u00e2teau aux prunes Chocolat et orange - BioPastis\" \/>\n<meta property=\"og:description\" content=\"D\u00e9licieux g\u00e2teau \u00e9ponge au chocolat et \u00e0 l&#039;orange dans un nouveau format rectangulaire.\" \/>\n<meta property=\"og:url\" content=\"https:\/\/biopastis.com\/fr\/productos\/gateaux-americains\/gateaux-moelleux\/gateaux-aux-fruits\/gateau-aux-prunes-chocolat-et-orange\/\" \/>\n<meta property=\"og:site_name\" content=\"BioPastis\" \/>\n<meta property=\"og:image\" content=\"https:\/\/biopastis.com\/wp-content\/uploads\/2023\/11\/PLUM-CAKE-CHCOLATE-NARANJA-02008092.png\" \/>\n\t<meta property=\"og:image:width\" content=\"1184\" \/>\n\t<meta property=\"og:image:height\" content=\"864\" \/>\n\t<meta property=\"og:image:type\" content=\"image\/png\" \/>\n<meta name=\"twitter:card\" content=\"summary_large_image\" \/>\n<script type=\"application\/ld+json\" class=\"yoast-schema-graph\">{\"@context\":\"https:\\\/\\\/schema.org\",\"@graph\":[{\"@type\":\"WebPage\",\"@id\":\"https:\\\/\\\/biopastis.com\\\/fr\\\/productos\\\/gateaux-americains\\\/gateaux-moelleux\\\/gateaux-aux-fruits\\\/gateau-aux-prunes-chocolat-et-orange\\\/\",\"url\":\"https:\\\/\\\/biopastis.com\\\/fr\\\/productos\\\/gateaux-americains\\\/gateaux-moelleux\\\/gateaux-aux-fruits\\\/gateau-aux-prunes-chocolat-et-orange\\\/\",\"name\":\"G\u00e2teau aux prunes Chocolat et orange - BioPastis\",\"isPartOf\":{\"@id\":\"https:\\\/\\\/biopastis.com\\\/fr\\\/#website\"},\"primaryImageOfPage\":{\"@id\":\"https:\\\/\\\/biopastis.com\\\/fr\\\/productos\\\/gateaux-americains\\\/gateaux-moelleux\\\/gateaux-aux-fruits\\\/gateau-aux-prunes-chocolat-et-orange\\\/#primaryimage\"},\"image\":{\"@id\":\"https:\\\/\\\/biopastis.com\\\/fr\\\/productos\\\/gateaux-americains\\\/gateaux-moelleux\\\/gateaux-aux-fruits\\\/gateau-aux-prunes-chocolat-et-orange\\\/#primaryimage\"},\"thumbnailUrl\":\"https:\\\/\\\/biopastis.com\\\/wp-content\\\/uploads\\\/2023\\\/11\\\/PLUM-CAKE-CHCOLATE-NARANJA-02008092.png\",\"datePublished\":\"2023-11-12T09:34:39+00:00\",\"description\":\"D\u00e9licieux g\u00e2teau \u00e9ponge au chocolat et \u00e0 l'orange dans un nouveau format rectangulaire.\",\"breadcrumb\":{\"@id\":\"https:\\\/\\\/biopastis.com\\\/fr\\\/productos\\\/gateaux-americains\\\/gateaux-moelleux\\\/gateaux-aux-fruits\\\/gateau-aux-prunes-chocolat-et-orange\\\/#breadcrumb\"},\"inLanguage\":\"fr-FR\",\"potentialAction\":[{\"@type\":\"ReadAction\",\"target\":[\"https:\\\/\\\/biopastis.com\\\/fr\\\/productos\\\/gateaux-americains\\\/gateaux-moelleux\\\/gateaux-aux-fruits\\\/gateau-aux-prunes-chocolat-et-orange\\\/\"]}]},{\"@type\":\"ImageObject\",\"inLanguage\":\"fr-FR\",\"@id\":\"https:\\\/\\\/biopastis.com\\\/fr\\\/productos\\\/gateaux-americains\\\/gateaux-moelleux\\\/gateaux-aux-fruits\\\/gateau-aux-prunes-chocolat-et-orange\\\/#primaryimage\",\"url\":\"https:\\\/\\\/biopastis.com\\\/wp-content\\\/uploads\\\/2023\\\/11\\\/PLUM-CAKE-CHCOLATE-NARANJA-02008092.png\",\"contentUrl\":\"https:\\\/\\\/biopastis.com\\\/wp-content\\\/uploads\\\/2023\\\/11\\\/PLUM-CAKE-CHCOLATE-NARANJA-02008092.png\",\"width\":1184,\"height\":864},{\"@type\":\"BreadcrumbList\",\"@id\":\"https:\\\/\\\/biopastis.com\\\/fr\\\/productos\\\/gateaux-americains\\\/gateaux-moelleux\\\/gateaux-aux-fruits\\\/gateau-aux-prunes-chocolat-et-orange\\\/#breadcrumb\",\"itemListElement\":[{\"@type\":\"ListItem\",\"position\":1,\"name\":\"Portada\",\"item\":\"https:\\\/\\\/biopastis.com\\\/fr\\\/\"},{\"@type\":\"ListItem\",\"position\":2,\"name\":\"Produits\",\"item\":\"https:\\\/\\\/biopastis.com\\\/fr\\\/boutique\\\/\"},{\"@type\":\"ListItem\",\"position\":3,\"name\":\"G\u00e2teau aux prunes Chocolat et orange\"}]},{\"@type\":\"WebSite\",\"@id\":\"https:\\\/\\\/biopastis.com\\\/fr\\\/#website\",\"url\":\"https:\\\/\\\/biopastis.com\\\/fr\\\/\",\"name\":\"BioPastis\",\"description\":\"La alimentaci\u00f3n natural\",\"publisher\":{\"@id\":\"https:\\\/\\\/biopastis.com\\\/fr\\\/#organization\"},\"potentialAction\":[{\"@type\":\"SearchAction\",\"target\":{\"@type\":\"EntryPoint\",\"urlTemplate\":\"https:\\\/\\\/biopastis.com\\\/fr\\\/?s={search_term_string}\"},\"query-input\":{\"@type\":\"PropertyValueSpecification\",\"valueRequired\":true,\"valueName\":\"search_term_string\"}}],\"inLanguage\":\"fr-FR\"},{\"@type\":\"Organization\",\"@id\":\"https:\\\/\\\/biopastis.com\\\/fr\\\/#organization\",\"name\":\"BioPastis\",\"url\":\"https:\\\/\\\/biopastis.com\\\/fr\\\/\",\"logo\":{\"@type\":\"ImageObject\",\"inLanguage\":\"fr-FR\",\"@id\":\"https:\\\/\\\/biopastis.com\\\/fr\\\/#\\\/schema\\\/logo\\\/image\\\/\",\"url\":\"https:\\\/\\\/biopastis.com\\\/wp-content\\\/uploads\\\/2024\\\/01\\\/BIOPASTIS-NATURAL.jpg\",\"contentUrl\":\"https:\\\/\\\/biopastis.com\\\/wp-content\\\/uploads\\\/2024\\\/01\\\/BIOPASTIS-NATURAL.jpg\",\"width\":658,\"height\":663,\"caption\":\"BioPastis\"},\"image\":{\"@id\":\"https:\\\/\\\/biopastis.com\\\/fr\\\/#\\\/schema\\\/logo\\\/image\\\/\"}}]}<\/script>\n<!-- \/ Yoast SEO plugin. -->","yoast_head_json":{"title":"G\u00e2teau aux prunes Chocolat et orange - BioPastis","description":"D\u00e9licieux g\u00e2teau \u00e9ponge au chocolat et \u00e0 l'orange dans un nouveau format rectangulaire.","robots":{"index":"index","follow":"follow","max-snippet":"max-snippet:-1","max-image-preview":"max-image-preview:large","max-video-preview":"max-video-preview:-1"},"canonical":"https:\/\/biopastis.com\/fr\/productos\/gateaux-americains\/gateaux-moelleux\/gateaux-aux-fruits\/gateau-aux-prunes-chocolat-et-orange\/","og_locale":"fr_FR","og_type":"article","og_title":"G\u00e2teau aux prunes Chocolat et orange - BioPastis","og_description":"D\u00e9licieux g\u00e2teau \u00e9ponge au chocolat et \u00e0 l'orange dans un nouveau format rectangulaire.","og_url":"https:\/\/biopastis.com\/fr\/productos\/gateaux-americains\/gateaux-moelleux\/gateaux-aux-fruits\/gateau-aux-prunes-chocolat-et-orange\/","og_site_name":"BioPastis","og_image":[{"width":1184,"height":864,"url":"https:\/\/biopastis.com\/wp-content\/uploads\/2023\/11\/PLUM-CAKE-CHCOLATE-NARANJA-02008092.png","type":"image\/png"}],"twitter_card":"summary_large_image","schema":{"@context":"https:\/\/schema.org","@graph":[{"@type":"WebPage","@id":"https:\/\/biopastis.com\/fr\/productos\/gateaux-americains\/gateaux-moelleux\/gateaux-aux-fruits\/gateau-aux-prunes-chocolat-et-orange\/","url":"https:\/\/biopastis.com\/fr\/productos\/gateaux-americains\/gateaux-moelleux\/gateaux-aux-fruits\/gateau-aux-prunes-chocolat-et-orange\/","name":"G\u00e2teau aux prunes Chocolat et orange - BioPastis","isPartOf":{"@id":"https:\/\/biopastis.com\/fr\/#website"},"primaryImageOfPage":{"@id":"https:\/\/biopastis.com\/fr\/productos\/gateaux-americains\/gateaux-moelleux\/gateaux-aux-fruits\/gateau-aux-prunes-chocolat-et-orange\/#primaryimage"},"image":{"@id":"https:\/\/biopastis.com\/fr\/productos\/gateaux-americains\/gateaux-moelleux\/gateaux-aux-fruits\/gateau-aux-prunes-chocolat-et-orange\/#primaryimage"},"thumbnailUrl":"https:\/\/biopastis.com\/wp-content\/uploads\/2023\/11\/PLUM-CAKE-CHCOLATE-NARANJA-02008092.png","datePublished":"2023-11-12T09:34:39+00:00","description":"D\u00e9licieux g\u00e2teau \u00e9ponge au chocolat et \u00e0 l'orange dans un nouveau format rectangulaire.","breadcrumb":{"@id":"https:\/\/biopastis.com\/fr\/productos\/gateaux-americains\/gateaux-moelleux\/gateaux-aux-fruits\/gateau-aux-prunes-chocolat-et-orange\/#breadcrumb"},"inLanguage":"fr-FR","potentialAction":[{"@type":"ReadAction","target":["https:\/\/biopastis.com\/fr\/productos\/gateaux-americains\/gateaux-moelleux\/gateaux-aux-fruits\/gateau-aux-prunes-chocolat-et-orange\/"]}]},{"@type":"ImageObject","inLanguage":"fr-FR","@id":"https:\/\/biopastis.com\/fr\/productos\/gateaux-americains\/gateaux-moelleux\/gateaux-aux-fruits\/gateau-aux-prunes-chocolat-et-orange\/#primaryimage","url":"https:\/\/biopastis.com\/wp-content\/uploads\/2023\/11\/PLUM-CAKE-CHCOLATE-NARANJA-02008092.png","contentUrl":"https:\/\/biopastis.com\/wp-content\/uploads\/2023\/11\/PLUM-CAKE-CHCOLATE-NARANJA-02008092.png","width":1184,"height":864},{"@type":"BreadcrumbList","@id":"https:\/\/biopastis.com\/fr\/productos\/gateaux-americains\/gateaux-moelleux\/gateaux-aux-fruits\/gateau-aux-prunes-chocolat-et-orange\/#breadcrumb","itemListElement":[{"@type":"ListItem","position":1,"name":"Portada","item":"https:\/\/biopastis.com\/fr\/"},{"@type":"ListItem","position":2,"name":"Produits","item":"https:\/\/biopastis.com\/fr\/boutique\/"},{"@type":"ListItem","position":3,"name":"G\u00e2teau aux prunes Chocolat et orange"}]},{"@type":"WebSite","@id":"https:\/\/biopastis.com\/fr\/#website","url":"https:\/\/biopastis.com\/fr\/","name":"BioPastis","description":"La alimentaci\u00f3n natural","publisher":{"@id":"https:\/\/biopastis.com\/fr\/#organization"},"potentialAction":[{"@type":"SearchAction","target":{"@type":"EntryPoint","urlTemplate":"https:\/\/biopastis.com\/fr\/?s={search_term_string}"},"query-input":{"@type":"PropertyValueSpecification","valueRequired":true,"valueName":"search_term_string"}}],"inLanguage":"fr-FR"},{"@type":"Organization","@id":"https:\/\/biopastis.com\/fr\/#organization","name":"BioPastis","url":"https:\/\/biopastis.com\/fr\/","logo":{"@type":"ImageObject","inLanguage":"fr-FR","@id":"https:\/\/biopastis.com\/fr\/#\/schema\/logo\/image\/","url":"https:\/\/biopastis.com\/wp-content\/uploads\/2024\/01\/BIOPASTIS-NATURAL.jpg","contentUrl":"https:\/\/biopastis.com\/wp-content\/uploads\/2024\/01\/BIOPASTIS-NATURAL.jpg","width":658,"height":663,"caption":"BioPastis"},"image":{"@id":"https:\/\/biopastis.com\/fr\/#\/schema\/logo\/image\/"}}]}},"_links":{"self":[{"href":"https:\/\/biopastis.com\/fr\/wp-json\/wp\/v2\/product\/2532","targetHints":{"allow":["GET"]}}],"collection":[{"href":"https:\/\/biopastis.com\/fr\/wp-json\/wp\/v2\/product"}],"about":[{"href":"https:\/\/biopastis.com\/fr\/wp-json\/wp\/v2\/types\/product"}],"replies":[{"embeddable":true,"href":"https:\/\/biopastis.com\/fr\/wp-json\/wp\/v2\/comments?post=2532"}],"wp:featuredmedia":[{"embeddable":true,"href":"https:\/\/biopastis.com\/fr\/wp-json\/wp\/v2\/media\/5616"}],"wp:attachment":[{"href":"https:\/\/biopastis.com\/fr\/wp-json\/wp\/v2\/media?parent=2532"}],"wp:term":[{"taxonomy":"product_brand","embeddable":true,"href":"https:\/\/biopastis.com\/fr\/wp-json\/wp\/v2\/product_brand?post=2532"},{"taxonomy":"product_cat","embeddable":true,"href":"https:\/\/biopastis.com\/fr\/wp-json\/wp\/v2\/product_cat?post=2532"},{"taxonomy":"product_tag","embeddable":true,"href":"https:\/\/biopastis.com\/fr\/wp-json\/wp\/v2\/product_tag?post=2532"}],"curies":[{"name":"wp","href":"https:\/\/api.w.org\/{rel}","templated":true}]}}