{"id":2522,"date":"2023-11-12T10:36:24","date_gmt":"2023-11-12T09:36:24","guid":{"rendered":"https:\/\/biopastis.com\/producto\/bundt-cake-carotte-chocolat-et-speculoos\/"},"modified":"2023-11-12T10:36:24","modified_gmt":"2023-11-12T09:36:24","slug":"bundt-cake-carotte-chocolat-et-speculoos","status":"publish","type":"product","link":"https:\/\/biopastis.com\/fr\/productos\/gateaux-americains\/gateau-bundt\/bundt-cake-carotte-chocolat-et-speculoos\/","title":{"rendered":"Bundt Cake Carotte Chocolat et Sp\u00e9culoos"},"content":{"rendered":"<table>\n<tbody>\n<tr>\n<td class=\"bd\">Poids<\/td>\n<td class=\"der\">1,6 Kgr +\/- 5%<\/td>\n<\/tr>\n<tr>\n<td class=\"bd\">Taille<\/td>\n<td class=\"der\">240&#215;80 mm<\/td>\n<\/tr>\n<tr>\n<td class=\"bd\">Portions<\/td>\n<td class=\"der\">1<\/td>\n<\/tr>\n<tr>\n<td class=\"bd\">Pi\u00e8ces<\/td>\n<td class=\"der\">1<\/td>\n<\/tr>\n<\/tbody>\n<\/table>\n<p><a href=\"https:\/\/biopastis.com\/wp-content\/uploads\/2024\/02\/Ficha-Tecnia-02012192-Bundt-Carrot-Chocolate-and-Sepeculus.pdf\" rel=\"attachment wp-att-8189\"><img loading=\"lazy\" decoding=\"async\" class=\"alignleft wp-image-8189 size-thumbnail\" src=\"https:\/\/biopastis.com\/wp-content\/uploads\/2024\/01\/icono-pdf-150x150-1.png\" alt=\"\" width=\"150\" height=\"150\" \/><\/a><\/p>\n","protected":false},"excerpt":{"rendered":"<p>G\u00e2teau \u00e9ponge aux carottes, \u00e0 la cannelle, au gingembre, aux noix, aux clous de girofle et \u00e0 la noix de muscade, fourr\u00e9 de notre fromage \u00e0 la cr\u00e8me sp\u00e9cial.<br \/>\nD\u00e9cor\u00e9 d&rsquo;un gla\u00e7age au chocolat blanc, de dorures et d&rsquo;un biscuit au sp\u00e9culoos.<\/p>\n","protected":false},"featured_media":5691,"comment_status":"closed","ping_status":"closed","template":"","meta":[],"product_brand":[],"product_cat":[94],"product_tag":[],"class_list":{"0":"post-2522","1":"product","2":"type-product","3":"status-publish","4":"has-post-thumbnail","6":"product_cat-gateau-bundt","8":"first","9":"instock","10":"shipping-taxable","11":"product-type-simple"},"yoast_head":"<!-- This site is optimized with the Yoast SEO plugin v27.4 - https:\/\/yoast.com\/product\/yoast-seo-wordpress\/ -->\n<title>Bundt Cake Carotte Chocolat et Sp\u00e9culoos - BioPastis<\/title>\n<meta name=\"description\" content=\"G\u00e2teau \u00e9ponge aux carottes, \u00e0 la cannelle, au gingembre, aux noix, aux clous de girofle et \u00e0 la noix de muscade, fourr\u00e9 de notre fromage \u00e0 la cr\u00e8me sp\u00e9cial. D\u00e9cor\u00e9 d&#039;un gla\u00e7age au chocolat blanc, de dorures et d&#039;un biscuit au sp\u00e9culoos.\" \/>\n<meta name=\"robots\" content=\"index, follow, max-snippet:-1, max-image-preview:large, max-video-preview:-1\" \/>\n<link rel=\"canonical\" href=\"https:\/\/biopastis.com\/fr\/productos\/gateaux-americains\/gateau-bundt\/bundt-cake-carotte-chocolat-et-speculoos\/\" \/>\n<meta property=\"og:locale\" content=\"fr_FR\" \/>\n<meta property=\"og:type\" content=\"article\" \/>\n<meta property=\"og:title\" content=\"Bundt Cake Carotte Chocolat et Sp\u00e9culoos - BioPastis\" \/>\n<meta property=\"og:description\" content=\"G\u00e2teau \u00e9ponge aux carottes, \u00e0 la cannelle, au gingembre, aux noix, aux clous de girofle et \u00e0 la noix de muscade, fourr\u00e9 de notre fromage \u00e0 la cr\u00e8me sp\u00e9cial. D\u00e9cor\u00e9 d&#039;un gla\u00e7age au chocolat blanc, de dorures et d&#039;un biscuit au sp\u00e9culoos.\" \/>\n<meta property=\"og:url\" content=\"https:\/\/biopastis.com\/fr\/productos\/gateaux-americains\/gateau-bundt\/bundt-cake-carotte-chocolat-et-speculoos\/\" \/>\n<meta property=\"og:site_name\" content=\"BioPastis\" \/>\n<meta property=\"og:image\" content=\"https:\/\/biopastis.com\/wp-content\/uploads\/2023\/11\/Bundt-Carrot-chocolate-and-speculus-B-02012192.png\" \/>\n\t<meta property=\"og:image:width\" content=\"1248\" \/>\n\t<meta property=\"og:image:height\" content=\"832\" \/>\n\t<meta property=\"og:image:type\" content=\"image\/png\" \/>\n<meta name=\"twitter:card\" content=\"summary_large_image\" \/>\n<script type=\"application\/ld+json\" class=\"yoast-schema-graph\">{\"@context\":\"https:\\\/\\\/schema.org\",\"@graph\":[{\"@type\":\"WebPage\",\"@id\":\"https:\\\/\\\/biopastis.com\\\/fr\\\/productos\\\/gateaux-americains\\\/gateau-bundt\\\/bundt-cake-carotte-chocolat-et-speculoos\\\/\",\"url\":\"https:\\\/\\\/biopastis.com\\\/fr\\\/productos\\\/gateaux-americains\\\/gateau-bundt\\\/bundt-cake-carotte-chocolat-et-speculoos\\\/\",\"name\":\"Bundt Cake Carotte Chocolat et Sp\u00e9culoos - BioPastis\",\"isPartOf\":{\"@id\":\"https:\\\/\\\/biopastis.com\\\/fr\\\/#website\"},\"primaryImageOfPage\":{\"@id\":\"https:\\\/\\\/biopastis.com\\\/fr\\\/productos\\\/gateaux-americains\\\/gateau-bundt\\\/bundt-cake-carotte-chocolat-et-speculoos\\\/#primaryimage\"},\"image\":{\"@id\":\"https:\\\/\\\/biopastis.com\\\/fr\\\/productos\\\/gateaux-americains\\\/gateau-bundt\\\/bundt-cake-carotte-chocolat-et-speculoos\\\/#primaryimage\"},\"thumbnailUrl\":\"https:\\\/\\\/biopastis.com\\\/wp-content\\\/uploads\\\/2023\\\/11\\\/Bundt-Carrot-chocolate-and-speculus-B-02012192.png\",\"datePublished\":\"2023-11-12T09:36:24+00:00\",\"description\":\"G\u00e2teau \u00e9ponge aux carottes, \u00e0 la cannelle, au gingembre, aux noix, aux clous de girofle et \u00e0 la noix de muscade, fourr\u00e9 de notre fromage \u00e0 la cr\u00e8me sp\u00e9cial. D\u00e9cor\u00e9 d'un gla\u00e7age au chocolat blanc, de dorures et d'un biscuit au sp\u00e9culoos.\",\"breadcrumb\":{\"@id\":\"https:\\\/\\\/biopastis.com\\\/fr\\\/productos\\\/gateaux-americains\\\/gateau-bundt\\\/bundt-cake-carotte-chocolat-et-speculoos\\\/#breadcrumb\"},\"inLanguage\":\"fr-FR\",\"potentialAction\":[{\"@type\":\"ReadAction\",\"target\":[\"https:\\\/\\\/biopastis.com\\\/fr\\\/productos\\\/gateaux-americains\\\/gateau-bundt\\\/bundt-cake-carotte-chocolat-et-speculoos\\\/\"]}]},{\"@type\":\"ImageObject\",\"inLanguage\":\"fr-FR\",\"@id\":\"https:\\\/\\\/biopastis.com\\\/fr\\\/productos\\\/gateaux-americains\\\/gateau-bundt\\\/bundt-cake-carotte-chocolat-et-speculoos\\\/#primaryimage\",\"url\":\"https:\\\/\\\/biopastis.com\\\/wp-content\\\/uploads\\\/2023\\\/11\\\/Bundt-Carrot-chocolate-and-speculus-B-02012192.png\",\"contentUrl\":\"https:\\\/\\\/biopastis.com\\\/wp-content\\\/uploads\\\/2023\\\/11\\\/Bundt-Carrot-chocolate-and-speculus-B-02012192.png\",\"width\":1248,\"height\":832},{\"@type\":\"BreadcrumbList\",\"@id\":\"https:\\\/\\\/biopastis.com\\\/fr\\\/productos\\\/gateaux-americains\\\/gateau-bundt\\\/bundt-cake-carotte-chocolat-et-speculoos\\\/#breadcrumb\",\"itemListElement\":[{\"@type\":\"ListItem\",\"position\":1,\"name\":\"Portada\",\"item\":\"https:\\\/\\\/biopastis.com\\\/fr\\\/\"},{\"@type\":\"ListItem\",\"position\":2,\"name\":\"Produits\",\"item\":\"https:\\\/\\\/biopastis.com\\\/fr\\\/boutique\\\/\"},{\"@type\":\"ListItem\",\"position\":3,\"name\":\"Bundt Cake Carotte Chocolat et Sp\u00e9culoos\"}]},{\"@type\":\"WebSite\",\"@id\":\"https:\\\/\\\/biopastis.com\\\/fr\\\/#website\",\"url\":\"https:\\\/\\\/biopastis.com\\\/fr\\\/\",\"name\":\"BioPastis\",\"description\":\"La alimentaci\u00f3n natural\",\"publisher\":{\"@id\":\"https:\\\/\\\/biopastis.com\\\/fr\\\/#organization\"},\"potentialAction\":[{\"@type\":\"SearchAction\",\"target\":{\"@type\":\"EntryPoint\",\"urlTemplate\":\"https:\\\/\\\/biopastis.com\\\/fr\\\/?s={search_term_string}\"},\"query-input\":{\"@type\":\"PropertyValueSpecification\",\"valueRequired\":true,\"valueName\":\"search_term_string\"}}],\"inLanguage\":\"fr-FR\"},{\"@type\":\"Organization\",\"@id\":\"https:\\\/\\\/biopastis.com\\\/fr\\\/#organization\",\"name\":\"BioPastis\",\"url\":\"https:\\\/\\\/biopastis.com\\\/fr\\\/\",\"logo\":{\"@type\":\"ImageObject\",\"inLanguage\":\"fr-FR\",\"@id\":\"https:\\\/\\\/biopastis.com\\\/fr\\\/#\\\/schema\\\/logo\\\/image\\\/\",\"url\":\"https:\\\/\\\/biopastis.com\\\/wp-content\\\/uploads\\\/2024\\\/01\\\/BIOPASTIS-NATURAL.jpg\",\"contentUrl\":\"https:\\\/\\\/biopastis.com\\\/wp-content\\\/uploads\\\/2024\\\/01\\\/BIOPASTIS-NATURAL.jpg\",\"width\":658,\"height\":663,\"caption\":\"BioPastis\"},\"image\":{\"@id\":\"https:\\\/\\\/biopastis.com\\\/fr\\\/#\\\/schema\\\/logo\\\/image\\\/\"}}]}<\/script>\n<!-- \/ Yoast SEO plugin. -->","yoast_head_json":{"title":"Bundt Cake Carotte Chocolat et Sp\u00e9culoos - BioPastis","description":"G\u00e2teau \u00e9ponge aux carottes, \u00e0 la cannelle, au gingembre, aux noix, aux clous de girofle et \u00e0 la noix de muscade, fourr\u00e9 de notre fromage \u00e0 la cr\u00e8me sp\u00e9cial. D\u00e9cor\u00e9 d'un gla\u00e7age au chocolat blanc, de dorures et d'un biscuit au sp\u00e9culoos.","robots":{"index":"index","follow":"follow","max-snippet":"max-snippet:-1","max-image-preview":"max-image-preview:large","max-video-preview":"max-video-preview:-1"},"canonical":"https:\/\/biopastis.com\/fr\/productos\/gateaux-americains\/gateau-bundt\/bundt-cake-carotte-chocolat-et-speculoos\/","og_locale":"fr_FR","og_type":"article","og_title":"Bundt Cake Carotte Chocolat et Sp\u00e9culoos - BioPastis","og_description":"G\u00e2teau \u00e9ponge aux carottes, \u00e0 la cannelle, au gingembre, aux noix, aux clous de girofle et \u00e0 la noix de muscade, fourr\u00e9 de notre fromage \u00e0 la cr\u00e8me sp\u00e9cial. D\u00e9cor\u00e9 d'un gla\u00e7age au chocolat blanc, de dorures et d'un biscuit au sp\u00e9culoos.","og_url":"https:\/\/biopastis.com\/fr\/productos\/gateaux-americains\/gateau-bundt\/bundt-cake-carotte-chocolat-et-speculoos\/","og_site_name":"BioPastis","og_image":[{"width":1248,"height":832,"url":"https:\/\/biopastis.com\/wp-content\/uploads\/2023\/11\/Bundt-Carrot-chocolate-and-speculus-B-02012192.png","type":"image\/png"}],"twitter_card":"summary_large_image","schema":{"@context":"https:\/\/schema.org","@graph":[{"@type":"WebPage","@id":"https:\/\/biopastis.com\/fr\/productos\/gateaux-americains\/gateau-bundt\/bundt-cake-carotte-chocolat-et-speculoos\/","url":"https:\/\/biopastis.com\/fr\/productos\/gateaux-americains\/gateau-bundt\/bundt-cake-carotte-chocolat-et-speculoos\/","name":"Bundt Cake Carotte Chocolat et Sp\u00e9culoos - BioPastis","isPartOf":{"@id":"https:\/\/biopastis.com\/fr\/#website"},"primaryImageOfPage":{"@id":"https:\/\/biopastis.com\/fr\/productos\/gateaux-americains\/gateau-bundt\/bundt-cake-carotte-chocolat-et-speculoos\/#primaryimage"},"image":{"@id":"https:\/\/biopastis.com\/fr\/productos\/gateaux-americains\/gateau-bundt\/bundt-cake-carotte-chocolat-et-speculoos\/#primaryimage"},"thumbnailUrl":"https:\/\/biopastis.com\/wp-content\/uploads\/2023\/11\/Bundt-Carrot-chocolate-and-speculus-B-02012192.png","datePublished":"2023-11-12T09:36:24+00:00","description":"G\u00e2teau \u00e9ponge aux carottes, \u00e0 la cannelle, au gingembre, aux noix, aux clous de girofle et \u00e0 la noix de muscade, fourr\u00e9 de notre fromage \u00e0 la cr\u00e8me sp\u00e9cial. D\u00e9cor\u00e9 d'un gla\u00e7age au chocolat blanc, de dorures et d'un biscuit au sp\u00e9culoos.","breadcrumb":{"@id":"https:\/\/biopastis.com\/fr\/productos\/gateaux-americains\/gateau-bundt\/bundt-cake-carotte-chocolat-et-speculoos\/#breadcrumb"},"inLanguage":"fr-FR","potentialAction":[{"@type":"ReadAction","target":["https:\/\/biopastis.com\/fr\/productos\/gateaux-americains\/gateau-bundt\/bundt-cake-carotte-chocolat-et-speculoos\/"]}]},{"@type":"ImageObject","inLanguage":"fr-FR","@id":"https:\/\/biopastis.com\/fr\/productos\/gateaux-americains\/gateau-bundt\/bundt-cake-carotte-chocolat-et-speculoos\/#primaryimage","url":"https:\/\/biopastis.com\/wp-content\/uploads\/2023\/11\/Bundt-Carrot-chocolate-and-speculus-B-02012192.png","contentUrl":"https:\/\/biopastis.com\/wp-content\/uploads\/2023\/11\/Bundt-Carrot-chocolate-and-speculus-B-02012192.png","width":1248,"height":832},{"@type":"BreadcrumbList","@id":"https:\/\/biopastis.com\/fr\/productos\/gateaux-americains\/gateau-bundt\/bundt-cake-carotte-chocolat-et-speculoos\/#breadcrumb","itemListElement":[{"@type":"ListItem","position":1,"name":"Portada","item":"https:\/\/biopastis.com\/fr\/"},{"@type":"ListItem","position":2,"name":"Produits","item":"https:\/\/biopastis.com\/fr\/boutique\/"},{"@type":"ListItem","position":3,"name":"Bundt Cake Carotte Chocolat et Sp\u00e9culoos"}]},{"@type":"WebSite","@id":"https:\/\/biopastis.com\/fr\/#website","url":"https:\/\/biopastis.com\/fr\/","name":"BioPastis","description":"La alimentaci\u00f3n natural","publisher":{"@id":"https:\/\/biopastis.com\/fr\/#organization"},"potentialAction":[{"@type":"SearchAction","target":{"@type":"EntryPoint","urlTemplate":"https:\/\/biopastis.com\/fr\/?s={search_term_string}"},"query-input":{"@type":"PropertyValueSpecification","valueRequired":true,"valueName":"search_term_string"}}],"inLanguage":"fr-FR"},{"@type":"Organization","@id":"https:\/\/biopastis.com\/fr\/#organization","name":"BioPastis","url":"https:\/\/biopastis.com\/fr\/","logo":{"@type":"ImageObject","inLanguage":"fr-FR","@id":"https:\/\/biopastis.com\/fr\/#\/schema\/logo\/image\/","url":"https:\/\/biopastis.com\/wp-content\/uploads\/2024\/01\/BIOPASTIS-NATURAL.jpg","contentUrl":"https:\/\/biopastis.com\/wp-content\/uploads\/2024\/01\/BIOPASTIS-NATURAL.jpg","width":658,"height":663,"caption":"BioPastis"},"image":{"@id":"https:\/\/biopastis.com\/fr\/#\/schema\/logo\/image\/"}}]}},"_links":{"self":[{"href":"https:\/\/biopastis.com\/fr\/wp-json\/wp\/v2\/product\/2522","targetHints":{"allow":["GET"]}}],"collection":[{"href":"https:\/\/biopastis.com\/fr\/wp-json\/wp\/v2\/product"}],"about":[{"href":"https:\/\/biopastis.com\/fr\/wp-json\/wp\/v2\/types\/product"}],"replies":[{"embeddable":true,"href":"https:\/\/biopastis.com\/fr\/wp-json\/wp\/v2\/comments?post=2522"}],"wp:featuredmedia":[{"embeddable":true,"href":"https:\/\/biopastis.com\/fr\/wp-json\/wp\/v2\/media\/5691"}],"wp:attachment":[{"href":"https:\/\/biopastis.com\/fr\/wp-json\/wp\/v2\/media?parent=2522"}],"wp:term":[{"taxonomy":"product_brand","embeddable":true,"href":"https:\/\/biopastis.com\/fr\/wp-json\/wp\/v2\/product_brand?post=2522"},{"taxonomy":"product_cat","embeddable":true,"href":"https:\/\/biopastis.com\/fr\/wp-json\/wp\/v2\/product_cat?post=2522"},{"taxonomy":"product_tag","embeddable":true,"href":"https:\/\/biopastis.com\/fr\/wp-json\/wp\/v2\/product_tag?post=2522"}],"curies":[{"name":"wp","href":"https:\/\/api.w.org\/{rel}","templated":true}]}}