{"id":2507,"date":"2023-11-12T10:34:05","date_gmt":"2023-11-12T09:34:05","guid":{"rendered":"https:\/\/biopastis.com\/producto\/gateau-marbre-au-cafe-et-au-chocolat-et-au-yaourt\/"},"modified":"2023-11-12T10:34:05","modified_gmt":"2023-11-12T09:34:05","slug":"gateau-marbre-au-cafe-et-au-chocolat-et-au-yaourt","status":"publish","type":"product","link":"https:\/\/biopastis.com\/fr\/productos\/gateaux-americains\/gateaux-moelleux\/gateaux-petit-dejeuner\/gateau-marbre-au-cafe-et-au-chocolat-et-au-yaourt\/","title":{"rendered":"G\u00e2teau marbr\u00e9 au caf\u00e9 et au chocolat et au yaourt"},"content":{"rendered":"<table>\n<tbody>\n<tr>\n<td class=\"bd\">Poids<\/td>\n<td class=\"der\">1 Kgr +\/- 5%<\/td>\n<\/tr>\n<tr>\n<td class=\"bd\">Taille<\/td>\n<td class=\"der\">240 mm<\/td>\n<\/tr>\n<tr>\n<td class=\"bd\">Portions<\/td>\n<td class=\"der\">1<\/td>\n<\/tr>\n<tr>\n<td class=\"bd\">Pi\u00e8ces<\/td>\n<td class=\"der\">1<\/td>\n<\/tr>\n<\/tbody>\n<\/table>\n","protected":false},"excerpt":{"rendered":"<p>D\u00e9licieuse g\u00e9noise marbr\u00e9e au caf\u00e9 et au chocolat, d\u00e9cor\u00e9e de p\u00e9pites de chocolat.<\/p>\n","protected":false},"featured_media":5608,"comment_status":"closed","ping_status":"closed","template":"","meta":[],"product_brand":[],"product_cat":[110],"product_tag":[184],"class_list":{"0":"post-2507","1":"product","2":"type-product","3":"status-publish","4":"has-post-thumbnail","6":"product_cat-gateaux-petit-dejeuner","7":"product_tag-gateaux-pour-le-petit-dejeuner","9":"first","10":"instock","11":"shipping-taxable","12":"product-type-simple"},"yoast_head":"<!-- This site is optimized with the Yoast SEO plugin v27.3 - https:\/\/yoast.com\/product\/yoast-seo-wordpress\/ -->\n<title>G\u00e2teau marbr\u00e9 au caf\u00e9 et au chocolat et au yaourt - BioPastis<\/title>\n<meta name=\"description\" content=\"D\u00e9licieuse g\u00e9noise marbr\u00e9e au caf\u00e9 et au chocolat, d\u00e9cor\u00e9e de p\u00e9pites de chocolat.\" \/>\n<meta name=\"robots\" content=\"index, follow, max-snippet:-1, max-image-preview:large, max-video-preview:-1\" \/>\n<link rel=\"canonical\" href=\"https:\/\/biopastis.com\/fr\/productos\/gateaux-americains\/gateaux-moelleux\/gateaux-petit-dejeuner\/gateau-marbre-au-cafe-et-au-chocolat-et-au-yaourt\/\" \/>\n<meta property=\"og:locale\" content=\"fr_FR\" \/>\n<meta property=\"og:type\" content=\"article\" \/>\n<meta property=\"og:title\" content=\"G\u00e2teau marbr\u00e9 au caf\u00e9 et au chocolat et au yaourt - BioPastis\" \/>\n<meta property=\"og:description\" content=\"D\u00e9licieuse g\u00e9noise marbr\u00e9e au caf\u00e9 et au chocolat, d\u00e9cor\u00e9e de p\u00e9pites de chocolat.\" \/>\n<meta property=\"og:url\" content=\"https:\/\/biopastis.com\/fr\/productos\/gateaux-americains\/gateaux-moelleux\/gateaux-petit-dejeuner\/gateau-marbre-au-cafe-et-au-chocolat-et-au-yaourt\/\" \/>\n<meta property=\"og:site_name\" content=\"BioPastis\" \/>\n<meta property=\"og:image\" content=\"https:\/\/biopastis.com\/wp-content\/uploads\/2023\/11\/Breakfast-yogurt-cafe-y-chocolate-Marmol.jpg\" \/>\n\t<meta property=\"og:image:width\" content=\"945\" \/>\n\t<meta property=\"og:image:height\" content=\"709\" \/>\n\t<meta property=\"og:image:type\" content=\"image\/jpeg\" \/>\n<meta name=\"twitter:card\" content=\"summary_large_image\" \/>\n<script type=\"application\/ld+json\" class=\"yoast-schema-graph\">{\"@context\":\"https:\\\/\\\/schema.org\",\"@graph\":[{\"@type\":\"WebPage\",\"@id\":\"https:\\\/\\\/biopastis.com\\\/fr\\\/productos\\\/gateaux-americains\\\/gateaux-moelleux\\\/gateaux-petit-dejeuner\\\/gateau-marbre-au-cafe-et-au-chocolat-et-au-yaourt\\\/\",\"url\":\"https:\\\/\\\/biopastis.com\\\/fr\\\/productos\\\/gateaux-americains\\\/gateaux-moelleux\\\/gateaux-petit-dejeuner\\\/gateau-marbre-au-cafe-et-au-chocolat-et-au-yaourt\\\/\",\"name\":\"G\u00e2teau marbr\u00e9 au caf\u00e9 et au chocolat et au yaourt - BioPastis\",\"isPartOf\":{\"@id\":\"https:\\\/\\\/biopastis.com\\\/fr\\\/#website\"},\"primaryImageOfPage\":{\"@id\":\"https:\\\/\\\/biopastis.com\\\/fr\\\/productos\\\/gateaux-americains\\\/gateaux-moelleux\\\/gateaux-petit-dejeuner\\\/gateau-marbre-au-cafe-et-au-chocolat-et-au-yaourt\\\/#primaryimage\"},\"image\":{\"@id\":\"https:\\\/\\\/biopastis.com\\\/fr\\\/productos\\\/gateaux-americains\\\/gateaux-moelleux\\\/gateaux-petit-dejeuner\\\/gateau-marbre-au-cafe-et-au-chocolat-et-au-yaourt\\\/#primaryimage\"},\"thumbnailUrl\":\"https:\\\/\\\/biopastis.com\\\/wp-content\\\/uploads\\\/2023\\\/11\\\/Breakfast-yogurt-cafe-y-chocolate-Marmol-02008117.png\",\"datePublished\":\"2023-11-12T09:34:05+00:00\",\"description\":\"D\u00e9licieuse g\u00e9noise marbr\u00e9e au caf\u00e9 et au chocolat, d\u00e9cor\u00e9e de p\u00e9pites de chocolat.\",\"breadcrumb\":{\"@id\":\"https:\\\/\\\/biopastis.com\\\/fr\\\/productos\\\/gateaux-americains\\\/gateaux-moelleux\\\/gateaux-petit-dejeuner\\\/gateau-marbre-au-cafe-et-au-chocolat-et-au-yaourt\\\/#breadcrumb\"},\"inLanguage\":\"fr-FR\",\"potentialAction\":[{\"@type\":\"ReadAction\",\"target\":[\"https:\\\/\\\/biopastis.com\\\/fr\\\/productos\\\/gateaux-americains\\\/gateaux-moelleux\\\/gateaux-petit-dejeuner\\\/gateau-marbre-au-cafe-et-au-chocolat-et-au-yaourt\\\/\"]}]},{\"@type\":\"ImageObject\",\"inLanguage\":\"fr-FR\",\"@id\":\"https:\\\/\\\/biopastis.com\\\/fr\\\/productos\\\/gateaux-americains\\\/gateaux-moelleux\\\/gateaux-petit-dejeuner\\\/gateau-marbre-au-cafe-et-au-chocolat-et-au-yaourt\\\/#primaryimage\",\"url\":\"https:\\\/\\\/biopastis.com\\\/wp-content\\\/uploads\\\/2023\\\/11\\\/Breakfast-yogurt-cafe-y-chocolate-Marmol-02008117.png\",\"contentUrl\":\"https:\\\/\\\/biopastis.com\\\/wp-content\\\/uploads\\\/2023\\\/11\\\/Breakfast-yogurt-cafe-y-chocolate-Marmol-02008117.png\",\"width\":1184,\"height\":864},{\"@type\":\"BreadcrumbList\",\"@id\":\"https:\\\/\\\/biopastis.com\\\/fr\\\/productos\\\/gateaux-americains\\\/gateaux-moelleux\\\/gateaux-petit-dejeuner\\\/gateau-marbre-au-cafe-et-au-chocolat-et-au-yaourt\\\/#breadcrumb\",\"itemListElement\":[{\"@type\":\"ListItem\",\"position\":1,\"name\":\"Portada\",\"item\":\"https:\\\/\\\/biopastis.com\\\/fr\\\/\"},{\"@type\":\"ListItem\",\"position\":2,\"name\":\"Produits\",\"item\":\"https:\\\/\\\/biopastis.com\\\/fr\\\/boutique\\\/\"},{\"@type\":\"ListItem\",\"position\":3,\"name\":\"G\u00e2teau marbr\u00e9 au caf\u00e9 et au chocolat et au yaourt\"}]},{\"@type\":\"WebSite\",\"@id\":\"https:\\\/\\\/biopastis.com\\\/fr\\\/#website\",\"url\":\"https:\\\/\\\/biopastis.com\\\/fr\\\/\",\"name\":\"BioPastis\",\"description\":\"La alimentaci\u00f3n natural\",\"publisher\":{\"@id\":\"https:\\\/\\\/biopastis.com\\\/fr\\\/#organization\"},\"potentialAction\":[{\"@type\":\"SearchAction\",\"target\":{\"@type\":\"EntryPoint\",\"urlTemplate\":\"https:\\\/\\\/biopastis.com\\\/fr\\\/?s={search_term_string}\"},\"query-input\":{\"@type\":\"PropertyValueSpecification\",\"valueRequired\":true,\"valueName\":\"search_term_string\"}}],\"inLanguage\":\"fr-FR\"},{\"@type\":\"Organization\",\"@id\":\"https:\\\/\\\/biopastis.com\\\/fr\\\/#organization\",\"name\":\"BioPastis\",\"url\":\"https:\\\/\\\/biopastis.com\\\/fr\\\/\",\"logo\":{\"@type\":\"ImageObject\",\"inLanguage\":\"fr-FR\",\"@id\":\"https:\\\/\\\/biopastis.com\\\/fr\\\/#\\\/schema\\\/logo\\\/image\\\/\",\"url\":\"https:\\\/\\\/biopastis.com\\\/wp-content\\\/uploads\\\/2024\\\/01\\\/BIOPASTIS-NATURAL.jpg\",\"contentUrl\":\"https:\\\/\\\/biopastis.com\\\/wp-content\\\/uploads\\\/2024\\\/01\\\/BIOPASTIS-NATURAL.jpg\",\"width\":658,\"height\":663,\"caption\":\"BioPastis\"},\"image\":{\"@id\":\"https:\\\/\\\/biopastis.com\\\/fr\\\/#\\\/schema\\\/logo\\\/image\\\/\"}}]}<\/script>\n<!-- \/ Yoast SEO plugin. -->","yoast_head_json":{"title":"G\u00e2teau marbr\u00e9 au caf\u00e9 et au chocolat et au yaourt - BioPastis","description":"D\u00e9licieuse g\u00e9noise marbr\u00e9e au caf\u00e9 et au chocolat, d\u00e9cor\u00e9e de p\u00e9pites de chocolat.","robots":{"index":"index","follow":"follow","max-snippet":"max-snippet:-1","max-image-preview":"max-image-preview:large","max-video-preview":"max-video-preview:-1"},"canonical":"https:\/\/biopastis.com\/fr\/productos\/gateaux-americains\/gateaux-moelleux\/gateaux-petit-dejeuner\/gateau-marbre-au-cafe-et-au-chocolat-et-au-yaourt\/","og_locale":"fr_FR","og_type":"article","og_title":"G\u00e2teau marbr\u00e9 au caf\u00e9 et au chocolat et au yaourt - BioPastis","og_description":"D\u00e9licieuse g\u00e9noise marbr\u00e9e au caf\u00e9 et au chocolat, d\u00e9cor\u00e9e de p\u00e9pites de chocolat.","og_url":"https:\/\/biopastis.com\/fr\/productos\/gateaux-americains\/gateaux-moelleux\/gateaux-petit-dejeuner\/gateau-marbre-au-cafe-et-au-chocolat-et-au-yaourt\/","og_site_name":"BioPastis","og_image":[{"width":945,"height":709,"url":"https:\/\/biopastis.com\/wp-content\/uploads\/2023\/11\/Breakfast-yogurt-cafe-y-chocolate-Marmol.jpg","type":"image\/jpeg"}],"twitter_card":"summary_large_image","schema":{"@context":"https:\/\/schema.org","@graph":[{"@type":"WebPage","@id":"https:\/\/biopastis.com\/fr\/productos\/gateaux-americains\/gateaux-moelleux\/gateaux-petit-dejeuner\/gateau-marbre-au-cafe-et-au-chocolat-et-au-yaourt\/","url":"https:\/\/biopastis.com\/fr\/productos\/gateaux-americains\/gateaux-moelleux\/gateaux-petit-dejeuner\/gateau-marbre-au-cafe-et-au-chocolat-et-au-yaourt\/","name":"G\u00e2teau marbr\u00e9 au caf\u00e9 et au chocolat et au yaourt - BioPastis","isPartOf":{"@id":"https:\/\/biopastis.com\/fr\/#website"},"primaryImageOfPage":{"@id":"https:\/\/biopastis.com\/fr\/productos\/gateaux-americains\/gateaux-moelleux\/gateaux-petit-dejeuner\/gateau-marbre-au-cafe-et-au-chocolat-et-au-yaourt\/#primaryimage"},"image":{"@id":"https:\/\/biopastis.com\/fr\/productos\/gateaux-americains\/gateaux-moelleux\/gateaux-petit-dejeuner\/gateau-marbre-au-cafe-et-au-chocolat-et-au-yaourt\/#primaryimage"},"thumbnailUrl":"https:\/\/biopastis.com\/wp-content\/uploads\/2023\/11\/Breakfast-yogurt-cafe-y-chocolate-Marmol-02008117.png","datePublished":"2023-11-12T09:34:05+00:00","description":"D\u00e9licieuse g\u00e9noise marbr\u00e9e au caf\u00e9 et au chocolat, d\u00e9cor\u00e9e de p\u00e9pites de chocolat.","breadcrumb":{"@id":"https:\/\/biopastis.com\/fr\/productos\/gateaux-americains\/gateaux-moelleux\/gateaux-petit-dejeuner\/gateau-marbre-au-cafe-et-au-chocolat-et-au-yaourt\/#breadcrumb"},"inLanguage":"fr-FR","potentialAction":[{"@type":"ReadAction","target":["https:\/\/biopastis.com\/fr\/productos\/gateaux-americains\/gateaux-moelleux\/gateaux-petit-dejeuner\/gateau-marbre-au-cafe-et-au-chocolat-et-au-yaourt\/"]}]},{"@type":"ImageObject","inLanguage":"fr-FR","@id":"https:\/\/biopastis.com\/fr\/productos\/gateaux-americains\/gateaux-moelleux\/gateaux-petit-dejeuner\/gateau-marbre-au-cafe-et-au-chocolat-et-au-yaourt\/#primaryimage","url":"https:\/\/biopastis.com\/wp-content\/uploads\/2023\/11\/Breakfast-yogurt-cafe-y-chocolate-Marmol-02008117.png","contentUrl":"https:\/\/biopastis.com\/wp-content\/uploads\/2023\/11\/Breakfast-yogurt-cafe-y-chocolate-Marmol-02008117.png","width":1184,"height":864},{"@type":"BreadcrumbList","@id":"https:\/\/biopastis.com\/fr\/productos\/gateaux-americains\/gateaux-moelleux\/gateaux-petit-dejeuner\/gateau-marbre-au-cafe-et-au-chocolat-et-au-yaourt\/#breadcrumb","itemListElement":[{"@type":"ListItem","position":1,"name":"Portada","item":"https:\/\/biopastis.com\/fr\/"},{"@type":"ListItem","position":2,"name":"Produits","item":"https:\/\/biopastis.com\/fr\/boutique\/"},{"@type":"ListItem","position":3,"name":"G\u00e2teau marbr\u00e9 au caf\u00e9 et au chocolat et au yaourt"}]},{"@type":"WebSite","@id":"https:\/\/biopastis.com\/fr\/#website","url":"https:\/\/biopastis.com\/fr\/","name":"BioPastis","description":"La alimentaci\u00f3n natural","publisher":{"@id":"https:\/\/biopastis.com\/fr\/#organization"},"potentialAction":[{"@type":"SearchAction","target":{"@type":"EntryPoint","urlTemplate":"https:\/\/biopastis.com\/fr\/?s={search_term_string}"},"query-input":{"@type":"PropertyValueSpecification","valueRequired":true,"valueName":"search_term_string"}}],"inLanguage":"fr-FR"},{"@type":"Organization","@id":"https:\/\/biopastis.com\/fr\/#organization","name":"BioPastis","url":"https:\/\/biopastis.com\/fr\/","logo":{"@type":"ImageObject","inLanguage":"fr-FR","@id":"https:\/\/biopastis.com\/fr\/#\/schema\/logo\/image\/","url":"https:\/\/biopastis.com\/wp-content\/uploads\/2024\/01\/BIOPASTIS-NATURAL.jpg","contentUrl":"https:\/\/biopastis.com\/wp-content\/uploads\/2024\/01\/BIOPASTIS-NATURAL.jpg","width":658,"height":663,"caption":"BioPastis"},"image":{"@id":"https:\/\/biopastis.com\/fr\/#\/schema\/logo\/image\/"}}]}},"_links":{"self":[{"href":"https:\/\/biopastis.com\/fr\/wp-json\/wp\/v2\/product\/2507","targetHints":{"allow":["GET"]}}],"collection":[{"href":"https:\/\/biopastis.com\/fr\/wp-json\/wp\/v2\/product"}],"about":[{"href":"https:\/\/biopastis.com\/fr\/wp-json\/wp\/v2\/types\/product"}],"replies":[{"embeddable":true,"href":"https:\/\/biopastis.com\/fr\/wp-json\/wp\/v2\/comments?post=2507"}],"wp:featuredmedia":[{"embeddable":true,"href":"https:\/\/biopastis.com\/fr\/wp-json\/wp\/v2\/media\/5608"}],"wp:attachment":[{"href":"https:\/\/biopastis.com\/fr\/wp-json\/wp\/v2\/media?parent=2507"}],"wp:term":[{"taxonomy":"product_brand","embeddable":true,"href":"https:\/\/biopastis.com\/fr\/wp-json\/wp\/v2\/product_brand?post=2507"},{"taxonomy":"product_cat","embeddable":true,"href":"https:\/\/biopastis.com\/fr\/wp-json\/wp\/v2\/product_cat?post=2507"},{"taxonomy":"product_tag","embeddable":true,"href":"https:\/\/biopastis.com\/fr\/wp-json\/wp\/v2\/product_tag?post=2507"}],"curies":[{"name":"wp","href":"https:\/\/api.w.org\/{rel}","templated":true}]}}