{"id":2402,"date":"2023-11-12T10:35:24","date_gmt":"2023-11-12T09:35:24","guid":{"rendered":"https:\/\/biopastis.com\/producto\/cheesecake-sans-cuisson-dulce-de-leche\/"},"modified":"2023-11-12T10:35:24","modified_gmt":"2023-11-12T09:35:24","slug":"cheesecake-sans-cuisson-dulce-de-leche","status":"publish","type":"product","link":"https:\/\/biopastis.com\/fr\/productos\/gateaux-americains\/gateaux-au-fromage\/cheesecake-sans-cuisson-dulce-de-leche\/","title":{"rendered":"Cheesecake sans cuisson Dulce de Leche"},"content":{"rendered":"<table>\n<tbody>\n<tr>\n<td class=\"bd\">Poids<\/td>\n<td class=\"der\">1,7 Kgr +\/- 5%<\/td>\n<\/tr>\n<tr>\n<td class=\"bd\">Taille<\/td>\n<td class=\"der\">240 mm<\/td>\n<\/tr>\n<tr>\n<td class=\"bd\">Portions<\/td>\n<td class=\"der\">14<\/td>\n<\/tr>\n<tr>\n<td class=\"bd\">Pi\u00e8ces<\/td>\n<td class=\"der\">1<\/td>\n<\/tr>\n<\/tbody>\n<\/table>\n","protected":false},"excerpt":{"rendered":"<p>Cheesecake et Dulce de Leche, avec de la cr\u00e8me pure et du fromage \u00e0 la cr\u00e8me sur la couche sup\u00e9rieure et du fromage \u00e0 la cr\u00e8me et du Dulce de Leche sur la couche inf\u00e9rieure, sans cuisson, avec une base de biscuits digestifs et de beurre. D\u00e9cor\u00e9 avec des veines de dulce de leche. Ce g\u00e2teau est 100% sans graisse de palme.<\/p>\n","protected":false},"featured_media":6095,"template":"","meta":[],"product_brand":[],"product_cat":[97],"product_tag":[172],"class_list":{"0":"post-2402","1":"product","2":"type-product","3":"status-publish","4":"has-post-thumbnail","6":"product_cat-gateaux-au-fromage","7":"product_tag-cheesecakes-fr","9":"first","10":"instock","11":"shipping-taxable","12":"product-type-simple"},"yoast_head":"<!-- This site is optimized with the Yoast SEO plugin v27.5 - https:\/\/yoast.com\/product\/yoast-seo-wordpress\/ -->\n<title>Cheesecake sans cuisson Dulce de Leche - BioPastis<\/title>\n<meta name=\"description\" content=\"Cheesecake et Dulce de Leche, avec de la cr\u00e8me pure et du fromage \u00e0 la cr\u00e8me sur la couche sup\u00e9rieure et du fromage \u00e0 la cr\u00e8me et du Dulce de Leche sur la couche inf\u00e9rieure, sans cuisson, avec une base de biscuits digestifs et de beurre. D\u00e9cor\u00e9 avec des veines de dulce de leche. Ce g\u00e2teau est 100% sans graisse de palme.\" \/>\n<meta name=\"robots\" content=\"index, follow, max-snippet:-1, max-image-preview:large, max-video-preview:-1\" \/>\n<link rel=\"canonical\" href=\"https:\/\/biopastis.com\/fr\/productos\/gateaux-americains\/gateaux-au-fromage\/cheesecake-sans-cuisson-dulce-de-leche\/\" \/>\n<meta property=\"og:locale\" content=\"fr_FR\" \/>\n<meta property=\"og:type\" content=\"article\" \/>\n<meta property=\"og:title\" content=\"Cheesecake sans cuisson Dulce de Leche - BioPastis\" \/>\n<meta property=\"og:description\" content=\"Cheesecake et Dulce de Leche, avec de la cr\u00e8me pure et du fromage \u00e0 la cr\u00e8me sur la couche sup\u00e9rieure et du fromage \u00e0 la cr\u00e8me et du Dulce de Leche sur la couche inf\u00e9rieure, sans cuisson, avec une base de biscuits digestifs et de beurre. D\u00e9cor\u00e9 avec des veines de dulce de leche. Ce g\u00e2teau est 100% sans graisse de palme.\" \/>\n<meta property=\"og:url\" content=\"https:\/\/biopastis.com\/fr\/productos\/gateaux-americains\/gateaux-au-fromage\/cheesecake-sans-cuisson-dulce-de-leche\/\" \/>\n<meta property=\"og:site_name\" content=\"BioPastis\" \/>\n<meta property=\"og:image\" content=\"https:\/\/biopastis.com\/wp-content\/uploads\/2023\/11\/CheesecakeDulce-de-leche-NoBaked-scaled-1.jpg\" \/>\n\t<meta property=\"og:image:width\" content=\"2560\" \/>\n\t<meta property=\"og:image:height\" content=\"1707\" \/>\n\t<meta property=\"og:image:type\" content=\"image\/jpeg\" \/>\n<meta name=\"twitter:card\" content=\"summary_large_image\" \/>\n<script type=\"application\/ld+json\" class=\"yoast-schema-graph\">{\"@context\":\"https:\\\/\\\/schema.org\",\"@graph\":[{\"@type\":\"WebPage\",\"@id\":\"https:\\\/\\\/biopastis.com\\\/fr\\\/productos\\\/gateaux-americains\\\/gateaux-au-fromage\\\/cheesecake-sans-cuisson-dulce-de-leche\\\/\",\"url\":\"https:\\\/\\\/biopastis.com\\\/fr\\\/productos\\\/gateaux-americains\\\/gateaux-au-fromage\\\/cheesecake-sans-cuisson-dulce-de-leche\\\/\",\"name\":\"Cheesecake sans cuisson Dulce de Leche - BioPastis\",\"isPartOf\":{\"@id\":\"https:\\\/\\\/biopastis.com\\\/fr\\\/#website\"},\"primaryImageOfPage\":{\"@id\":\"https:\\\/\\\/biopastis.com\\\/fr\\\/productos\\\/gateaux-americains\\\/gateaux-au-fromage\\\/cheesecake-sans-cuisson-dulce-de-leche\\\/#primaryimage\"},\"image\":{\"@id\":\"https:\\\/\\\/biopastis.com\\\/fr\\\/productos\\\/gateaux-americains\\\/gateaux-au-fromage\\\/cheesecake-sans-cuisson-dulce-de-leche\\\/#primaryimage\"},\"thumbnailUrl\":\"https:\\\/\\\/biopastis.com\\\/wp-content\\\/uploads\\\/2023\\\/11\\\/BAKED-CHEESECAKE-AND-SWEET-MILK-CAKE-02189003.jpeg\",\"datePublished\":\"2023-11-12T09:35:24+00:00\",\"description\":\"Cheesecake et Dulce de Leche, avec de la cr\u00e8me pure et du fromage \u00e0 la cr\u00e8me sur la couche sup\u00e9rieure et du fromage \u00e0 la cr\u00e8me et du Dulce de Leche sur la couche inf\u00e9rieure, sans cuisson, avec une base de biscuits digestifs et de beurre. D\u00e9cor\u00e9 avec des veines de dulce de leche. Ce g\u00e2teau est 100% sans graisse de palme.\",\"breadcrumb\":{\"@id\":\"https:\\\/\\\/biopastis.com\\\/fr\\\/productos\\\/gateaux-americains\\\/gateaux-au-fromage\\\/cheesecake-sans-cuisson-dulce-de-leche\\\/#breadcrumb\"},\"inLanguage\":\"fr-FR\",\"potentialAction\":[{\"@type\":\"ReadAction\",\"target\":[\"https:\\\/\\\/biopastis.com\\\/fr\\\/productos\\\/gateaux-americains\\\/gateaux-au-fromage\\\/cheesecake-sans-cuisson-dulce-de-leche\\\/\"]}]},{\"@type\":\"ImageObject\",\"inLanguage\":\"fr-FR\",\"@id\":\"https:\\\/\\\/biopastis.com\\\/fr\\\/productos\\\/gateaux-americains\\\/gateaux-au-fromage\\\/cheesecake-sans-cuisson-dulce-de-leche\\\/#primaryimage\",\"url\":\"https:\\\/\\\/biopastis.com\\\/wp-content\\\/uploads\\\/2023\\\/11\\\/BAKED-CHEESECAKE-AND-SWEET-MILK-CAKE-02189003.jpeg\",\"contentUrl\":\"https:\\\/\\\/biopastis.com\\\/wp-content\\\/uploads\\\/2023\\\/11\\\/BAKED-CHEESECAKE-AND-SWEET-MILK-CAKE-02189003.jpeg\",\"width\":1264,\"height\":848},{\"@type\":\"BreadcrumbList\",\"@id\":\"https:\\\/\\\/biopastis.com\\\/fr\\\/productos\\\/gateaux-americains\\\/gateaux-au-fromage\\\/cheesecake-sans-cuisson-dulce-de-leche\\\/#breadcrumb\",\"itemListElement\":[{\"@type\":\"ListItem\",\"position\":1,\"name\":\"Portada\",\"item\":\"https:\\\/\\\/biopastis.com\\\/fr\\\/\"},{\"@type\":\"ListItem\",\"position\":2,\"name\":\"Produits\",\"item\":\"https:\\\/\\\/biopastis.com\\\/fr\\\/boutique\\\/\"},{\"@type\":\"ListItem\",\"position\":3,\"name\":\"Cheesecake sans cuisson Dulce de Leche\"}]},{\"@type\":\"WebSite\",\"@id\":\"https:\\\/\\\/biopastis.com\\\/fr\\\/#website\",\"url\":\"https:\\\/\\\/biopastis.com\\\/fr\\\/\",\"name\":\"BioPastis\",\"description\":\"La alimentaci\u00f3n natural\",\"publisher\":{\"@id\":\"https:\\\/\\\/biopastis.com\\\/fr\\\/#organization\"},\"potentialAction\":[{\"@type\":\"SearchAction\",\"target\":{\"@type\":\"EntryPoint\",\"urlTemplate\":\"https:\\\/\\\/biopastis.com\\\/fr\\\/?s={search_term_string}\"},\"query-input\":{\"@type\":\"PropertyValueSpecification\",\"valueRequired\":true,\"valueName\":\"search_term_string\"}}],\"inLanguage\":\"fr-FR\"},{\"@type\":\"Organization\",\"@id\":\"https:\\\/\\\/biopastis.com\\\/fr\\\/#organization\",\"name\":\"BioPastis\",\"url\":\"https:\\\/\\\/biopastis.com\\\/fr\\\/\",\"logo\":{\"@type\":\"ImageObject\",\"inLanguage\":\"fr-FR\",\"@id\":\"https:\\\/\\\/biopastis.com\\\/fr\\\/#\\\/schema\\\/logo\\\/image\\\/\",\"url\":\"https:\\\/\\\/biopastis.com\\\/wp-content\\\/uploads\\\/2024\\\/01\\\/BIOPASTIS-NATURAL.jpg\",\"contentUrl\":\"https:\\\/\\\/biopastis.com\\\/wp-content\\\/uploads\\\/2024\\\/01\\\/BIOPASTIS-NATURAL.jpg\",\"width\":658,\"height\":663,\"caption\":\"BioPastis\"},\"image\":{\"@id\":\"https:\\\/\\\/biopastis.com\\\/fr\\\/#\\\/schema\\\/logo\\\/image\\\/\"}}]}<\/script>\n<!-- \/ Yoast SEO plugin. -->","yoast_head_json":{"title":"Cheesecake sans cuisson Dulce de Leche - BioPastis","description":"Cheesecake et Dulce de Leche, avec de la cr\u00e8me pure et du fromage \u00e0 la cr\u00e8me sur la couche sup\u00e9rieure et du fromage \u00e0 la cr\u00e8me et du Dulce de Leche sur la couche inf\u00e9rieure, sans cuisson, avec une base de biscuits digestifs et de beurre. D\u00e9cor\u00e9 avec des veines de dulce de leche. Ce g\u00e2teau est 100% sans graisse de palme.","robots":{"index":"index","follow":"follow","max-snippet":"max-snippet:-1","max-image-preview":"max-image-preview:large","max-video-preview":"max-video-preview:-1"},"canonical":"https:\/\/biopastis.com\/fr\/productos\/gateaux-americains\/gateaux-au-fromage\/cheesecake-sans-cuisson-dulce-de-leche\/","og_locale":"fr_FR","og_type":"article","og_title":"Cheesecake sans cuisson Dulce de Leche - BioPastis","og_description":"Cheesecake et Dulce de Leche, avec de la cr\u00e8me pure et du fromage \u00e0 la cr\u00e8me sur la couche sup\u00e9rieure et du fromage \u00e0 la cr\u00e8me et du Dulce de Leche sur la couche inf\u00e9rieure, sans cuisson, avec une base de biscuits digestifs et de beurre. D\u00e9cor\u00e9 avec des veines de dulce de leche. Ce g\u00e2teau est 100% sans graisse de palme.","og_url":"https:\/\/biopastis.com\/fr\/productos\/gateaux-americains\/gateaux-au-fromage\/cheesecake-sans-cuisson-dulce-de-leche\/","og_site_name":"BioPastis","og_image":[{"width":2560,"height":1707,"url":"https:\/\/biopastis.com\/wp-content\/uploads\/2023\/11\/CheesecakeDulce-de-leche-NoBaked-scaled-1.jpg","type":"image\/jpeg"}],"twitter_card":"summary_large_image","schema":{"@context":"https:\/\/schema.org","@graph":[{"@type":"WebPage","@id":"https:\/\/biopastis.com\/fr\/productos\/gateaux-americains\/gateaux-au-fromage\/cheesecake-sans-cuisson-dulce-de-leche\/","url":"https:\/\/biopastis.com\/fr\/productos\/gateaux-americains\/gateaux-au-fromage\/cheesecake-sans-cuisson-dulce-de-leche\/","name":"Cheesecake sans cuisson Dulce de Leche - BioPastis","isPartOf":{"@id":"https:\/\/biopastis.com\/fr\/#website"},"primaryImageOfPage":{"@id":"https:\/\/biopastis.com\/fr\/productos\/gateaux-americains\/gateaux-au-fromage\/cheesecake-sans-cuisson-dulce-de-leche\/#primaryimage"},"image":{"@id":"https:\/\/biopastis.com\/fr\/productos\/gateaux-americains\/gateaux-au-fromage\/cheesecake-sans-cuisson-dulce-de-leche\/#primaryimage"},"thumbnailUrl":"https:\/\/biopastis.com\/wp-content\/uploads\/2023\/11\/BAKED-CHEESECAKE-AND-SWEET-MILK-CAKE-02189003.jpeg","datePublished":"2023-11-12T09:35:24+00:00","description":"Cheesecake et Dulce de Leche, avec de la cr\u00e8me pure et du fromage \u00e0 la cr\u00e8me sur la couche sup\u00e9rieure et du fromage \u00e0 la cr\u00e8me et du Dulce de Leche sur la couche inf\u00e9rieure, sans cuisson, avec une base de biscuits digestifs et de beurre. D\u00e9cor\u00e9 avec des veines de dulce de leche. Ce g\u00e2teau est 100% sans graisse de palme.","breadcrumb":{"@id":"https:\/\/biopastis.com\/fr\/productos\/gateaux-americains\/gateaux-au-fromage\/cheesecake-sans-cuisson-dulce-de-leche\/#breadcrumb"},"inLanguage":"fr-FR","potentialAction":[{"@type":"ReadAction","target":["https:\/\/biopastis.com\/fr\/productos\/gateaux-americains\/gateaux-au-fromage\/cheesecake-sans-cuisson-dulce-de-leche\/"]}]},{"@type":"ImageObject","inLanguage":"fr-FR","@id":"https:\/\/biopastis.com\/fr\/productos\/gateaux-americains\/gateaux-au-fromage\/cheesecake-sans-cuisson-dulce-de-leche\/#primaryimage","url":"https:\/\/biopastis.com\/wp-content\/uploads\/2023\/11\/BAKED-CHEESECAKE-AND-SWEET-MILK-CAKE-02189003.jpeg","contentUrl":"https:\/\/biopastis.com\/wp-content\/uploads\/2023\/11\/BAKED-CHEESECAKE-AND-SWEET-MILK-CAKE-02189003.jpeg","width":1264,"height":848},{"@type":"BreadcrumbList","@id":"https:\/\/biopastis.com\/fr\/productos\/gateaux-americains\/gateaux-au-fromage\/cheesecake-sans-cuisson-dulce-de-leche\/#breadcrumb","itemListElement":[{"@type":"ListItem","position":1,"name":"Portada","item":"https:\/\/biopastis.com\/fr\/"},{"@type":"ListItem","position":2,"name":"Produits","item":"https:\/\/biopastis.com\/fr\/boutique\/"},{"@type":"ListItem","position":3,"name":"Cheesecake sans cuisson Dulce de Leche"}]},{"@type":"WebSite","@id":"https:\/\/biopastis.com\/fr\/#website","url":"https:\/\/biopastis.com\/fr\/","name":"BioPastis","description":"La alimentaci\u00f3n natural","publisher":{"@id":"https:\/\/biopastis.com\/fr\/#organization"},"potentialAction":[{"@type":"SearchAction","target":{"@type":"EntryPoint","urlTemplate":"https:\/\/biopastis.com\/fr\/?s={search_term_string}"},"query-input":{"@type":"PropertyValueSpecification","valueRequired":true,"valueName":"search_term_string"}}],"inLanguage":"fr-FR"},{"@type":"Organization","@id":"https:\/\/biopastis.com\/fr\/#organization","name":"BioPastis","url":"https:\/\/biopastis.com\/fr\/","logo":{"@type":"ImageObject","inLanguage":"fr-FR","@id":"https:\/\/biopastis.com\/fr\/#\/schema\/logo\/image\/","url":"https:\/\/biopastis.com\/wp-content\/uploads\/2024\/01\/BIOPASTIS-NATURAL.jpg","contentUrl":"https:\/\/biopastis.com\/wp-content\/uploads\/2024\/01\/BIOPASTIS-NATURAL.jpg","width":658,"height":663,"caption":"BioPastis"},"image":{"@id":"https:\/\/biopastis.com\/fr\/#\/schema\/logo\/image\/"}}]}},"_links":{"self":[{"href":"https:\/\/biopastis.com\/fr\/wp-json\/wp\/v2\/product\/2402","targetHints":{"allow":["GET"]}}],"collection":[{"href":"https:\/\/biopastis.com\/fr\/wp-json\/wp\/v2\/product"}],"about":[{"href":"https:\/\/biopastis.com\/fr\/wp-json\/wp\/v2\/types\/product"}],"wp:featuredmedia":[{"embeddable":true,"href":"https:\/\/biopastis.com\/fr\/wp-json\/wp\/v2\/media\/6095"}],"wp:attachment":[{"href":"https:\/\/biopastis.com\/fr\/wp-json\/wp\/v2\/media?parent=2402"}],"wp:term":[{"taxonomy":"product_brand","embeddable":true,"href":"https:\/\/biopastis.com\/fr\/wp-json\/wp\/v2\/product_brand?post=2402"},{"taxonomy":"product_cat","embeddable":true,"href":"https:\/\/biopastis.com\/fr\/wp-json\/wp\/v2\/product_cat?post=2402"},{"taxonomy":"product_tag","embeddable":true,"href":"https:\/\/biopastis.com\/fr\/wp-json\/wp\/v2\/product_tag?post=2402"}],"curies":[{"name":"wp","href":"https:\/\/api.w.org\/{rel}","templated":true}]}}