{"id":2399,"date":"2023-11-12T10:33:10","date_gmt":"2023-11-12T09:33:10","guid":{"rendered":"https:\/\/biopastis.com\/producto\/gateau-de-chocolat-noir\/"},"modified":"2023-11-12T10:33:10","modified_gmt":"2023-11-12T09:33:10","slug":"gateau-de-chocolat-noir","status":"publish","type":"product","link":"https:\/\/biopastis.com\/fr\/productos\/gateaux-americains\/gateaux-a-couches\/gateau-de-chocolat-noir\/","title":{"rendered":"Gateau de chocolat noir"},"content":{"rendered":"<table>\n<tbody>\n<tr>\n<td class=\"bd\">Poids<\/td>\n<td class=\"der\">2,45 Kgr +\/- 5%<\/td>\n<\/tr>\n<tr>\n<td class=\"bd\">Taille<\/td>\n<td class=\"der\">250 mm<\/td>\n<\/tr>\n<tr>\n<td class=\"bd\">Portions<\/td>\n<td class=\"der\">1<\/td>\n<\/tr>\n<tr>\n<td class=\"bd\">Pi\u00e8ces<\/td>\n<td class=\"der\">18<\/td>\n<\/tr>\n<\/tbody>\n<\/table>\n<p><a href=\"https:\/\/biopastis.com\/wp-content\/uploads\/2024\/01\/FICHA_TECNICA_02012111_GATEAU_DE_CHOCOLATE_NOIRE_2450g_-ED5.pdf\" rel=\"attachment wp-att-8189\"><img loading=\"lazy\" decoding=\"async\" class=\"alignleft wp-image-8189 size-thumbnail\" src=\"https:\/\/biopastis.com\/wp-content\/uploads\/2024\/01\/icono-pdf-150x150-1.png\" alt=\"\" width=\"150\" height=\"150\" \/><\/a><\/p>\n","protected":false},"excerpt":{"rendered":"<p>G\u00e2teau sp\u00e9cial de style canadien, avec un m\u00e9lange de cultures fran\u00e7aise et anglaise. Rempli de trois couches de g\u00e2teau \u00e9ponge au chocolat et d&rsquo;un gla\u00e7age au fromage \u00e0 la cr\u00e8me avec du miel, de la cassonade et des biscuits hach\u00e9s. D\u00e9cor\u00e9 de rosettes du m\u00eame gla\u00e7age au fromage frais, de larmes de gla\u00e7age au chocolat et de miettes de g\u00e2teau \u00e9ponge Red Velvet.<\/p>\n","protected":false},"featured_media":5506,"comment_status":"closed","ping_status":"closed","template":"","meta":[],"product_brand":[],"product_cat":[103,70],"product_tag":[78],"class_list":{"0":"post-2399","1":"product","2":"type-product","3":"status-publish","4":"has-post-thumbnail","6":"product_cat-gateaux-a-couches","7":"product_cat-gateaux-americains","8":"product_tag-american-cakes-fr","10":"first","11":"instock","12":"shipping-taxable","13":"product-type-simple"},"yoast_head":"<!-- This site is optimized with the Yoast SEO plugin v27.4 - https:\/\/yoast.com\/product\/yoast-seo-wordpress\/ -->\n<title>Gateau de chocolat noir - BioPastis<\/title>\n<meta name=\"description\" content=\"G\u00e2teau sp\u00e9cial de style canadien, avec un m\u00e9lange de cultures fran\u00e7aise et anglaise. Rempli de trois couches de g\u00e2teau \u00e9ponge au chocolat et d&#039;un gla\u00e7age au fromage \u00e0 la cr\u00e8me avec du miel, de la cassonade et des biscuits hach\u00e9s. D\u00e9cor\u00e9 de rosettes du m\u00eame gla\u00e7age au fromage frais, de larmes de gla\u00e7age au chocolat et de miettes de g\u00e2teau \u00e9ponge Red Velvet.\" \/>\n<meta name=\"robots\" content=\"index, follow, max-snippet:-1, max-image-preview:large, max-video-preview:-1\" \/>\n<link rel=\"canonical\" href=\"https:\/\/biopastis.com\/fr\/productos\/gateaux-americains\/gateaux-a-couches\/gateau-de-chocolat-noir\/\" \/>\n<meta property=\"og:locale\" content=\"fr_FR\" \/>\n<meta property=\"og:type\" content=\"article\" \/>\n<meta property=\"og:title\" content=\"Gateau de chocolat noir - BioPastis\" \/>\n<meta property=\"og:description\" content=\"G\u00e2teau sp\u00e9cial de style canadien, avec un m\u00e9lange de cultures fran\u00e7aise et anglaise. Rempli de trois couches de g\u00e2teau \u00e9ponge au chocolat et d&#039;un gla\u00e7age au fromage \u00e0 la cr\u00e8me avec du miel, de la cassonade et des biscuits hach\u00e9s. D\u00e9cor\u00e9 de rosettes du m\u00eame gla\u00e7age au fromage frais, de larmes de gla\u00e7age au chocolat et de miettes de g\u00e2teau \u00e9ponge Red Velvet.\" \/>\n<meta property=\"og:url\" content=\"https:\/\/biopastis.com\/fr\/productos\/gateaux-americains\/gateaux-a-couches\/gateau-de-chocolat-noir\/\" \/>\n<meta property=\"og:site_name\" content=\"BioPastis\" \/>\n<meta property=\"og:image\" content=\"https:\/\/biopastis.com\/wp-content\/uploads\/2023\/11\/02012111-Tarta-de-chocolate-negra.png\" \/>\n\t<meta property=\"og:image:width\" content=\"1248\" \/>\n\t<meta property=\"og:image:height\" content=\"832\" \/>\n\t<meta property=\"og:image:type\" content=\"image\/png\" \/>\n<meta name=\"twitter:card\" content=\"summary_large_image\" \/>\n<script type=\"application\/ld+json\" class=\"yoast-schema-graph\">{\"@context\":\"https:\\\/\\\/schema.org\",\"@graph\":[{\"@type\":\"WebPage\",\"@id\":\"https:\\\/\\\/biopastis.com\\\/fr\\\/productos\\\/gateaux-americains\\\/gateaux-a-couches\\\/gateau-de-chocolat-noir\\\/\",\"url\":\"https:\\\/\\\/biopastis.com\\\/fr\\\/productos\\\/gateaux-americains\\\/gateaux-a-couches\\\/gateau-de-chocolat-noir\\\/\",\"name\":\"Gateau de chocolat noir - BioPastis\",\"isPartOf\":{\"@id\":\"https:\\\/\\\/biopastis.com\\\/fr\\\/#website\"},\"primaryImageOfPage\":{\"@id\":\"https:\\\/\\\/biopastis.com\\\/fr\\\/productos\\\/gateaux-americains\\\/gateaux-a-couches\\\/gateau-de-chocolat-noir\\\/#primaryimage\"},\"image\":{\"@id\":\"https:\\\/\\\/biopastis.com\\\/fr\\\/productos\\\/gateaux-americains\\\/gateaux-a-couches\\\/gateau-de-chocolat-noir\\\/#primaryimage\"},\"thumbnailUrl\":\"https:\\\/\\\/biopastis.com\\\/wp-content\\\/uploads\\\/2023\\\/11\\\/02012111-Tarta-de-chocolate-negra.png\",\"datePublished\":\"2023-11-12T09:33:10+00:00\",\"description\":\"G\u00e2teau sp\u00e9cial de style canadien, avec un m\u00e9lange de cultures fran\u00e7aise et anglaise. Rempli de trois couches de g\u00e2teau \u00e9ponge au chocolat et d'un gla\u00e7age au fromage \u00e0 la cr\u00e8me avec du miel, de la cassonade et des biscuits hach\u00e9s. D\u00e9cor\u00e9 de rosettes du m\u00eame gla\u00e7age au fromage frais, de larmes de gla\u00e7age au chocolat et de miettes de g\u00e2teau \u00e9ponge Red Velvet.\",\"breadcrumb\":{\"@id\":\"https:\\\/\\\/biopastis.com\\\/fr\\\/productos\\\/gateaux-americains\\\/gateaux-a-couches\\\/gateau-de-chocolat-noir\\\/#breadcrumb\"},\"inLanguage\":\"fr-FR\",\"potentialAction\":[{\"@type\":\"ReadAction\",\"target\":[\"https:\\\/\\\/biopastis.com\\\/fr\\\/productos\\\/gateaux-americains\\\/gateaux-a-couches\\\/gateau-de-chocolat-noir\\\/\"]}]},{\"@type\":\"ImageObject\",\"inLanguage\":\"fr-FR\",\"@id\":\"https:\\\/\\\/biopastis.com\\\/fr\\\/productos\\\/gateaux-americains\\\/gateaux-a-couches\\\/gateau-de-chocolat-noir\\\/#primaryimage\",\"url\":\"https:\\\/\\\/biopastis.com\\\/wp-content\\\/uploads\\\/2023\\\/11\\\/02012111-Tarta-de-chocolate-negra.png\",\"contentUrl\":\"https:\\\/\\\/biopastis.com\\\/wp-content\\\/uploads\\\/2023\\\/11\\\/02012111-Tarta-de-chocolate-negra.png\",\"width\":1248,\"height\":832},{\"@type\":\"BreadcrumbList\",\"@id\":\"https:\\\/\\\/biopastis.com\\\/fr\\\/productos\\\/gateaux-americains\\\/gateaux-a-couches\\\/gateau-de-chocolat-noir\\\/#breadcrumb\",\"itemListElement\":[{\"@type\":\"ListItem\",\"position\":1,\"name\":\"Portada\",\"item\":\"https:\\\/\\\/biopastis.com\\\/fr\\\/\"},{\"@type\":\"ListItem\",\"position\":2,\"name\":\"Produits\",\"item\":\"https:\\\/\\\/biopastis.com\\\/fr\\\/boutique\\\/\"},{\"@type\":\"ListItem\",\"position\":3,\"name\":\"Gateau de chocolat noir\"}]},{\"@type\":\"WebSite\",\"@id\":\"https:\\\/\\\/biopastis.com\\\/fr\\\/#website\",\"url\":\"https:\\\/\\\/biopastis.com\\\/fr\\\/\",\"name\":\"BioPastis\",\"description\":\"La alimentaci\u00f3n natural\",\"publisher\":{\"@id\":\"https:\\\/\\\/biopastis.com\\\/fr\\\/#organization\"},\"potentialAction\":[{\"@type\":\"SearchAction\",\"target\":{\"@type\":\"EntryPoint\",\"urlTemplate\":\"https:\\\/\\\/biopastis.com\\\/fr\\\/?s={search_term_string}\"},\"query-input\":{\"@type\":\"PropertyValueSpecification\",\"valueRequired\":true,\"valueName\":\"search_term_string\"}}],\"inLanguage\":\"fr-FR\"},{\"@type\":\"Organization\",\"@id\":\"https:\\\/\\\/biopastis.com\\\/fr\\\/#organization\",\"name\":\"BioPastis\",\"url\":\"https:\\\/\\\/biopastis.com\\\/fr\\\/\",\"logo\":{\"@type\":\"ImageObject\",\"inLanguage\":\"fr-FR\",\"@id\":\"https:\\\/\\\/biopastis.com\\\/fr\\\/#\\\/schema\\\/logo\\\/image\\\/\",\"url\":\"https:\\\/\\\/biopastis.com\\\/wp-content\\\/uploads\\\/2024\\\/01\\\/BIOPASTIS-NATURAL.jpg\",\"contentUrl\":\"https:\\\/\\\/biopastis.com\\\/wp-content\\\/uploads\\\/2024\\\/01\\\/BIOPASTIS-NATURAL.jpg\",\"width\":658,\"height\":663,\"caption\":\"BioPastis\"},\"image\":{\"@id\":\"https:\\\/\\\/biopastis.com\\\/fr\\\/#\\\/schema\\\/logo\\\/image\\\/\"}}]}<\/script>\n<!-- \/ Yoast SEO plugin. -->","yoast_head_json":{"title":"Gateau de chocolat noir - BioPastis","description":"G\u00e2teau sp\u00e9cial de style canadien, avec un m\u00e9lange de cultures fran\u00e7aise et anglaise. Rempli de trois couches de g\u00e2teau \u00e9ponge au chocolat et d'un gla\u00e7age au fromage \u00e0 la cr\u00e8me avec du miel, de la cassonade et des biscuits hach\u00e9s. D\u00e9cor\u00e9 de rosettes du m\u00eame gla\u00e7age au fromage frais, de larmes de gla\u00e7age au chocolat et de miettes de g\u00e2teau \u00e9ponge Red Velvet.","robots":{"index":"index","follow":"follow","max-snippet":"max-snippet:-1","max-image-preview":"max-image-preview:large","max-video-preview":"max-video-preview:-1"},"canonical":"https:\/\/biopastis.com\/fr\/productos\/gateaux-americains\/gateaux-a-couches\/gateau-de-chocolat-noir\/","og_locale":"fr_FR","og_type":"article","og_title":"Gateau de chocolat noir - BioPastis","og_description":"G\u00e2teau sp\u00e9cial de style canadien, avec un m\u00e9lange de cultures fran\u00e7aise et anglaise. Rempli de trois couches de g\u00e2teau \u00e9ponge au chocolat et d'un gla\u00e7age au fromage \u00e0 la cr\u00e8me avec du miel, de la cassonade et des biscuits hach\u00e9s. D\u00e9cor\u00e9 de rosettes du m\u00eame gla\u00e7age au fromage frais, de larmes de gla\u00e7age au chocolat et de miettes de g\u00e2teau \u00e9ponge Red Velvet.","og_url":"https:\/\/biopastis.com\/fr\/productos\/gateaux-americains\/gateaux-a-couches\/gateau-de-chocolat-noir\/","og_site_name":"BioPastis","og_image":[{"width":1248,"height":832,"url":"https:\/\/biopastis.com\/wp-content\/uploads\/2023\/11\/02012111-Tarta-de-chocolate-negra.png","type":"image\/png"}],"twitter_card":"summary_large_image","schema":{"@context":"https:\/\/schema.org","@graph":[{"@type":"WebPage","@id":"https:\/\/biopastis.com\/fr\/productos\/gateaux-americains\/gateaux-a-couches\/gateau-de-chocolat-noir\/","url":"https:\/\/biopastis.com\/fr\/productos\/gateaux-americains\/gateaux-a-couches\/gateau-de-chocolat-noir\/","name":"Gateau de chocolat noir - BioPastis","isPartOf":{"@id":"https:\/\/biopastis.com\/fr\/#website"},"primaryImageOfPage":{"@id":"https:\/\/biopastis.com\/fr\/productos\/gateaux-americains\/gateaux-a-couches\/gateau-de-chocolat-noir\/#primaryimage"},"image":{"@id":"https:\/\/biopastis.com\/fr\/productos\/gateaux-americains\/gateaux-a-couches\/gateau-de-chocolat-noir\/#primaryimage"},"thumbnailUrl":"https:\/\/biopastis.com\/wp-content\/uploads\/2023\/11\/02012111-Tarta-de-chocolate-negra.png","datePublished":"2023-11-12T09:33:10+00:00","description":"G\u00e2teau sp\u00e9cial de style canadien, avec un m\u00e9lange de cultures fran\u00e7aise et anglaise. Rempli de trois couches de g\u00e2teau \u00e9ponge au chocolat et d'un gla\u00e7age au fromage \u00e0 la cr\u00e8me avec du miel, de la cassonade et des biscuits hach\u00e9s. D\u00e9cor\u00e9 de rosettes du m\u00eame gla\u00e7age au fromage frais, de larmes de gla\u00e7age au chocolat et de miettes de g\u00e2teau \u00e9ponge Red Velvet.","breadcrumb":{"@id":"https:\/\/biopastis.com\/fr\/productos\/gateaux-americains\/gateaux-a-couches\/gateau-de-chocolat-noir\/#breadcrumb"},"inLanguage":"fr-FR","potentialAction":[{"@type":"ReadAction","target":["https:\/\/biopastis.com\/fr\/productos\/gateaux-americains\/gateaux-a-couches\/gateau-de-chocolat-noir\/"]}]},{"@type":"ImageObject","inLanguage":"fr-FR","@id":"https:\/\/biopastis.com\/fr\/productos\/gateaux-americains\/gateaux-a-couches\/gateau-de-chocolat-noir\/#primaryimage","url":"https:\/\/biopastis.com\/wp-content\/uploads\/2023\/11\/02012111-Tarta-de-chocolate-negra.png","contentUrl":"https:\/\/biopastis.com\/wp-content\/uploads\/2023\/11\/02012111-Tarta-de-chocolate-negra.png","width":1248,"height":832},{"@type":"BreadcrumbList","@id":"https:\/\/biopastis.com\/fr\/productos\/gateaux-americains\/gateaux-a-couches\/gateau-de-chocolat-noir\/#breadcrumb","itemListElement":[{"@type":"ListItem","position":1,"name":"Portada","item":"https:\/\/biopastis.com\/fr\/"},{"@type":"ListItem","position":2,"name":"Produits","item":"https:\/\/biopastis.com\/fr\/boutique\/"},{"@type":"ListItem","position":3,"name":"Gateau de chocolat noir"}]},{"@type":"WebSite","@id":"https:\/\/biopastis.com\/fr\/#website","url":"https:\/\/biopastis.com\/fr\/","name":"BioPastis","description":"La alimentaci\u00f3n natural","publisher":{"@id":"https:\/\/biopastis.com\/fr\/#organization"},"potentialAction":[{"@type":"SearchAction","target":{"@type":"EntryPoint","urlTemplate":"https:\/\/biopastis.com\/fr\/?s={search_term_string}"},"query-input":{"@type":"PropertyValueSpecification","valueRequired":true,"valueName":"search_term_string"}}],"inLanguage":"fr-FR"},{"@type":"Organization","@id":"https:\/\/biopastis.com\/fr\/#organization","name":"BioPastis","url":"https:\/\/biopastis.com\/fr\/","logo":{"@type":"ImageObject","inLanguage":"fr-FR","@id":"https:\/\/biopastis.com\/fr\/#\/schema\/logo\/image\/","url":"https:\/\/biopastis.com\/wp-content\/uploads\/2024\/01\/BIOPASTIS-NATURAL.jpg","contentUrl":"https:\/\/biopastis.com\/wp-content\/uploads\/2024\/01\/BIOPASTIS-NATURAL.jpg","width":658,"height":663,"caption":"BioPastis"},"image":{"@id":"https:\/\/biopastis.com\/fr\/#\/schema\/logo\/image\/"}}]}},"_links":{"self":[{"href":"https:\/\/biopastis.com\/fr\/wp-json\/wp\/v2\/product\/2399","targetHints":{"allow":["GET"]}}],"collection":[{"href":"https:\/\/biopastis.com\/fr\/wp-json\/wp\/v2\/product"}],"about":[{"href":"https:\/\/biopastis.com\/fr\/wp-json\/wp\/v2\/types\/product"}],"replies":[{"embeddable":true,"href":"https:\/\/biopastis.com\/fr\/wp-json\/wp\/v2\/comments?post=2399"}],"wp:featuredmedia":[{"embeddable":true,"href":"https:\/\/biopastis.com\/fr\/wp-json\/wp\/v2\/media\/5506"}],"wp:attachment":[{"href":"https:\/\/biopastis.com\/fr\/wp-json\/wp\/v2\/media?parent=2399"}],"wp:term":[{"taxonomy":"product_brand","embeddable":true,"href":"https:\/\/biopastis.com\/fr\/wp-json\/wp\/v2\/product_brand?post=2399"},{"taxonomy":"product_cat","embeddable":true,"href":"https:\/\/biopastis.com\/fr\/wp-json\/wp\/v2\/product_cat?post=2399"},{"taxonomy":"product_tag","embeddable":true,"href":"https:\/\/biopastis.com\/fr\/wp-json\/wp\/v2\/product_tag?post=2399"}],"curies":[{"name":"wp","href":"https:\/\/api.w.org\/{rel}","templated":true}]}}