{"id":2344,"date":"2023-11-12T10:33:12","date_gmt":"2023-11-12T09:33:12","guid":{"rendered":"https:\/\/biopastis.com\/producto\/gateau-monster\/"},"modified":"2023-11-12T10:33:12","modified_gmt":"2023-11-12T09:33:12","slug":"gateau-monster","status":"publish","type":"product","link":"https:\/\/biopastis.com\/fr\/productos\/gateaux-americains\/gateaux-plus-grands\/gateau-monster\/","title":{"rendered":"G\u00e2teau Monster"},"content":{"rendered":"<p>&nbsp;<\/p>\n<table>\n<tbody>\n<tr>\n<td class=\"bd\">Poids<\/td>\n<td class=\"der\">2,35 Kgr +\/- 5%<\/td>\n<\/tr>\n<tr>\n<td class=\"bd\">Taille<\/td>\n<td class=\"der\">250 x 080<\/td>\n<\/tr>\n<tr>\n<td class=\"bd\">Portions<\/td>\n<td class=\"der\">14<\/td>\n<\/tr>\n<tr>\n<td class=\"bd\">Unit\u00e9s<\/td>\n<td class=\"der\">1<\/td>\n<\/tr>\n<\/tbody>\n<\/table>\n<p><a href=\"https:\/\/biopastis.com\/wp-content\/uploads\/2024\/01\/FICHA_TECNICA_02012112_MONSTER_CAKE__BIGGER_CAKE-Ed5-1.pdf\" rel=\"attachment wp-att-8189\"><img loading=\"lazy\" decoding=\"async\" class=\"alignleft wp-image-8189 size-thumbnail\" src=\"https:\/\/biopastis.com\/wp-content\/uploads\/2024\/01\/icono-pdf-150x150-1.png\" alt=\"\" width=\"150\" height=\"150\" \/><\/a><\/p>\n","protected":false},"excerpt":{"rendered":"<p>G\u00e2teau spectaculaire, qui m\u00e9lange nos meilleures recettes, brownie sponge cakes, avec notre cr\u00e8me sp\u00e9ciale au fudge au chocolat et notre authentique cheesecake new-yorkais. D\u00e9cor\u00e9 d&rsquo;une rosette, d&rsquo;un croquant au chocolat, d&rsquo;une ganache au chocolat et de bandes de caramel. Un g\u00e2teau extravagant qui m\u00e9lange tout ce qu&rsquo;il y a de mieux aux \u00c9tats-Unis.<\/p>\n","protected":false},"featured_media":5377,"comment_status":"closed","ping_status":"closed","template":"","meta":[],"product_brand":[],"product_cat":[77,70,91],"product_tag":[78],"class_list":{"0":"post-2344","1":"product","2":"type-product","3":"status-publish","4":"has-post-thumbnail","6":"product_cat-nouveautes","7":"product_cat-gateaux-americains","8":"product_cat-gateaux-plus-grands","9":"product_tag-american-cakes-fr","11":"first","12":"instock","13":"shipping-taxable","14":"product-type-simple"},"yoast_head":"<!-- This site is optimized with the Yoast SEO plugin v27.3 - https:\/\/yoast.com\/product\/yoast-seo-wordpress\/ -->\n<title>G\u00e2teau Monster - BioPastis<\/title>\n<meta name=\"description\" content=\"G\u00e2teau spectaculaire, qui m\u00e9lange nos meilleures recettes, brownie sponge cakes, avec notre cr\u00e8me sp\u00e9ciale au fudge au chocolat et notre authentique cheesecake new-yorkais. D\u00e9cor\u00e9 d&#039;une rosette, d&#039;un croquant au chocolat, d&#039;une ganache au chocolat et de bandes de caramel. Un g\u00e2teau extravagant qui m\u00e9lange tout ce qu&#039;il y a de mieux aux \u00c9tats-Unis.\" \/>\n<meta name=\"robots\" content=\"index, follow, max-snippet:-1, max-image-preview:large, max-video-preview:-1\" \/>\n<link rel=\"canonical\" href=\"https:\/\/biopastis.com\/fr\/productos\/gateaux-americains\/gateaux-plus-grands\/gateau-monster\/\" \/>\n<meta property=\"og:locale\" content=\"fr_FR\" \/>\n<meta property=\"og:type\" content=\"article\" \/>\n<meta property=\"og:title\" content=\"G\u00e2teau Monster - BioPastis\" \/>\n<meta property=\"og:description\" content=\"G\u00e2teau spectaculaire, qui m\u00e9lange nos meilleures recettes, brownie sponge cakes, avec notre cr\u00e8me sp\u00e9ciale au fudge au chocolat et notre authentique cheesecake new-yorkais. D\u00e9cor\u00e9 d&#039;une rosette, d&#039;un croquant au chocolat, d&#039;une ganache au chocolat et de bandes de caramel. Un g\u00e2teau extravagant qui m\u00e9lange tout ce qu&#039;il y a de mieux aux \u00c9tats-Unis.\" \/>\n<meta property=\"og:url\" content=\"https:\/\/biopastis.com\/fr\/productos\/gateaux-americains\/gateaux-plus-grands\/gateau-monster\/\" \/>\n<meta property=\"og:site_name\" content=\"BioPastis\" \/>\n<meta property=\"og:image\" content=\"https:\/\/biopastis.com\/wp-content\/uploads\/2023\/11\/02012112-Monstercake-scaled-1.jpg\" \/>\n\t<meta property=\"og:image:width\" content=\"2560\" \/>\n\t<meta property=\"og:image:height\" content=\"1907\" \/>\n\t<meta property=\"og:image:type\" content=\"image\/jpeg\" \/>\n<meta name=\"twitter:card\" content=\"summary_large_image\" \/>\n<script type=\"application\/ld+json\" class=\"yoast-schema-graph\">{\"@context\":\"https:\\\/\\\/schema.org\",\"@graph\":[{\"@type\":\"WebPage\",\"@id\":\"https:\\\/\\\/biopastis.com\\\/fr\\\/productos\\\/gateaux-americains\\\/gateaux-plus-grands\\\/gateau-monster\\\/\",\"url\":\"https:\\\/\\\/biopastis.com\\\/fr\\\/productos\\\/gateaux-americains\\\/gateaux-plus-grands\\\/gateau-monster\\\/\",\"name\":\"G\u00e2teau Monster - BioPastis\",\"isPartOf\":{\"@id\":\"https:\\\/\\\/biopastis.com\\\/fr\\\/#website\"},\"primaryImageOfPage\":{\"@id\":\"https:\\\/\\\/biopastis.com\\\/fr\\\/productos\\\/gateaux-americains\\\/gateaux-plus-grands\\\/gateau-monster\\\/#primaryimage\"},\"image\":{\"@id\":\"https:\\\/\\\/biopastis.com\\\/fr\\\/productos\\\/gateaux-americains\\\/gateaux-plus-grands\\\/gateau-monster\\\/#primaryimage\"},\"thumbnailUrl\":\"https:\\\/\\\/biopastis.com\\\/wp-content\\\/uploads\\\/2023\\\/11\\\/02012112-Monstercake-scaled-1.png\",\"datePublished\":\"2023-11-12T09:33:12+00:00\",\"description\":\"G\u00e2teau spectaculaire, qui m\u00e9lange nos meilleures recettes, brownie sponge cakes, avec notre cr\u00e8me sp\u00e9ciale au fudge au chocolat et notre authentique cheesecake new-yorkais. D\u00e9cor\u00e9 d'une rosette, d'un croquant au chocolat, d'une ganache au chocolat et de bandes de caramel. Un g\u00e2teau extravagant qui m\u00e9lange tout ce qu'il y a de mieux aux \u00c9tats-Unis.\",\"breadcrumb\":{\"@id\":\"https:\\\/\\\/biopastis.com\\\/fr\\\/productos\\\/gateaux-americains\\\/gateaux-plus-grands\\\/gateau-monster\\\/#breadcrumb\"},\"inLanguage\":\"fr-FR\",\"potentialAction\":[{\"@type\":\"ReadAction\",\"target\":[\"https:\\\/\\\/biopastis.com\\\/fr\\\/productos\\\/gateaux-americains\\\/gateaux-plus-grands\\\/gateau-monster\\\/\"]}]},{\"@type\":\"ImageObject\",\"inLanguage\":\"fr-FR\",\"@id\":\"https:\\\/\\\/biopastis.com\\\/fr\\\/productos\\\/gateaux-americains\\\/gateaux-plus-grands\\\/gateau-monster\\\/#primaryimage\",\"url\":\"https:\\\/\\\/biopastis.com\\\/wp-content\\\/uploads\\\/2023\\\/11\\\/02012112-Monstercake-scaled-1.png\",\"contentUrl\":\"https:\\\/\\\/biopastis.com\\\/wp-content\\\/uploads\\\/2023\\\/11\\\/02012112-Monstercake-scaled-1.png\",\"width\":1184,\"height\":864},{\"@type\":\"BreadcrumbList\",\"@id\":\"https:\\\/\\\/biopastis.com\\\/fr\\\/productos\\\/gateaux-americains\\\/gateaux-plus-grands\\\/gateau-monster\\\/#breadcrumb\",\"itemListElement\":[{\"@type\":\"ListItem\",\"position\":1,\"name\":\"Portada\",\"item\":\"https:\\\/\\\/biopastis.com\\\/fr\\\/\"},{\"@type\":\"ListItem\",\"position\":2,\"name\":\"Produits\",\"item\":\"https:\\\/\\\/biopastis.com\\\/fr\\\/boutique\\\/\"},{\"@type\":\"ListItem\",\"position\":3,\"name\":\"G\u00e2teau Monster\"}]},{\"@type\":\"WebSite\",\"@id\":\"https:\\\/\\\/biopastis.com\\\/fr\\\/#website\",\"url\":\"https:\\\/\\\/biopastis.com\\\/fr\\\/\",\"name\":\"BioPastis\",\"description\":\"La alimentaci\u00f3n natural\",\"publisher\":{\"@id\":\"https:\\\/\\\/biopastis.com\\\/fr\\\/#organization\"},\"potentialAction\":[{\"@type\":\"SearchAction\",\"target\":{\"@type\":\"EntryPoint\",\"urlTemplate\":\"https:\\\/\\\/biopastis.com\\\/fr\\\/?s={search_term_string}\"},\"query-input\":{\"@type\":\"PropertyValueSpecification\",\"valueRequired\":true,\"valueName\":\"search_term_string\"}}],\"inLanguage\":\"fr-FR\"},{\"@type\":\"Organization\",\"@id\":\"https:\\\/\\\/biopastis.com\\\/fr\\\/#organization\",\"name\":\"BioPastis\",\"url\":\"https:\\\/\\\/biopastis.com\\\/fr\\\/\",\"logo\":{\"@type\":\"ImageObject\",\"inLanguage\":\"fr-FR\",\"@id\":\"https:\\\/\\\/biopastis.com\\\/fr\\\/#\\\/schema\\\/logo\\\/image\\\/\",\"url\":\"https:\\\/\\\/biopastis.com\\\/wp-content\\\/uploads\\\/2024\\\/01\\\/BIOPASTIS-NATURAL.jpg\",\"contentUrl\":\"https:\\\/\\\/biopastis.com\\\/wp-content\\\/uploads\\\/2024\\\/01\\\/BIOPASTIS-NATURAL.jpg\",\"width\":658,\"height\":663,\"caption\":\"BioPastis\"},\"image\":{\"@id\":\"https:\\\/\\\/biopastis.com\\\/fr\\\/#\\\/schema\\\/logo\\\/image\\\/\"}}]}<\/script>\n<!-- \/ Yoast SEO plugin. -->","yoast_head_json":{"title":"G\u00e2teau Monster - BioPastis","description":"G\u00e2teau spectaculaire, qui m\u00e9lange nos meilleures recettes, brownie sponge cakes, avec notre cr\u00e8me sp\u00e9ciale au fudge au chocolat et notre authentique cheesecake new-yorkais. D\u00e9cor\u00e9 d'une rosette, d'un croquant au chocolat, d'une ganache au chocolat et de bandes de caramel. Un g\u00e2teau extravagant qui m\u00e9lange tout ce qu'il y a de mieux aux \u00c9tats-Unis.","robots":{"index":"index","follow":"follow","max-snippet":"max-snippet:-1","max-image-preview":"max-image-preview:large","max-video-preview":"max-video-preview:-1"},"canonical":"https:\/\/biopastis.com\/fr\/productos\/gateaux-americains\/gateaux-plus-grands\/gateau-monster\/","og_locale":"fr_FR","og_type":"article","og_title":"G\u00e2teau Monster - BioPastis","og_description":"G\u00e2teau spectaculaire, qui m\u00e9lange nos meilleures recettes, brownie sponge cakes, avec notre cr\u00e8me sp\u00e9ciale au fudge au chocolat et notre authentique cheesecake new-yorkais. D\u00e9cor\u00e9 d'une rosette, d'un croquant au chocolat, d'une ganache au chocolat et de bandes de caramel. Un g\u00e2teau extravagant qui m\u00e9lange tout ce qu'il y a de mieux aux \u00c9tats-Unis.","og_url":"https:\/\/biopastis.com\/fr\/productos\/gateaux-americains\/gateaux-plus-grands\/gateau-monster\/","og_site_name":"BioPastis","og_image":[{"width":2560,"height":1907,"url":"https:\/\/biopastis.com\/wp-content\/uploads\/2023\/11\/02012112-Monstercake-scaled-1.jpg","type":"image\/jpeg"}],"twitter_card":"summary_large_image","schema":{"@context":"https:\/\/schema.org","@graph":[{"@type":"WebPage","@id":"https:\/\/biopastis.com\/fr\/productos\/gateaux-americains\/gateaux-plus-grands\/gateau-monster\/","url":"https:\/\/biopastis.com\/fr\/productos\/gateaux-americains\/gateaux-plus-grands\/gateau-monster\/","name":"G\u00e2teau Monster - BioPastis","isPartOf":{"@id":"https:\/\/biopastis.com\/fr\/#website"},"primaryImageOfPage":{"@id":"https:\/\/biopastis.com\/fr\/productos\/gateaux-americains\/gateaux-plus-grands\/gateau-monster\/#primaryimage"},"image":{"@id":"https:\/\/biopastis.com\/fr\/productos\/gateaux-americains\/gateaux-plus-grands\/gateau-monster\/#primaryimage"},"thumbnailUrl":"https:\/\/biopastis.com\/wp-content\/uploads\/2023\/11\/02012112-Monstercake-scaled-1.png","datePublished":"2023-11-12T09:33:12+00:00","description":"G\u00e2teau spectaculaire, qui m\u00e9lange nos meilleures recettes, brownie sponge cakes, avec notre cr\u00e8me sp\u00e9ciale au fudge au chocolat et notre authentique cheesecake new-yorkais. D\u00e9cor\u00e9 d'une rosette, d'un croquant au chocolat, d'une ganache au chocolat et de bandes de caramel. Un g\u00e2teau extravagant qui m\u00e9lange tout ce qu'il y a de mieux aux \u00c9tats-Unis.","breadcrumb":{"@id":"https:\/\/biopastis.com\/fr\/productos\/gateaux-americains\/gateaux-plus-grands\/gateau-monster\/#breadcrumb"},"inLanguage":"fr-FR","potentialAction":[{"@type":"ReadAction","target":["https:\/\/biopastis.com\/fr\/productos\/gateaux-americains\/gateaux-plus-grands\/gateau-monster\/"]}]},{"@type":"ImageObject","inLanguage":"fr-FR","@id":"https:\/\/biopastis.com\/fr\/productos\/gateaux-americains\/gateaux-plus-grands\/gateau-monster\/#primaryimage","url":"https:\/\/biopastis.com\/wp-content\/uploads\/2023\/11\/02012112-Monstercake-scaled-1.png","contentUrl":"https:\/\/biopastis.com\/wp-content\/uploads\/2023\/11\/02012112-Monstercake-scaled-1.png","width":1184,"height":864},{"@type":"BreadcrumbList","@id":"https:\/\/biopastis.com\/fr\/productos\/gateaux-americains\/gateaux-plus-grands\/gateau-monster\/#breadcrumb","itemListElement":[{"@type":"ListItem","position":1,"name":"Portada","item":"https:\/\/biopastis.com\/fr\/"},{"@type":"ListItem","position":2,"name":"Produits","item":"https:\/\/biopastis.com\/fr\/boutique\/"},{"@type":"ListItem","position":3,"name":"G\u00e2teau Monster"}]},{"@type":"WebSite","@id":"https:\/\/biopastis.com\/fr\/#website","url":"https:\/\/biopastis.com\/fr\/","name":"BioPastis","description":"La alimentaci\u00f3n natural","publisher":{"@id":"https:\/\/biopastis.com\/fr\/#organization"},"potentialAction":[{"@type":"SearchAction","target":{"@type":"EntryPoint","urlTemplate":"https:\/\/biopastis.com\/fr\/?s={search_term_string}"},"query-input":{"@type":"PropertyValueSpecification","valueRequired":true,"valueName":"search_term_string"}}],"inLanguage":"fr-FR"},{"@type":"Organization","@id":"https:\/\/biopastis.com\/fr\/#organization","name":"BioPastis","url":"https:\/\/biopastis.com\/fr\/","logo":{"@type":"ImageObject","inLanguage":"fr-FR","@id":"https:\/\/biopastis.com\/fr\/#\/schema\/logo\/image\/","url":"https:\/\/biopastis.com\/wp-content\/uploads\/2024\/01\/BIOPASTIS-NATURAL.jpg","contentUrl":"https:\/\/biopastis.com\/wp-content\/uploads\/2024\/01\/BIOPASTIS-NATURAL.jpg","width":658,"height":663,"caption":"BioPastis"},"image":{"@id":"https:\/\/biopastis.com\/fr\/#\/schema\/logo\/image\/"}}]}},"_links":{"self":[{"href":"https:\/\/biopastis.com\/fr\/wp-json\/wp\/v2\/product\/2344","targetHints":{"allow":["GET"]}}],"collection":[{"href":"https:\/\/biopastis.com\/fr\/wp-json\/wp\/v2\/product"}],"about":[{"href":"https:\/\/biopastis.com\/fr\/wp-json\/wp\/v2\/types\/product"}],"replies":[{"embeddable":true,"href":"https:\/\/biopastis.com\/fr\/wp-json\/wp\/v2\/comments?post=2344"}],"wp:featuredmedia":[{"embeddable":true,"href":"https:\/\/biopastis.com\/fr\/wp-json\/wp\/v2\/media\/5377"}],"wp:attachment":[{"href":"https:\/\/biopastis.com\/fr\/wp-json\/wp\/v2\/media?parent=2344"}],"wp:term":[{"taxonomy":"product_brand","embeddable":true,"href":"https:\/\/biopastis.com\/fr\/wp-json\/wp\/v2\/product_brand?post=2344"},{"taxonomy":"product_cat","embeddable":true,"href":"https:\/\/biopastis.com\/fr\/wp-json\/wp\/v2\/product_cat?post=2344"},{"taxonomy":"product_tag","embeddable":true,"href":"https:\/\/biopastis.com\/fr\/wp-json\/wp\/v2\/product_tag?post=2344"}],"curies":[{"name":"wp","href":"https:\/\/api.w.org\/{rel}","templated":true}]}}