{"id":2339,"date":"2023-11-12T10:33:20","date_gmt":"2023-11-12T09:33:20","guid":{"rendered":"https:\/\/biopastis.com\/producto\/gateau-fudge-de-linda\/"},"modified":"2023-11-12T10:33:20","modified_gmt":"2023-11-12T09:33:20","slug":"gateau-fudge-de-linda","status":"publish","type":"product","link":"https:\/\/biopastis.com\/fr\/productos\/gateaux-americains\/gateaux-plus-grands\/gateau-fudge-de-linda\/","title":{"rendered":"G\u00e2teau Fudge de Linda"},"content":{"rendered":"<p>&nbsp;<\/p>\n<table>\n<tbody>\n<tr>\n<td class=\"bd\">Poids<\/td>\n<td class=\"der\">2,6 Kgr +\/- 5%<\/td>\n<\/tr>\n<tr>\n<td class=\"bd\">Taille<\/td>\n<td class=\"der\">250 x 090<\/td>\n<\/tr>\n<tr>\n<td class=\"bd\">Portions<\/td>\n<td class=\"der\">14<\/td>\n<\/tr>\n<tr>\n<td class=\"bd\">Unit\u00e9s<\/td>\n<td class=\"der\">1<\/td>\n<\/tr>\n<\/tbody>\n<\/table>\n<p style=\"text-align: center;\"><a href=\"https:\/\/biopastis.com\/wp-content\/uploads\/2024\/01\/FICHA_TECNICA_02012109_TARTA_LINDA\u00b4S_FUDGE_CAKE_2600g_-ED4.pdf\" rel=\"attachment wp-att-8189\"><img loading=\"lazy\" decoding=\"async\" class=\"wp-image-8189 size-thumbnail alignleft\" src=\"https:\/\/biopastis.com\/wp-content\/uploads\/2024\/01\/icono-pdf-150x150-1.png\" alt=\"\" width=\"150\" height=\"150\" \/><\/a><\/p>\n","protected":false},"excerpt":{"rendered":"<p>Spectaculaire g\u00e2teau \u00e0 la cr\u00e8me au chocolat rempli de 6 couches de g\u00e9noise au chocolat juteuse avec des gouttes de chocolat, et entre les couches notre magnifique cr\u00e8me au fudge au chocolat. D\u00e9cor\u00e9 sur le dessus et la base avec de la cr\u00e8me au fudge avec des vagues et termin\u00e9 sur la base avec des gouttes de gla\u00e7age au chocolat. Le g\u00e2teau est fabriqu\u00e9 \u00e0 partir de 65% de chocolat de couverture et de 20\/22 de cacao.<\/p>\n","protected":false},"featured_media":5373,"comment_status":"closed","ping_status":"closed","template":"","meta":[],"product_brand":[],"product_cat":[70,91,77],"product_tag":[78],"class_list":{"0":"post-2339","1":"product","2":"type-product","3":"status-publish","4":"has-post-thumbnail","6":"product_cat-gateaux-americains","7":"product_cat-gateaux-plus-grands","8":"product_cat-nouveautes","9":"product_tag-american-cakes-fr","11":"first","12":"instock","13":"shipping-taxable","14":"product-type-simple"},"yoast_head":"<!-- This site is optimized with the Yoast SEO plugin v27.3 - https:\/\/yoast.com\/product\/yoast-seo-wordpress\/ -->\n<title>G\u00e2teau Fudge de Linda - BioPastis<\/title>\n<meta name=\"description\" content=\"Spectaculaire g\u00e2teau \u00e0 la cr\u00e8me au chocolat rempli de 6 couches de g\u00e9noise au chocolat juteuse avec des gouttes de chocolat, et entre les couches notre magnifique cr\u00e8me au fudge au chocolat. D\u00e9cor\u00e9 sur le dessus et la base avec de la cr\u00e8me au fudge avec des vagues et termin\u00e9 sur la base avec des gouttes de gla\u00e7age au chocolat. Le g\u00e2teau est fabriqu\u00e9 \u00e0 partir de 65% de chocolat de couverture et de 20\/22 de cacao.\" \/>\n<meta name=\"robots\" content=\"index, follow, max-snippet:-1, max-image-preview:large, max-video-preview:-1\" \/>\n<link rel=\"canonical\" href=\"https:\/\/biopastis.com\/fr\/productos\/gateaux-americains\/gateaux-plus-grands\/gateau-fudge-de-linda\/\" \/>\n<meta property=\"og:locale\" content=\"fr_FR\" \/>\n<meta property=\"og:type\" content=\"article\" \/>\n<meta property=\"og:title\" content=\"G\u00e2teau Fudge de Linda - BioPastis\" \/>\n<meta property=\"og:description\" content=\"Spectaculaire g\u00e2teau \u00e0 la cr\u00e8me au chocolat rempli de 6 couches de g\u00e9noise au chocolat juteuse avec des gouttes de chocolat, et entre les couches notre magnifique cr\u00e8me au fudge au chocolat. D\u00e9cor\u00e9 sur le dessus et la base avec de la cr\u00e8me au fudge avec des vagues et termin\u00e9 sur la base avec des gouttes de gla\u00e7age au chocolat. Le g\u00e2teau est fabriqu\u00e9 \u00e0 partir de 65% de chocolat de couverture et de 20\/22 de cacao.\" \/>\n<meta property=\"og:url\" content=\"https:\/\/biopastis.com\/fr\/productos\/gateaux-americains\/gateaux-plus-grands\/gateau-fudge-de-linda\/\" \/>\n<meta property=\"og:site_name\" content=\"BioPastis\" \/>\n<meta property=\"og:image\" content=\"https:\/\/biopastis.com\/wp-content\/uploads\/2023\/11\/02012109-Linda\u00b4s-Cake-scaled-1.jpg\" \/>\n\t<meta property=\"og:image:width\" content=\"2560\" \/>\n\t<meta property=\"og:image:height\" content=\"1707\" \/>\n\t<meta property=\"og:image:type\" content=\"image\/jpeg\" \/>\n<meta name=\"twitter:card\" content=\"summary_large_image\" \/>\n<script type=\"application\/ld+json\" class=\"yoast-schema-graph\">{\"@context\":\"https:\\\/\\\/schema.org\",\"@graph\":[{\"@type\":\"WebPage\",\"@id\":\"https:\\\/\\\/biopastis.com\\\/fr\\\/productos\\\/gateaux-americains\\\/gateaux-plus-grands\\\/gateau-fudge-de-linda\\\/\",\"url\":\"https:\\\/\\\/biopastis.com\\\/fr\\\/productos\\\/gateaux-americains\\\/gateaux-plus-grands\\\/gateau-fudge-de-linda\\\/\",\"name\":\"G\u00e2teau Fudge de Linda - BioPastis\",\"isPartOf\":{\"@id\":\"https:\\\/\\\/biopastis.com\\\/fr\\\/#website\"},\"primaryImageOfPage\":{\"@id\":\"https:\\\/\\\/biopastis.com\\\/fr\\\/productos\\\/gateaux-americains\\\/gateaux-plus-grands\\\/gateau-fudge-de-linda\\\/#primaryimage\"},\"image\":{\"@id\":\"https:\\\/\\\/biopastis.com\\\/fr\\\/productos\\\/gateaux-americains\\\/gateaux-plus-grands\\\/gateau-fudge-de-linda\\\/#primaryimage\"},\"thumbnailUrl\":\"https:\\\/\\\/biopastis.com\\\/wp-content\\\/uploads\\\/2023\\\/11\\\/02012109-Linda\u00b4s-Cake-scaled-1.png\",\"datePublished\":\"2023-11-12T09:33:20+00:00\",\"description\":\"Spectaculaire g\u00e2teau \u00e0 la cr\u00e8me au chocolat rempli de 6 couches de g\u00e9noise au chocolat juteuse avec des gouttes de chocolat, et entre les couches notre magnifique cr\u00e8me au fudge au chocolat. D\u00e9cor\u00e9 sur le dessus et la base avec de la cr\u00e8me au fudge avec des vagues et termin\u00e9 sur la base avec des gouttes de gla\u00e7age au chocolat. Le g\u00e2teau est fabriqu\u00e9 \u00e0 partir de 65% de chocolat de couverture et de 20\\\/22 de cacao.\",\"breadcrumb\":{\"@id\":\"https:\\\/\\\/biopastis.com\\\/fr\\\/productos\\\/gateaux-americains\\\/gateaux-plus-grands\\\/gateau-fudge-de-linda\\\/#breadcrumb\"},\"inLanguage\":\"fr-FR\",\"potentialAction\":[{\"@type\":\"ReadAction\",\"target\":[\"https:\\\/\\\/biopastis.com\\\/fr\\\/productos\\\/gateaux-americains\\\/gateaux-plus-grands\\\/gateau-fudge-de-linda\\\/\"]}]},{\"@type\":\"ImageObject\",\"inLanguage\":\"fr-FR\",\"@id\":\"https:\\\/\\\/biopastis.com\\\/fr\\\/productos\\\/gateaux-americains\\\/gateaux-plus-grands\\\/gateau-fudge-de-linda\\\/#primaryimage\",\"url\":\"https:\\\/\\\/biopastis.com\\\/wp-content\\\/uploads\\\/2023\\\/11\\\/02012109-Linda\u00b4s-Cake-scaled-1.png\",\"contentUrl\":\"https:\\\/\\\/biopastis.com\\\/wp-content\\\/uploads\\\/2023\\\/11\\\/02012109-Linda\u00b4s-Cake-scaled-1.png\",\"width\":1248,\"height\":832},{\"@type\":\"BreadcrumbList\",\"@id\":\"https:\\\/\\\/biopastis.com\\\/fr\\\/productos\\\/gateaux-americains\\\/gateaux-plus-grands\\\/gateau-fudge-de-linda\\\/#breadcrumb\",\"itemListElement\":[{\"@type\":\"ListItem\",\"position\":1,\"name\":\"Portada\",\"item\":\"https:\\\/\\\/biopastis.com\\\/fr\\\/\"},{\"@type\":\"ListItem\",\"position\":2,\"name\":\"Produits\",\"item\":\"https:\\\/\\\/biopastis.com\\\/fr\\\/boutique\\\/\"},{\"@type\":\"ListItem\",\"position\":3,\"name\":\"G\u00e2teau Fudge de Linda\"}]},{\"@type\":\"WebSite\",\"@id\":\"https:\\\/\\\/biopastis.com\\\/fr\\\/#website\",\"url\":\"https:\\\/\\\/biopastis.com\\\/fr\\\/\",\"name\":\"BioPastis\",\"description\":\"La alimentaci\u00f3n natural\",\"publisher\":{\"@id\":\"https:\\\/\\\/biopastis.com\\\/fr\\\/#organization\"},\"potentialAction\":[{\"@type\":\"SearchAction\",\"target\":{\"@type\":\"EntryPoint\",\"urlTemplate\":\"https:\\\/\\\/biopastis.com\\\/fr\\\/?s={search_term_string}\"},\"query-input\":{\"@type\":\"PropertyValueSpecification\",\"valueRequired\":true,\"valueName\":\"search_term_string\"}}],\"inLanguage\":\"fr-FR\"},{\"@type\":\"Organization\",\"@id\":\"https:\\\/\\\/biopastis.com\\\/fr\\\/#organization\",\"name\":\"BioPastis\",\"url\":\"https:\\\/\\\/biopastis.com\\\/fr\\\/\",\"logo\":{\"@type\":\"ImageObject\",\"inLanguage\":\"fr-FR\",\"@id\":\"https:\\\/\\\/biopastis.com\\\/fr\\\/#\\\/schema\\\/logo\\\/image\\\/\",\"url\":\"https:\\\/\\\/biopastis.com\\\/wp-content\\\/uploads\\\/2024\\\/01\\\/BIOPASTIS-NATURAL.jpg\",\"contentUrl\":\"https:\\\/\\\/biopastis.com\\\/wp-content\\\/uploads\\\/2024\\\/01\\\/BIOPASTIS-NATURAL.jpg\",\"width\":658,\"height\":663,\"caption\":\"BioPastis\"},\"image\":{\"@id\":\"https:\\\/\\\/biopastis.com\\\/fr\\\/#\\\/schema\\\/logo\\\/image\\\/\"}}]}<\/script>\n<!-- \/ Yoast SEO plugin. -->","yoast_head_json":{"title":"G\u00e2teau Fudge de Linda - BioPastis","description":"Spectaculaire g\u00e2teau \u00e0 la cr\u00e8me au chocolat rempli de 6 couches de g\u00e9noise au chocolat juteuse avec des gouttes de chocolat, et entre les couches notre magnifique cr\u00e8me au fudge au chocolat. D\u00e9cor\u00e9 sur le dessus et la base avec de la cr\u00e8me au fudge avec des vagues et termin\u00e9 sur la base avec des gouttes de gla\u00e7age au chocolat. Le g\u00e2teau est fabriqu\u00e9 \u00e0 partir de 65% de chocolat de couverture et de 20\/22 de cacao.","robots":{"index":"index","follow":"follow","max-snippet":"max-snippet:-1","max-image-preview":"max-image-preview:large","max-video-preview":"max-video-preview:-1"},"canonical":"https:\/\/biopastis.com\/fr\/productos\/gateaux-americains\/gateaux-plus-grands\/gateau-fudge-de-linda\/","og_locale":"fr_FR","og_type":"article","og_title":"G\u00e2teau Fudge de Linda - BioPastis","og_description":"Spectaculaire g\u00e2teau \u00e0 la cr\u00e8me au chocolat rempli de 6 couches de g\u00e9noise au chocolat juteuse avec des gouttes de chocolat, et entre les couches notre magnifique cr\u00e8me au fudge au chocolat. D\u00e9cor\u00e9 sur le dessus et la base avec de la cr\u00e8me au fudge avec des vagues et termin\u00e9 sur la base avec des gouttes de gla\u00e7age au chocolat. Le g\u00e2teau est fabriqu\u00e9 \u00e0 partir de 65% de chocolat de couverture et de 20\/22 de cacao.","og_url":"https:\/\/biopastis.com\/fr\/productos\/gateaux-americains\/gateaux-plus-grands\/gateau-fudge-de-linda\/","og_site_name":"BioPastis","og_image":[{"width":2560,"height":1707,"url":"https:\/\/biopastis.com\/wp-content\/uploads\/2023\/11\/02012109-Linda\u00b4s-Cake-scaled-1.jpg","type":"image\/jpeg"}],"twitter_card":"summary_large_image","schema":{"@context":"https:\/\/schema.org","@graph":[{"@type":"WebPage","@id":"https:\/\/biopastis.com\/fr\/productos\/gateaux-americains\/gateaux-plus-grands\/gateau-fudge-de-linda\/","url":"https:\/\/biopastis.com\/fr\/productos\/gateaux-americains\/gateaux-plus-grands\/gateau-fudge-de-linda\/","name":"G\u00e2teau Fudge de Linda - BioPastis","isPartOf":{"@id":"https:\/\/biopastis.com\/fr\/#website"},"primaryImageOfPage":{"@id":"https:\/\/biopastis.com\/fr\/productos\/gateaux-americains\/gateaux-plus-grands\/gateau-fudge-de-linda\/#primaryimage"},"image":{"@id":"https:\/\/biopastis.com\/fr\/productos\/gateaux-americains\/gateaux-plus-grands\/gateau-fudge-de-linda\/#primaryimage"},"thumbnailUrl":"https:\/\/biopastis.com\/wp-content\/uploads\/2023\/11\/02012109-Linda\u00b4s-Cake-scaled-1.png","datePublished":"2023-11-12T09:33:20+00:00","description":"Spectaculaire g\u00e2teau \u00e0 la cr\u00e8me au chocolat rempli de 6 couches de g\u00e9noise au chocolat juteuse avec des gouttes de chocolat, et entre les couches notre magnifique cr\u00e8me au fudge au chocolat. D\u00e9cor\u00e9 sur le dessus et la base avec de la cr\u00e8me au fudge avec des vagues et termin\u00e9 sur la base avec des gouttes de gla\u00e7age au chocolat. Le g\u00e2teau est fabriqu\u00e9 \u00e0 partir de 65% de chocolat de couverture et de 20\/22 de cacao.","breadcrumb":{"@id":"https:\/\/biopastis.com\/fr\/productos\/gateaux-americains\/gateaux-plus-grands\/gateau-fudge-de-linda\/#breadcrumb"},"inLanguage":"fr-FR","potentialAction":[{"@type":"ReadAction","target":["https:\/\/biopastis.com\/fr\/productos\/gateaux-americains\/gateaux-plus-grands\/gateau-fudge-de-linda\/"]}]},{"@type":"ImageObject","inLanguage":"fr-FR","@id":"https:\/\/biopastis.com\/fr\/productos\/gateaux-americains\/gateaux-plus-grands\/gateau-fudge-de-linda\/#primaryimage","url":"https:\/\/biopastis.com\/wp-content\/uploads\/2023\/11\/02012109-Linda\u00b4s-Cake-scaled-1.png","contentUrl":"https:\/\/biopastis.com\/wp-content\/uploads\/2023\/11\/02012109-Linda\u00b4s-Cake-scaled-1.png","width":1248,"height":832},{"@type":"BreadcrumbList","@id":"https:\/\/biopastis.com\/fr\/productos\/gateaux-americains\/gateaux-plus-grands\/gateau-fudge-de-linda\/#breadcrumb","itemListElement":[{"@type":"ListItem","position":1,"name":"Portada","item":"https:\/\/biopastis.com\/fr\/"},{"@type":"ListItem","position":2,"name":"Produits","item":"https:\/\/biopastis.com\/fr\/boutique\/"},{"@type":"ListItem","position":3,"name":"G\u00e2teau Fudge de Linda"}]},{"@type":"WebSite","@id":"https:\/\/biopastis.com\/fr\/#website","url":"https:\/\/biopastis.com\/fr\/","name":"BioPastis","description":"La alimentaci\u00f3n natural","publisher":{"@id":"https:\/\/biopastis.com\/fr\/#organization"},"potentialAction":[{"@type":"SearchAction","target":{"@type":"EntryPoint","urlTemplate":"https:\/\/biopastis.com\/fr\/?s={search_term_string}"},"query-input":{"@type":"PropertyValueSpecification","valueRequired":true,"valueName":"search_term_string"}}],"inLanguage":"fr-FR"},{"@type":"Organization","@id":"https:\/\/biopastis.com\/fr\/#organization","name":"BioPastis","url":"https:\/\/biopastis.com\/fr\/","logo":{"@type":"ImageObject","inLanguage":"fr-FR","@id":"https:\/\/biopastis.com\/fr\/#\/schema\/logo\/image\/","url":"https:\/\/biopastis.com\/wp-content\/uploads\/2024\/01\/BIOPASTIS-NATURAL.jpg","contentUrl":"https:\/\/biopastis.com\/wp-content\/uploads\/2024\/01\/BIOPASTIS-NATURAL.jpg","width":658,"height":663,"caption":"BioPastis"},"image":{"@id":"https:\/\/biopastis.com\/fr\/#\/schema\/logo\/image\/"}}]}},"_links":{"self":[{"href":"https:\/\/biopastis.com\/fr\/wp-json\/wp\/v2\/product\/2339","targetHints":{"allow":["GET"]}}],"collection":[{"href":"https:\/\/biopastis.com\/fr\/wp-json\/wp\/v2\/product"}],"about":[{"href":"https:\/\/biopastis.com\/fr\/wp-json\/wp\/v2\/types\/product"}],"replies":[{"embeddable":true,"href":"https:\/\/biopastis.com\/fr\/wp-json\/wp\/v2\/comments?post=2339"}],"wp:featuredmedia":[{"embeddable":true,"href":"https:\/\/biopastis.com\/fr\/wp-json\/wp\/v2\/media\/5373"}],"wp:attachment":[{"href":"https:\/\/biopastis.com\/fr\/wp-json\/wp\/v2\/media?parent=2339"}],"wp:term":[{"taxonomy":"product_brand","embeddable":true,"href":"https:\/\/biopastis.com\/fr\/wp-json\/wp\/v2\/product_brand?post=2339"},{"taxonomy":"product_cat","embeddable":true,"href":"https:\/\/biopastis.com\/fr\/wp-json\/wp\/v2\/product_cat?post=2339"},{"taxonomy":"product_tag","embeddable":true,"href":"https:\/\/biopastis.com\/fr\/wp-json\/wp\/v2\/product_tag?post=2339"}],"curies":[{"name":"wp","href":"https:\/\/api.w.org\/{rel}","templated":true}]}}