{"id":1893,"date":"2023-11-12T10:34:09","date_gmt":"2023-11-12T09:34:09","guid":{"rendered":"https:\/\/biopastis.com\/producto\/1893\/"},"modified":"2024-04-04T14:46:29","modified_gmt":"2024-04-04T12:46:29","slug":"gateau-au-fromage-injecte-a-la-framboise","status":"publish","type":"product","link":"https:\/\/biopastis.com\/fr\/productos\/gateaux-americains\/gateaux-au-fromage\/gateau-au-fromage-injecte-a-la-framboise\/","title":{"rendered":"G\u00e2teau au fromage inject\u00e9 \u00e0 la framboise"},"content":{"rendered":"<table>\n<tbody>\n<tr>\n<td class=\"bd\">Poids<\/td>\n<td class=\"der\">1,65 Kgr +\/- 5%<\/td>\n<\/tr>\n<tr>\n<td class=\"bd\">Taille<\/td>\n<td class=\"der\">240 mm<\/td>\n<\/tr>\n<tr>\n<td class=\"bd\">Portions<\/td>\n<td class=\"der\">12\/14<\/td>\n<\/tr>\n<tr>\n<td class=\"bd\">Unit\u00e9s<\/td>\n<td class=\"der\">1<\/td>\n<\/tr>\n<\/tbody>\n<\/table>\n<p><a href=\"https:\/\/biopastis.com\/wp-content\/uploads\/2024\/02\/FICHA_TECNICA_02012076_APPLE_PIE__ENGLISH_CAKE_AC-Ed-3-fr.pdf\" rel=\"attachment wp-att-8189\"><img loading=\"lazy\" decoding=\"async\" class=\"alignleft wp-image-8189 size-thumbnail\" src=\"https:\/\/biopastis.com\/wp-content\/uploads\/2024\/01\/icono-pdf-150x150-1.png\" alt=\"\" width=\"150\" height=\"150\" \/><\/a><\/p>\n","protected":false},"excerpt":{"rendered":"<p>G\u00e2teau cuit au four avec une base de biscuits digestifs et un fourrage au fromage frais \u00e0 la framboise.<\/p>\n","protected":false},"featured_media":5530,"comment_status":"closed","ping_status":"closed","template":"","meta":[],"product_brand":[],"product_cat":[97],"product_tag":[172],"class_list":{"0":"post-1893","1":"product","2":"type-product","3":"status-publish","4":"has-post-thumbnail","6":"product_cat-gateaux-au-fromage","7":"product_tag-cheesecakes-fr","9":"first","10":"instock","11":"shipping-taxable","12":"product-type-simple"},"yoast_head":"<!-- This site is optimized with the Yoast SEO plugin v27.3 - https:\/\/yoast.com\/product\/yoast-seo-wordpress\/ -->\n<title>G\u00e2teau au fromage inject\u00e9 \u00e0 la framboise - BioPastis<\/title>\n<meta name=\"description\" content=\"G\u00e2teau cuit au four avec une base de biscuits digestifs et un fourrage au fromage frais \u00e0 la framboise.\" \/>\n<meta name=\"robots\" content=\"index, follow, max-snippet:-1, max-image-preview:large, max-video-preview:-1\" \/>\n<link rel=\"canonical\" href=\"https:\/\/biopastis.com\/fr\/productos\/gateaux-americains\/gateaux-au-fromage\/gateau-au-fromage-injecte-a-la-framboise\/\" \/>\n<meta property=\"og:locale\" content=\"fr_FR\" \/>\n<meta property=\"og:type\" content=\"article\" \/>\n<meta property=\"og:title\" content=\"G\u00e2teau au fromage inject\u00e9 \u00e0 la framboise - BioPastis\" \/>\n<meta property=\"og:description\" content=\"G\u00e2teau cuit au four avec une base de biscuits digestifs et un fourrage au fromage frais \u00e0 la framboise.\" \/>\n<meta property=\"og:url\" content=\"https:\/\/biopastis.com\/fr\/productos\/gateaux-americains\/gateaux-au-fromage\/gateau-au-fromage-injecte-a-la-framboise\/\" \/>\n<meta property=\"og:site_name\" content=\"BioPastis\" \/>\n<meta property=\"article:modified_time\" content=\"2024-04-04T12:46:29+00:00\" \/>\n<meta property=\"og:image\" content=\"https:\/\/biopastis.com\/wp-content\/uploads\/2023\/11\/Cheesecake-Frambuesa-02012013.png\" \/>\n\t<meta property=\"og:image:width\" content=\"1184\" \/>\n\t<meta property=\"og:image:height\" content=\"864\" \/>\n\t<meta property=\"og:image:type\" content=\"image\/png\" \/>\n<meta name=\"twitter:card\" content=\"summary_large_image\" \/>\n<meta name=\"twitter:label1\" content=\"Dur\u00e9e de lecture estim\u00e9e\" \/>\n\t<meta name=\"twitter:data1\" content=\"1 minute\" \/>\n<script type=\"application\/ld+json\" class=\"yoast-schema-graph\">{\"@context\":\"https:\\\/\\\/schema.org\",\"@graph\":[{\"@type\":\"WebPage\",\"@id\":\"https:\\\/\\\/biopastis.com\\\/fr\\\/productos\\\/gateaux-americains\\\/gateaux-au-fromage\\\/gateau-au-fromage-injecte-a-la-framboise\\\/\",\"url\":\"https:\\\/\\\/biopastis.com\\\/fr\\\/productos\\\/gateaux-americains\\\/gateaux-au-fromage\\\/gateau-au-fromage-injecte-a-la-framboise\\\/\",\"name\":\"G\u00e2teau au fromage inject\u00e9 \u00e0 la framboise - BioPastis\",\"isPartOf\":{\"@id\":\"https:\\\/\\\/biopastis.com\\\/fr\\\/#website\"},\"primaryImageOfPage\":{\"@id\":\"https:\\\/\\\/biopastis.com\\\/fr\\\/productos\\\/gateaux-americains\\\/gateaux-au-fromage\\\/gateau-au-fromage-injecte-a-la-framboise\\\/#primaryimage\"},\"image\":{\"@id\":\"https:\\\/\\\/biopastis.com\\\/fr\\\/productos\\\/gateaux-americains\\\/gateaux-au-fromage\\\/gateau-au-fromage-injecte-a-la-framboise\\\/#primaryimage\"},\"thumbnailUrl\":\"https:\\\/\\\/biopastis.com\\\/wp-content\\\/uploads\\\/2023\\\/11\\\/Cheesecake-Frambuesa-02012013.png\",\"datePublished\":\"2023-11-12T09:34:09+00:00\",\"dateModified\":\"2024-04-04T12:46:29+00:00\",\"description\":\"G\u00e2teau cuit au four avec une base de biscuits digestifs et un fourrage au fromage frais \u00e0 la framboise.\",\"breadcrumb\":{\"@id\":\"https:\\\/\\\/biopastis.com\\\/fr\\\/productos\\\/gateaux-americains\\\/gateaux-au-fromage\\\/gateau-au-fromage-injecte-a-la-framboise\\\/#breadcrumb\"},\"inLanguage\":\"fr-FR\",\"potentialAction\":[{\"@type\":\"ReadAction\",\"target\":[\"https:\\\/\\\/biopastis.com\\\/fr\\\/productos\\\/gateaux-americains\\\/gateaux-au-fromage\\\/gateau-au-fromage-injecte-a-la-framboise\\\/\"]}]},{\"@type\":\"ImageObject\",\"inLanguage\":\"fr-FR\",\"@id\":\"https:\\\/\\\/biopastis.com\\\/fr\\\/productos\\\/gateaux-americains\\\/gateaux-au-fromage\\\/gateau-au-fromage-injecte-a-la-framboise\\\/#primaryimage\",\"url\":\"https:\\\/\\\/biopastis.com\\\/wp-content\\\/uploads\\\/2023\\\/11\\\/Cheesecake-Frambuesa-02012013.png\",\"contentUrl\":\"https:\\\/\\\/biopastis.com\\\/wp-content\\\/uploads\\\/2023\\\/11\\\/Cheesecake-Frambuesa-02012013.png\",\"width\":1184,\"height\":864},{\"@type\":\"BreadcrumbList\",\"@id\":\"https:\\\/\\\/biopastis.com\\\/fr\\\/productos\\\/gateaux-americains\\\/gateaux-au-fromage\\\/gateau-au-fromage-injecte-a-la-framboise\\\/#breadcrumb\",\"itemListElement\":[{\"@type\":\"ListItem\",\"position\":1,\"name\":\"Portada\",\"item\":\"https:\\\/\\\/biopastis.com\\\/fr\\\/\"},{\"@type\":\"ListItem\",\"position\":2,\"name\":\"Produits\",\"item\":\"https:\\\/\\\/biopastis.com\\\/fr\\\/boutique\\\/\"},{\"@type\":\"ListItem\",\"position\":3,\"name\":\"G\u00e2teau au fromage inject\u00e9 \u00e0 la framboise\"}]},{\"@type\":\"WebSite\",\"@id\":\"https:\\\/\\\/biopastis.com\\\/fr\\\/#website\",\"url\":\"https:\\\/\\\/biopastis.com\\\/fr\\\/\",\"name\":\"BioPastis\",\"description\":\"La alimentaci\u00f3n natural\",\"publisher\":{\"@id\":\"https:\\\/\\\/biopastis.com\\\/fr\\\/#organization\"},\"potentialAction\":[{\"@type\":\"SearchAction\",\"target\":{\"@type\":\"EntryPoint\",\"urlTemplate\":\"https:\\\/\\\/biopastis.com\\\/fr\\\/?s={search_term_string}\"},\"query-input\":{\"@type\":\"PropertyValueSpecification\",\"valueRequired\":true,\"valueName\":\"search_term_string\"}}],\"inLanguage\":\"fr-FR\"},{\"@type\":\"Organization\",\"@id\":\"https:\\\/\\\/biopastis.com\\\/fr\\\/#organization\",\"name\":\"BioPastis\",\"url\":\"https:\\\/\\\/biopastis.com\\\/fr\\\/\",\"logo\":{\"@type\":\"ImageObject\",\"inLanguage\":\"fr-FR\",\"@id\":\"https:\\\/\\\/biopastis.com\\\/fr\\\/#\\\/schema\\\/logo\\\/image\\\/\",\"url\":\"https:\\\/\\\/biopastis.com\\\/wp-content\\\/uploads\\\/2024\\\/01\\\/BIOPASTIS-NATURAL.jpg\",\"contentUrl\":\"https:\\\/\\\/biopastis.com\\\/wp-content\\\/uploads\\\/2024\\\/01\\\/BIOPASTIS-NATURAL.jpg\",\"width\":658,\"height\":663,\"caption\":\"BioPastis\"},\"image\":{\"@id\":\"https:\\\/\\\/biopastis.com\\\/fr\\\/#\\\/schema\\\/logo\\\/image\\\/\"}}]}<\/script>\n<!-- \/ Yoast SEO plugin. -->","yoast_head_json":{"title":"G\u00e2teau au fromage inject\u00e9 \u00e0 la framboise - BioPastis","description":"G\u00e2teau cuit au four avec une base de biscuits digestifs et un fourrage au fromage frais \u00e0 la framboise.","robots":{"index":"index","follow":"follow","max-snippet":"max-snippet:-1","max-image-preview":"max-image-preview:large","max-video-preview":"max-video-preview:-1"},"canonical":"https:\/\/biopastis.com\/fr\/productos\/gateaux-americains\/gateaux-au-fromage\/gateau-au-fromage-injecte-a-la-framboise\/","og_locale":"fr_FR","og_type":"article","og_title":"G\u00e2teau au fromage inject\u00e9 \u00e0 la framboise - BioPastis","og_description":"G\u00e2teau cuit au four avec une base de biscuits digestifs et un fourrage au fromage frais \u00e0 la framboise.","og_url":"https:\/\/biopastis.com\/fr\/productos\/gateaux-americains\/gateaux-au-fromage\/gateau-au-fromage-injecte-a-la-framboise\/","og_site_name":"BioPastis","article_modified_time":"2024-04-04T12:46:29+00:00","og_image":[{"width":1184,"height":864,"url":"https:\/\/biopastis.com\/wp-content\/uploads\/2023\/11\/Cheesecake-Frambuesa-02012013.png","type":"image\/png"}],"twitter_card":"summary_large_image","twitter_misc":{"Dur\u00e9e de lecture estim\u00e9e":"1 minute"},"schema":{"@context":"https:\/\/schema.org","@graph":[{"@type":"WebPage","@id":"https:\/\/biopastis.com\/fr\/productos\/gateaux-americains\/gateaux-au-fromage\/gateau-au-fromage-injecte-a-la-framboise\/","url":"https:\/\/biopastis.com\/fr\/productos\/gateaux-americains\/gateaux-au-fromage\/gateau-au-fromage-injecte-a-la-framboise\/","name":"G\u00e2teau au fromage inject\u00e9 \u00e0 la framboise - BioPastis","isPartOf":{"@id":"https:\/\/biopastis.com\/fr\/#website"},"primaryImageOfPage":{"@id":"https:\/\/biopastis.com\/fr\/productos\/gateaux-americains\/gateaux-au-fromage\/gateau-au-fromage-injecte-a-la-framboise\/#primaryimage"},"image":{"@id":"https:\/\/biopastis.com\/fr\/productos\/gateaux-americains\/gateaux-au-fromage\/gateau-au-fromage-injecte-a-la-framboise\/#primaryimage"},"thumbnailUrl":"https:\/\/biopastis.com\/wp-content\/uploads\/2023\/11\/Cheesecake-Frambuesa-02012013.png","datePublished":"2023-11-12T09:34:09+00:00","dateModified":"2024-04-04T12:46:29+00:00","description":"G\u00e2teau cuit au four avec une base de biscuits digestifs et un fourrage au fromage frais \u00e0 la framboise.","breadcrumb":{"@id":"https:\/\/biopastis.com\/fr\/productos\/gateaux-americains\/gateaux-au-fromage\/gateau-au-fromage-injecte-a-la-framboise\/#breadcrumb"},"inLanguage":"fr-FR","potentialAction":[{"@type":"ReadAction","target":["https:\/\/biopastis.com\/fr\/productos\/gateaux-americains\/gateaux-au-fromage\/gateau-au-fromage-injecte-a-la-framboise\/"]}]},{"@type":"ImageObject","inLanguage":"fr-FR","@id":"https:\/\/biopastis.com\/fr\/productos\/gateaux-americains\/gateaux-au-fromage\/gateau-au-fromage-injecte-a-la-framboise\/#primaryimage","url":"https:\/\/biopastis.com\/wp-content\/uploads\/2023\/11\/Cheesecake-Frambuesa-02012013.png","contentUrl":"https:\/\/biopastis.com\/wp-content\/uploads\/2023\/11\/Cheesecake-Frambuesa-02012013.png","width":1184,"height":864},{"@type":"BreadcrumbList","@id":"https:\/\/biopastis.com\/fr\/productos\/gateaux-americains\/gateaux-au-fromage\/gateau-au-fromage-injecte-a-la-framboise\/#breadcrumb","itemListElement":[{"@type":"ListItem","position":1,"name":"Portada","item":"https:\/\/biopastis.com\/fr\/"},{"@type":"ListItem","position":2,"name":"Produits","item":"https:\/\/biopastis.com\/fr\/boutique\/"},{"@type":"ListItem","position":3,"name":"G\u00e2teau au fromage inject\u00e9 \u00e0 la framboise"}]},{"@type":"WebSite","@id":"https:\/\/biopastis.com\/fr\/#website","url":"https:\/\/biopastis.com\/fr\/","name":"BioPastis","description":"La alimentaci\u00f3n natural","publisher":{"@id":"https:\/\/biopastis.com\/fr\/#organization"},"potentialAction":[{"@type":"SearchAction","target":{"@type":"EntryPoint","urlTemplate":"https:\/\/biopastis.com\/fr\/?s={search_term_string}"},"query-input":{"@type":"PropertyValueSpecification","valueRequired":true,"valueName":"search_term_string"}}],"inLanguage":"fr-FR"},{"@type":"Organization","@id":"https:\/\/biopastis.com\/fr\/#organization","name":"BioPastis","url":"https:\/\/biopastis.com\/fr\/","logo":{"@type":"ImageObject","inLanguage":"fr-FR","@id":"https:\/\/biopastis.com\/fr\/#\/schema\/logo\/image\/","url":"https:\/\/biopastis.com\/wp-content\/uploads\/2024\/01\/BIOPASTIS-NATURAL.jpg","contentUrl":"https:\/\/biopastis.com\/wp-content\/uploads\/2024\/01\/BIOPASTIS-NATURAL.jpg","width":658,"height":663,"caption":"BioPastis"},"image":{"@id":"https:\/\/biopastis.com\/fr\/#\/schema\/logo\/image\/"}}]}},"_links":{"self":[{"href":"https:\/\/biopastis.com\/fr\/wp-json\/wp\/v2\/product\/1893","targetHints":{"allow":["GET"]}}],"collection":[{"href":"https:\/\/biopastis.com\/fr\/wp-json\/wp\/v2\/product"}],"about":[{"href":"https:\/\/biopastis.com\/fr\/wp-json\/wp\/v2\/types\/product"}],"replies":[{"embeddable":true,"href":"https:\/\/biopastis.com\/fr\/wp-json\/wp\/v2\/comments?post=1893"}],"wp:featuredmedia":[{"embeddable":true,"href":"https:\/\/biopastis.com\/fr\/wp-json\/wp\/v2\/media\/5530"}],"wp:attachment":[{"href":"https:\/\/biopastis.com\/fr\/wp-json\/wp\/v2\/media?parent=1893"}],"wp:term":[{"taxonomy":"product_brand","embeddable":true,"href":"https:\/\/biopastis.com\/fr\/wp-json\/wp\/v2\/product_brand?post=1893"},{"taxonomy":"product_cat","embeddable":true,"href":"https:\/\/biopastis.com\/fr\/wp-json\/wp\/v2\/product_cat?post=1893"},{"taxonomy":"product_tag","embeddable":true,"href":"https:\/\/biopastis.com\/fr\/wp-json\/wp\/v2\/product_tag?post=1893"}],"curies":[{"name":"wp","href":"https:\/\/api.w.org\/{rel}","templated":true}]}}