{"id":1798,"date":"2023-11-12T10:33:18","date_gmt":"2023-11-12T09:33:18","guid":{"rendered":"https:\/\/biopastis.com\/producto\/1798\/"},"modified":"2024-04-04T12:45:03","modified_gmt":"2024-04-04T10:45:03","slug":"gateau-biscuit-au-chocolat-et-au-caramel","status":"publish","type":"product","link":"https:\/\/biopastis.com\/fr\/productos\/gateaux-americains\/gateaux-a-couches\/gateau-biscuit-au-chocolat-et-au-caramel\/","title":{"rendered":"G\u00e2teau biscuit au chocolat et au caramel"},"content":{"rendered":"<table>\n<tbody>\n<tr>\n<td class=\"bd\">Poids<\/td>\n<td class=\"der\">2,6 Kgr +\/- 5%<\/td>\n<\/tr>\n<tr>\n<td class=\"bd\">Taille<\/td>\n<td class=\"der\">250 x 075<\/td>\n<\/tr>\n<tr>\n<td class=\"bd\">Portions<\/td>\n<td class=\"der\">18\/16<\/td>\n<\/tr>\n<tr>\n<td class=\"bd\">Unit\u00e9s<\/td>\n<td class=\"der\">1<\/td>\n<\/tr>\n<\/tbody>\n<\/table>\n<p><a href=\"https:\/\/biopastis.com\/wp-content\/uploads\/2024\/02\/FICHA_TECNICA_02012068_CARAMELO_CHOCOLATE_COOKIES_CAKE-ED5-fr.pdf\" rel=\"attachment wp-att-8189\"><img loading=\"lazy\" decoding=\"async\" class=\"alignleft wp-image-8189 size-thumbnail\" src=\"https:\/\/biopastis.com\/wp-content\/uploads\/2024\/01\/icono-pdf-150x150-1.png\" alt=\"\" width=\"150\" height=\"150\" \/><\/a><\/p>\n","protected":false},"excerpt":{"rendered":"<p>Quatre couches, g\u00e2teau \u00e9ponge au chocolat, notre v\u00e9ritable fromage \u00e0 la cr\u00e8me au dulce de leche avec des boules de riz souffl\u00e9, du chocolat noir et du dulce de leche. Base de miettes de biscuits, de flocons de chocolat et de miettes de g\u00e9noise au chocolat. En surface, des boules de chocolat avec du caramel, des morceaux de chocolat et des mini-biscuits fourr\u00e9s \u00e0 la cr\u00e8me de cacao.<\/p>\n","protected":false},"featured_media":5290,"comment_status":"closed","ping_status":"closed","template":"","meta":[],"product_brand":[],"product_cat":[103],"product_tag":[78],"class_list":{"0":"post-1798","1":"product","2":"type-product","3":"status-publish","4":"has-post-thumbnail","6":"product_cat-gateaux-a-couches","7":"product_tag-american-cakes-fr","9":"first","10":"instock","11":"shipping-taxable","12":"product-type-simple"},"yoast_head":"<!-- This site is optimized with the Yoast SEO plugin v27.4 - https:\/\/yoast.com\/product\/yoast-seo-wordpress\/ -->\n<title>G\u00e2teau biscuit au chocolat et au caramel - BioPastis<\/title>\n<meta name=\"description\" content=\"Quatre couches, g\u00e2teau \u00e9ponge au chocolat, notre v\u00e9ritable fromage \u00e0 la cr\u00e8me au dulce de leche avec des boules de riz souffl\u00e9, du chocolat noir et du dulce de leche. Base de miettes de biscuits, de flocons de chocolat et de miettes de g\u00e9noise au chocolat. En surface, des boules de chocolat avec du caramel, des morceaux de chocolat et des mini-biscuits fourr\u00e9s \u00e0 la cr\u00e8me de cacao.\" \/>\n<meta name=\"robots\" content=\"index, follow, max-snippet:-1, max-image-preview:large, max-video-preview:-1\" \/>\n<link rel=\"canonical\" href=\"https:\/\/biopastis.com\/fr\/productos\/gateaux-americains\/gateaux-a-couches\/gateau-biscuit-au-chocolat-et-au-caramel\/\" \/>\n<meta property=\"og:locale\" content=\"fr_FR\" \/>\n<meta property=\"og:type\" content=\"article\" \/>\n<meta property=\"og:title\" content=\"G\u00e2teau biscuit au chocolat et au caramel - BioPastis\" \/>\n<meta property=\"og:description\" content=\"Quatre couches, g\u00e2teau \u00e9ponge au chocolat, notre v\u00e9ritable fromage \u00e0 la cr\u00e8me au dulce de leche avec des boules de riz souffl\u00e9, du chocolat noir et du dulce de leche. Base de miettes de biscuits, de flocons de chocolat et de miettes de g\u00e9noise au chocolat. En surface, des boules de chocolat avec du caramel, des morceaux de chocolat et des mini-biscuits fourr\u00e9s \u00e0 la cr\u00e8me de cacao.\" \/>\n<meta property=\"og:url\" content=\"https:\/\/biopastis.com\/fr\/productos\/gateaux-americains\/gateaux-a-couches\/gateau-biscuit-au-chocolat-et-au-caramel\/\" \/>\n<meta property=\"og:site_name\" content=\"BioPastis\" \/>\n<meta property=\"article:modified_time\" content=\"2024-04-04T10:45:03+00:00\" \/>\n<meta property=\"og:image\" content=\"https:\/\/biopastis.com\/wp-content\/uploads\/2023\/11\/Caramelo-Chocolate-Cookies-1.jpeg\" \/>\n\t<meta property=\"og:image:width\" content=\"1248\" \/>\n\t<meta property=\"og:image:height\" content=\"832\" \/>\n\t<meta property=\"og:image:type\" content=\"image\/jpeg\" \/>\n<meta name=\"twitter:card\" content=\"summary_large_image\" \/>\n<meta name=\"twitter:label1\" content=\"Dur\u00e9e de lecture estim\u00e9e\" \/>\n\t<meta name=\"twitter:data1\" content=\"1 minute\" \/>\n<script type=\"application\/ld+json\" class=\"yoast-schema-graph\">{\"@context\":\"https:\\\/\\\/schema.org\",\"@graph\":[{\"@type\":\"WebPage\",\"@id\":\"https:\\\/\\\/biopastis.com\\\/fr\\\/productos\\\/gateaux-americains\\\/gateaux-a-couches\\\/gateau-biscuit-au-chocolat-et-au-caramel\\\/\",\"url\":\"https:\\\/\\\/biopastis.com\\\/fr\\\/productos\\\/gateaux-americains\\\/gateaux-a-couches\\\/gateau-biscuit-au-chocolat-et-au-caramel\\\/\",\"name\":\"G\u00e2teau biscuit au chocolat et au caramel - BioPastis\",\"isPartOf\":{\"@id\":\"https:\\\/\\\/biopastis.com\\\/fr\\\/#website\"},\"primaryImageOfPage\":{\"@id\":\"https:\\\/\\\/biopastis.com\\\/fr\\\/productos\\\/gateaux-americains\\\/gateaux-a-couches\\\/gateau-biscuit-au-chocolat-et-au-caramel\\\/#primaryimage\"},\"image\":{\"@id\":\"https:\\\/\\\/biopastis.com\\\/fr\\\/productos\\\/gateaux-americains\\\/gateaux-a-couches\\\/gateau-biscuit-au-chocolat-et-au-caramel\\\/#primaryimage\"},\"thumbnailUrl\":\"https:\\\/\\\/biopastis.com\\\/wp-content\\\/uploads\\\/2023\\\/11\\\/Caramelo-Chocolate-Cookies-1.jpeg\",\"datePublished\":\"2023-11-12T09:33:18+00:00\",\"dateModified\":\"2024-04-04T10:45:03+00:00\",\"description\":\"Quatre couches, g\u00e2teau \u00e9ponge au chocolat, notre v\u00e9ritable fromage \u00e0 la cr\u00e8me au dulce de leche avec des boules de riz souffl\u00e9, du chocolat noir et du dulce de leche. Base de miettes de biscuits, de flocons de chocolat et de miettes de g\u00e9noise au chocolat. En surface, des boules de chocolat avec du caramel, des morceaux de chocolat et des mini-biscuits fourr\u00e9s \u00e0 la cr\u00e8me de cacao.\",\"breadcrumb\":{\"@id\":\"https:\\\/\\\/biopastis.com\\\/fr\\\/productos\\\/gateaux-americains\\\/gateaux-a-couches\\\/gateau-biscuit-au-chocolat-et-au-caramel\\\/#breadcrumb\"},\"inLanguage\":\"fr-FR\",\"potentialAction\":[{\"@type\":\"ReadAction\",\"target\":[\"https:\\\/\\\/biopastis.com\\\/fr\\\/productos\\\/gateaux-americains\\\/gateaux-a-couches\\\/gateau-biscuit-au-chocolat-et-au-caramel\\\/\"]}]},{\"@type\":\"ImageObject\",\"inLanguage\":\"fr-FR\",\"@id\":\"https:\\\/\\\/biopastis.com\\\/fr\\\/productos\\\/gateaux-americains\\\/gateaux-a-couches\\\/gateau-biscuit-au-chocolat-et-au-caramel\\\/#primaryimage\",\"url\":\"https:\\\/\\\/biopastis.com\\\/wp-content\\\/uploads\\\/2023\\\/11\\\/Caramelo-Chocolate-Cookies-1.jpeg\",\"contentUrl\":\"https:\\\/\\\/biopastis.com\\\/wp-content\\\/uploads\\\/2023\\\/11\\\/Caramelo-Chocolate-Cookies-1.jpeg\",\"width\":1248,\"height\":832},{\"@type\":\"BreadcrumbList\",\"@id\":\"https:\\\/\\\/biopastis.com\\\/fr\\\/productos\\\/gateaux-americains\\\/gateaux-a-couches\\\/gateau-biscuit-au-chocolat-et-au-caramel\\\/#breadcrumb\",\"itemListElement\":[{\"@type\":\"ListItem\",\"position\":1,\"name\":\"Portada\",\"item\":\"https:\\\/\\\/biopastis.com\\\/fr\\\/\"},{\"@type\":\"ListItem\",\"position\":2,\"name\":\"Produits\",\"item\":\"https:\\\/\\\/biopastis.com\\\/fr\\\/boutique\\\/\"},{\"@type\":\"ListItem\",\"position\":3,\"name\":\"G\u00e2teau biscuit au chocolat et au caramel\"}]},{\"@type\":\"WebSite\",\"@id\":\"https:\\\/\\\/biopastis.com\\\/fr\\\/#website\",\"url\":\"https:\\\/\\\/biopastis.com\\\/fr\\\/\",\"name\":\"BioPastis\",\"description\":\"La alimentaci\u00f3n natural\",\"publisher\":{\"@id\":\"https:\\\/\\\/biopastis.com\\\/fr\\\/#organization\"},\"potentialAction\":[{\"@type\":\"SearchAction\",\"target\":{\"@type\":\"EntryPoint\",\"urlTemplate\":\"https:\\\/\\\/biopastis.com\\\/fr\\\/?s={search_term_string}\"},\"query-input\":{\"@type\":\"PropertyValueSpecification\",\"valueRequired\":true,\"valueName\":\"search_term_string\"}}],\"inLanguage\":\"fr-FR\"},{\"@type\":\"Organization\",\"@id\":\"https:\\\/\\\/biopastis.com\\\/fr\\\/#organization\",\"name\":\"BioPastis\",\"url\":\"https:\\\/\\\/biopastis.com\\\/fr\\\/\",\"logo\":{\"@type\":\"ImageObject\",\"inLanguage\":\"fr-FR\",\"@id\":\"https:\\\/\\\/biopastis.com\\\/fr\\\/#\\\/schema\\\/logo\\\/image\\\/\",\"url\":\"https:\\\/\\\/biopastis.com\\\/wp-content\\\/uploads\\\/2024\\\/01\\\/BIOPASTIS-NATURAL.jpg\",\"contentUrl\":\"https:\\\/\\\/biopastis.com\\\/wp-content\\\/uploads\\\/2024\\\/01\\\/BIOPASTIS-NATURAL.jpg\",\"width\":658,\"height\":663,\"caption\":\"BioPastis\"},\"image\":{\"@id\":\"https:\\\/\\\/biopastis.com\\\/fr\\\/#\\\/schema\\\/logo\\\/image\\\/\"}}]}<\/script>\n<!-- \/ Yoast SEO plugin. -->","yoast_head_json":{"title":"G\u00e2teau biscuit au chocolat et au caramel - BioPastis","description":"Quatre couches, g\u00e2teau \u00e9ponge au chocolat, notre v\u00e9ritable fromage \u00e0 la cr\u00e8me au dulce de leche avec des boules de riz souffl\u00e9, du chocolat noir et du dulce de leche. Base de miettes de biscuits, de flocons de chocolat et de miettes de g\u00e9noise au chocolat. En surface, des boules de chocolat avec du caramel, des morceaux de chocolat et des mini-biscuits fourr\u00e9s \u00e0 la cr\u00e8me de cacao.","robots":{"index":"index","follow":"follow","max-snippet":"max-snippet:-1","max-image-preview":"max-image-preview:large","max-video-preview":"max-video-preview:-1"},"canonical":"https:\/\/biopastis.com\/fr\/productos\/gateaux-americains\/gateaux-a-couches\/gateau-biscuit-au-chocolat-et-au-caramel\/","og_locale":"fr_FR","og_type":"article","og_title":"G\u00e2teau biscuit au chocolat et au caramel - BioPastis","og_description":"Quatre couches, g\u00e2teau \u00e9ponge au chocolat, notre v\u00e9ritable fromage \u00e0 la cr\u00e8me au dulce de leche avec des boules de riz souffl\u00e9, du chocolat noir et du dulce de leche. Base de miettes de biscuits, de flocons de chocolat et de miettes de g\u00e9noise au chocolat. En surface, des boules de chocolat avec du caramel, des morceaux de chocolat et des mini-biscuits fourr\u00e9s \u00e0 la cr\u00e8me de cacao.","og_url":"https:\/\/biopastis.com\/fr\/productos\/gateaux-americains\/gateaux-a-couches\/gateau-biscuit-au-chocolat-et-au-caramel\/","og_site_name":"BioPastis","article_modified_time":"2024-04-04T10:45:03+00:00","og_image":[{"width":1248,"height":832,"url":"https:\/\/biopastis.com\/wp-content\/uploads\/2023\/11\/Caramelo-Chocolate-Cookies-1.jpeg","type":"image\/jpeg"}],"twitter_card":"summary_large_image","twitter_misc":{"Dur\u00e9e de lecture estim\u00e9e":"1 minute"},"schema":{"@context":"https:\/\/schema.org","@graph":[{"@type":"WebPage","@id":"https:\/\/biopastis.com\/fr\/productos\/gateaux-americains\/gateaux-a-couches\/gateau-biscuit-au-chocolat-et-au-caramel\/","url":"https:\/\/biopastis.com\/fr\/productos\/gateaux-americains\/gateaux-a-couches\/gateau-biscuit-au-chocolat-et-au-caramel\/","name":"G\u00e2teau biscuit au chocolat et au caramel - BioPastis","isPartOf":{"@id":"https:\/\/biopastis.com\/fr\/#website"},"primaryImageOfPage":{"@id":"https:\/\/biopastis.com\/fr\/productos\/gateaux-americains\/gateaux-a-couches\/gateau-biscuit-au-chocolat-et-au-caramel\/#primaryimage"},"image":{"@id":"https:\/\/biopastis.com\/fr\/productos\/gateaux-americains\/gateaux-a-couches\/gateau-biscuit-au-chocolat-et-au-caramel\/#primaryimage"},"thumbnailUrl":"https:\/\/biopastis.com\/wp-content\/uploads\/2023\/11\/Caramelo-Chocolate-Cookies-1.jpeg","datePublished":"2023-11-12T09:33:18+00:00","dateModified":"2024-04-04T10:45:03+00:00","description":"Quatre couches, g\u00e2teau \u00e9ponge au chocolat, notre v\u00e9ritable fromage \u00e0 la cr\u00e8me au dulce de leche avec des boules de riz souffl\u00e9, du chocolat noir et du dulce de leche. Base de miettes de biscuits, de flocons de chocolat et de miettes de g\u00e9noise au chocolat. En surface, des boules de chocolat avec du caramel, des morceaux de chocolat et des mini-biscuits fourr\u00e9s \u00e0 la cr\u00e8me de cacao.","breadcrumb":{"@id":"https:\/\/biopastis.com\/fr\/productos\/gateaux-americains\/gateaux-a-couches\/gateau-biscuit-au-chocolat-et-au-caramel\/#breadcrumb"},"inLanguage":"fr-FR","potentialAction":[{"@type":"ReadAction","target":["https:\/\/biopastis.com\/fr\/productos\/gateaux-americains\/gateaux-a-couches\/gateau-biscuit-au-chocolat-et-au-caramel\/"]}]},{"@type":"ImageObject","inLanguage":"fr-FR","@id":"https:\/\/biopastis.com\/fr\/productos\/gateaux-americains\/gateaux-a-couches\/gateau-biscuit-au-chocolat-et-au-caramel\/#primaryimage","url":"https:\/\/biopastis.com\/wp-content\/uploads\/2023\/11\/Caramelo-Chocolate-Cookies-1.jpeg","contentUrl":"https:\/\/biopastis.com\/wp-content\/uploads\/2023\/11\/Caramelo-Chocolate-Cookies-1.jpeg","width":1248,"height":832},{"@type":"BreadcrumbList","@id":"https:\/\/biopastis.com\/fr\/productos\/gateaux-americains\/gateaux-a-couches\/gateau-biscuit-au-chocolat-et-au-caramel\/#breadcrumb","itemListElement":[{"@type":"ListItem","position":1,"name":"Portada","item":"https:\/\/biopastis.com\/fr\/"},{"@type":"ListItem","position":2,"name":"Produits","item":"https:\/\/biopastis.com\/fr\/boutique\/"},{"@type":"ListItem","position":3,"name":"G\u00e2teau biscuit au chocolat et au caramel"}]},{"@type":"WebSite","@id":"https:\/\/biopastis.com\/fr\/#website","url":"https:\/\/biopastis.com\/fr\/","name":"BioPastis","description":"La alimentaci\u00f3n natural","publisher":{"@id":"https:\/\/biopastis.com\/fr\/#organization"},"potentialAction":[{"@type":"SearchAction","target":{"@type":"EntryPoint","urlTemplate":"https:\/\/biopastis.com\/fr\/?s={search_term_string}"},"query-input":{"@type":"PropertyValueSpecification","valueRequired":true,"valueName":"search_term_string"}}],"inLanguage":"fr-FR"},{"@type":"Organization","@id":"https:\/\/biopastis.com\/fr\/#organization","name":"BioPastis","url":"https:\/\/biopastis.com\/fr\/","logo":{"@type":"ImageObject","inLanguage":"fr-FR","@id":"https:\/\/biopastis.com\/fr\/#\/schema\/logo\/image\/","url":"https:\/\/biopastis.com\/wp-content\/uploads\/2024\/01\/BIOPASTIS-NATURAL.jpg","contentUrl":"https:\/\/biopastis.com\/wp-content\/uploads\/2024\/01\/BIOPASTIS-NATURAL.jpg","width":658,"height":663,"caption":"BioPastis"},"image":{"@id":"https:\/\/biopastis.com\/fr\/#\/schema\/logo\/image\/"}}]}},"_links":{"self":[{"href":"https:\/\/biopastis.com\/fr\/wp-json\/wp\/v2\/product\/1798","targetHints":{"allow":["GET"]}}],"collection":[{"href":"https:\/\/biopastis.com\/fr\/wp-json\/wp\/v2\/product"}],"about":[{"href":"https:\/\/biopastis.com\/fr\/wp-json\/wp\/v2\/types\/product"}],"replies":[{"embeddable":true,"href":"https:\/\/biopastis.com\/fr\/wp-json\/wp\/v2\/comments?post=1798"}],"wp:featuredmedia":[{"embeddable":true,"href":"https:\/\/biopastis.com\/fr\/wp-json\/wp\/v2\/media\/5290"}],"wp:attachment":[{"href":"https:\/\/biopastis.com\/fr\/wp-json\/wp\/v2\/media?parent=1798"}],"wp:term":[{"taxonomy":"product_brand","embeddable":true,"href":"https:\/\/biopastis.com\/fr\/wp-json\/wp\/v2\/product_brand?post=1798"},{"taxonomy":"product_cat","embeddable":true,"href":"https:\/\/biopastis.com\/fr\/wp-json\/wp\/v2\/product_cat?post=1798"},{"taxonomy":"product_tag","embeddable":true,"href":"https:\/\/biopastis.com\/fr\/wp-json\/wp\/v2\/product_tag?post=1798"}],"curies":[{"name":"wp","href":"https:\/\/api.w.org\/{rel}","templated":true}]}}