{"id":4169,"date":"2024-06-19T15:21:35","date_gmt":"2024-06-19T13:21:35","guid":{"rendered":"https:\/\/biopastis.com\/nuestro-equipo\/"},"modified":"2024-12-02T15:18:07","modified_gmt":"2024-12-02T14:18:07","slug":"nuestro-equipo","status":"publish","type":"page","link":"https:\/\/biopastis.com\/fr\/nuestro-equipo\/","title":{"rendered":"Notre \u00e9quipe"},"content":{"rendered":"\n<div class=\"wp-block-columns is-layout-flex wp-container-core-columns-is-layout-28f84493 wp-block-columns-is-layout-flex\">\n<div class=\"wp-block-column is-layout-flow wp-block-column-is-layout-flow\">\n<figure class=\"wp-block-image size-large\"><img loading=\"lazy\" decoding=\"async\" width=\"1024\" height=\"683\" src=\"https:\/\/biopastis.com\/wp-content\/uploads\/2024\/06\/Carlos-Garcia-Romeral-Jefe-de-Logistica-y-aprovisionamientos-1024x683.jpg\" alt=\"\" class=\"wp-image-4119\" srcset=\"https:\/\/biopastis.com\/wp-content\/uploads\/2024\/06\/Carlos-Garcia-Romeral-Jefe-de-Logistica-y-aprovisionamientos-1024x683.jpg 1024w, https:\/\/biopastis.com\/wp-content\/uploads\/2024\/06\/Carlos-Garcia-Romeral-Jefe-de-Logistica-y-aprovisionamientos-300x200.jpg 300w, https:\/\/biopastis.com\/wp-content\/uploads\/2024\/06\/Carlos-Garcia-Romeral-Jefe-de-Logistica-y-aprovisionamientos-768x512.jpg 768w, https:\/\/biopastis.com\/wp-content\/uploads\/2024\/06\/Carlos-Garcia-Romeral-Jefe-de-Logistica-y-aprovisionamientos-1536x1024.jpg 1536w, https:\/\/biopastis.com\/wp-content\/uploads\/2024\/06\/Carlos-Garcia-Romeral-Jefe-de-Logistica-y-aprovisionamientos-2048x1365.jpg 2048w, https:\/\/biopastis.com\/wp-content\/uploads\/2024\/06\/Carlos-Garcia-Romeral-Jefe-de-Logistica-y-aprovisionamientos-600x400.jpg 600w\" sizes=\"auto, (max-width: 1024px) 100vw, 1024px\" \/><\/figure>\n<\/div>\n\n\n\n<div class=\"wp-block-column is-layout-flow wp-block-column-is-layout-flow\">\n<h4 class=\"wp-block-heading\">Carlos Garc\u00eda Romeral <\/h4>\n\n\n\n<h4 class=\"wp-block-heading\">(Chef de la logistique et des approvisionnements)<\/h4>\n\n\n\n<p>Avec plus de 20 ans d&rsquo;exp\u00e9rience chez Biopastis, Carlos est aujourd&rsquo;hui un pilier fondamental de l&rsquo;entreprise. Depuis ses d\u00e9buts, Carlos a travaill\u00e9 dur pour atteindre le poste actuel qu&rsquo;il occupe. Tout le contr\u00f4le des entrep\u00f4ts que Biopastis poss\u00e8de dans son usine passe par lui. Il est \u00e9galement responsable du parfait fonctionnement des cha\u00eenes de production et, avec Sergio, ils permettent \u00e0 Biopastis de produire quotidiennement plus de 4 000 unit\u00e9s de produits.<\/p>\n\n\n\n<p>G\u00e9rer tout cela n\u2019est rien si ce n\u2019est bas\u00e9 sur l\u2019effort et le d\u00e9vouement. Un vrai professionnel, tant \u00e0 l&rsquo;int\u00e9rieur qu&rsquo;\u00e0 l&rsquo;ext\u00e9rieur de l&rsquo;entreprise. Pour nous, un autre membre de la famille Biopastis.<\/p>\n<\/div>\n<\/div>\n\n\n\n<div style=\"height:92px\" aria-hidden=\"true\" class=\"wp-block-spacer\"><\/div>\n\n\n\n<div class=\"wp-block-columns is-layout-flex wp-container-core-columns-is-layout-28f84493 wp-block-columns-is-layout-flex\">\n<div class=\"wp-block-column is-layout-flow wp-block-column-is-layout-flow\">\n<figure class=\"wp-block-image size-large\"><img loading=\"lazy\" decoding=\"async\" width=\"905\" height=\"1024\" src=\"https:\/\/biopastis.com\/wp-content\/uploads\/2024\/03\/Jose-Sierra-Pantoja-Director-Ejecutivo-CEO-recorte-905x1024.jpg\" alt=\"\" class=\"wp-image-2438\" srcset=\"https:\/\/biopastis.com\/wp-content\/uploads\/2024\/03\/Jose-Sierra-Pantoja-Director-Ejecutivo-CEO-recorte-905x1024.jpg 905w, https:\/\/biopastis.com\/wp-content\/uploads\/2024\/03\/Jose-Sierra-Pantoja-Director-Ejecutivo-CEO-recorte-265x300.jpg 265w, https:\/\/biopastis.com\/wp-content\/uploads\/2024\/03\/Jose-Sierra-Pantoja-Director-Ejecutivo-CEO-recorte-768x869.jpg 768w, https:\/\/biopastis.com\/wp-content\/uploads\/2024\/03\/Jose-Sierra-Pantoja-Director-Ejecutivo-CEO-recorte-1358x1536.jpg 1358w, https:\/\/biopastis.com\/wp-content\/uploads\/2024\/03\/Jose-Sierra-Pantoja-Director-Ejecutivo-CEO-recorte-1811x2048.jpg 1811w, https:\/\/biopastis.com\/wp-content\/uploads\/2024\/03\/Jose-Sierra-Pantoja-Director-Ejecutivo-CEO-recorte-600x679.jpg 600w\" sizes=\"auto, (max-width: 905px) 100vw, 905px\" \/><\/figure>\n<\/div>\n\n\n\n<div class=\"wp-block-column is-layout-flow wp-block-column-is-layout-flow\">\n<h4 class=\"wp-block-heading\">Jos\u00e9 Sierra Pantoja<\/h4>\n\n\n\n<h4 class=\"wp-block-heading\">(Directeur ex\u00e9cutif &#8211; PDG)<\/h4>\n\n\n\n<p>Aragonais de naissance et La Mancha d&rsquo;adoption, Jos\u00e9 Sierra a rejoint en 2002 notre famille Biopastis.<\/p>\n\n\n\n<p>Dipl\u00f4m\u00e9 en industrie \u00e9lectronique et en programmation automate, Pepe, comme il aime se faire appeler, a r\u00e9volutionn\u00e9 la fa\u00e7on dont nous pr\u00e9parons nos g\u00e2teaux au cours de ces 22 ann\u00e9es.<\/p>\n\n\n\n<p>Le mari de Lorena Garc\u00eda, tous deux ensemble, ont innov\u00e9 et am\u00e9lior\u00e9, ann\u00e9e apr\u00e8s ann\u00e9e, toute notre cha\u00eene de production et nos concepts de p\u00e2tisserie \u00e0 la mode.<\/p>\n\n\n\n<p>Pepe, en plus de diriger tout le d\u00e9veloppement technologique de l&rsquo;entreprise, est la personne qui contr\u00f4le le service des achats et le service des ventes de Biopastis.<\/p>\n\n\n\n<p>Il est actuellement le PDG de l&rsquo;entreprise, \u00e0 laquelle il apporte jeunesse, d\u00e9termination et bon travail, afin que tous les produits qui sortent de notre entreprise soient 100% au go\u00fbt de nos clients.<\/p>\n\n\n\n<p><strong>\u00ab Notre maxime est de garantir que tout ce qui sort de notre entreprise maintient les niveaux de qualit\u00e9 que nos clients exigent de nous. Le d\u00e9veloppement est ce qui nous diff\u00e9rencie du reste des concurrents, c&rsquo;est notre fer de lance !! Alors faisons notre truc !!\u201d<\/strong><\/p>\n<\/div>\n<\/div>\n\n\n\n<div style=\"height:92px\" aria-hidden=\"true\" class=\"wp-block-spacer\"><\/div>\n\n\n\n<div class=\"wp-block-columns is-layout-flex wp-container-core-columns-is-layout-28f84493 wp-block-columns-is-layout-flex\">\n<div class=\"wp-block-column is-layout-flow wp-block-column-is-layout-flow\">\n<figure class=\"wp-block-image size-large\"><img loading=\"lazy\" decoding=\"async\" width=\"904\" height=\"1024\" src=\"https:\/\/biopastis.com\/wp-content\/uploads\/2024\/03\/Lorena-Garcia-Marquez-Directora-Dpto-IDI-y-Calidad-recorte-4-904x1024.jpg\" alt=\"\" class=\"wp-image-2459\" srcset=\"https:\/\/biopastis.com\/wp-content\/uploads\/2024\/03\/Lorena-Garcia-Marquez-Directora-Dpto-IDI-y-Calidad-recorte-4-904x1024.jpg 904w, https:\/\/biopastis.com\/wp-content\/uploads\/2024\/03\/Lorena-Garcia-Marquez-Directora-Dpto-IDI-y-Calidad-recorte-4-265x300.jpg 265w, https:\/\/biopastis.com\/wp-content\/uploads\/2024\/03\/Lorena-Garcia-Marquez-Directora-Dpto-IDI-y-Calidad-recorte-4-768x870.jpg 768w, https:\/\/biopastis.com\/wp-content\/uploads\/2024\/03\/Lorena-Garcia-Marquez-Directora-Dpto-IDI-y-Calidad-recorte-4-1356x1536.jpg 1356w, https:\/\/biopastis.com\/wp-content\/uploads\/2024\/03\/Lorena-Garcia-Marquez-Directora-Dpto-IDI-y-Calidad-recorte-4-1808x2048.jpg 1808w, https:\/\/biopastis.com\/wp-content\/uploads\/2024\/03\/Lorena-Garcia-Marquez-Directora-Dpto-IDI-y-Calidad-recorte-4-600x680.jpg 600w\" sizes=\"auto, (max-width: 904px) 100vw, 904px\" \/><\/figure>\n<\/div>\n\n\n\n<div class=\"wp-block-column is-layout-flow wp-block-column-is-layout-flow\">\n<h4 class=\"wp-block-heading\">Lorena Garc\u00eda M\u00e1rquez<\/h4>\n\n\n\n<h4 class=\"wp-block-heading\">(Directeur du D\u00e9partement R&amp;D&amp;I et Qualit\u00e9)<\/h4>\n\n\n\n<p>Sans aucun doute le pilier le plus important de notre entreprise. Lorena a appris pendant des ann\u00e9es aupr\u00e8s de Nacho et Paqui comment travailler pour b\u00e2tir une grande entreprise. Nacho l&rsquo;a initi\u00e9e au monde de la p\u00e2tisserie et c&rsquo;est M. Luis Irizar (Ma\u00eetre des Ma\u00eetres) qui lui a appris \u00e0 \u00eatre \u00e0 \u00e9galit\u00e9 avec n&rsquo;importe quel chef du monde.<\/p>\n\n\n\n<p>Lorena est travailleuse, constante, battante et souffrante, elle est capable de r\u00e9aliser plus de 80 pr\u00e9parations de g\u00e2teaux en une journ\u00e9e. Luis Irizar l&rsquo;a d\u00e9finie comme : \u00ab&nbsp;C&rsquo;est une Japonaise n\u00e9e en Espagne, organis\u00e9e, constante et \u00e0 la fois innovante et imaginative.&nbsp;\u00bb<\/p>\n\n\n\n<p>Depuis des ann\u00e9es, elle apprend les techniques et les tendances de tous les pays o\u00f9 elle voyage, toujours accompagn\u00e9e de Pepe. Ensemble, ils ont d\u00e9velopp\u00e9 le concept \u00ab Dessert For one \u00bb qu&rsquo;ils appliquent comme leur ABC quotidien.<\/p>\n\n\n\n<p>Lorena g\u00e8re actuellement tout le d\u00e9partement R&amp;D&amp;I de Biopastis, en plus de collaborer tr\u00e8s \u00e9troitement, comme il ne pouvait en \u00eatre autrement, dans les cha\u00eenes de production de nos g\u00e2teaux.<\/p>\n\n\n\n<p>Lorena Garc\u00eda <strong>\u00ab Un bon dessert est comme une symphonie, j&rsquo;aime toujours le dire. Les bons instruments, les bonnes notes\u2026 Si vous avez su composer votre \u0153uvre, le public l&rsquo;appr\u00e9ciera avec intensit\u00e9 et \u00e9motion. Mais sans que personne ne s\u2019en aper\u00e7oive, comme la musique, un bon dessert vous nourrit pendant que vous l\u2019appr\u00e9ciez.<\/strong><\/p>\n\n\n\n<div style=\"height:69px\" aria-hidden=\"true\" class=\"wp-block-spacer\"><\/div>\n<\/div>\n<\/div>\n\n\n\n<div class=\"wp-block-columns is-layout-flex wp-container-core-columns-is-layout-28f84493 wp-block-columns-is-layout-flex\">\n<div class=\"wp-block-column is-layout-flow wp-block-column-is-layout-flow\">\n<figure class=\"wp-block-image size-large\"><img loading=\"lazy\" decoding=\"async\" width=\"683\" height=\"1024\" src=\"https:\/\/biopastis.com\/wp-content\/uploads\/2024\/12\/Maria-Garcia-Marquez-Directora-del-Dpto-Administracion-y-finanzas-683x1024.jpg\" alt=\"\" class=\"wp-image-4629\" srcset=\"https:\/\/biopastis.com\/wp-content\/uploads\/2024\/12\/Maria-Garcia-Marquez-Directora-del-Dpto-Administracion-y-finanzas-683x1024.jpg 683w, https:\/\/biopastis.com\/wp-content\/uploads\/2024\/12\/Maria-Garcia-Marquez-Directora-del-Dpto-Administracion-y-finanzas-200x300.jpg 200w, https:\/\/biopastis.com\/wp-content\/uploads\/2024\/12\/Maria-Garcia-Marquez-Directora-del-Dpto-Administracion-y-finanzas-768x1152.jpg 768w, https:\/\/biopastis.com\/wp-content\/uploads\/2024\/12\/Maria-Garcia-Marquez-Directora-del-Dpto-Administracion-y-finanzas-1024x1536.jpg 1024w, https:\/\/biopastis.com\/wp-content\/uploads\/2024\/12\/Maria-Garcia-Marquez-Directora-del-Dpto-Administracion-y-finanzas-1365x2048.jpg 1365w, https:\/\/biopastis.com\/wp-content\/uploads\/2024\/12\/Maria-Garcia-Marquez-Directora-del-Dpto-Administracion-y-finanzas-600x900.jpg 600w, https:\/\/biopastis.com\/wp-content\/uploads\/2024\/12\/Maria-Garcia-Marquez-Directora-del-Dpto-Administracion-y-finanzas-scaled.jpg 1707w\" sizes=\"auto, (max-width: 683px) 100vw, 683px\" \/><\/figure>\n\n\n\n<div style=\"height:118px\" aria-hidden=\"true\" class=\"wp-block-spacer\"><\/div>\n<\/div>\n\n\n\n<div class=\"wp-block-column is-layout-flow wp-block-column-is-layout-flow\">\n<p><\/p>\n\n\n\n<p><\/p>\n\n\n\n<p><\/p>\n\n\n\n<p><\/p>\n\n\n\n<div style=\"height:263px\" aria-hidden=\"true\" class=\"wp-block-spacer\"><\/div>\n\n\n\n<h4 class=\"wp-block-heading\">Mar\u00eda Garc\u00eda M\u00e1rquez<\/h4>\n\n\n\n<h4 class=\"wp-block-heading\">(Directeur du D\u00e9partement Administration et Finances)<\/h4>\n\n\n\n<p>Vos responsabilit\u00e9s quotidiennes chez Biopastis. Il s&rsquo;agit de contr\u00f4ler et d&rsquo;ex\u00e9cuter le respect de la r\u00e9glementation comptable (plan comptable g\u00e9n\u00e9ral).<\/p>\n\n\n\n<p>Planifier, organiser et coordonner le processus de cl\u00f4ture annuelle, avec les auditeurs internes et externes.<\/p>\n\n\n\n<p>Assurer les d\u00e9clarations fiscales de l&rsquo;entreprise, dans le respect des obligations fiscales et l\u00e9gales correspondantes.<\/p>\n\n\n\n<p>Pr\u00e9parer les \u00e9tats financiers, y compris les \u00e9tats des flux de tr\u00e9sorerie.<\/p>\n\n\n\n<p>Planifier les budgets et autoriser les d\u00e9penses..<\/p>\n\n\n\n<div style=\"height:53px\" aria-hidden=\"true\" class=\"wp-block-spacer\"><\/div>\n<\/div>\n<\/div>\n\n\n\n<div class=\"wp-block-columns is-layout-flex wp-container-core-columns-is-layout-28f84493 wp-block-columns-is-layout-flex\">\n<div class=\"wp-block-column is-layout-flow wp-block-column-is-layout-flow\">\n<figure class=\"wp-block-image size-large\"><img loading=\"lazy\" decoding=\"async\" width=\"1024\" height=\"683\" src=\"https:\/\/biopastis.com\/wp-content\/uploads\/2024\/12\/Sergio-Sanchez-Pastor-Director-Dpto-Produccion-1024x683.jpg\" alt=\"\" class=\"wp-image-4638\" srcset=\"https:\/\/biopastis.com\/wp-content\/uploads\/2024\/12\/Sergio-Sanchez-Pastor-Director-Dpto-Produccion-1024x683.jpg 1024w, https:\/\/biopastis.com\/wp-content\/uploads\/2024\/12\/Sergio-Sanchez-Pastor-Director-Dpto-Produccion-300x200.jpg 300w, https:\/\/biopastis.com\/wp-content\/uploads\/2024\/12\/Sergio-Sanchez-Pastor-Director-Dpto-Produccion-768x512.jpg 768w, https:\/\/biopastis.com\/wp-content\/uploads\/2024\/12\/Sergio-Sanchez-Pastor-Director-Dpto-Produccion-1536x1024.jpg 1536w, https:\/\/biopastis.com\/wp-content\/uploads\/2024\/12\/Sergio-Sanchez-Pastor-Director-Dpto-Produccion-2048x1365.jpg 2048w, https:\/\/biopastis.com\/wp-content\/uploads\/2024\/12\/Sergio-Sanchez-Pastor-Director-Dpto-Produccion-600x400.jpg 600w\" sizes=\"auto, (max-width: 1024px) 100vw, 1024px\" \/><\/figure>\n<\/div>\n\n\n\n<div class=\"wp-block-column is-layout-flow wp-block-column-is-layout-flow\">\n<p><\/p>\n\n\n\n<p><\/p>\n\n\n\n<p><\/p>\n\n\n\n<p><\/p>\n\n\n\n<h4 class=\"wp-block-heading\">Sergio Sanchez Sanchez_ Pastor<\/h4>\n\n\n\n<h4 class=\"wp-block-heading\">(Directeur de production et d&rsquo;usine)<\/h4>\n\n\n\n<p>Vos responsabilit\u00e9s quotidiennes chez Biopastis. Pr\u00e9parer et diriger les plans de production.<\/p>\n\n\n\n<p>Assurer le bon fonctionnement de la production.<\/p>\n\n\n\n<p>Superviser le personnel, en garantissant sa capacit\u00e9 et ses performances ad\u00e9quates.<\/p>\n\n\n\n<p>Planification et organisation des processus de fabrication et garantie que tous les produits sont conformes aux normes de qualit\u00e9.<\/p>\n<\/div>\n<\/div>\n","protected":false},"excerpt":{"rendered":"<p>Carlos Garc\u00eda Romeral (Chef de la logistique et des approvisionnements) Avec plus de 20 ans d&rsquo;exp\u00e9rience chez Biopastis, Carlos est aujourd&rsquo;hui un pilier fondamental de l&rsquo;entreprise. Depuis ses d\u00e9buts, Carlos a travaill\u00e9 dur pour atteindre le poste actuel qu&rsquo;il occupe. Tout le contr\u00f4le des entrep\u00f4ts que Biopastis poss\u00e8de dans son usine passe par lui. Il [&hellip;]<\/p>\n","protected":false},"author":1,"featured_media":5349,"parent":0,"menu_order":0,"comment_status":"closed","ping_status":"closed","template":"","meta":{"footnotes":""},"class_list":["post-4169","page","type-page","status-publish","has-post-thumbnail","hentry"],"yoast_head":"<!-- This site is optimized with the Yoast SEO plugin v27.4 - https:\/\/yoast.com\/product\/yoast-seo-wordpress\/ -->\n<title>Notre \u00e9quipe - BioPastis<\/title>\n<meta name=\"robots\" content=\"index, follow, max-snippet:-1, max-image-preview:large, max-video-preview:-1\" \/>\n<link rel=\"canonical\" href=\"https:\/\/biopastis.com\/fr\/nuestro-equipo\/\" \/>\n<meta property=\"og:locale\" content=\"fr_FR\" \/>\n<meta property=\"og:type\" content=\"article\" \/>\n<meta property=\"og:title\" content=\"Notre \u00e9quipe - BioPastis\" \/>\n<meta property=\"og:description\" content=\"Carlos Garc\u00eda Romeral (Chef de la logistique et des approvisionnements) Avec plus de 20 ans d&rsquo;exp\u00e9rience chez Biopastis, Carlos est aujourd&rsquo;hui un pilier fondamental de l&rsquo;entreprise. Depuis ses d\u00e9buts, Carlos a travaill\u00e9 dur pour atteindre le poste actuel qu&rsquo;il occupe. Tout le contr\u00f4le des entrep\u00f4ts que Biopastis poss\u00e8de dans son usine passe par lui. Il [&hellip;]\" \/>\n<meta property=\"og:url\" content=\"https:\/\/biopastis.com\/fr\/nuestro-equipo\/\" \/>\n<meta property=\"og:site_name\" content=\"BioPastis\" \/>\n<meta property=\"article:modified_time\" content=\"2024-12-02T14:18:07+00:00\" \/>\n<meta property=\"og:image\" content=\"https:\/\/biopastis.com\/wp-content\/uploads\/2024\/06\/Fotos-de-la-Familia-3-scaled.jpg\" \/>\n\t<meta property=\"og:image:width\" content=\"2560\" \/>\n\t<meta property=\"og:image:height\" content=\"1706\" \/>\n\t<meta property=\"og:image:type\" content=\"image\/jpeg\" \/>\n<meta name=\"twitter:card\" content=\"summary_large_image\" \/>\n<meta name=\"twitter:label1\" content=\"Dur\u00e9e de lecture estim\u00e9e\" \/>\n\t<meta name=\"twitter:data1\" content=\"5 minutes\" \/>\n<script type=\"application\/ld+json\" class=\"yoast-schema-graph\">{\"@context\":\"https:\\\/\\\/schema.org\",\"@graph\":[{\"@type\":\"WebPage\",\"@id\":\"https:\\\/\\\/biopastis.com\\\/fr\\\/nuestro-equipo\\\/\",\"url\":\"https:\\\/\\\/biopastis.com\\\/fr\\\/nuestro-equipo\\\/\",\"name\":\"Notre \u00e9quipe - BioPastis\",\"isPartOf\":{\"@id\":\"https:\\\/\\\/biopastis.com\\\/fr\\\/#website\"},\"primaryImageOfPage\":{\"@id\":\"https:\\\/\\\/biopastis.com\\\/fr\\\/nuestro-equipo\\\/#primaryimage\"},\"image\":{\"@id\":\"https:\\\/\\\/biopastis.com\\\/fr\\\/nuestro-equipo\\\/#primaryimage\"},\"thumbnailUrl\":\"https:\\\/\\\/biopastis.com\\\/wp-content\\\/uploads\\\/2025\\\/09\\\/la-familia-biopastis-al-completo.png\",\"datePublished\":\"2024-06-19T13:21:35+00:00\",\"dateModified\":\"2024-12-02T14:18:07+00:00\",\"breadcrumb\":{\"@id\":\"https:\\\/\\\/biopastis.com\\\/fr\\\/nuestro-equipo\\\/#breadcrumb\"},\"inLanguage\":\"fr-FR\",\"potentialAction\":[{\"@type\":\"ReadAction\",\"target\":[\"https:\\\/\\\/biopastis.com\\\/fr\\\/nuestro-equipo\\\/\"]}]},{\"@type\":\"ImageObject\",\"inLanguage\":\"fr-FR\",\"@id\":\"https:\\\/\\\/biopastis.com\\\/fr\\\/nuestro-equipo\\\/#primaryimage\",\"url\":\"https:\\\/\\\/biopastis.com\\\/wp-content\\\/uploads\\\/2025\\\/09\\\/la-familia-biopastis-al-completo.png\",\"contentUrl\":\"https:\\\/\\\/biopastis.com\\\/wp-content\\\/uploads\\\/2025\\\/09\\\/la-familia-biopastis-al-completo.png\",\"width\":1248,\"height\":832},{\"@type\":\"BreadcrumbList\",\"@id\":\"https:\\\/\\\/biopastis.com\\\/fr\\\/nuestro-equipo\\\/#breadcrumb\",\"itemListElement\":[{\"@type\":\"ListItem\",\"position\":1,\"name\":\"Portada\",\"item\":\"https:\\\/\\\/biopastis.com\\\/fr\\\/\"},{\"@type\":\"ListItem\",\"position\":2,\"name\":\"Notre \u00e9quipe\"}]},{\"@type\":\"WebSite\",\"@id\":\"https:\\\/\\\/biopastis.com\\\/fr\\\/#website\",\"url\":\"https:\\\/\\\/biopastis.com\\\/fr\\\/\",\"name\":\"BioPastis\",\"description\":\"La alimentaci\u00f3n natural\",\"publisher\":{\"@id\":\"https:\\\/\\\/biopastis.com\\\/fr\\\/#organization\"},\"potentialAction\":[{\"@type\":\"SearchAction\",\"target\":{\"@type\":\"EntryPoint\",\"urlTemplate\":\"https:\\\/\\\/biopastis.com\\\/fr\\\/?s={search_term_string}\"},\"query-input\":{\"@type\":\"PropertyValueSpecification\",\"valueRequired\":true,\"valueName\":\"search_term_string\"}}],\"inLanguage\":\"fr-FR\"},{\"@type\":\"Organization\",\"@id\":\"https:\\\/\\\/biopastis.com\\\/fr\\\/#organization\",\"name\":\"BioPastis\",\"url\":\"https:\\\/\\\/biopastis.com\\\/fr\\\/\",\"logo\":{\"@type\":\"ImageObject\",\"inLanguage\":\"fr-FR\",\"@id\":\"https:\\\/\\\/biopastis.com\\\/fr\\\/#\\\/schema\\\/logo\\\/image\\\/\",\"url\":\"https:\\\/\\\/biopastis.com\\\/wp-content\\\/uploads\\\/2024\\\/01\\\/BIOPASTIS-NATURAL.jpg\",\"contentUrl\":\"https:\\\/\\\/biopastis.com\\\/wp-content\\\/uploads\\\/2024\\\/01\\\/BIOPASTIS-NATURAL.jpg\",\"width\":658,\"height\":663,\"caption\":\"BioPastis\"},\"image\":{\"@id\":\"https:\\\/\\\/biopastis.com\\\/fr\\\/#\\\/schema\\\/logo\\\/image\\\/\"}}]}<\/script>\n<!-- \/ Yoast SEO plugin. -->","yoast_head_json":{"title":"Notre \u00e9quipe - BioPastis","robots":{"index":"index","follow":"follow","max-snippet":"max-snippet:-1","max-image-preview":"max-image-preview:large","max-video-preview":"max-video-preview:-1"},"canonical":"https:\/\/biopastis.com\/fr\/nuestro-equipo\/","og_locale":"fr_FR","og_type":"article","og_title":"Notre \u00e9quipe - BioPastis","og_description":"Carlos Garc\u00eda Romeral (Chef de la logistique et des approvisionnements) Avec plus de 20 ans d&rsquo;exp\u00e9rience chez Biopastis, Carlos est aujourd&rsquo;hui un pilier fondamental de l&rsquo;entreprise. Depuis ses d\u00e9buts, Carlos a travaill\u00e9 dur pour atteindre le poste actuel qu&rsquo;il occupe. Tout le contr\u00f4le des entrep\u00f4ts que Biopastis poss\u00e8de dans son usine passe par lui. Il [&hellip;]","og_url":"https:\/\/biopastis.com\/fr\/nuestro-equipo\/","og_site_name":"BioPastis","article_modified_time":"2024-12-02T14:18:07+00:00","og_image":[{"width":2560,"height":1706,"url":"https:\/\/biopastis.com\/wp-content\/uploads\/2024\/06\/Fotos-de-la-Familia-3-scaled.jpg","type":"image\/jpeg"}],"twitter_card":"summary_large_image","twitter_misc":{"Dur\u00e9e de lecture estim\u00e9e":"5 minutes"},"schema":{"@context":"https:\/\/schema.org","@graph":[{"@type":"WebPage","@id":"https:\/\/biopastis.com\/fr\/nuestro-equipo\/","url":"https:\/\/biopastis.com\/fr\/nuestro-equipo\/","name":"Notre \u00e9quipe - BioPastis","isPartOf":{"@id":"https:\/\/biopastis.com\/fr\/#website"},"primaryImageOfPage":{"@id":"https:\/\/biopastis.com\/fr\/nuestro-equipo\/#primaryimage"},"image":{"@id":"https:\/\/biopastis.com\/fr\/nuestro-equipo\/#primaryimage"},"thumbnailUrl":"https:\/\/biopastis.com\/wp-content\/uploads\/2025\/09\/la-familia-biopastis-al-completo.png","datePublished":"2024-06-19T13:21:35+00:00","dateModified":"2024-12-02T14:18:07+00:00","breadcrumb":{"@id":"https:\/\/biopastis.com\/fr\/nuestro-equipo\/#breadcrumb"},"inLanguage":"fr-FR","potentialAction":[{"@type":"ReadAction","target":["https:\/\/biopastis.com\/fr\/nuestro-equipo\/"]}]},{"@type":"ImageObject","inLanguage":"fr-FR","@id":"https:\/\/biopastis.com\/fr\/nuestro-equipo\/#primaryimage","url":"https:\/\/biopastis.com\/wp-content\/uploads\/2025\/09\/la-familia-biopastis-al-completo.png","contentUrl":"https:\/\/biopastis.com\/wp-content\/uploads\/2025\/09\/la-familia-biopastis-al-completo.png","width":1248,"height":832},{"@type":"BreadcrumbList","@id":"https:\/\/biopastis.com\/fr\/nuestro-equipo\/#breadcrumb","itemListElement":[{"@type":"ListItem","position":1,"name":"Portada","item":"https:\/\/biopastis.com\/fr\/"},{"@type":"ListItem","position":2,"name":"Notre \u00e9quipe"}]},{"@type":"WebSite","@id":"https:\/\/biopastis.com\/fr\/#website","url":"https:\/\/biopastis.com\/fr\/","name":"BioPastis","description":"La alimentaci\u00f3n natural","publisher":{"@id":"https:\/\/biopastis.com\/fr\/#organization"},"potentialAction":[{"@type":"SearchAction","target":{"@type":"EntryPoint","urlTemplate":"https:\/\/biopastis.com\/fr\/?s={search_term_string}"},"query-input":{"@type":"PropertyValueSpecification","valueRequired":true,"valueName":"search_term_string"}}],"inLanguage":"fr-FR"},{"@type":"Organization","@id":"https:\/\/biopastis.com\/fr\/#organization","name":"BioPastis","url":"https:\/\/biopastis.com\/fr\/","logo":{"@type":"ImageObject","inLanguage":"fr-FR","@id":"https:\/\/biopastis.com\/fr\/#\/schema\/logo\/image\/","url":"https:\/\/biopastis.com\/wp-content\/uploads\/2024\/01\/BIOPASTIS-NATURAL.jpg","contentUrl":"https:\/\/biopastis.com\/wp-content\/uploads\/2024\/01\/BIOPASTIS-NATURAL.jpg","width":658,"height":663,"caption":"BioPastis"},"image":{"@id":"https:\/\/biopastis.com\/fr\/#\/schema\/logo\/image\/"}}]}},"_links":{"self":[{"href":"https:\/\/biopastis.com\/fr\/wp-json\/wp\/v2\/pages\/4169","targetHints":{"allow":["GET"]}}],"collection":[{"href":"https:\/\/biopastis.com\/fr\/wp-json\/wp\/v2\/pages"}],"about":[{"href":"https:\/\/biopastis.com\/fr\/wp-json\/wp\/v2\/types\/page"}],"author":[{"embeddable":true,"href":"https:\/\/biopastis.com\/fr\/wp-json\/wp\/v2\/users\/1"}],"replies":[{"embeddable":true,"href":"https:\/\/biopastis.com\/fr\/wp-json\/wp\/v2\/comments?post=4169"}],"version-history":[{"count":16,"href":"https:\/\/biopastis.com\/fr\/wp-json\/wp\/v2\/pages\/4169\/revisions"}],"predecessor-version":[{"id":4650,"href":"https:\/\/biopastis.com\/fr\/wp-json\/wp\/v2\/pages\/4169\/revisions\/4650"}],"wp:featuredmedia":[{"embeddable":true,"href":"https:\/\/biopastis.com\/fr\/wp-json\/wp\/v2\/media\/5349"}],"wp:attachment":[{"href":"https:\/\/biopastis.com\/fr\/wp-json\/wp\/v2\/media?parent=4169"}],"curies":[{"name":"wp","href":"https:\/\/api.w.org\/{rel}","templated":true}]}}