{"id":2222,"date":"2024-01-11T11:23:29","date_gmt":"2024-01-11T10:23:29","guid":{"rendered":"https:\/\/biopastis.com\/services\/"},"modified":"2024-02-23T13:46:55","modified_gmt":"2024-02-23T12:46:55","slug":"services","status":"publish","type":"page","link":"https:\/\/biopastis.com\/fr\/services\/","title":{"rendered":"Services"},"content":{"rendered":"\n<h2 class=\"wp-block-heading\"><em>Dessert for one<\/em><\/h2>\n\n<h4 class=\"wp-block-heading\">DESSERTS SUR MESURE<\/h4>\n\n<p><\/p>\n\n<h4 class=\"wp-block-heading\">La personnalisation des produits et des services sera une tendance du march\u00e9 pendant de nombreuses ann\u00e9es.<\/h4>\n\n<p><\/p>\n\n<p>La possibilit\u00e9 d&rsquo;offrir aux consommateurs des biens qui correspondent \u00e0 leur profil d&rsquo;utilisation et de consommation est devenue un \u00e9l\u00e9ment indispensable de la strat\u00e9gie commerciale, dans tous les secteurs et pour tous les segments de la population. <strong>BioPastis<\/strong> a r\u00e9pondu \u00e0 cette situation en cr\u00e9ant un mod\u00e8le de production-r\u00e9ponse bas\u00e9 sur la demande du client. Le mod\u00e8le \u00ab\u00a0Dessert for one\u00a0\u00bb r\u00e9pond \u00e0 la demande du client avec un degr\u00e9 d&rsquo;adaptation difficilement comparable \u00e0 celui d&rsquo;autres fournisseurs de produits alimentaires, si bien que <strong>BioPastis<\/strong> peut parler d&rsquo;un v\u00e9ritable \u00ab\u00a0aliment sur mesure\u00a0\u00bb. Si le client demande une modification de la recette, une nouvelle combinaison d&rsquo;ingr\u00e9dients, un format diff\u00e9rent de la pr\u00e9sentation standard ou un design de produit sp\u00e9cifique, <strong>BioPastis<\/strong> r\u00e9pondra avec une solution personnalis\u00e9e pour chaque cas, une v\u00e9ritable adaptation au projet dont les r\u00e9sultats d\u00e9coulent de la flexibilit\u00e9 de notre structure de production.<\/p>\n\n<div style=\"height:100px\" aria-hidden=\"true\" class=\"wp-block-spacer\"><\/div>\n\n<div class=\"wp-block-columns is-layout-flex wp-container-core-columns-is-layout-28f84493 wp-block-columns-is-layout-flex\">\n<div class=\"wp-block-column is-layout-flow wp-block-column-is-layout-flow\" style=\"flex-basis:33.33%\">\n<figure class=\"wp-block-image size-large has-custom-border\"><img loading=\"lazy\" decoding=\"async\" width=\"1024\" height=\"683\" src=\"https:\/\/biopastis.com\/wp-content\/uploads\/2024\/01\/Decoracion-Final-chocolate-1024x683.jpg\" alt=\"\" class=\"wp-image-1581\" style=\"border-radius:24px\" srcset=\"https:\/\/biopastis.com\/wp-content\/uploads\/2024\/01\/Decoracion-Final-chocolate-1024x683.jpg 1024w, https:\/\/biopastis.com\/wp-content\/uploads\/2024\/01\/Decoracion-Final-chocolate-300x200.jpg 300w, https:\/\/biopastis.com\/wp-content\/uploads\/2024\/01\/Decoracion-Final-chocolate-768x512.jpg 768w, https:\/\/biopastis.com\/wp-content\/uploads\/2024\/01\/Decoracion-Final-chocolate-1536x1024.jpg 1536w, https:\/\/biopastis.com\/wp-content\/uploads\/2024\/01\/Decoracion-Final-chocolate-2048x1365.jpg 2048w, https:\/\/biopastis.com\/wp-content\/uploads\/2024\/01\/Decoracion-Final-chocolate-600x400.jpg 600w\" sizes=\"auto, (max-width: 1024px) 100vw, 1024px\" \/><\/figure>\n<\/div>\n\n\n\n<div class=\"wp-block-column is-layout-flow wp-block-column-is-layout-flow\" style=\"flex-basis:66.66%\">\n<h2 class=\"wp-block-heading\">Conseil culinaire<\/h2>\n\n\n\n<h4 class=\"wp-block-heading\">Plus de vingt-cinq ans de d\u00e9veloppement productif, d&rsquo;innovation constante et de suivi du march\u00e9 nous garantissent une expertise dans notre domaine d&rsquo;intervention.<\/h4>\n\n\n\n<p>Tout au long de cette p\u00e9riode, <strong>BioPastis<\/strong> a accumul\u00e9 une riche exp\u00e9rience, aujourd&rsquo;hui rassembl\u00e9e dans nos r\u00e9f\u00e9rentiels de documentation culinaire. Cette exp\u00e9rience, class\u00e9e selon chacune des \u00e9tapes qui donnent vie au produit alimentaire, est mise au service de nos clients gr\u00e2ce \u00e0 l&rsquo;unit\u00e9 Culinary Consulting, dont la mission est de conseiller le client avant, pendant et apr\u00e8s la mise en \u0153uvre de projets li\u00e9s \u00e0 la transformation ou \u00e0 la commercialisation des aliments.<\/p>\n<\/div>\n<\/div>\n\n<div style=\"height:100px\" aria-hidden=\"true\" class=\"wp-block-spacer\"><\/div>\n\n<div class=\"wp-block-columns is-layout-flex wp-container-core-columns-is-layout-28f84493 wp-block-columns-is-layout-flex\">\n<div class=\"wp-block-column is-layout-flow wp-block-column-is-layout-flow\" style=\"flex-basis:66.66%\">\n<h2 class=\"wp-block-heading\">\u00c9laboration des menus<\/h2>\n\n\n\n<h4 class=\"wp-block-heading\">La m\u00eame exp\u00e9rience qui nous a amen\u00e9s \u00e0 cr\u00e9er l&rsquo;unit\u00e9 de conseil nous permet d&rsquo;offrir au client un service sp\u00e9cialis\u00e9 dans la cr\u00e9ation de menus et de cartes.<\/h4>\n\n\n\n<p>Il s&rsquo;agit \u00e9videmment d&rsquo;un service de connaissance hautement personnalis\u00e9. Sur la base des conditions propos\u00e9es par le client (budget, valeur nutritionnelle, mod\u00e8le de consommation, sp\u00e9cialit\u00e9 gastronomique, mise en \u0153uvre du service, etc.), BioPastis \u00e9labore la proposition la plus valable et offre une combinaison culinaire adapt\u00e9e au projet, en \u00e9liminant les incertitudes et les risques qui caract\u00e9risent les entreprises visant \u00e0 satisfaire la demande commerciale de produits alimentaires.<\/p>\n<\/div>\n\n\n\n<div class=\"wp-block-column is-layout-flow wp-block-column-is-layout-flow\" style=\"flex-basis:33.33%\">\n<figure class=\"wp-block-image size-large is-resized has-custom-border\"><img loading=\"lazy\" decoding=\"async\" width=\"1024\" height=\"683\" src=\"https:\/\/biopastis.com\/wp-content\/uploads\/2024\/01\/Corte-Final-Tartas-circulares-1024x683.jpg\" alt=\"\" class=\"wp-image-1585\" style=\"border-radius:22px;width:474px;height:auto\" srcset=\"https:\/\/biopastis.com\/wp-content\/uploads\/2024\/01\/Corte-Final-Tartas-circulares-1024x683.jpg 1024w, https:\/\/biopastis.com\/wp-content\/uploads\/2024\/01\/Corte-Final-Tartas-circulares-300x200.jpg 300w, https:\/\/biopastis.com\/wp-content\/uploads\/2024\/01\/Corte-Final-Tartas-circulares-768x512.jpg 768w, https:\/\/biopastis.com\/wp-content\/uploads\/2024\/01\/Corte-Final-Tartas-circulares-1536x1024.jpg 1536w, https:\/\/biopastis.com\/wp-content\/uploads\/2024\/01\/Corte-Final-Tartas-circulares-2048x1365.jpg 2048w, https:\/\/biopastis.com\/wp-content\/uploads\/2024\/01\/Corte-Final-Tartas-circulares-600x400.jpg 600w\" sizes=\"auto, (max-width: 1024px) 100vw, 1024px\" \/><\/figure>\n<\/div>\n<\/div>\n\n<div style=\"height:100px\" aria-hidden=\"true\" class=\"wp-block-spacer\"><\/div>\n\n<div class=\"wp-block-columns is-layout-flex wp-container-core-columns-is-layout-28f84493 wp-block-columns-is-layout-flex\">\n<div class=\"wp-block-column is-layout-flow wp-block-column-is-layout-flow\" style=\"flex-basis:33.33%\">\n<figure class=\"wp-block-image size-large is-resized has-custom-border\"><img loading=\"lazy\" decoding=\"async\" width=\"1024\" height=\"683\" src=\"https:\/\/biopastis.com\/wp-content\/uploads\/2024\/01\/Planchas-1024x683.jpg\" alt=\"\" class=\"wp-image-1589\" style=\"border-radius:24px;width:428px;height:auto\" srcset=\"https:\/\/biopastis.com\/wp-content\/uploads\/2024\/01\/Planchas-1024x683.jpg 1024w, https:\/\/biopastis.com\/wp-content\/uploads\/2024\/01\/Planchas-300x200.jpg 300w, https:\/\/biopastis.com\/wp-content\/uploads\/2024\/01\/Planchas-768x512.jpg 768w, https:\/\/biopastis.com\/wp-content\/uploads\/2024\/01\/Planchas-1536x1024.jpg 1536w, https:\/\/biopastis.com\/wp-content\/uploads\/2024\/01\/Planchas-2048x1365.jpg 2048w, https:\/\/biopastis.com\/wp-content\/uploads\/2024\/01\/Planchas-600x400.jpg 600w\" sizes=\"auto, (max-width: 1024px) 100vw, 1024px\" \/><\/figure>\n<\/div>\n\n\n\n<div class=\"wp-block-column is-layout-flow wp-block-column-is-layout-flow\">\n<div style=\"height:103px\" aria-hidden=\"true\" class=\"wp-block-spacer\"><\/div>\n<\/div>\n\n\n\n<div class=\"wp-block-column is-layout-flow wp-block-column-is-layout-flow\"><\/div>\n\n\n\n<div class=\"wp-block-column is-layout-flow wp-block-column-is-layout-flow\" style=\"flex-basis:66.66%\">\n<h2 class=\"wp-block-heading\">Sp\u00e9cialit\u00e9s ethniques ou nationales<\/h2>\n\n\n\n<h4 class=\"wp-block-heading\">Le caract\u00e8re global du march\u00e9, le transfert incessant d&rsquo;informations et la mobilit\u00e9 des personnes et des biens ont r\u00e9duit la taille virtuelle de la plan\u00e8te, rapprochant des cultures et des traditions inconnues jusqu&rsquo;\u00e0 r\u00e9cemment.<\/h4>\n\n\n\n<p>Dans le secteur gastronomique, la connaissance des mati\u00e8res premi\u00e8res et des combinaisons culinaires, dont certaines ne sont pas exotiques, a conduit \u00e0 la diffusion de sp\u00e9cialit\u00e9s originales provenant d&rsquo;autres zones g\u00e9ographiques, parfois fusionn\u00e9es avec des variantes locales profond\u00e9ment enracin\u00e9es. <strong>BioPastis<\/strong> propose \u00e0 ses clients la cr\u00e9ation de sp\u00e9cialit\u00e9s bas\u00e9es sur des influences culturelles et g\u00e9ographiques tr\u00e8s diverses, dans le but d&rsquo;enrichir la proposition commerciale de nos clients avec des aliments nouveaux, attrayants et suggestifs.<\/p>\n<\/div>\n<\/div>\n","protected":false},"excerpt":{"rendered":"<p>Dessert for one DESSERTS SUR MESURE La personnalisation des produits et des services sera une tendance du march\u00e9 pendant de nombreuses ann\u00e9es. La possibilit\u00e9 d&rsquo;offrir aux consommateurs des biens qui correspondent \u00e0 leur profil d&rsquo;utilisation et de consommation est devenue un \u00e9l\u00e9ment indispensable de la strat\u00e9gie commerciale, dans tous les secteurs et pour tous les [&hellip;]<\/p>\n","protected":false},"author":1,"featured_media":1580,"parent":0,"menu_order":0,"comment_status":"closed","ping_status":"closed","template":"","meta":{"footnotes":""},"class_list":["post-2222","page","type-page","status-publish","has-post-thumbnail","hentry"],"yoast_head":"<!-- This site is optimized with the Yoast SEO plugin v27.4 - https:\/\/yoast.com\/product\/yoast-seo-wordpress\/ -->\n<title>Services - BioPastis<\/title>\n<meta name=\"robots\" content=\"index, follow, max-snippet:-1, max-image-preview:large, max-video-preview:-1\" \/>\n<link rel=\"canonical\" href=\"https:\/\/biopastis.com\/fr\/services\/\" \/>\n<meta property=\"og:locale\" content=\"fr_FR\" \/>\n<meta property=\"og:type\" content=\"article\" \/>\n<meta property=\"og:title\" content=\"Services - BioPastis\" \/>\n<meta property=\"og:description\" content=\"Dessert for one DESSERTS SUR MESURE La personnalisation des produits et des services sera une tendance du march\u00e9 pendant de nombreuses ann\u00e9es. La possibilit\u00e9 d&rsquo;offrir aux consommateurs des biens qui correspondent \u00e0 leur profil d&rsquo;utilisation et de consommation est devenue un \u00e9l\u00e9ment indispensable de la strat\u00e9gie commerciale, dans tous les secteurs et pour tous les [&hellip;]\" \/>\n<meta property=\"og:url\" content=\"https:\/\/biopastis.com\/fr\/services\/\" \/>\n<meta property=\"og:site_name\" content=\"BioPastis\" \/>\n<meta property=\"article:modified_time\" content=\"2024-02-23T12:46:55+00:00\" \/>\n<meta property=\"og:image\" content=\"https:\/\/biopastis.com\/wp-content\/uploads\/2024\/01\/Relleno-Tartas-scaled.jpg\" \/>\n\t<meta property=\"og:image:width\" content=\"2560\" \/>\n\t<meta property=\"og:image:height\" content=\"1707\" \/>\n\t<meta property=\"og:image:type\" content=\"image\/jpeg\" \/>\n<meta name=\"twitter:card\" content=\"summary_large_image\" \/>\n<meta name=\"twitter:label1\" content=\"Dur\u00e9e de lecture estim\u00e9e\" \/>\n\t<meta name=\"twitter:data1\" content=\"3 minutes\" \/>\n<script type=\"application\/ld+json\" class=\"yoast-schema-graph\">{\"@context\":\"https:\\\/\\\/schema.org\",\"@graph\":[{\"@type\":\"WebPage\",\"@id\":\"https:\\\/\\\/biopastis.com\\\/fr\\\/services\\\/\",\"url\":\"https:\\\/\\\/biopastis.com\\\/fr\\\/services\\\/\",\"name\":\"Services - BioPastis\",\"isPartOf\":{\"@id\":\"https:\\\/\\\/biopastis.com\\\/fr\\\/#website\"},\"primaryImageOfPage\":{\"@id\":\"https:\\\/\\\/biopastis.com\\\/fr\\\/services\\\/#primaryimage\"},\"image\":{\"@id\":\"https:\\\/\\\/biopastis.com\\\/fr\\\/services\\\/#primaryimage\"},\"thumbnailUrl\":\"https:\\\/\\\/biopastis.com\\\/wp-content\\\/uploads\\\/2024\\\/01\\\/Relleno-Tartas-scaled.jpg\",\"datePublished\":\"2024-01-11T10:23:29+00:00\",\"dateModified\":\"2024-02-23T12:46:55+00:00\",\"breadcrumb\":{\"@id\":\"https:\\\/\\\/biopastis.com\\\/fr\\\/services\\\/#breadcrumb\"},\"inLanguage\":\"fr-FR\",\"potentialAction\":[{\"@type\":\"ReadAction\",\"target\":[\"https:\\\/\\\/biopastis.com\\\/fr\\\/services\\\/\"]}]},{\"@type\":\"ImageObject\",\"inLanguage\":\"fr-FR\",\"@id\":\"https:\\\/\\\/biopastis.com\\\/fr\\\/services\\\/#primaryimage\",\"url\":\"https:\\\/\\\/biopastis.com\\\/wp-content\\\/uploads\\\/2024\\\/01\\\/Relleno-Tartas-scaled.jpg\",\"contentUrl\":\"https:\\\/\\\/biopastis.com\\\/wp-content\\\/uploads\\\/2024\\\/01\\\/Relleno-Tartas-scaled.jpg\",\"width\":2560,\"height\":1707},{\"@type\":\"BreadcrumbList\",\"@id\":\"https:\\\/\\\/biopastis.com\\\/fr\\\/services\\\/#breadcrumb\",\"itemListElement\":[{\"@type\":\"ListItem\",\"position\":1,\"name\":\"Portada\",\"item\":\"https:\\\/\\\/biopastis.com\\\/fr\\\/\"},{\"@type\":\"ListItem\",\"position\":2,\"name\":\"Services\"}]},{\"@type\":\"WebSite\",\"@id\":\"https:\\\/\\\/biopastis.com\\\/fr\\\/#website\",\"url\":\"https:\\\/\\\/biopastis.com\\\/fr\\\/\",\"name\":\"BioPastis\",\"description\":\"La alimentaci\u00f3n natural\",\"publisher\":{\"@id\":\"https:\\\/\\\/biopastis.com\\\/fr\\\/#organization\"},\"potentialAction\":[{\"@type\":\"SearchAction\",\"target\":{\"@type\":\"EntryPoint\",\"urlTemplate\":\"https:\\\/\\\/biopastis.com\\\/fr\\\/?s={search_term_string}\"},\"query-input\":{\"@type\":\"PropertyValueSpecification\",\"valueRequired\":true,\"valueName\":\"search_term_string\"}}],\"inLanguage\":\"fr-FR\"},{\"@type\":\"Organization\",\"@id\":\"https:\\\/\\\/biopastis.com\\\/fr\\\/#organization\",\"name\":\"BioPastis\",\"url\":\"https:\\\/\\\/biopastis.com\\\/fr\\\/\",\"logo\":{\"@type\":\"ImageObject\",\"inLanguage\":\"fr-FR\",\"@id\":\"https:\\\/\\\/biopastis.com\\\/fr\\\/#\\\/schema\\\/logo\\\/image\\\/\",\"url\":\"https:\\\/\\\/biopastis.com\\\/wp-content\\\/uploads\\\/2024\\\/01\\\/BIOPASTIS-NATURAL.jpg\",\"contentUrl\":\"https:\\\/\\\/biopastis.com\\\/wp-content\\\/uploads\\\/2024\\\/01\\\/BIOPASTIS-NATURAL.jpg\",\"width\":658,\"height\":663,\"caption\":\"BioPastis\"},\"image\":{\"@id\":\"https:\\\/\\\/biopastis.com\\\/fr\\\/#\\\/schema\\\/logo\\\/image\\\/\"}}]}<\/script>\n<!-- \/ Yoast SEO plugin. -->","yoast_head_json":{"title":"Services - BioPastis","robots":{"index":"index","follow":"follow","max-snippet":"max-snippet:-1","max-image-preview":"max-image-preview:large","max-video-preview":"max-video-preview:-1"},"canonical":"https:\/\/biopastis.com\/fr\/services\/","og_locale":"fr_FR","og_type":"article","og_title":"Services - BioPastis","og_description":"Dessert for one DESSERTS SUR MESURE La personnalisation des produits et des services sera une tendance du march\u00e9 pendant de nombreuses ann\u00e9es. La possibilit\u00e9 d&rsquo;offrir aux consommateurs des biens qui correspondent \u00e0 leur profil d&rsquo;utilisation et de consommation est devenue un \u00e9l\u00e9ment indispensable de la strat\u00e9gie commerciale, dans tous les secteurs et pour tous les [&hellip;]","og_url":"https:\/\/biopastis.com\/fr\/services\/","og_site_name":"BioPastis","article_modified_time":"2024-02-23T12:46:55+00:00","og_image":[{"width":2560,"height":1707,"url":"https:\/\/biopastis.com\/wp-content\/uploads\/2024\/01\/Relleno-Tartas-scaled.jpg","type":"image\/jpeg"}],"twitter_card":"summary_large_image","twitter_misc":{"Dur\u00e9e de lecture estim\u00e9e":"3 minutes"},"schema":{"@context":"https:\/\/schema.org","@graph":[{"@type":"WebPage","@id":"https:\/\/biopastis.com\/fr\/services\/","url":"https:\/\/biopastis.com\/fr\/services\/","name":"Services - BioPastis","isPartOf":{"@id":"https:\/\/biopastis.com\/fr\/#website"},"primaryImageOfPage":{"@id":"https:\/\/biopastis.com\/fr\/services\/#primaryimage"},"image":{"@id":"https:\/\/biopastis.com\/fr\/services\/#primaryimage"},"thumbnailUrl":"https:\/\/biopastis.com\/wp-content\/uploads\/2024\/01\/Relleno-Tartas-scaled.jpg","datePublished":"2024-01-11T10:23:29+00:00","dateModified":"2024-02-23T12:46:55+00:00","breadcrumb":{"@id":"https:\/\/biopastis.com\/fr\/services\/#breadcrumb"},"inLanguage":"fr-FR","potentialAction":[{"@type":"ReadAction","target":["https:\/\/biopastis.com\/fr\/services\/"]}]},{"@type":"ImageObject","inLanguage":"fr-FR","@id":"https:\/\/biopastis.com\/fr\/services\/#primaryimage","url":"https:\/\/biopastis.com\/wp-content\/uploads\/2024\/01\/Relleno-Tartas-scaled.jpg","contentUrl":"https:\/\/biopastis.com\/wp-content\/uploads\/2024\/01\/Relleno-Tartas-scaled.jpg","width":2560,"height":1707},{"@type":"BreadcrumbList","@id":"https:\/\/biopastis.com\/fr\/services\/#breadcrumb","itemListElement":[{"@type":"ListItem","position":1,"name":"Portada","item":"https:\/\/biopastis.com\/fr\/"},{"@type":"ListItem","position":2,"name":"Services"}]},{"@type":"WebSite","@id":"https:\/\/biopastis.com\/fr\/#website","url":"https:\/\/biopastis.com\/fr\/","name":"BioPastis","description":"La alimentaci\u00f3n natural","publisher":{"@id":"https:\/\/biopastis.com\/fr\/#organization"},"potentialAction":[{"@type":"SearchAction","target":{"@type":"EntryPoint","urlTemplate":"https:\/\/biopastis.com\/fr\/?s={search_term_string}"},"query-input":{"@type":"PropertyValueSpecification","valueRequired":true,"valueName":"search_term_string"}}],"inLanguage":"fr-FR"},{"@type":"Organization","@id":"https:\/\/biopastis.com\/fr\/#organization","name":"BioPastis","url":"https:\/\/biopastis.com\/fr\/","logo":{"@type":"ImageObject","inLanguage":"fr-FR","@id":"https:\/\/biopastis.com\/fr\/#\/schema\/logo\/image\/","url":"https:\/\/biopastis.com\/wp-content\/uploads\/2024\/01\/BIOPASTIS-NATURAL.jpg","contentUrl":"https:\/\/biopastis.com\/wp-content\/uploads\/2024\/01\/BIOPASTIS-NATURAL.jpg","width":658,"height":663,"caption":"BioPastis"},"image":{"@id":"https:\/\/biopastis.com\/fr\/#\/schema\/logo\/image\/"}}]}},"_links":{"self":[{"href":"https:\/\/biopastis.com\/fr\/wp-json\/wp\/v2\/pages\/2222","targetHints":{"allow":["GET"]}}],"collection":[{"href":"https:\/\/biopastis.com\/fr\/wp-json\/wp\/v2\/pages"}],"about":[{"href":"https:\/\/biopastis.com\/fr\/wp-json\/wp\/v2\/types\/page"}],"author":[{"embeddable":true,"href":"https:\/\/biopastis.com\/fr\/wp-json\/wp\/v2\/users\/1"}],"replies":[{"embeddable":true,"href":"https:\/\/biopastis.com\/fr\/wp-json\/wp\/v2\/comments?post=2222"}],"version-history":[{"count":1,"href":"https:\/\/biopastis.com\/fr\/wp-json\/wp\/v2\/pages\/2222\/revisions"}],"predecessor-version":[{"id":2223,"href":"https:\/\/biopastis.com\/fr\/wp-json\/wp\/v2\/pages\/2222\/revisions\/2223"}],"wp:featuredmedia":[{"embeddable":true,"href":"https:\/\/biopastis.com\/fr\/wp-json\/wp\/v2\/media\/1580"}],"wp:attachment":[{"href":"https:\/\/biopastis.com\/fr\/wp-json\/wp\/v2\/media?parent=2222"}],"curies":[{"name":"wp","href":"https:\/\/api.w.org\/{rel}","templated":true}]}}