{"id":2220,"date":"2023-11-22T15:43:09","date_gmt":"2023-11-22T14:43:09","guid":{"rendered":"https:\/\/biopastis.com\/politique-de-confidentialite\/"},"modified":"2024-03-12T14:36:25","modified_gmt":"2024-03-12T13:36:25","slug":"politique-de-confidentialite","status":"publish","type":"page","link":"https:\/\/biopastis.com\/fr\/politique-de-confidentialite\/","title":{"rendered":"Politique de confidentialit\u00e9"},"content":{"rendered":"\n<p>L&rsquo;acc\u00e8s \u00e0 ce site web implique l&rsquo;acceptation expresse par l&rsquo;utilisateur des pr\u00e9sentes conditions g\u00e9n\u00e9rales et sp\u00e9cifiques d&rsquo;utilisation, qui peuvent \u00eatre modifi\u00e9es ou remplac\u00e9es par le propri\u00e9taire \u00e0 tout moment et sans pr\u00e9avis.<\/p>\n\n<h5 class=\"wp-block-heading\">1. Conditions g\u00e9n\u00e9rales d&rsquo;utilisation<\/h5>\n\n<p>Les conditions g\u00e9n\u00e9rales suivantes r\u00e9gissent l&rsquo;utilisation et l&rsquo;acc\u00e8s au site web <a href=\"https:\/\/www.biopastis.com\/\" target=\"_blank\" rel=\"noreferrer noopener\">www.biopastis.com<\/a>, dont l&rsquo;objectif est de fournir gratuitement au public des informations sur les produits de BIOPASTIS S.L., en offrant aux utilisateurs des informations et des contenus par le biais du site web.<\/p>\n\n<p><strong>BIOPASTIS S.L.<\/strong> prendra toutes les mesures en son pouvoir pour emp\u00eacher tout type de conduite contraire \u00e0 la loi espagnole et coop\u00e9rera avec les autorit\u00e9s comp\u00e9tentes pour identifier les responsables d&rsquo;actions pouvant impliquer des violations des lois ou des conditions applicables \u00e0 ce site web.<\/p>\n\n<h5 class=\"wp-block-heading\">2. Conditions particuli\u00e8res pour l&rsquo;attribution de certains services.<\/h5>\n\n<p>L&rsquo;information sur les produits de <strong>BIOPASTIS S.L.<\/strong> fournie sur ce site web est de nature approximative et orientative et ne repr\u00e9sente pas une offre contraignante pour <strong>BIOPASTIS S.L.<\/strong><\/p>\n\n<p><strong>BIOPASTIS S.L.<\/strong> n&rsquo;est en aucun cas responsable de l&rsquo;efficacit\u00e9 ou de l&rsquo;exactitude des informations susmentionn\u00e9es, et est exempt\u00e9e de toute responsabilit\u00e9 contractuelle ou extracontractuelle envers l&rsquo;utilisateur qui en fait usage.<\/p>\n\n<h5 class=\"wp-block-heading\">3. Propri\u00e9t\u00e9 intellectuelle et industrielle.<\/h5>\n\n<p>Les contenus, la documentation, les images, les graphiques, les marques, les logos et le design qui composent ce site Web sont la propri\u00e9t\u00e9 de <strong>BIOPASTIS S.L.<\/strong> et sont d\u00fbment prot\u00e9g\u00e9s conform\u00e9ment \u00e0 la r\u00e9glementation espagnole et internationale en mati\u00e8re de propri\u00e9t\u00e9 intellectuelle et industrielle.<\/p>\n\n<p>Sauf autorisation \u00e9crite expresse pr\u00e9alable, toute transmission, transfert, vente, location ou communication publique de ce site web ou de son contenu est interdite.<\/p>\n\n<p>Les personnes ou les entreprises qui envoient tout type d&rsquo;information ou de contenu \u00e0 <strong>BIOPASTIS S.L.<\/strong> s&rsquo;engagent \u00e0 ce qu&rsquo;il soit v\u00e9ridique et qu&rsquo;il ne viole ni n&rsquo;enfreigne les droits de tiers, ni ne contrevienne \u00e0 la loi ou \u00e0 l&rsquo;ordre public.<\/p>\n\n<p>Si vous pensez qu&rsquo;un contenu et\/ou une information de ce site web viole un droit l\u00e9gitime ou la l\u00e9gislation en vigueur, n&rsquo;h\u00e9sitez pas \u00e0 nous contacter.<\/p>\n\n<p><strong>BIOPASTIS S.L.<\/strong> se r\u00e9serve le droit de modifier le contenu et les informations disponibles sur ce site \u00e0 tout moment et sans pr\u00e9avis.<\/p>\n\n<p>Le site <a href=\"https:\/\/www.biopastis.com\/\" target=\"_blank\" rel=\"noreferrer noopener\">www.biopastis.com<\/a> est la propri\u00e9t\u00e9 de <strong>BIOPASTIS S.L.<\/strong><\/p>\n\n<p>Conform\u00e9ment \u00e0 l&rsquo;article 10 de la loi 34\/2002 sur les services de la soci\u00e9t\u00e9 de l&rsquo;information, les donn\u00e9es permettant d&rsquo;identifier le propri\u00e9taire du site web sont les suivantes:<\/p>\n\n<p>Donn\u00e9es: <strong>BIOPASTIS S.L.<\/strong>&#13;\nAdresse: Pol. Industrial Alto el Losar, Parcela 4 de Quintanar de la Orden (Tol\u00e8de)&#13;\nCIF: B45316742&#13;\nRegistre du commerce de Tol\u00e8de. VOLUME1045. FEUILLET 124. PAGE 4779.<\/p>\n\n<h5 class=\"wp-block-heading\">4. Informations sur la protection des donn\u00e9es<\/h5>\n\n<figure class=\"wp-block-table\"><table><tbody><tr><td><strong>RESPONSABLE<\/strong><\/td><td><strong>\u00a0BIOPASTIS S.L.<\/strong>&#13;\nCIF: B45316742&#13;\nAdresse postale: Pol. Industrial Alto el Losar, Parcela 4.&#13;\nQuintanar de la Orden (TOL\u00c8DE).&#13;\nT\u00e9l\u00e9phone: 925 180 903&#13;\nCourriel <a href=\"mailto:biopastis@biopastis.com\">biopastis@biopastis.com<\/a><\/td><\/tr><tr><td rowspan=\"2\"><strong>OBJECTIF<\/strong><\/td><td>BIOPASTIS S.L. traite les informations qui lui sont fournies par les parties int\u00e9ress\u00e9es aux fins de la fabrication.<\/td><\/tr><tr><td>Les donn\u00e9es personnelles fournies sont conserv\u00e9es aussi longtemps que la relation commerciale est maintenue et que leur suppression n&rsquo;est pas demand\u00e9e par la personne concern\u00e9e.<\/td><\/tr><tr><td><strong>L\u00c9GITIMATION<\/strong><\/td><td>La base juridique du traitement de vos donn\u00e9es est l&rsquo;ex\u00e9cution du contrat de vente de nos produits. L&rsquo;offre prospective de services est bas\u00e9e sur le consentement qui vous est demand\u00e9, sans que le retrait de ce consentement ne soit en aucune mani\u00e8re une condition de l&rsquo;ex\u00e9cution du contrat.<\/td><\/tr><tr><td><strong>TARGET<\/strong><\/td><td>Les donn\u00e9es seront communiqu\u00e9es aux responsables du traitement \u00e0 des fins administratives, fiscales et comptables. Les donn\u00e9es ne seront pas divulgu\u00e9es \u00e0 des tiers et ne seront pas utilis\u00e9es \u00e0 d&rsquo;autres fins que celles indiqu\u00e9es.<\/td><\/tr><tr><td rowspan=\"4\"><strong>DROITS<\/strong><\/td><td>Toute personne a le droit d&rsquo;obtenir la confirmation que <strong>BIOPASTIS S.L.<\/strong> traite ou non des donn\u00e9es personnelles la concernant.<\/td><\/tr><tr><td>Les personnes int\u00e9ress\u00e9es ont le droit d&rsquo;acc\u00e9der \u00e0 leurs donn\u00e9es personnelles, ainsi que de demander la rectification des donn\u00e9es inexactes ou, le cas \u00e9ch\u00e9ant, de demander leur suppression lorsque, entre autres raisons, les donn\u00e9es ne sont plus n\u00e9cessaires aux fins pour lesquelles elles ont \u00e9t\u00e9 collect\u00e9es.<\/td><\/tr><tr><td>Dans certaines circonstances, les personnes concern\u00e9es peuvent nous demander de limiter le traitement de leurs donn\u00e9es, auquel cas nous ne conserverons les donn\u00e9es que dans le but d&rsquo;exercer ou de d\u00e9fendre des r\u00e9clamations.<\/td><\/tr><tr><td>Dans certaines circonstances et pour des raisons li\u00e9es \u00e0 leur situation particuli\u00e8re, les int\u00e9ress\u00e9s peuvent s&rsquo;opposer au traitement de leurs donn\u00e9es. <strong>BIOPASTIS S.L.<\/strong> cessera de traiter les donn\u00e9es, sauf pour des raisons l\u00e9gitimes imp\u00e9rieuses, ou pour l&rsquo;exercice ou la d\u00e9fense d&rsquo;\u00e9ventuelles r\u00e9clamations.<\/td><\/tr><\/tbody><\/table><\/figure>\n\n<h5 class=\"wp-block-heading\">5. La responsabilit\u00e9<\/h5>\n\n<p><strong>BIOPASTIS S.L.<\/strong> d\u00e9cline toute responsabilit\u00e9 en cas de dommages caus\u00e9s aux syst\u00e8mes informatiques des utilisateurs sans qu&rsquo;il y ait faute de sa part, ainsi qu&rsquo;en cas de dommages caus\u00e9s par l&rsquo;existence de virus informatiques sur Internet.<\/p>\n\n<p><strong>BIOPASTIS S.L.<\/strong> n&rsquo;est pas responsable des dommages qui pourraient \u00eatre caus\u00e9s par le manque de disponibilit\u00e9 et\/ou de continuit\u00e9 de ce site Web et des services qui y sont offerts.<\/p>\n\n<p>L&rsquo;utilisateur est responsable et tenu d&rsquo;indemniser <strong>BIOPASTIS S.L.<\/strong> pour tout dommage ou pr\u00e9judice pouvant d\u00e9couler de l&rsquo;utilisation et\/ou de la consultation de ce site Web, en violation des conditions g\u00e9n\u00e9rales ou de la r\u00e9glementation en vigueur.<\/p>\n","protected":false},"excerpt":{"rendered":"<p>L&rsquo;acc\u00e8s \u00e0 ce site web implique l&rsquo;acceptation expresse par l&rsquo;utilisateur des pr\u00e9sentes conditions g\u00e9n\u00e9rales et sp\u00e9cifiques d&rsquo;utilisation, qui peuvent \u00eatre modifi\u00e9es ou remplac\u00e9es par le propri\u00e9taire \u00e0 tout moment et sans pr\u00e9avis. 1. Conditions g\u00e9n\u00e9rales d&rsquo;utilisation Les conditions g\u00e9n\u00e9rales suivantes r\u00e9gissent l&rsquo;utilisation et l&rsquo;acc\u00e8s au site web www.biopastis.com, dont l&rsquo;objectif est de fournir gratuitement au [&hellip;]<\/p>\n","protected":false},"author":1,"featured_media":0,"parent":0,"menu_order":0,"comment_status":"closed","ping_status":"closed","template":"","meta":{"footnotes":""},"class_list":["post-2220","page","type-page","status-publish","hentry"],"yoast_head":"<!-- This site is optimized with the Yoast SEO plugin v27.3 - https:\/\/yoast.com\/product\/yoast-seo-wordpress\/ -->\n<title>Politique de confidentialit\u00e9 - BioPastis<\/title>\n<meta name=\"robots\" content=\"index, follow, max-snippet:-1, max-image-preview:large, max-video-preview:-1\" \/>\n<link rel=\"canonical\" href=\"https:\/\/biopastis.com\/fr\/politique-de-confidentialite\/\" \/>\n<meta property=\"og:locale\" content=\"fr_FR\" \/>\n<meta property=\"og:type\" content=\"article\" \/>\n<meta property=\"og:title\" content=\"Politique de confidentialit\u00e9 - BioPastis\" \/>\n<meta property=\"og:description\" content=\"L&rsquo;acc\u00e8s \u00e0 ce site web implique l&rsquo;acceptation expresse par l&rsquo;utilisateur des pr\u00e9sentes conditions g\u00e9n\u00e9rales et sp\u00e9cifiques d&rsquo;utilisation, qui peuvent \u00eatre modifi\u00e9es ou remplac\u00e9es par le propri\u00e9taire \u00e0 tout moment et sans pr\u00e9avis. 1. Conditions g\u00e9n\u00e9rales d&rsquo;utilisation Les conditions g\u00e9n\u00e9rales suivantes r\u00e9gissent l&rsquo;utilisation et l&rsquo;acc\u00e8s au site web www.biopastis.com, dont l&rsquo;objectif est de fournir gratuitement au [&hellip;]\" \/>\n<meta property=\"og:url\" content=\"https:\/\/biopastis.com\/fr\/politique-de-confidentialite\/\" \/>\n<meta property=\"og:site_name\" content=\"BioPastis\" \/>\n<meta property=\"article:modified_time\" content=\"2024-03-12T13:36:25+00:00\" \/>\n<meta name=\"twitter:card\" content=\"summary_large_image\" \/>\n<meta name=\"twitter:label1\" content=\"Dur\u00e9e de lecture estim\u00e9e\" \/>\n\t<meta name=\"twitter:data1\" content=\"5 minutes\" \/>\n<script type=\"application\/ld+json\" class=\"yoast-schema-graph\">{\"@context\":\"https:\\\/\\\/schema.org\",\"@graph\":[{\"@type\":\"WebPage\",\"@id\":\"https:\\\/\\\/biopastis.com\\\/fr\\\/politique-de-confidentialite\\\/\",\"url\":\"https:\\\/\\\/biopastis.com\\\/fr\\\/politique-de-confidentialite\\\/\",\"name\":\"Politique de confidentialit\u00e9 - BioPastis\",\"isPartOf\":{\"@id\":\"https:\\\/\\\/biopastis.com\\\/fr\\\/#website\"},\"datePublished\":\"2023-11-22T14:43:09+00:00\",\"dateModified\":\"2024-03-12T13:36:25+00:00\",\"breadcrumb\":{\"@id\":\"https:\\\/\\\/biopastis.com\\\/fr\\\/politique-de-confidentialite\\\/#breadcrumb\"},\"inLanguage\":\"fr-FR\",\"potentialAction\":[{\"@type\":\"ReadAction\",\"target\":[\"https:\\\/\\\/biopastis.com\\\/fr\\\/politique-de-confidentialite\\\/\"]}]},{\"@type\":\"BreadcrumbList\",\"@id\":\"https:\\\/\\\/biopastis.com\\\/fr\\\/politique-de-confidentialite\\\/#breadcrumb\",\"itemListElement\":[{\"@type\":\"ListItem\",\"position\":1,\"name\":\"Portada\",\"item\":\"https:\\\/\\\/biopastis.com\\\/fr\\\/\"},{\"@type\":\"ListItem\",\"position\":2,\"name\":\"Politique de confidentialit\u00e9\"}]},{\"@type\":\"WebSite\",\"@id\":\"https:\\\/\\\/biopastis.com\\\/fr\\\/#website\",\"url\":\"https:\\\/\\\/biopastis.com\\\/fr\\\/\",\"name\":\"BioPastis\",\"description\":\"La alimentaci\u00f3n natural\",\"publisher\":{\"@id\":\"https:\\\/\\\/biopastis.com\\\/fr\\\/#organization\"},\"potentialAction\":[{\"@type\":\"SearchAction\",\"target\":{\"@type\":\"EntryPoint\",\"urlTemplate\":\"https:\\\/\\\/biopastis.com\\\/fr\\\/?s={search_term_string}\"},\"query-input\":{\"@type\":\"PropertyValueSpecification\",\"valueRequired\":true,\"valueName\":\"search_term_string\"}}],\"inLanguage\":\"fr-FR\"},{\"@type\":\"Organization\",\"@id\":\"https:\\\/\\\/biopastis.com\\\/fr\\\/#organization\",\"name\":\"BioPastis\",\"url\":\"https:\\\/\\\/biopastis.com\\\/fr\\\/\",\"logo\":{\"@type\":\"ImageObject\",\"inLanguage\":\"fr-FR\",\"@id\":\"https:\\\/\\\/biopastis.com\\\/fr\\\/#\\\/schema\\\/logo\\\/image\\\/\",\"url\":\"https:\\\/\\\/biopastis.com\\\/wp-content\\\/uploads\\\/2024\\\/01\\\/BIOPASTIS-NATURAL.jpg\",\"contentUrl\":\"https:\\\/\\\/biopastis.com\\\/wp-content\\\/uploads\\\/2024\\\/01\\\/BIOPASTIS-NATURAL.jpg\",\"width\":658,\"height\":663,\"caption\":\"BioPastis\"},\"image\":{\"@id\":\"https:\\\/\\\/biopastis.com\\\/fr\\\/#\\\/schema\\\/logo\\\/image\\\/\"}}]}<\/script>\n<!-- \/ Yoast SEO plugin. -->","yoast_head_json":{"title":"Politique de confidentialit\u00e9 - BioPastis","robots":{"index":"index","follow":"follow","max-snippet":"max-snippet:-1","max-image-preview":"max-image-preview:large","max-video-preview":"max-video-preview:-1"},"canonical":"https:\/\/biopastis.com\/fr\/politique-de-confidentialite\/","og_locale":"fr_FR","og_type":"article","og_title":"Politique de confidentialit\u00e9 - BioPastis","og_description":"L&rsquo;acc\u00e8s \u00e0 ce site web implique l&rsquo;acceptation expresse par l&rsquo;utilisateur des pr\u00e9sentes conditions g\u00e9n\u00e9rales et sp\u00e9cifiques d&rsquo;utilisation, qui peuvent \u00eatre modifi\u00e9es ou remplac\u00e9es par le propri\u00e9taire \u00e0 tout moment et sans pr\u00e9avis. 1. Conditions g\u00e9n\u00e9rales d&rsquo;utilisation Les conditions g\u00e9n\u00e9rales suivantes r\u00e9gissent l&rsquo;utilisation et l&rsquo;acc\u00e8s au site web www.biopastis.com, dont l&rsquo;objectif est de fournir gratuitement au [&hellip;]","og_url":"https:\/\/biopastis.com\/fr\/politique-de-confidentialite\/","og_site_name":"BioPastis","article_modified_time":"2024-03-12T13:36:25+00:00","twitter_card":"summary_large_image","twitter_misc":{"Dur\u00e9e de lecture estim\u00e9e":"5 minutes"},"schema":{"@context":"https:\/\/schema.org","@graph":[{"@type":"WebPage","@id":"https:\/\/biopastis.com\/fr\/politique-de-confidentialite\/","url":"https:\/\/biopastis.com\/fr\/politique-de-confidentialite\/","name":"Politique de confidentialit\u00e9 - BioPastis","isPartOf":{"@id":"https:\/\/biopastis.com\/fr\/#website"},"datePublished":"2023-11-22T14:43:09+00:00","dateModified":"2024-03-12T13:36:25+00:00","breadcrumb":{"@id":"https:\/\/biopastis.com\/fr\/politique-de-confidentialite\/#breadcrumb"},"inLanguage":"fr-FR","potentialAction":[{"@type":"ReadAction","target":["https:\/\/biopastis.com\/fr\/politique-de-confidentialite\/"]}]},{"@type":"BreadcrumbList","@id":"https:\/\/biopastis.com\/fr\/politique-de-confidentialite\/#breadcrumb","itemListElement":[{"@type":"ListItem","position":1,"name":"Portada","item":"https:\/\/biopastis.com\/fr\/"},{"@type":"ListItem","position":2,"name":"Politique de confidentialit\u00e9"}]},{"@type":"WebSite","@id":"https:\/\/biopastis.com\/fr\/#website","url":"https:\/\/biopastis.com\/fr\/","name":"BioPastis","description":"La alimentaci\u00f3n natural","publisher":{"@id":"https:\/\/biopastis.com\/fr\/#organization"},"potentialAction":[{"@type":"SearchAction","target":{"@type":"EntryPoint","urlTemplate":"https:\/\/biopastis.com\/fr\/?s={search_term_string}"},"query-input":{"@type":"PropertyValueSpecification","valueRequired":true,"valueName":"search_term_string"}}],"inLanguage":"fr-FR"},{"@type":"Organization","@id":"https:\/\/biopastis.com\/fr\/#organization","name":"BioPastis","url":"https:\/\/biopastis.com\/fr\/","logo":{"@type":"ImageObject","inLanguage":"fr-FR","@id":"https:\/\/biopastis.com\/fr\/#\/schema\/logo\/image\/","url":"https:\/\/biopastis.com\/wp-content\/uploads\/2024\/01\/BIOPASTIS-NATURAL.jpg","contentUrl":"https:\/\/biopastis.com\/wp-content\/uploads\/2024\/01\/BIOPASTIS-NATURAL.jpg","width":658,"height":663,"caption":"BioPastis"},"image":{"@id":"https:\/\/biopastis.com\/fr\/#\/schema\/logo\/image\/"}}]}},"_links":{"self":[{"href":"https:\/\/biopastis.com\/fr\/wp-json\/wp\/v2\/pages\/2220","targetHints":{"allow":["GET"]}}],"collection":[{"href":"https:\/\/biopastis.com\/fr\/wp-json\/wp\/v2\/pages"}],"about":[{"href":"https:\/\/biopastis.com\/fr\/wp-json\/wp\/v2\/types\/page"}],"author":[{"embeddable":true,"href":"https:\/\/biopastis.com\/fr\/wp-json\/wp\/v2\/users\/1"}],"replies":[{"embeddable":true,"href":"https:\/\/biopastis.com\/fr\/wp-json\/wp\/v2\/comments?post=2220"}],"version-history":[{"count":3,"href":"https:\/\/biopastis.com\/fr\/wp-json\/wp\/v2\/pages\/2220\/revisions"}],"predecessor-version":[{"id":2436,"href":"https:\/\/biopastis.com\/fr\/wp-json\/wp\/v2\/pages\/2220\/revisions\/2436"}],"wp:attachment":[{"href":"https:\/\/biopastis.com\/fr\/wp-json\/wp\/v2\/media?parent=2220"}],"curies":[{"name":"wp","href":"https:\/\/api.w.org\/{rel}","templated":true}]}}