{"id":2214,"date":"2023-11-22T15:45:09","date_gmt":"2023-11-22T14:45:09","guid":{"rendered":"https:\/\/biopastis.com\/politique-en-matiere-de-cookies-2\/"},"modified":"2024-02-23T11:43:56","modified_gmt":"2024-02-23T10:43:56","slug":"politique-en-matiere-de-cookies-2","status":"publish","type":"page","link":"https:\/\/biopastis.com\/fr\/politique-en-matiere-de-cookies-2\/","title":{"rendered":"Politique en mati\u00e8re de cookies"},"content":{"rendered":"\n<p>Un <em>cookie<\/em> est un fichier qui est t\u00e9l\u00e9charg\u00e9 sur votre ordinateur ou votre terminal lorsque vous acc\u00e9dez \u00e0 notre site web et qui nous permet, entre autres, de stocker et de r\u00e9cup\u00e9rer des informations sur les habitudes de navigation d&rsquo;un utilisateur. Nous utilisons nos propres <em>cookies<\/em> et ceux de tiers pour am\u00e9liorer nos services en analysant vos habitudes de navigation. Pour en savoir plus sur notre politique en mati\u00e8re de cookies, cliquez\u00a0<a href=\"https:\/\/biopastis.com\/fr\/plus-dinformations-sur-les-cookies\/\">ici.<\/a><\/p>\n\n<h5 class=\"wp-block-heading\">Cookies utilis\u00e9s sur ce site<\/h5>\n\n<p>Conform\u00e9ment aux directives de l&rsquo;Agence espagnole de protection des donn\u00e9es, nous d\u00e9taillons l&rsquo;utilisation des <em>cookies<\/em> sur ce site Web afin de vous informer le plus pr\u00e9cis\u00e9ment possible.<\/p>\n\n<p>Ce site web utilise les <strong>cookies suivants<\/strong>:<\/p>\n\n<ul class=\"wp-block-list\">\n<li>Les cookies de session, pour s&rsquo;assurer que les utilisateurs qui \u00e9crivent des commentaires sur le blog sont des \u00eatres humains et non des applications automatis\u00e9es. Cela permet de lutter contre le <em>spam<\/em>.<\/li>\n<\/ul>\n\n<p>Ce site Web utilise les <strong>cookies de tiers<\/strong> suivants:<\/p>\n\n<ul class=\"wp-block-list\">\n<li>Google Analytics : Stocke des <em>cookies<\/em> pour \u00e9tablir des statistiques sur le trafic et le volume de visites sur ce site. En utilisant ce site, vous consentez au traitement de vos donn\u00e9es personnelles par Google. Par cons\u00e9quent, l&rsquo;exercice de tout droit \u00e0 cet \u00e9gard doit se faire en communiquant directement avec Google.<\/li>\n\n\n\n<li>R\u00e9seaux sociaux : chaque r\u00e9seau social utilise ses propres cookies pour vous permettre de cliquer sur les boutons \u00ab\u00a0<em>J&rsquo;aime<\/em>\u00a0\u00bb ou \u00ab\u00a0<em>Partager<\/em>\u00ab\u00a0.<\/li>\n<\/ul>\n\n<h5 class=\"wp-block-heading\">D\u00e9sactiver ou supprimer les cookies<\/h5>\n\n<p>Vous pouvez \u00e0 tout moment exercer votre droit de d\u00e9sactiver ou de supprimer les cookies de ce site web. Ces actions s&rsquo;effectuent diff\u00e9remment selon le navigateur que vous utilisez. <a href=\"https:\/\/www.biopastis.com\/mas-informacion-sobre-las-cookies\/#navegadores\">Voici un guide rapide pour les navigateurs les plus courants.<\/a><\/p>\n\n<h5 class=\"wp-block-heading\">Notes Compl\u00e9mentaires<\/h5>\n\n<ul class=\"wp-block-list\">\n<li>Ni le site Web de <strong>BIOPASTIS S.L.<\/strong> ni ses repr\u00e9sentants l\u00e9gaux ne sont responsables du contenu ou de l&rsquo;exactitude des politiques de confidentialit\u00e9 des tiers mentionn\u00e9s dans la pr\u00e9sente politique en mati\u00e8re de <em>cookies<\/em>.<\/li>\n\n\n\n<li>Les navigateurs web sont les outils responsables du stockage des <em>cookies<\/em> et, \u00e0 partir de l\u00e0, vous devez exercer votre droit de les supprimer ou de les d\u00e9sactiver. Ni ce site web ni ses repr\u00e9sentants l\u00e9gaux ne peuvent garantir le traitement correct ou incorrect des <em>cookies<\/em> par les navigateurs susmentionn\u00e9s.<\/li>\n\n\n\n<li>Dans certains cas, il est n\u00e9cessaire d&rsquo;installer des <em>cookies<\/em> afin que le navigateur n&rsquo;oublie pas votre d\u00e9cision de ne pas les accepter.<\/li>\n\n\n\n<li>Dans le cas des <em>cookies<\/em> Google Analytics, Google les stocke sur des serveurs situ\u00e9s aux Etats-Unis et s&rsquo;engage \u00e0 ne pas les partager avec des tiers, sauf si cela est n\u00e9cessaire au fonctionnement du syst\u00e8me ou si la loi l&rsquo;exige. Selon Google, votre adresse IP n&rsquo;est pas conserv\u00e9e. Google Inc. est une soci\u00e9t\u00e9 qui adh\u00e8re \u00e0 l&rsquo;accord Safe Harbour, qui garantit que toutes les donn\u00e9es transf\u00e9r\u00e9es seront trait\u00e9es avec un niveau de protection conforme \u00e0 la r\u00e9glementation europ\u00e9enne. Pour plus d&rsquo;informations sur l&rsquo;utilisation des <em>cookies<\/em> par Google,<a href=\"https:\/\/developers.google.com\/analytics\/devguides\/collection\/analyticsjs\/cookie-usage?hl=es&amp;csw=1\" target=\"_blank\" rel=\"noreferrer noopener\">veuillez suivre ce lien.<\/a><\/li>\n\n\n\n<li>Si vous avez des doutes ou des questions concernant cette politique en mati\u00e8re de <em>cookies<\/em>, n&rsquo;h\u00e9sitez pas \u00e0 nous contacter via la section contact.<\/li>\n<\/ul>\n","protected":false},"excerpt":{"rendered":"<p>Un cookie est un fichier qui est t\u00e9l\u00e9charg\u00e9 sur votre ordinateur ou votre terminal lorsque vous acc\u00e9dez \u00e0 notre site web et qui nous permet, entre autres, de stocker et de r\u00e9cup\u00e9rer des informations sur les habitudes de navigation d&rsquo;un utilisateur. Nous utilisons nos propres cookies et ceux de tiers pour am\u00e9liorer nos services en [&hellip;]<\/p>\n","protected":false},"author":1,"featured_media":0,"parent":0,"menu_order":0,"comment_status":"closed","ping_status":"closed","template":"","meta":{"footnotes":""},"class_list":["post-2214","page","type-page","status-publish","hentry"],"yoast_head":"<!-- This site is optimized with the Yoast SEO plugin v27.3 - https:\/\/yoast.com\/product\/yoast-seo-wordpress\/ -->\n<title>Politique en mati\u00e8re de cookies - BioPastis<\/title>\n<meta name=\"robots\" content=\"index, follow, max-snippet:-1, max-image-preview:large, max-video-preview:-1\" \/>\n<link rel=\"canonical\" href=\"https:\/\/biopastis.com\/fr\/politique-en-matiere-de-cookies-2\/\" \/>\n<meta property=\"og:locale\" content=\"fr_FR\" \/>\n<meta property=\"og:type\" content=\"article\" \/>\n<meta property=\"og:title\" content=\"Politique en mati\u00e8re de cookies - BioPastis\" \/>\n<meta property=\"og:description\" content=\"Un cookie est un fichier qui est t\u00e9l\u00e9charg\u00e9 sur votre ordinateur ou votre terminal lorsque vous acc\u00e9dez \u00e0 notre site web et qui nous permet, entre autres, de stocker et de r\u00e9cup\u00e9rer des informations sur les habitudes de navigation d&rsquo;un utilisateur. Nous utilisons nos propres cookies et ceux de tiers pour am\u00e9liorer nos services en [&hellip;]\" \/>\n<meta property=\"og:url\" content=\"https:\/\/biopastis.com\/fr\/politique-en-matiere-de-cookies-2\/\" \/>\n<meta property=\"og:site_name\" content=\"BioPastis\" \/>\n<meta property=\"article:modified_time\" content=\"2024-02-23T10:43:56+00:00\" \/>\n<meta name=\"twitter:card\" content=\"summary_large_image\" \/>\n<meta name=\"twitter:label1\" content=\"Dur\u00e9e de lecture estim\u00e9e\" \/>\n\t<meta name=\"twitter:data1\" content=\"3 minutes\" \/>\n<script type=\"application\/ld+json\" class=\"yoast-schema-graph\">{\"@context\":\"https:\\\/\\\/schema.org\",\"@graph\":[{\"@type\":\"WebPage\",\"@id\":\"https:\\\/\\\/biopastis.com\\\/fr\\\/politique-en-matiere-de-cookies-2\\\/\",\"url\":\"https:\\\/\\\/biopastis.com\\\/fr\\\/politique-en-matiere-de-cookies-2\\\/\",\"name\":\"Politique en mati\u00e8re de cookies - BioPastis\",\"isPartOf\":{\"@id\":\"https:\\\/\\\/biopastis.com\\\/fr\\\/#website\"},\"datePublished\":\"2023-11-22T14:45:09+00:00\",\"dateModified\":\"2024-02-23T10:43:56+00:00\",\"breadcrumb\":{\"@id\":\"https:\\\/\\\/biopastis.com\\\/fr\\\/politique-en-matiere-de-cookies-2\\\/#breadcrumb\"},\"inLanguage\":\"fr-FR\",\"potentialAction\":[{\"@type\":\"ReadAction\",\"target\":[\"https:\\\/\\\/biopastis.com\\\/fr\\\/politique-en-matiere-de-cookies-2\\\/\"]}]},{\"@type\":\"BreadcrumbList\",\"@id\":\"https:\\\/\\\/biopastis.com\\\/fr\\\/politique-en-matiere-de-cookies-2\\\/#breadcrumb\",\"itemListElement\":[{\"@type\":\"ListItem\",\"position\":1,\"name\":\"Portada\",\"item\":\"https:\\\/\\\/biopastis.com\\\/fr\\\/\"},{\"@type\":\"ListItem\",\"position\":2,\"name\":\"Politique en mati\u00e8re de cookies\"}]},{\"@type\":\"WebSite\",\"@id\":\"https:\\\/\\\/biopastis.com\\\/fr\\\/#website\",\"url\":\"https:\\\/\\\/biopastis.com\\\/fr\\\/\",\"name\":\"BioPastis\",\"description\":\"La alimentaci\u00f3n natural\",\"publisher\":{\"@id\":\"https:\\\/\\\/biopastis.com\\\/fr\\\/#organization\"},\"potentialAction\":[{\"@type\":\"SearchAction\",\"target\":{\"@type\":\"EntryPoint\",\"urlTemplate\":\"https:\\\/\\\/biopastis.com\\\/fr\\\/?s={search_term_string}\"},\"query-input\":{\"@type\":\"PropertyValueSpecification\",\"valueRequired\":true,\"valueName\":\"search_term_string\"}}],\"inLanguage\":\"fr-FR\"},{\"@type\":\"Organization\",\"@id\":\"https:\\\/\\\/biopastis.com\\\/fr\\\/#organization\",\"name\":\"BioPastis\",\"url\":\"https:\\\/\\\/biopastis.com\\\/fr\\\/\",\"logo\":{\"@type\":\"ImageObject\",\"inLanguage\":\"fr-FR\",\"@id\":\"https:\\\/\\\/biopastis.com\\\/fr\\\/#\\\/schema\\\/logo\\\/image\\\/\",\"url\":\"https:\\\/\\\/biopastis.com\\\/wp-content\\\/uploads\\\/2024\\\/01\\\/BIOPASTIS-NATURAL.jpg\",\"contentUrl\":\"https:\\\/\\\/biopastis.com\\\/wp-content\\\/uploads\\\/2024\\\/01\\\/BIOPASTIS-NATURAL.jpg\",\"width\":658,\"height\":663,\"caption\":\"BioPastis\"},\"image\":{\"@id\":\"https:\\\/\\\/biopastis.com\\\/fr\\\/#\\\/schema\\\/logo\\\/image\\\/\"}}]}<\/script>\n<!-- \/ Yoast SEO plugin. -->","yoast_head_json":{"title":"Politique en mati\u00e8re de cookies - BioPastis","robots":{"index":"index","follow":"follow","max-snippet":"max-snippet:-1","max-image-preview":"max-image-preview:large","max-video-preview":"max-video-preview:-1"},"canonical":"https:\/\/biopastis.com\/fr\/politique-en-matiere-de-cookies-2\/","og_locale":"fr_FR","og_type":"article","og_title":"Politique en mati\u00e8re de cookies - BioPastis","og_description":"Un cookie est un fichier qui est t\u00e9l\u00e9charg\u00e9 sur votre ordinateur ou votre terminal lorsque vous acc\u00e9dez \u00e0 notre site web et qui nous permet, entre autres, de stocker et de r\u00e9cup\u00e9rer des informations sur les habitudes de navigation d&rsquo;un utilisateur. Nous utilisons nos propres cookies et ceux de tiers pour am\u00e9liorer nos services en [&hellip;]","og_url":"https:\/\/biopastis.com\/fr\/politique-en-matiere-de-cookies-2\/","og_site_name":"BioPastis","article_modified_time":"2024-02-23T10:43:56+00:00","twitter_card":"summary_large_image","twitter_misc":{"Dur\u00e9e de lecture estim\u00e9e":"3 minutes"},"schema":{"@context":"https:\/\/schema.org","@graph":[{"@type":"WebPage","@id":"https:\/\/biopastis.com\/fr\/politique-en-matiere-de-cookies-2\/","url":"https:\/\/biopastis.com\/fr\/politique-en-matiere-de-cookies-2\/","name":"Politique en mati\u00e8re de cookies - BioPastis","isPartOf":{"@id":"https:\/\/biopastis.com\/fr\/#website"},"datePublished":"2023-11-22T14:45:09+00:00","dateModified":"2024-02-23T10:43:56+00:00","breadcrumb":{"@id":"https:\/\/biopastis.com\/fr\/politique-en-matiere-de-cookies-2\/#breadcrumb"},"inLanguage":"fr-FR","potentialAction":[{"@type":"ReadAction","target":["https:\/\/biopastis.com\/fr\/politique-en-matiere-de-cookies-2\/"]}]},{"@type":"BreadcrumbList","@id":"https:\/\/biopastis.com\/fr\/politique-en-matiere-de-cookies-2\/#breadcrumb","itemListElement":[{"@type":"ListItem","position":1,"name":"Portada","item":"https:\/\/biopastis.com\/fr\/"},{"@type":"ListItem","position":2,"name":"Politique en mati\u00e8re de cookies"}]},{"@type":"WebSite","@id":"https:\/\/biopastis.com\/fr\/#website","url":"https:\/\/biopastis.com\/fr\/","name":"BioPastis","description":"La alimentaci\u00f3n natural","publisher":{"@id":"https:\/\/biopastis.com\/fr\/#organization"},"potentialAction":[{"@type":"SearchAction","target":{"@type":"EntryPoint","urlTemplate":"https:\/\/biopastis.com\/fr\/?s={search_term_string}"},"query-input":{"@type":"PropertyValueSpecification","valueRequired":true,"valueName":"search_term_string"}}],"inLanguage":"fr-FR"},{"@type":"Organization","@id":"https:\/\/biopastis.com\/fr\/#organization","name":"BioPastis","url":"https:\/\/biopastis.com\/fr\/","logo":{"@type":"ImageObject","inLanguage":"fr-FR","@id":"https:\/\/biopastis.com\/fr\/#\/schema\/logo\/image\/","url":"https:\/\/biopastis.com\/wp-content\/uploads\/2024\/01\/BIOPASTIS-NATURAL.jpg","contentUrl":"https:\/\/biopastis.com\/wp-content\/uploads\/2024\/01\/BIOPASTIS-NATURAL.jpg","width":658,"height":663,"caption":"BioPastis"},"image":{"@id":"https:\/\/biopastis.com\/fr\/#\/schema\/logo\/image\/"}}]}},"_links":{"self":[{"href":"https:\/\/biopastis.com\/fr\/wp-json\/wp\/v2\/pages\/2214","targetHints":{"allow":["GET"]}}],"collection":[{"href":"https:\/\/biopastis.com\/fr\/wp-json\/wp\/v2\/pages"}],"about":[{"href":"https:\/\/biopastis.com\/fr\/wp-json\/wp\/v2\/types\/page"}],"author":[{"embeddable":true,"href":"https:\/\/biopastis.com\/fr\/wp-json\/wp\/v2\/users\/1"}],"replies":[{"embeddable":true,"href":"https:\/\/biopastis.com\/fr\/wp-json\/wp\/v2\/comments?post=2214"}],"version-history":[{"count":1,"href":"https:\/\/biopastis.com\/fr\/wp-json\/wp\/v2\/pages\/2214\/revisions"}],"predecessor-version":[{"id":2215,"href":"https:\/\/biopastis.com\/fr\/wp-json\/wp\/v2\/pages\/2214\/revisions\/2215"}],"wp:attachment":[{"href":"https:\/\/biopastis.com\/fr\/wp-json\/wp\/v2\/media?parent=2214"}],"curies":[{"name":"wp","href":"https:\/\/api.w.org\/{rel}","templated":true}]}}