{"id":2213,"date":"2023-11-08T17:06:55","date_gmt":"2023-11-08T16:06:55","guid":{"rendered":"https:\/\/biopastis.com\/politique-en-matiere-de-cookies\/"},"modified":"2023-11-08T17:06:55","modified_gmt":"2023-11-08T16:06:55","slug":"politique-en-matiere-de-cookies","status":"publish","type":"page","link":"https:\/\/biopastis.com\/fr\/politique-en-matiere-de-cookies\/","title":{"rendered":"Politique en mati\u00e8re de cookies"},"content":{"rendered":"<h1>Politique en mati\u00e8re de cookies<\/h1>\n<p>Un <em>cookie<\/em> est un petit fichier texte qui est stock\u00e9 dans votre navigateur lorsque vous visitez presque n&rsquo;importe quel site web. Son utilit\u00e9 est de permettre au site web de se souvenir de votre visite lorsque vous revenez naviguer sur cette page. Les <em>cookies<\/em> stockent g\u00e9n\u00e9ralement des informations de nature technique, des pr\u00e9f\u00e9rences personnelles, la personnalisation du contenu, des statistiques d&rsquo;utilisation, des liens vers des r\u00e9seaux sociaux, l&rsquo;acc\u00e8s \u00e0 des comptes d&rsquo;utilisateurs, etc. L&rsquo;objectif du <em>cookie<\/em> est d&rsquo;adapter le contenu du site web \u00e0 votre profil et \u00e0 vos besoins. Sans cookies, les services offerts par chaque page seraient consid\u00e9rablement r\u00e9duits. Si vous souhaitez obtenir plus d&rsquo;informations sur ce que sont les cookies, ce qu&rsquo;ils stockent, comment les supprimer, les d\u00e9sactiver, etc, <a href=\"https:\/\/biopastis.com\/mas-informacion-sobre-las-cookies\/\">veuillez suivre ce lien.<\/a><\/p>\n<h2>Cookies utilis\u00e9s sur ce site web<\/h2>\n<p>Conform\u00e9ment aux directives de l&rsquo;Agence espagnole de protection des donn\u00e9es, nous d\u00e9taillons l&rsquo;utilisation des <em>cookies<\/em> sur ce site web afin de vous informer le plus pr\u00e9cis\u00e9ment possible.<\/p>\n<p>Ce site utilise les <strong>cookies<\/strong> suivants:<\/p>\n<ul>\n<li>Les cookies de session, pour s&rsquo;assurer que les utilisateurs qui \u00e9crivent des commentaires sur le blog sont des \u00eatres humains et non des applications automatis\u00e9es. Cela permet de lutter contre le <em>spam<\/em>.<\/li>\n<\/ul>\n<p>Ce site web utilise <strong>les cookies de tiers<\/strong> suivants:<\/p>\n<ul>\n<li>Google Analytics : Stocke des <em>cookies<\/em> afin de compiler des statistiques sur le trafic et le volume de visites sur ce site. En utilisant ce site, vous consentez au traitement de vos donn\u00e9es personnelles par Google. Par cons\u00e9quent, l&rsquo;exercice de tout droit \u00e0 cet \u00e9gard doit se faire en communiquant directement avec Google.<\/li>\n<li>R\u00e9seaux sociaux : Chaque r\u00e9seau social utilise ses propres <em>cookies<\/em> pour vous permettre de cliquer sur des boutons tels que <em>J&rsquo;aime<\/em> ou <em>Partager<\/em>.<\/li>\n<\/ul>\n<h2>D\u00e9sactivation ou suppression des cookies<\/h2>\n<p>Vous pouvez \u00e0 tout moment exercer votre droit de d\u00e9sactiver ou de supprimer les cookies de ce site web. Ces actions s&rsquo;effectuent diff\u00e9remment selon le navigateur que vous utilisez. <a href=\"https:\/\/biopastis.com\/mas-informacion-sobre-las-cookies\/#navegadores\">Voici un guide rapide pour les navigateurs les plus courants.<\/a><\/p>\n<h2>Notes compl\u00e9mentaires<\/h2>\n<ul>\n<li>Ni ce site web ni ses repr\u00e9sentants l\u00e9gaux ne sont responsables du contenu ou de la v\u00e9racit\u00e9 des politiques de confidentialit\u00e9 des tiers mentionn\u00e9s dans cette politique en mati\u00e8re de <em>cookies<\/em>.<\/li>\n<li>Les navigateurs web sont les outils responsables du stockage des <em>cookies<\/em> et c&rsquo;est l\u00e0 que vous devez exercer votre droit de les supprimer ou de les d\u00e9sactiver. Ni ce site web ni ses repr\u00e9sentants l\u00e9gaux ne peuvent garantir le traitement correct ou incorrect des <em>cookies<\/em> par les navigateurs susmentionn\u00e9s.<\/li>\n<li>Dans certains cas, il est n\u00e9cessaire d&rsquo;installer des cookies pour que le navigateur n&rsquo;oublie pas votre d\u00e9cision de ne pas les accepter.<\/li>\n<li>Dans le cas des cookies de Google Analytics, cette soci\u00e9t\u00e9 les stocke sur des serveurs situ\u00e9s aux \u00c9tats-Unis et s&rsquo;engage \u00e0 ne pas les partager avec des tiers, sauf dans les cas o\u00f9 cela est n\u00e9cessaire au fonctionnement du syst\u00e8me ou lorsque la loi l&rsquo;exige. Selon Google, votre adresse IP n&rsquo;est pas conserv\u00e9e. Google Inc. est membre de l&rsquo;accord Safe Harbour qui garantit que toutes les donn\u00e9es transf\u00e9r\u00e9es seront trait\u00e9es avec un niveau de protection conforme \u00e0 la r\u00e9glementation europ\u00e9enne. Vous trouverez des informations d\u00e9taill\u00e9es \u00e0 ce sujet <a href=\"http:\/\/safeharbor.export.gov\/companyinfo.aspx?id=16626\" target=\"_blank\" rel=\"noopener\">sur ce lien.<\/a> Si vous souhaitez obtenir des informations sur l&rsquo;utilisation des cookies par Google, <a href=\"https:\/\/developers.google.com\/analytics\/devguides\/collection\/analyticsjs\/cookie-usage?hl=es&amp;csw=1\" target=\"_blank\" rel=\"noopener\">veuillez suivre ce lien.<\/a><\/li>\n<li>Si vous avez des doutes ou des questions concernant cette politique en mati\u00e8re de <em>cookies<\/em>, n&rsquo;h\u00e9sitez pas \u00e0 nous contacter via la section contact.<\/li>\n<\/ul>\n","protected":false},"excerpt":{"rendered":"<p>Politique en mati\u00e8re de cookies Un cookie est un petit fichier texte qui est stock\u00e9 dans votre navigateur lorsque vous visitez presque n&rsquo;importe quel site web. Son utilit\u00e9 est de permettre au site web de se souvenir de votre visite lorsque vous revenez naviguer sur cette page. Les cookies stockent g\u00e9n\u00e9ralement des informations de nature [&hellip;]<\/p>\n","protected":false},"author":2,"featured_media":0,"parent":0,"menu_order":0,"comment_status":"closed","ping_status":"closed","template":"","meta":{"footnotes":""},"class_list":["post-2213","page","type-page","status-publish","hentry"],"yoast_head":"<!-- This site is optimized with the Yoast SEO plugin v27.5 - https:\/\/yoast.com\/product\/yoast-seo-wordpress\/ -->\n<title>Politique en mati\u00e8re de cookies - BioPastis<\/title>\n<meta name=\"robots\" content=\"index, follow, max-snippet:-1, max-image-preview:large, max-video-preview:-1\" \/>\n<link rel=\"canonical\" href=\"https:\/\/biopastis.com\/fr\/politique-en-matiere-de-cookies\/\" \/>\n<meta property=\"og:locale\" content=\"fr_FR\" \/>\n<meta property=\"og:type\" content=\"article\" \/>\n<meta property=\"og:title\" content=\"Politique en mati\u00e8re de cookies - BioPastis\" \/>\n<meta property=\"og:description\" content=\"Politique en mati\u00e8re de cookies Un cookie est un petit fichier texte qui est stock\u00e9 dans votre navigateur lorsque vous visitez presque n&rsquo;importe quel site web. Son utilit\u00e9 est de permettre au site web de se souvenir de votre visite lorsque vous revenez naviguer sur cette page. Les cookies stockent g\u00e9n\u00e9ralement des informations de nature [&hellip;]\" \/>\n<meta property=\"og:url\" content=\"https:\/\/biopastis.com\/fr\/politique-en-matiere-de-cookies\/\" \/>\n<meta property=\"og:site_name\" content=\"BioPastis\" \/>\n<meta name=\"twitter:card\" content=\"summary_large_image\" \/>\n<meta name=\"twitter:label1\" content=\"Dur\u00e9e de lecture estim\u00e9e\" \/>\n\t<meta name=\"twitter:data1\" content=\"3 minutes\" \/>\n<script type=\"application\/ld+json\" class=\"yoast-schema-graph\">{\"@context\":\"https:\\\/\\\/schema.org\",\"@graph\":[{\"@type\":\"WebPage\",\"@id\":\"https:\\\/\\\/biopastis.com\\\/fr\\\/politique-en-matiere-de-cookies\\\/\",\"url\":\"https:\\\/\\\/biopastis.com\\\/fr\\\/politique-en-matiere-de-cookies\\\/\",\"name\":\"Politique en mati\u00e8re de cookies - BioPastis\",\"isPartOf\":{\"@id\":\"https:\\\/\\\/biopastis.com\\\/fr\\\/#website\"},\"datePublished\":\"2023-11-08T16:06:55+00:00\",\"breadcrumb\":{\"@id\":\"https:\\\/\\\/biopastis.com\\\/fr\\\/politique-en-matiere-de-cookies\\\/#breadcrumb\"},\"inLanguage\":\"fr-FR\",\"potentialAction\":[{\"@type\":\"ReadAction\",\"target\":[\"https:\\\/\\\/biopastis.com\\\/fr\\\/politique-en-matiere-de-cookies\\\/\"]}]},{\"@type\":\"BreadcrumbList\",\"@id\":\"https:\\\/\\\/biopastis.com\\\/fr\\\/politique-en-matiere-de-cookies\\\/#breadcrumb\",\"itemListElement\":[{\"@type\":\"ListItem\",\"position\":1,\"name\":\"Portada\",\"item\":\"https:\\\/\\\/biopastis.com\\\/fr\\\/\"},{\"@type\":\"ListItem\",\"position\":2,\"name\":\"Politique en mati\u00e8re de cookies\"}]},{\"@type\":\"WebSite\",\"@id\":\"https:\\\/\\\/biopastis.com\\\/fr\\\/#website\",\"url\":\"https:\\\/\\\/biopastis.com\\\/fr\\\/\",\"name\":\"BioPastis\",\"description\":\"La alimentaci\u00f3n natural\",\"publisher\":{\"@id\":\"https:\\\/\\\/biopastis.com\\\/fr\\\/#organization\"},\"potentialAction\":[{\"@type\":\"SearchAction\",\"target\":{\"@type\":\"EntryPoint\",\"urlTemplate\":\"https:\\\/\\\/biopastis.com\\\/fr\\\/?s={search_term_string}\"},\"query-input\":{\"@type\":\"PropertyValueSpecification\",\"valueRequired\":true,\"valueName\":\"search_term_string\"}}],\"inLanguage\":\"fr-FR\"},{\"@type\":\"Organization\",\"@id\":\"https:\\\/\\\/biopastis.com\\\/fr\\\/#organization\",\"name\":\"BioPastis\",\"url\":\"https:\\\/\\\/biopastis.com\\\/fr\\\/\",\"logo\":{\"@type\":\"ImageObject\",\"inLanguage\":\"fr-FR\",\"@id\":\"https:\\\/\\\/biopastis.com\\\/fr\\\/#\\\/schema\\\/logo\\\/image\\\/\",\"url\":\"https:\\\/\\\/biopastis.com\\\/wp-content\\\/uploads\\\/2024\\\/01\\\/BIOPASTIS-NATURAL.jpg\",\"contentUrl\":\"https:\\\/\\\/biopastis.com\\\/wp-content\\\/uploads\\\/2024\\\/01\\\/BIOPASTIS-NATURAL.jpg\",\"width\":658,\"height\":663,\"caption\":\"BioPastis\"},\"image\":{\"@id\":\"https:\\\/\\\/biopastis.com\\\/fr\\\/#\\\/schema\\\/logo\\\/image\\\/\"}}]}<\/script>\n<!-- \/ Yoast SEO plugin. -->","yoast_head_json":{"title":"Politique en mati\u00e8re de cookies - BioPastis","robots":{"index":"index","follow":"follow","max-snippet":"max-snippet:-1","max-image-preview":"max-image-preview:large","max-video-preview":"max-video-preview:-1"},"canonical":"https:\/\/biopastis.com\/fr\/politique-en-matiere-de-cookies\/","og_locale":"fr_FR","og_type":"article","og_title":"Politique en mati\u00e8re de cookies - BioPastis","og_description":"Politique en mati\u00e8re de cookies Un cookie est un petit fichier texte qui est stock\u00e9 dans votre navigateur lorsque vous visitez presque n&rsquo;importe quel site web. Son utilit\u00e9 est de permettre au site web de se souvenir de votre visite lorsque vous revenez naviguer sur cette page. Les cookies stockent g\u00e9n\u00e9ralement des informations de nature [&hellip;]","og_url":"https:\/\/biopastis.com\/fr\/politique-en-matiere-de-cookies\/","og_site_name":"BioPastis","twitter_card":"summary_large_image","twitter_misc":{"Dur\u00e9e de lecture estim\u00e9e":"3 minutes"},"schema":{"@context":"https:\/\/schema.org","@graph":[{"@type":"WebPage","@id":"https:\/\/biopastis.com\/fr\/politique-en-matiere-de-cookies\/","url":"https:\/\/biopastis.com\/fr\/politique-en-matiere-de-cookies\/","name":"Politique en mati\u00e8re de cookies - BioPastis","isPartOf":{"@id":"https:\/\/biopastis.com\/fr\/#website"},"datePublished":"2023-11-08T16:06:55+00:00","breadcrumb":{"@id":"https:\/\/biopastis.com\/fr\/politique-en-matiere-de-cookies\/#breadcrumb"},"inLanguage":"fr-FR","potentialAction":[{"@type":"ReadAction","target":["https:\/\/biopastis.com\/fr\/politique-en-matiere-de-cookies\/"]}]},{"@type":"BreadcrumbList","@id":"https:\/\/biopastis.com\/fr\/politique-en-matiere-de-cookies\/#breadcrumb","itemListElement":[{"@type":"ListItem","position":1,"name":"Portada","item":"https:\/\/biopastis.com\/fr\/"},{"@type":"ListItem","position":2,"name":"Politique en mati\u00e8re de cookies"}]},{"@type":"WebSite","@id":"https:\/\/biopastis.com\/fr\/#website","url":"https:\/\/biopastis.com\/fr\/","name":"BioPastis","description":"La alimentaci\u00f3n natural","publisher":{"@id":"https:\/\/biopastis.com\/fr\/#organization"},"potentialAction":[{"@type":"SearchAction","target":{"@type":"EntryPoint","urlTemplate":"https:\/\/biopastis.com\/fr\/?s={search_term_string}"},"query-input":{"@type":"PropertyValueSpecification","valueRequired":true,"valueName":"search_term_string"}}],"inLanguage":"fr-FR"},{"@type":"Organization","@id":"https:\/\/biopastis.com\/fr\/#organization","name":"BioPastis","url":"https:\/\/biopastis.com\/fr\/","logo":{"@type":"ImageObject","inLanguage":"fr-FR","@id":"https:\/\/biopastis.com\/fr\/#\/schema\/logo\/image\/","url":"https:\/\/biopastis.com\/wp-content\/uploads\/2024\/01\/BIOPASTIS-NATURAL.jpg","contentUrl":"https:\/\/biopastis.com\/wp-content\/uploads\/2024\/01\/BIOPASTIS-NATURAL.jpg","width":658,"height":663,"caption":"BioPastis"},"image":{"@id":"https:\/\/biopastis.com\/fr\/#\/schema\/logo\/image\/"}}]}},"_links":{"self":[{"href":"https:\/\/biopastis.com\/fr\/wp-json\/wp\/v2\/pages\/2213","targetHints":{"allow":["GET"]}}],"collection":[{"href":"https:\/\/biopastis.com\/fr\/wp-json\/wp\/v2\/pages"}],"about":[{"href":"https:\/\/biopastis.com\/fr\/wp-json\/wp\/v2\/types\/page"}],"author":[{"embeddable":true,"href":"https:\/\/biopastis.com\/fr\/wp-json\/wp\/v2\/users\/2"}],"replies":[{"embeddable":true,"href":"https:\/\/biopastis.com\/fr\/wp-json\/wp\/v2\/comments?post=2213"}],"version-history":[{"count":0,"href":"https:\/\/biopastis.com\/fr\/wp-json\/wp\/v2\/pages\/2213\/revisions"}],"wp:attachment":[{"href":"https:\/\/biopastis.com\/fr\/wp-json\/wp\/v2\/media?parent=2213"}],"curies":[{"name":"wp","href":"https:\/\/api.w.org\/{rel}","templated":true}]}}