{"id":2211,"date":"2023-11-22T09:42:18","date_gmt":"2023-11-22T08:42:18","guid":{"rendered":"https:\/\/biopastis.com\/politique-de-qualite-et-de-securite-alimentaire\/"},"modified":"2024-05-23T15:38:40","modified_gmt":"2024-05-23T13:38:40","slug":"politique-de-qualite-et-de-securite-alimentaire","status":"publish","type":"page","link":"https:\/\/biopastis.com\/fr\/politique-de-qualite-et-de-securite-alimentaire\/","title":{"rendered":"Politique de qualit\u00e9 et de s\u00e9curit\u00e9 alimentaire"},"content":{"rendered":"\n<p>La direction de BIOPASTIS S.L., consciente des obligations impos\u00e9es par l&rsquo;Assurance Qualit\u00e9 conform\u00e9ment aux principes du CODEX ALIMENTARIUS et aux exigences des normes de s\u00e9curit\u00e9 alimentaire (IFS FOOD V6.1.\/ISO 22000) d\u00e9clare, publie et porte \u00e0 la connaissance de l&rsquo;ensemble de son organisation et de tous ses Clients, sa Politique de Qualit\u00e9 et de S\u00e9curit\u00e9 Alimentaire qui consiste en ce qui suit:<\/p>\n\n\n\n<ul class=\"wp-block-list\">\n<li>La tra\u00e7abilit\u00e9 des produits garantit la s\u00e9curit\u00e9 alimentaire, un aspect crucial du processus de production de Biopastis et de notre engagement envers nos clients. Pour r\u00e9pondre \u00e0 ces exigences, le contr\u00f4le de la qualit\u00e9 est un \u00e9l\u00e9ment essentiel de notre culture et indispensable pour comprendre le fonctionnement quotidien de notre entreprise. Notre syst\u00e8me de gestion de la qualit\u00e9 est mis en \u0153uvre conform\u00e9ment \u00e0 la norme IFS avec le syst\u00e8me HACCP.<\/li>\n<\/ul>\n\n\n\n<p><\/p>\n\n\n\n<p>Nous nous engageons \u00e0 une am\u00e9lioration continue. C&rsquo;est pourquoi nous s\u00e9lectionnons avec soin nos fournisseurs, qui font l&rsquo;objet d&rsquo;une surveillance constante par le biais d&rsquo;audits programm\u00e9s, ainsi que les ingr\u00e9dients que nous utilisons gr\u00e2ce \u00e0 des contr\u00f4les sur les mati\u00e8res premi\u00e8res. Notre syst\u00e8me de gestion de la qualit\u00e9 certifi\u00e9 et notre syst\u00e8me HACCP int\u00e9gr\u00e9 garantissent que la s\u00e9curit\u00e9 des produits est totale et que nous pouvons la contr\u00f4ler \u00e0 chaque \u00e9tape de notre processus de production. Nous avons \u00e9galement mis en place un logiciel de pointe qui nous permet de retracer chaque lot de produits \u00e0 partir de chaque ingr\u00e9dient individuel jusqu&rsquo;au client qui l&rsquo;a re\u00e7u, ce qui garantit la tra\u00e7abilit\u00e9.<\/p>\n\n\n\n<p>Nos objectifs en mati\u00e8re de qualit\u00e9 et de s\u00e9curit\u00e9 alimentaire sont clairs:<\/p>\n\n\n\n<ul class=\"wp-block-list\">\n<li>Garantir un produit de haute qualit\u00e9 en cherchant constamment \u00e0 optimiser le processus au profit de nos clients.<\/li>\n\n\n\n<li>Veiller \u00e0 ce que tous nos produits et services satisfassent pleinement nos clients.<\/li>\n\n\n\n<li>Am\u00e9liorer en permanence l&rsquo;efficacit\u00e9 de nos processus.<\/li>\n\n\n\n<li>Promouvoir la formation et le d\u00e9veloppement professionnel de nos employ\u00e9s.<\/li>\n\n\n\n<li>Garantir la sant\u00e9 et la s\u00e9curit\u00e9 de nos employ\u00e9s.<\/li>\n\n\n\n<li>G\u00e9rer efficacement notre environnement naturel.<\/li>\n<\/ul>\n","protected":false},"excerpt":{"rendered":"<p>La direction de BIOPASTIS S.L., consciente des obligations impos\u00e9es par l&rsquo;Assurance Qualit\u00e9 conform\u00e9ment aux principes du CODEX ALIMENTARIUS et aux exigences des normes de s\u00e9curit\u00e9 alimentaire (IFS FOOD V6.1.\/ISO 22000) d\u00e9clare, publie et porte \u00e0 la connaissance de l&rsquo;ensemble de son organisation et de tous ses Clients, sa Politique de Qualit\u00e9 et de S\u00e9curit\u00e9 Alimentaire [&hellip;]<\/p>\n","protected":false},"author":1,"featured_media":0,"parent":0,"menu_order":0,"comment_status":"closed","ping_status":"closed","template":"","meta":{"footnotes":""},"class_list":["post-2211","page","type-page","status-publish","hentry"],"yoast_head":"<!-- This site is optimized with the Yoast SEO plugin v27.4 - https:\/\/yoast.com\/product\/yoast-seo-wordpress\/ -->\n<title>Politique de qualit\u00e9 et de s\u00e9curit\u00e9 alimentaire - BioPastis<\/title>\n<meta name=\"robots\" content=\"index, follow, max-snippet:-1, max-image-preview:large, max-video-preview:-1\" \/>\n<link rel=\"canonical\" href=\"https:\/\/biopastis.com\/fr\/politique-de-qualite-et-de-securite-alimentaire\/\" \/>\n<meta property=\"og:locale\" content=\"fr_FR\" \/>\n<meta property=\"og:type\" content=\"article\" \/>\n<meta property=\"og:title\" content=\"Politique de qualit\u00e9 et de s\u00e9curit\u00e9 alimentaire - BioPastis\" \/>\n<meta property=\"og:description\" content=\"La direction de BIOPASTIS S.L., consciente des obligations impos\u00e9es par l&rsquo;Assurance Qualit\u00e9 conform\u00e9ment aux principes du CODEX ALIMENTARIUS et aux exigences des normes de s\u00e9curit\u00e9 alimentaire (IFS FOOD V6.1.\/ISO 22000) d\u00e9clare, publie et porte \u00e0 la connaissance de l&rsquo;ensemble de son organisation et de tous ses Clients, sa Politique de Qualit\u00e9 et de S\u00e9curit\u00e9 Alimentaire [&hellip;]\" \/>\n<meta property=\"og:url\" content=\"https:\/\/biopastis.com\/fr\/politique-de-qualite-et-de-securite-alimentaire\/\" \/>\n<meta property=\"og:site_name\" content=\"BioPastis\" \/>\n<meta property=\"article:modified_time\" content=\"2024-05-23T13:38:40+00:00\" \/>\n<meta name=\"twitter:card\" content=\"summary_large_image\" \/>\n<meta name=\"twitter:label1\" content=\"Dur\u00e9e de lecture estim\u00e9e\" \/>\n\t<meta name=\"twitter:data1\" content=\"2 minutes\" \/>\n<script type=\"application\/ld+json\" class=\"yoast-schema-graph\">{\"@context\":\"https:\\\/\\\/schema.org\",\"@graph\":[{\"@type\":\"WebPage\",\"@id\":\"https:\\\/\\\/biopastis.com\\\/fr\\\/politique-de-qualite-et-de-securite-alimentaire\\\/\",\"url\":\"https:\\\/\\\/biopastis.com\\\/fr\\\/politique-de-qualite-et-de-securite-alimentaire\\\/\",\"name\":\"Politique de qualit\u00e9 et de s\u00e9curit\u00e9 alimentaire - BioPastis\",\"isPartOf\":{\"@id\":\"https:\\\/\\\/biopastis.com\\\/fr\\\/#website\"},\"datePublished\":\"2023-11-22T08:42:18+00:00\",\"dateModified\":\"2024-05-23T13:38:40+00:00\",\"breadcrumb\":{\"@id\":\"https:\\\/\\\/biopastis.com\\\/fr\\\/politique-de-qualite-et-de-securite-alimentaire\\\/#breadcrumb\"},\"inLanguage\":\"fr-FR\",\"potentialAction\":[{\"@type\":\"ReadAction\",\"target\":[\"https:\\\/\\\/biopastis.com\\\/fr\\\/politique-de-qualite-et-de-securite-alimentaire\\\/\"]}]},{\"@type\":\"BreadcrumbList\",\"@id\":\"https:\\\/\\\/biopastis.com\\\/fr\\\/politique-de-qualite-et-de-securite-alimentaire\\\/#breadcrumb\",\"itemListElement\":[{\"@type\":\"ListItem\",\"position\":1,\"name\":\"Portada\",\"item\":\"https:\\\/\\\/biopastis.com\\\/fr\\\/\"},{\"@type\":\"ListItem\",\"position\":2,\"name\":\"Politique de qualit\u00e9 et de s\u00e9curit\u00e9 alimentaire\"}]},{\"@type\":\"WebSite\",\"@id\":\"https:\\\/\\\/biopastis.com\\\/fr\\\/#website\",\"url\":\"https:\\\/\\\/biopastis.com\\\/fr\\\/\",\"name\":\"BioPastis\",\"description\":\"La alimentaci\u00f3n natural\",\"publisher\":{\"@id\":\"https:\\\/\\\/biopastis.com\\\/fr\\\/#organization\"},\"potentialAction\":[{\"@type\":\"SearchAction\",\"target\":{\"@type\":\"EntryPoint\",\"urlTemplate\":\"https:\\\/\\\/biopastis.com\\\/fr\\\/?s={search_term_string}\"},\"query-input\":{\"@type\":\"PropertyValueSpecification\",\"valueRequired\":true,\"valueName\":\"search_term_string\"}}],\"inLanguage\":\"fr-FR\"},{\"@type\":\"Organization\",\"@id\":\"https:\\\/\\\/biopastis.com\\\/fr\\\/#organization\",\"name\":\"BioPastis\",\"url\":\"https:\\\/\\\/biopastis.com\\\/fr\\\/\",\"logo\":{\"@type\":\"ImageObject\",\"inLanguage\":\"fr-FR\",\"@id\":\"https:\\\/\\\/biopastis.com\\\/fr\\\/#\\\/schema\\\/logo\\\/image\\\/\",\"url\":\"https:\\\/\\\/biopastis.com\\\/wp-content\\\/uploads\\\/2024\\\/01\\\/BIOPASTIS-NATURAL.jpg\",\"contentUrl\":\"https:\\\/\\\/biopastis.com\\\/wp-content\\\/uploads\\\/2024\\\/01\\\/BIOPASTIS-NATURAL.jpg\",\"width\":658,\"height\":663,\"caption\":\"BioPastis\"},\"image\":{\"@id\":\"https:\\\/\\\/biopastis.com\\\/fr\\\/#\\\/schema\\\/logo\\\/image\\\/\"}}]}<\/script>\n<!-- \/ Yoast SEO plugin. -->","yoast_head_json":{"title":"Politique de qualit\u00e9 et de s\u00e9curit\u00e9 alimentaire - BioPastis","robots":{"index":"index","follow":"follow","max-snippet":"max-snippet:-1","max-image-preview":"max-image-preview:large","max-video-preview":"max-video-preview:-1"},"canonical":"https:\/\/biopastis.com\/fr\/politique-de-qualite-et-de-securite-alimentaire\/","og_locale":"fr_FR","og_type":"article","og_title":"Politique de qualit\u00e9 et de s\u00e9curit\u00e9 alimentaire - BioPastis","og_description":"La direction de BIOPASTIS S.L., consciente des obligations impos\u00e9es par l&rsquo;Assurance Qualit\u00e9 conform\u00e9ment aux principes du CODEX ALIMENTARIUS et aux exigences des normes de s\u00e9curit\u00e9 alimentaire (IFS FOOD V6.1.\/ISO 22000) d\u00e9clare, publie et porte \u00e0 la connaissance de l&rsquo;ensemble de son organisation et de tous ses Clients, sa Politique de Qualit\u00e9 et de S\u00e9curit\u00e9 Alimentaire [&hellip;]","og_url":"https:\/\/biopastis.com\/fr\/politique-de-qualite-et-de-securite-alimentaire\/","og_site_name":"BioPastis","article_modified_time":"2024-05-23T13:38:40+00:00","twitter_card":"summary_large_image","twitter_misc":{"Dur\u00e9e de lecture estim\u00e9e":"2 minutes"},"schema":{"@context":"https:\/\/schema.org","@graph":[{"@type":"WebPage","@id":"https:\/\/biopastis.com\/fr\/politique-de-qualite-et-de-securite-alimentaire\/","url":"https:\/\/biopastis.com\/fr\/politique-de-qualite-et-de-securite-alimentaire\/","name":"Politique de qualit\u00e9 et de s\u00e9curit\u00e9 alimentaire - BioPastis","isPartOf":{"@id":"https:\/\/biopastis.com\/fr\/#website"},"datePublished":"2023-11-22T08:42:18+00:00","dateModified":"2024-05-23T13:38:40+00:00","breadcrumb":{"@id":"https:\/\/biopastis.com\/fr\/politique-de-qualite-et-de-securite-alimentaire\/#breadcrumb"},"inLanguage":"fr-FR","potentialAction":[{"@type":"ReadAction","target":["https:\/\/biopastis.com\/fr\/politique-de-qualite-et-de-securite-alimentaire\/"]}]},{"@type":"BreadcrumbList","@id":"https:\/\/biopastis.com\/fr\/politique-de-qualite-et-de-securite-alimentaire\/#breadcrumb","itemListElement":[{"@type":"ListItem","position":1,"name":"Portada","item":"https:\/\/biopastis.com\/fr\/"},{"@type":"ListItem","position":2,"name":"Politique de qualit\u00e9 et de s\u00e9curit\u00e9 alimentaire"}]},{"@type":"WebSite","@id":"https:\/\/biopastis.com\/fr\/#website","url":"https:\/\/biopastis.com\/fr\/","name":"BioPastis","description":"La alimentaci\u00f3n natural","publisher":{"@id":"https:\/\/biopastis.com\/fr\/#organization"},"potentialAction":[{"@type":"SearchAction","target":{"@type":"EntryPoint","urlTemplate":"https:\/\/biopastis.com\/fr\/?s={search_term_string}"},"query-input":{"@type":"PropertyValueSpecification","valueRequired":true,"valueName":"search_term_string"}}],"inLanguage":"fr-FR"},{"@type":"Organization","@id":"https:\/\/biopastis.com\/fr\/#organization","name":"BioPastis","url":"https:\/\/biopastis.com\/fr\/","logo":{"@type":"ImageObject","inLanguage":"fr-FR","@id":"https:\/\/biopastis.com\/fr\/#\/schema\/logo\/image\/","url":"https:\/\/biopastis.com\/wp-content\/uploads\/2024\/01\/BIOPASTIS-NATURAL.jpg","contentUrl":"https:\/\/biopastis.com\/wp-content\/uploads\/2024\/01\/BIOPASTIS-NATURAL.jpg","width":658,"height":663,"caption":"BioPastis"},"image":{"@id":"https:\/\/biopastis.com\/fr\/#\/schema\/logo\/image\/"}}]}},"_links":{"self":[{"href":"https:\/\/biopastis.com\/fr\/wp-json\/wp\/v2\/pages\/2211","targetHints":{"allow":["GET"]}}],"collection":[{"href":"https:\/\/biopastis.com\/fr\/wp-json\/wp\/v2\/pages"}],"about":[{"href":"https:\/\/biopastis.com\/fr\/wp-json\/wp\/v2\/types\/page"}],"author":[{"embeddable":true,"href":"https:\/\/biopastis.com\/fr\/wp-json\/wp\/v2\/users\/1"}],"replies":[{"embeddable":true,"href":"https:\/\/biopastis.com\/fr\/wp-json\/wp\/v2\/comments?post=2211"}],"version-history":[{"count":3,"href":"https:\/\/biopastis.com\/fr\/wp-json\/wp\/v2\/pages\/2211\/revisions"}],"predecessor-version":[{"id":4100,"href":"https:\/\/biopastis.com\/fr\/wp-json\/wp\/v2\/pages\/2211\/revisions\/4100"}],"wp:attachment":[{"href":"https:\/\/biopastis.com\/fr\/wp-json\/wp\/v2\/media?parent=2211"}],"curies":[{"name":"wp","href":"https:\/\/api.w.org\/{rel}","templated":true}]}}