{"id":2210,"date":"2023-11-08T17:06:55","date_gmt":"2023-11-08T16:06:55","guid":{"rendered":"https:\/\/biopastis.com\/plus-dinformations-sur-les-cookies\/"},"modified":"2024-03-14T09:51:29","modified_gmt":"2024-03-14T08:51:29","slug":"plus-dinformations-sur-les-cookies","status":"publish","type":"page","link":"https:\/\/biopastis.com\/fr\/plus-dinformations-sur-les-cookies\/","title":{"rendered":"Plus d&rsquo;informations sur les cookies"},"content":{"rendered":"<h2>Qu&rsquo;est-ce qu&rsquo;un cookie?<\/h2>\n<p>Un <em>cookie<\/em> est un fichier texte <strong>inoffensif<\/strong> qui est stock\u00e9 dans votre navigateur lorsque vous visitez presque n&rsquo;importe quel site web. Le but du <em>cookie<\/em> est de permettre au site web de se souvenir de votre visite lorsque vous revenez sur cette page. Bien que de nombreuses personnes l&rsquo;ignorent, les <em>cookies<\/em> sont utilis\u00e9s depuis 20 ans, lorsque les premiers navigateurs pour le World Wide Web sont apparus.<\/p>\n<h2>Qu&rsquo;est-ce qui n&rsquo;est PAS un cookie?<\/h2>\n<p>Il ne s&rsquo;agit pas d&rsquo;un virus, d&rsquo;un cheval de Troie, d&rsquo;un ver, d&rsquo;un spam, d&rsquo;un logiciel espion ou d&rsquo;une fen\u00eatre contextuelle.<\/p>\n<h2>Quelles informations un <em>cookie<\/em> stocke-t-il?<\/h2>\n<p>Les <em>cookies<\/em> ne stockent g\u00e9n\u00e9ralement pas d&rsquo;informations sensibles vous concernant, telles que des donn\u00e9es bancaires ou de carte de cr\u00e9dit, des photographies, votre identit\u00e9 ou des informations personnelles, etc. Les donn\u00e9es qu&rsquo;ils stockent sont de nature technique, pr\u00e9f\u00e9rences personnelles, personnalisation du contenu, etc.<\/p>\n<p>Ce n&rsquo;est pas le serveur web qui vous associe en tant que personne, mais votre navigateur web. En fait, si vous naviguez habituellement avec Internet Explorer et que vous essayez de naviguer sur le m\u00eame site web avec Firefox ou Chrome, vous verrez que le web ne se rend pas compte que vous \u00eates la m\u00eame personne parce qu&rsquo;il associe en fait le navigateur, et non la personne.<\/p>\n<h2>Quels sont les types de cookies?<\/h2>\n<ul>\n<li>Les cookies techniques : ce sont les plus basiques et ils permettent, entre autres, de savoir quand un humain ou une application automatis\u00e9e navigue, quand un utilisateur anonyme et un utilisateur enregistr\u00e9 naviguent, des t\u00e2ches de base pour le fonctionnement de tout site web dynamique.<\/li>\n<li><em>Cookies<\/em> d&rsquo;analyse : ils recueillent des informations sur le type de navigation effectu\u00e9, les rubriques les plus utilis\u00e9es, les produits consult\u00e9s, l&rsquo;heure, la langue, etc.<\/li>\n<li><em>Cookies<\/em> publicitaires : ils affichent de la publicit\u00e9 en fonction de votre navigation, de votre pays d&rsquo;origine, de votre langue, etc.<\/li>\n<\/ul>\n<h2>Qu&rsquo;est-ce qu&rsquo;un cookie de premi\u00e8re partie et un cookie de tierce partie?<\/h2>\n<p>Les <em>cookies<\/em> de premi\u00e8re partie sont ceux qui sont g\u00e9n\u00e9r\u00e9s par la page que vous visitez et les cookies de <em>tierce partie<\/em> sont ceux qui sont g\u00e9n\u00e9r\u00e9s par des services ou des fournisseurs externes tels que Facebook, Twitter, Google, etc.<\/p>\n<h2>Que se passe-t-il si je d\u00e9sactive les <em>cookies<\/em>?<\/h2>\n<p>Afin de vous permettre de comprendre la port\u00e9e que peut avoir la d\u00e9sactivation des <em>cookies<\/em>, nous vous pr\u00e9sentons quelques exemples:<\/p>\n<ul>\n<li>Vous ne pourrez pas partager le contenu de ce site web sur Facebook, Twitter ou tout autre r\u00e9seau social.<\/li>\n<li>Le site web ne sera pas en mesure d&rsquo;adapter le contenu \u00e0 vos pr\u00e9f\u00e9rences personnelles, comme c&rsquo;est souvent le cas pour les boutiques en ligne.<\/li>\n<li>Vous ne pourrez pas acc\u00e9der \u00e0 l&rsquo;espace personnel de ce site web, tel que <em>Mon compte<\/em>, <em>Mon profil<\/em> ou <em>Mes commandes<\/em>.<\/li>\n<li>Boutiques en ligne : Vous ne pourrez pas faire d&rsquo;achats en ligne, vous devrez les faire par t\u00e9l\u00e9phone ou en vous rendant dans la boutique physique si vous en avez une.<\/li>\n<li>Il ne sera pas possible de personnaliser vos pr\u00e9f\u00e9rences g\u00e9ographiques telles que le fuseau horaire, la devise ou la langue.<\/li>\n<li>Le site web ne sera pas en mesure d&rsquo;effectuer des analyses sur les visiteurs et le trafic web, ce qui rendra le site web difficilement comp\u00e9titif.<\/li>\n<li>Vous ne pourrez pas \u00e9crire sur le blog, t\u00e9l\u00e9charger des photos, publier des commentaires, \u00e9valuer ou noter le contenu. Le site web ne pourra pas savoir si vous \u00eates un \u00eatre humain ou une application automatis\u00e9e qui publie du <em>spam<\/em>.<\/li>\n<li>Vous ne pourrez pas afficher de publicit\u00e9 cibl\u00e9e, ce qui r\u00e9duira les recettes publicitaires du site web.<\/li>\n<li>Tous les r\u00e9seaux sociaux utilisent des <em>cookies<\/em>. Si vous les d\u00e9sactivez, vous ne pourrez utiliser aucun r\u00e9seau social.<\/li>\n<\/ul>\n<h2>Puis-je supprimer les <em>cookies<\/em>?<\/h2>\n<p>Oui, vous pouvez non seulement les supprimer, mais aussi les bloquer, soit de mani\u00e8re g\u00e9n\u00e9rale, soit pour un domaine sp\u00e9cifique.<\/p>\n<p>Pour supprimer les <em>cookies<\/em> d&rsquo;un site web, vous devez aller dans les param\u00e8tres de votre navigateur et vous pouvez y rechercher ceux qui sont associ\u00e9s au domaine en question et les supprimer.<\/p>\n<h2 id=\"navegadores\">Param\u00e8tres des <em>cookies<\/em> pour les navigateurs les plus populaires<\/h2>\n<p>Voici comment acc\u00e9der \u00e0 un <em>cookie<\/em> particulier dans le navigateur <strong>Chrome<\/strong>. Remarque : ces \u00e9tapes peuvent varier en fonction de la version du navigateur:<\/p>\n<ol>\n<li>Allez dans Param\u00e8tres ou Pr\u00e9f\u00e9rences via le menu Fichier ou en cliquant sur l&rsquo;ic\u00f4ne de personnalisation en haut \u00e0 droite.<\/li>\n<li>Vous verrez diff\u00e9rentes sections, cliquez sur <em>Afficher<\/em> les <em>options avanc\u00e9es<\/em>.<\/li>\n<li>Cliquez sur <em>Afficher<\/em> les <em>options avanc\u00e9es<\/em>.<\/li>\n<li>S\u00e9lectionnez <em>Tous les cookies<\/em> et <em>donn\u00e9es de site<\/em>.<\/li>\n<li>Vous verrez une liste de tous les <em>cookies<\/em> tri\u00e9s par domaine. Pour faciliter la recherche de <em>cookies<\/em> pour un domaine particulier, saisissez une partie ou la totalit\u00e9 de l&rsquo;adresse dans le champ <em>Rechercher des cookies<\/em>.<\/li>\n<li>Apr\u00e8s avoir effectu\u00e9 ce filtre, une ou plusieurs lignes contenant les <em>cookies<\/em> du site web demand\u00e9 appara\u00eetront \u00e0 l&rsquo;\u00e9cran. Il ne vous reste plus qu&rsquo;\u00e0 les s\u00e9lectionner et \u00e0 appuyer sur <em>X<\/em> pour les supprimer.<\/li>\n<\/ol>\n<p>Pour acc\u00e9der aux param\u00e8tres des <em>cookies<\/em> de votre navigateur <strong>Internet Explorer<\/strong>, suivez les \u00e9tapes suivantes (elles peuvent varier en fonction de la version du navigateur):<\/p>\n<ol>\n<li>Allez dans <em>Outils<\/em>, <em>Options Internet<\/em><\/li>\n<li>Cliquez sur <em>Confidentialit\u00e9<\/em>.<\/li>\n<li>D\u00e9placez le curseur pour d\u00e9finir le niveau de confidentialit\u00e9 souhait\u00e9.<\/li>\n<\/ol>\n<p>Pour acc\u00e9der aux param\u00e8tres des <em>cookies<\/em> de votre navigateur <strong>Firefox<\/strong>, proc\u00e9dez comme suit (cela peut varier en fonction de la version du navigateur):<\/p>\n<ol>\n<li>Allez dans <em>Options<\/em> ou <em>Pr\u00e9f\u00e9rences<\/em> selon votre syst\u00e8me d&rsquo;exploitation.<\/li>\n<li>Cliquez sur <em>Confidentialit\u00e9<\/em>.<\/li>\n<li>Sous <em>Historique<\/em>, choisissez <em>Utiliser les param\u00e8tres personnalis\u00e9s pour l&rsquo;historique<\/em>.<\/li>\n<li>Vous verrez maintenant l&rsquo;option <em>Accepter les cookies<\/em>, que vous pouvez activer ou d\u00e9sactiver selon vos pr\u00e9f\u00e9rences.<\/li>\n<\/ol>\n<p>Pour acc\u00e9der aux param\u00e8tres des <em>cookies<\/em> dans le navigateur <strong>Safari pour OSX<\/strong>, proc\u00e9dez comme suit (cela peut varier en fonction de la version du navigateur):<\/p>\n<ol>\n<li>Allez dans <em>Pr\u00e9f\u00e9rences<\/em>, puis dans <em>Confidentialit\u00e9<\/em>.<\/li>\n<li>Vous y trouverez l&rsquo;option <em>Bloquer les cookies<\/em>, qui vous permettra d&rsquo;ajuster le type de blocage que vous souhaitez effectuer.<\/li>\n<\/ol>\n<p>Pour acc\u00e9der aux param\u00e8tres des <em>cookies<\/em> dans le navigateur <strong>Safari pour iOS<\/strong>, proc\u00e9dez comme suit (cela peut varier en fonction de la version du navigateur):<\/p>\n<ol>\n<li>Allez dans <em>R\u00e9glages<\/em>, puis dans <em>Safari<\/em>.<\/li>\n<li>Allez dans <em>Confidentialit\u00e9<\/em> et <em>S\u00e9curit\u00e9<\/em>, vous verrez l&rsquo;option <em>Bloquer les cookies<\/em> pour ajuster le type de blocage que vous voulez faire.<\/li>\n<\/ol>\n<p>Pour acc\u00e9der aux param\u00e8tres des <em>cookies<\/em> du navigateur pour les appareils <strong>Android<\/strong>, proc\u00e9dez comme suit (la proc\u00e9dure peut varier en fonction de la version du navigateur):<\/p>\n<ol>\n<li>Lancez le navigateur et appuyez sur la touche <em>Menu<\/em>, puis sur <em>Param\u00e8tres<\/em>.<\/li>\n<li>Allez dans <em>S\u00e9curit\u00e9 et confidentialit\u00e9<\/em>, vous verrez l&rsquo;option <em>Accepter les cookies<\/em> pour cocher ou d\u00e9cocher la case.<\/li>\n<\/ol>\n<p>Pour acc\u00e9der aux param\u00e8tres des <em>cookies<\/em> de votre navigateur pour les appareils <strong>Windows Phone<\/strong>, proc\u00e9dez comme suit (cela peut varier en fonction de la version du navigateur):<\/p>\n<ol>\n<li>Ouvrez <em>Internet Explorer<\/em>, puis <em>Plus<\/em>, puis <em>Param\u00e8tres<\/em><\/li>\n<li>Vous pouvez maintenant cocher ou d\u00e9cocher la case <em>Autoriser les cookies<\/em>.<\/li>\n<\/ol>\n","protected":false},"excerpt":{"rendered":"<p>Qu&rsquo;est-ce qu&rsquo;un cookie? Un cookie est un fichier texte inoffensif qui est stock\u00e9 dans votre navigateur lorsque vous visitez presque n&rsquo;importe quel site web. Le but du cookie est de permettre au site web de se souvenir de votre visite lorsque vous revenez sur cette page. Bien que de nombreuses personnes l&rsquo;ignorent, les cookies sont [&hellip;]<\/p>\n","protected":false},"author":2,"featured_media":0,"parent":0,"menu_order":0,"comment_status":"closed","ping_status":"closed","template":"","meta":{"footnotes":""},"class_list":["post-2210","page","type-page","status-publish","hentry"],"yoast_head":"<!-- This site is optimized with the Yoast SEO plugin v27.3 - https:\/\/yoast.com\/product\/yoast-seo-wordpress\/ -->\n<title>Plus d&#039;informations sur les cookies - BioPastis<\/title>\n<meta name=\"robots\" content=\"index, follow, max-snippet:-1, max-image-preview:large, max-video-preview:-1\" \/>\n<link rel=\"canonical\" href=\"https:\/\/biopastis.com\/fr\/plus-dinformations-sur-les-cookies\/\" \/>\n<meta property=\"og:locale\" content=\"fr_FR\" \/>\n<meta property=\"og:type\" content=\"article\" \/>\n<meta property=\"og:title\" content=\"Plus d&#039;informations sur les cookies - BioPastis\" \/>\n<meta property=\"og:description\" content=\"Qu&rsquo;est-ce qu&rsquo;un cookie? Un cookie est un fichier texte inoffensif qui est stock\u00e9 dans votre navigateur lorsque vous visitez presque n&rsquo;importe quel site web. Le but du cookie est de permettre au site web de se souvenir de votre visite lorsque vous revenez sur cette page. Bien que de nombreuses personnes l&rsquo;ignorent, les cookies sont [&hellip;]\" \/>\n<meta property=\"og:url\" content=\"https:\/\/biopastis.com\/fr\/plus-dinformations-sur-les-cookies\/\" \/>\n<meta property=\"og:site_name\" content=\"BioPastis\" \/>\n<meta property=\"article:modified_time\" content=\"2024-03-14T08:51:29+00:00\" \/>\n<meta name=\"twitter:card\" content=\"summary_large_image\" \/>\n<meta name=\"twitter:label1\" content=\"Dur\u00e9e de lecture estim\u00e9e\" \/>\n\t<meta name=\"twitter:data1\" content=\"6 minutes\" \/>\n<script type=\"application\/ld+json\" class=\"yoast-schema-graph\">{\"@context\":\"https:\\\/\\\/schema.org\",\"@graph\":[{\"@type\":\"WebPage\",\"@id\":\"https:\\\/\\\/biopastis.com\\\/fr\\\/plus-dinformations-sur-les-cookies\\\/\",\"url\":\"https:\\\/\\\/biopastis.com\\\/fr\\\/plus-dinformations-sur-les-cookies\\\/\",\"name\":\"Plus d'informations sur les cookies - BioPastis\",\"isPartOf\":{\"@id\":\"https:\\\/\\\/biopastis.com\\\/fr\\\/#website\"},\"datePublished\":\"2023-11-08T16:06:55+00:00\",\"dateModified\":\"2024-03-14T08:51:29+00:00\",\"breadcrumb\":{\"@id\":\"https:\\\/\\\/biopastis.com\\\/fr\\\/plus-dinformations-sur-les-cookies\\\/#breadcrumb\"},\"inLanguage\":\"fr-FR\",\"potentialAction\":[{\"@type\":\"ReadAction\",\"target\":[\"https:\\\/\\\/biopastis.com\\\/fr\\\/plus-dinformations-sur-les-cookies\\\/\"]}]},{\"@type\":\"BreadcrumbList\",\"@id\":\"https:\\\/\\\/biopastis.com\\\/fr\\\/plus-dinformations-sur-les-cookies\\\/#breadcrumb\",\"itemListElement\":[{\"@type\":\"ListItem\",\"position\":1,\"name\":\"Portada\",\"item\":\"https:\\\/\\\/biopastis.com\\\/fr\\\/\"},{\"@type\":\"ListItem\",\"position\":2,\"name\":\"Plus d&#8217;informations sur les cookies\"}]},{\"@type\":\"WebSite\",\"@id\":\"https:\\\/\\\/biopastis.com\\\/fr\\\/#website\",\"url\":\"https:\\\/\\\/biopastis.com\\\/fr\\\/\",\"name\":\"BioPastis\",\"description\":\"La alimentaci\u00f3n natural\",\"publisher\":{\"@id\":\"https:\\\/\\\/biopastis.com\\\/fr\\\/#organization\"},\"potentialAction\":[{\"@type\":\"SearchAction\",\"target\":{\"@type\":\"EntryPoint\",\"urlTemplate\":\"https:\\\/\\\/biopastis.com\\\/fr\\\/?s={search_term_string}\"},\"query-input\":{\"@type\":\"PropertyValueSpecification\",\"valueRequired\":true,\"valueName\":\"search_term_string\"}}],\"inLanguage\":\"fr-FR\"},{\"@type\":\"Organization\",\"@id\":\"https:\\\/\\\/biopastis.com\\\/fr\\\/#organization\",\"name\":\"BioPastis\",\"url\":\"https:\\\/\\\/biopastis.com\\\/fr\\\/\",\"logo\":{\"@type\":\"ImageObject\",\"inLanguage\":\"fr-FR\",\"@id\":\"https:\\\/\\\/biopastis.com\\\/fr\\\/#\\\/schema\\\/logo\\\/image\\\/\",\"url\":\"https:\\\/\\\/biopastis.com\\\/wp-content\\\/uploads\\\/2024\\\/01\\\/BIOPASTIS-NATURAL.jpg\",\"contentUrl\":\"https:\\\/\\\/biopastis.com\\\/wp-content\\\/uploads\\\/2024\\\/01\\\/BIOPASTIS-NATURAL.jpg\",\"width\":658,\"height\":663,\"caption\":\"BioPastis\"},\"image\":{\"@id\":\"https:\\\/\\\/biopastis.com\\\/fr\\\/#\\\/schema\\\/logo\\\/image\\\/\"}}]}<\/script>\n<!-- \/ Yoast SEO plugin. -->","yoast_head_json":{"title":"Plus d'informations sur les cookies - BioPastis","robots":{"index":"index","follow":"follow","max-snippet":"max-snippet:-1","max-image-preview":"max-image-preview:large","max-video-preview":"max-video-preview:-1"},"canonical":"https:\/\/biopastis.com\/fr\/plus-dinformations-sur-les-cookies\/","og_locale":"fr_FR","og_type":"article","og_title":"Plus d'informations sur les cookies - BioPastis","og_description":"Qu&rsquo;est-ce qu&rsquo;un cookie? Un cookie est un fichier texte inoffensif qui est stock\u00e9 dans votre navigateur lorsque vous visitez presque n&rsquo;importe quel site web. Le but du cookie est de permettre au site web de se souvenir de votre visite lorsque vous revenez sur cette page. Bien que de nombreuses personnes l&rsquo;ignorent, les cookies sont [&hellip;]","og_url":"https:\/\/biopastis.com\/fr\/plus-dinformations-sur-les-cookies\/","og_site_name":"BioPastis","article_modified_time":"2024-03-14T08:51:29+00:00","twitter_card":"summary_large_image","twitter_misc":{"Dur\u00e9e de lecture estim\u00e9e":"6 minutes"},"schema":{"@context":"https:\/\/schema.org","@graph":[{"@type":"WebPage","@id":"https:\/\/biopastis.com\/fr\/plus-dinformations-sur-les-cookies\/","url":"https:\/\/biopastis.com\/fr\/plus-dinformations-sur-les-cookies\/","name":"Plus d'informations sur les cookies - BioPastis","isPartOf":{"@id":"https:\/\/biopastis.com\/fr\/#website"},"datePublished":"2023-11-08T16:06:55+00:00","dateModified":"2024-03-14T08:51:29+00:00","breadcrumb":{"@id":"https:\/\/biopastis.com\/fr\/plus-dinformations-sur-les-cookies\/#breadcrumb"},"inLanguage":"fr-FR","potentialAction":[{"@type":"ReadAction","target":["https:\/\/biopastis.com\/fr\/plus-dinformations-sur-les-cookies\/"]}]},{"@type":"BreadcrumbList","@id":"https:\/\/biopastis.com\/fr\/plus-dinformations-sur-les-cookies\/#breadcrumb","itemListElement":[{"@type":"ListItem","position":1,"name":"Portada","item":"https:\/\/biopastis.com\/fr\/"},{"@type":"ListItem","position":2,"name":"Plus d&#8217;informations sur les cookies"}]},{"@type":"WebSite","@id":"https:\/\/biopastis.com\/fr\/#website","url":"https:\/\/biopastis.com\/fr\/","name":"BioPastis","description":"La alimentaci\u00f3n natural","publisher":{"@id":"https:\/\/biopastis.com\/fr\/#organization"},"potentialAction":[{"@type":"SearchAction","target":{"@type":"EntryPoint","urlTemplate":"https:\/\/biopastis.com\/fr\/?s={search_term_string}"},"query-input":{"@type":"PropertyValueSpecification","valueRequired":true,"valueName":"search_term_string"}}],"inLanguage":"fr-FR"},{"@type":"Organization","@id":"https:\/\/biopastis.com\/fr\/#organization","name":"BioPastis","url":"https:\/\/biopastis.com\/fr\/","logo":{"@type":"ImageObject","inLanguage":"fr-FR","@id":"https:\/\/biopastis.com\/fr\/#\/schema\/logo\/image\/","url":"https:\/\/biopastis.com\/wp-content\/uploads\/2024\/01\/BIOPASTIS-NATURAL.jpg","contentUrl":"https:\/\/biopastis.com\/wp-content\/uploads\/2024\/01\/BIOPASTIS-NATURAL.jpg","width":658,"height":663,"caption":"BioPastis"},"image":{"@id":"https:\/\/biopastis.com\/fr\/#\/schema\/logo\/image\/"}}]}},"_links":{"self":[{"href":"https:\/\/biopastis.com\/fr\/wp-json\/wp\/v2\/pages\/2210","targetHints":{"allow":["GET"]}}],"collection":[{"href":"https:\/\/biopastis.com\/fr\/wp-json\/wp\/v2\/pages"}],"about":[{"href":"https:\/\/biopastis.com\/fr\/wp-json\/wp\/v2\/types\/page"}],"author":[{"embeddable":true,"href":"https:\/\/biopastis.com\/fr\/wp-json\/wp\/v2\/users\/2"}],"replies":[{"embeddable":true,"href":"https:\/\/biopastis.com\/fr\/wp-json\/wp\/v2\/comments?post=2210"}],"version-history":[{"count":1,"href":"https:\/\/biopastis.com\/fr\/wp-json\/wp\/v2\/pages\/2210\/revisions"}],"predecessor-version":[{"id":2517,"href":"https:\/\/biopastis.com\/fr\/wp-json\/wp\/v2\/pages\/2210\/revisions\/2517"}],"wp:attachment":[{"href":"https:\/\/biopastis.com\/fr\/wp-json\/wp\/v2\/media?parent=2210"}],"curies":[{"name":"wp","href":"https:\/\/api.w.org\/{rel}","templated":true}]}}