{"id":2204,"date":"2023-11-14T16:22:49","date_gmt":"2023-11-14T15:22:49","guid":{"rendered":"https:\/\/biopastis.com\/entreprise\/"},"modified":"2024-02-21T17:07:28","modified_gmt":"2024-02-21T16:07:28","slug":"entreprise","status":"publish","type":"page","link":"https:\/\/biopastis.com\/fr\/entreprise\/","title":{"rendered":"Entreprise"},"content":{"rendered":"\n<h3 class=\"wp-block-heading\">La trajectoire commerciale de BioPastis est parall\u00e8le \u00e0 l&rsquo;\u00e9volution d&rsquo;un mod\u00e8le de confiserie froide cr\u00e9\u00e9 pour r\u00e9pondre aux demandes alimentaires de la soci\u00e9t\u00e9 qui sont apparues au cours des trente derni\u00e8res ann\u00e9es.<\/h3>\n\n<div style=\"height:37px\" aria-hidden=\"true\" class=\"wp-block-spacer\"><\/div>\n\n<p>Au cours de cette p\u00e9riode, BioPastis a non seulement consolid\u00e9 la conception et la production de son produit principal, les p\u00e2tisseries froides en portions individuelles pour les menus de restauration et les menus de traiteur, mais a \u00e9galement mis en \u0153uvre une m\u00e9thode unique de service et d&rsquo;assistance \u00e0 la client\u00e8le bas\u00e9e sur le mod\u00e8le \u00ab\u00a0Dessert pour un\u00a0\u00bb, dont la flexibilit\u00e9 nous permet d&rsquo;adapter n&rsquo;importe lequel des processus impliqu\u00e9s dans la production de nos produits, des \u00e9tapes initiales de la conception culinaire aux \u00e9tapes finales de la pr\u00e9sentation et de l&#8217;emballage, aux demandes sp\u00e9cifiques du march\u00e9.<\/p>\n\n<div class=\"wp-block-cover aligncenter is-light\"><span aria-hidden=\"true\" class=\"wp-block-cover__background has-background-dim\"><\/span><img loading=\"lazy\" decoding=\"async\" width=\"2560\" height=\"1707\" class=\"wp-block-cover__image-background wp-image-1553\" alt=\"\" src=\"https:\/\/biopastis.com\/wp-content\/uploads\/2024\/01\/Cadena-Tartones-Circulares-scaled.jpg\" data-object-fit=\"cover\" srcset=\"https:\/\/biopastis.com\/wp-content\/uploads\/2024\/01\/Cadena-Tartones-Circulares-scaled.jpg 2560w, https:\/\/biopastis.com\/wp-content\/uploads\/2024\/01\/Cadena-Tartones-Circulares-300x200.jpg 300w, https:\/\/biopastis.com\/wp-content\/uploads\/2024\/01\/Cadena-Tartones-Circulares-1024x683.jpg 1024w, https:\/\/biopastis.com\/wp-content\/uploads\/2024\/01\/Cadena-Tartones-Circulares-768x512.jpg 768w, https:\/\/biopastis.com\/wp-content\/uploads\/2024\/01\/Cadena-Tartones-Circulares-1536x1024.jpg 1536w, https:\/\/biopastis.com\/wp-content\/uploads\/2024\/01\/Cadena-Tartones-Circulares-2048x1365.jpg 2048w, https:\/\/biopastis.com\/wp-content\/uploads\/2024\/01\/Cadena-Tartones-Circulares-600x400.jpg 600w\" sizes=\"auto, (max-width: 2560px) 100vw, 2560px\" \/><div class=\"wp-block-cover__inner-container is-layout-flow wp-block-cover-is-layout-flow\">\n<p><\/p>\n<\/div><\/div>\n\n<div style=\"height:41px\" aria-hidden=\"true\" class=\"wp-block-spacer\"><\/div>\n\n<div class=\"wp-block-columns is-layout-flex wp-container-core-columns-is-layout-28f84493 wp-block-columns-is-layout-flex\">\n<div class=\"wp-block-column is-layout-flow wp-block-column-is-layout-flow\"><\/div>\n\n\n\n<div class=\"wp-block-column is-layout-flow wp-block-column-is-layout-flow\">\n<h5 class=\"wp-block-heading\">1989-1993<\/h5>\n\n\n\n<h3 class=\"wp-block-heading\">De la p\u00e2tisserie artisanale \u00e0 la production industrielle<\/h3>\n\n\n\n<p>BioPastis est n\u00e9e il y a plus de vingt-cinq ans en tant que producteur artisanal de desserts et de glaces, une petite entreprise qui s&rsquo;est transform\u00e9e en un projet industriel dans lequel l&rsquo;utilisation de mati\u00e8res premi\u00e8res naturelles et la connaissance de la confiserie traditionnelle ont \u00e9t\u00e9 mises \u00e0 profit. Les premi\u00e8res ann\u00e9es ont \u00e9t\u00e9 consacr\u00e9es \u00e0 la consolidation des m\u00e9thodes de production et de commercialisation \u00e0 froid, \u00e0 la s\u00e9lection rigoureuse des mati\u00e8res premi\u00e8res naturelles et \u00e0 l&rsquo;utilisation de recettes \u00e9prouv\u00e9es par l&rsquo;exp\u00e9rience gastronomique. L&rsquo;introduction rapide et constante de processus de production technologiques a conduit naturellement et in\u00e9vitablement \u00e0 la croissance de l&rsquo;entreprise et \u00e0 l&rsquo;ouverture de march\u00e9s plus vastes.<\/p>\n<\/div>\n<\/div>\n\n<div class=\"wp-block-columns is-layout-flex wp-container-core-columns-is-layout-28f84493 wp-block-columns-is-layout-flex\">\n<div class=\"wp-block-column is-layout-flow wp-block-column-is-layout-flow\">\n<h4 class=\"wp-block-heading\">1994 &#8211; 2001<\/h4>\n\n\n\n<h3 class=\"wp-block-heading\">Exp\u00e9rience, technologie et contr\u00f4le pour atteindre le leadership<\/h3>\n\n\n\n<p>Au fur et \u00e0 mesure que la soci\u00e9t\u00e9 cr\u00e9ait ses propres exigences alimentaires, BioPastis a con\u00e7u et mis en \u0153uvre des produits et des solutions adapt\u00e9s aux nouvelles habitudes de consommation. Le r\u00e9sultat de cette \u00e9volution a conduit BioPastis \u00e0 adopter des processus de plus en plus technologiques, bas\u00e9s sur des normes de qualit\u00e9 normalis\u00e9es, dans le but de r\u00e9pondre avec garantie aux conditions de s\u00e9curit\u00e9 alimentaire exig\u00e9es par des secteurs de march\u00e9 exigeants tels que la restauration a\u00e9rienne, o\u00f9 BioPastis a atteint une position de leadership qui permet \u00e0 nos desserts d&rsquo;\u00eatre pr\u00e9sents dans la plupart des compagnies a\u00e9riennes du monde.<\/p>\n<\/div>\n\n\n\n<div class=\"wp-block-column is-layout-flow wp-block-column-is-layout-flow\"><\/div>\n<\/div>\n\n<div class=\"wp-block-columns is-layout-flex wp-container-core-columns-is-layout-28f84493 wp-block-columns-is-layout-flex\">\n<div class=\"wp-block-column is-layout-flow wp-block-column-is-layout-flow\"><\/div>\n\n\n\n<div class=\"wp-block-column is-layout-flow wp-block-column-is-layout-flow\">\n<h4 class=\"wp-block-heading\">2002 &#8211; 2012<\/h4>\n\n\n\n<h3 class=\"wp-block-heading\">Une d\u00e9cennie d&rsquo;\u00e9volution vers l&rsquo;excellence du service<\/h3>\n\n\n\n<p>Les changements de la demande, la dimension mondiale des march\u00e9s et l&rsquo;irruption de nouvelles technologies de production ont impos\u00e9 \u00e0 BioPastis une nouvelle \u00e9tape d&rsquo;\u00e9volution. Au cours de cette d\u00e9cennie, la demande du march\u00e9 s&rsquo;est orient\u00e9e vers des produits pr\u00e9sentant une plus grande diff\u00e9renciation commerciale, tandis que le produit s&rsquo;est transform\u00e9 en un v\u00e9ritable service \u00e0 la client\u00e8le. Dans cette nouvelle \u00e9tape, BioPastis a d\u00e9montr\u00e9 sa capacit\u00e9 \u00e0 diriger un secteur exigeant comme peu d&rsquo;autres, o\u00f9 le contr\u00f4le sanitaire ne nuit pas \u00e0 la qualit\u00e9 nutritionnelle et o\u00f9 la saveur rappelle celle des produits fabriqu\u00e9s traditionnellement.<\/p>\n<\/div>\n<\/div>\n\n<div class=\"wp-block-columns is-layout-flex wp-container-core-columns-is-layout-28f84493 wp-block-columns-is-layout-flex\">\n<div class=\"wp-block-column is-layout-flow wp-block-column-is-layout-flow\">\n<h4 class=\"wp-block-heading\">2013 &#8211; 2014<\/h4>\n\n\n\n<h3 class=\"wp-block-heading\"><em>\u00ab\u00a0Dessert for one\u00a0\u00bb: <\/em>la consolidation des processus flexibles<\/h3>\n\n\n\n<p>En cr\u00e9ant le concept \u00ab\u00a0<em>Dessert for one<\/em>\u00ab\u00a0, BioPastis a pens\u00e9 \u00e0 ses clients. En s&rsquo;adaptant aux conditions requises dans chaque cas, BioPastis red\u00e9finit sa structure de production et est en mesure d&rsquo;offrir une r\u00e9ponse rapide aux exigences culinaires sp\u00e9cifiques. Chaque jour, nous constatons que la personnalisation des desserts est une option de valeur demand\u00e9e par la concurrence commerciale. Les clients demandent des desserts \u00ab\u00a0sur mesure\u00a0\u00bb et BioPastis est pr\u00eate \u00e0 les leur offrir. Le mod\u00e8le \u00ab\u00a0<em>Dessert for one<\/em>\u00a0\u00bb combine des processus d&rsquo;analyse et de conception, des technologies de production flexibles et un personnel sp\u00e9cialis\u00e9 dans un large \u00e9ventail de fonctions.<\/p>\n<\/div>\n\n\n\n<div class=\"wp-block-column is-layout-flow wp-block-column-is-layout-flow\"><\/div>\n<\/div>\n\n<div class=\"wp-block-columns is-layout-flex wp-container-core-columns-is-layout-28f84493 wp-block-columns-is-layout-flex\">\n<div class=\"wp-block-column is-layout-flow wp-block-column-is-layout-flow\"><\/div>\n\n\n\n<div class=\"wp-block-column is-layout-flow wp-block-column-is-layout-flow\">\n<h4 class=\"wp-block-heading\">Depuis 2015<\/h4>\n\n\n\n<h3 class=\"wp-block-heading\"><em>BNGRUPO:<\/em> Entr\u00e9e d&rsquo;un nouveau groupe commercial<\/h3>\n\n\n\n<p>Au d\u00e9but de l&rsquo;ann\u00e9e 2015, Biopastis et Bngrupo ont sign\u00e9 un accord de collaboration pour rechercher de nouveaux objectifs communs. La n\u00e9cessit\u00e9 de cr\u00e9er un nouveau concept d&rsquo;alimentation artisanale \u00e0 un niveau professionnel, jamais vu auparavant sur notre march\u00e9 national. En combinant le meilleur de Biopastis et de Bngrupo, ils veulent \u00e9tablir une nouvelle tendance et poursuivre le mod\u00e8le \u00ab\u00a0<em>Dessert for one<\/em>\u00a0\u00bb initi\u00e9 par Biopastis, et visant le d\u00e9veloppement de produits demand\u00e9s par leurs clients.<\/p>\n<\/div>\n<\/div>\n","protected":false},"excerpt":{"rendered":"<p>La trajectoire commerciale de BioPastis est parall\u00e8le \u00e0 l&rsquo;\u00e9volution d&rsquo;un mod\u00e8le de confiserie froide cr\u00e9\u00e9 pour r\u00e9pondre aux demandes alimentaires de la soci\u00e9t\u00e9 qui sont apparues au cours des trente derni\u00e8res ann\u00e9es. Au cours de cette p\u00e9riode, BioPastis a non seulement consolid\u00e9 la conception et la production de son produit principal, les p\u00e2tisseries froides en [&hellip;]<\/p>\n","protected":false},"author":1,"featured_media":0,"parent":0,"menu_order":0,"comment_status":"closed","ping_status":"closed","template":"","meta":{"footnotes":""},"class_list":["post-2204","page","type-page","status-publish","hentry"],"yoast_head":"<!-- This site is optimized with the Yoast SEO plugin v27.4 - https:\/\/yoast.com\/product\/yoast-seo-wordpress\/ -->\n<title>Entreprise - BioPastis<\/title>\n<meta name=\"robots\" content=\"index, follow, max-snippet:-1, max-image-preview:large, max-video-preview:-1\" \/>\n<link rel=\"canonical\" href=\"https:\/\/biopastis.com\/fr\/entreprise\/\" \/>\n<meta property=\"og:locale\" content=\"fr_FR\" \/>\n<meta property=\"og:type\" content=\"article\" \/>\n<meta property=\"og:title\" content=\"Entreprise - BioPastis\" \/>\n<meta property=\"og:description\" content=\"La trajectoire commerciale de BioPastis est parall\u00e8le \u00e0 l&rsquo;\u00e9volution d&rsquo;un mod\u00e8le de confiserie froide cr\u00e9\u00e9 pour r\u00e9pondre aux demandes alimentaires de la soci\u00e9t\u00e9 qui sont apparues au cours des trente derni\u00e8res ann\u00e9es. Au cours de cette p\u00e9riode, BioPastis a non seulement consolid\u00e9 la conception et la production de son produit principal, les p\u00e2tisseries froides en [&hellip;]\" \/>\n<meta property=\"og:url\" content=\"https:\/\/biopastis.com\/fr\/entreprise\/\" \/>\n<meta property=\"og:site_name\" content=\"BioPastis\" \/>\n<meta property=\"article:modified_time\" content=\"2024-02-21T16:07:28+00:00\" \/>\n<meta property=\"og:image\" content=\"https:\/\/biopastis.com\/wp-content\/uploads\/2024\/01\/Cadena-Tartones-Circulares-scaled.jpg\" \/>\n<meta name=\"twitter:card\" content=\"summary_large_image\" \/>\n<meta name=\"twitter:label1\" content=\"Dur\u00e9e de lecture estim\u00e9e\" \/>\n\t<meta name=\"twitter:data1\" content=\"4 minutes\" \/>\n<script type=\"application\/ld+json\" class=\"yoast-schema-graph\">{\"@context\":\"https:\\\/\\\/schema.org\",\"@graph\":[{\"@type\":\"WebPage\",\"@id\":\"https:\\\/\\\/biopastis.com\\\/fr\\\/entreprise\\\/\",\"url\":\"https:\\\/\\\/biopastis.com\\\/fr\\\/entreprise\\\/\",\"name\":\"Entreprise - BioPastis\",\"isPartOf\":{\"@id\":\"https:\\\/\\\/biopastis.com\\\/fr\\\/#website\"},\"primaryImageOfPage\":{\"@id\":\"https:\\\/\\\/biopastis.com\\\/fr\\\/entreprise\\\/#primaryimage\"},\"image\":{\"@id\":\"https:\\\/\\\/biopastis.com\\\/fr\\\/entreprise\\\/#primaryimage\"},\"thumbnailUrl\":\"https:\\\/\\\/biopastis.com\\\/wp-content\\\/uploads\\\/2024\\\/01\\\/Cadena-Tartones-Circulares-scaled.jpg\",\"datePublished\":\"2023-11-14T15:22:49+00:00\",\"dateModified\":\"2024-02-21T16:07:28+00:00\",\"breadcrumb\":{\"@id\":\"https:\\\/\\\/biopastis.com\\\/fr\\\/entreprise\\\/#breadcrumb\"},\"inLanguage\":\"fr-FR\",\"potentialAction\":[{\"@type\":\"ReadAction\",\"target\":[\"https:\\\/\\\/biopastis.com\\\/fr\\\/entreprise\\\/\"]}]},{\"@type\":\"ImageObject\",\"inLanguage\":\"fr-FR\",\"@id\":\"https:\\\/\\\/biopastis.com\\\/fr\\\/entreprise\\\/#primaryimage\",\"url\":\"https:\\\/\\\/biopastis.com\\\/wp-content\\\/uploads\\\/2024\\\/01\\\/Cadena-Tartones-Circulares-scaled.jpg\",\"contentUrl\":\"https:\\\/\\\/biopastis.com\\\/wp-content\\\/uploads\\\/2024\\\/01\\\/Cadena-Tartones-Circulares-scaled.jpg\"},{\"@type\":\"BreadcrumbList\",\"@id\":\"https:\\\/\\\/biopastis.com\\\/fr\\\/entreprise\\\/#breadcrumb\",\"itemListElement\":[{\"@type\":\"ListItem\",\"position\":1,\"name\":\"Portada\",\"item\":\"https:\\\/\\\/biopastis.com\\\/fr\\\/\"},{\"@type\":\"ListItem\",\"position\":2,\"name\":\"Entreprise\"}]},{\"@type\":\"WebSite\",\"@id\":\"https:\\\/\\\/biopastis.com\\\/fr\\\/#website\",\"url\":\"https:\\\/\\\/biopastis.com\\\/fr\\\/\",\"name\":\"BioPastis\",\"description\":\"La alimentaci\u00f3n natural\",\"publisher\":{\"@id\":\"https:\\\/\\\/biopastis.com\\\/fr\\\/#organization\"},\"potentialAction\":[{\"@type\":\"SearchAction\",\"target\":{\"@type\":\"EntryPoint\",\"urlTemplate\":\"https:\\\/\\\/biopastis.com\\\/fr\\\/?s={search_term_string}\"},\"query-input\":{\"@type\":\"PropertyValueSpecification\",\"valueRequired\":true,\"valueName\":\"search_term_string\"}}],\"inLanguage\":\"fr-FR\"},{\"@type\":\"Organization\",\"@id\":\"https:\\\/\\\/biopastis.com\\\/fr\\\/#organization\",\"name\":\"BioPastis\",\"url\":\"https:\\\/\\\/biopastis.com\\\/fr\\\/\",\"logo\":{\"@type\":\"ImageObject\",\"inLanguage\":\"fr-FR\",\"@id\":\"https:\\\/\\\/biopastis.com\\\/fr\\\/#\\\/schema\\\/logo\\\/image\\\/\",\"url\":\"https:\\\/\\\/biopastis.com\\\/wp-content\\\/uploads\\\/2024\\\/01\\\/BIOPASTIS-NATURAL.jpg\",\"contentUrl\":\"https:\\\/\\\/biopastis.com\\\/wp-content\\\/uploads\\\/2024\\\/01\\\/BIOPASTIS-NATURAL.jpg\",\"width\":658,\"height\":663,\"caption\":\"BioPastis\"},\"image\":{\"@id\":\"https:\\\/\\\/biopastis.com\\\/fr\\\/#\\\/schema\\\/logo\\\/image\\\/\"}}]}<\/script>\n<!-- \/ Yoast SEO plugin. -->","yoast_head_json":{"title":"Entreprise - BioPastis","robots":{"index":"index","follow":"follow","max-snippet":"max-snippet:-1","max-image-preview":"max-image-preview:large","max-video-preview":"max-video-preview:-1"},"canonical":"https:\/\/biopastis.com\/fr\/entreprise\/","og_locale":"fr_FR","og_type":"article","og_title":"Entreprise - BioPastis","og_description":"La trajectoire commerciale de BioPastis est parall\u00e8le \u00e0 l&rsquo;\u00e9volution d&rsquo;un mod\u00e8le de confiserie froide cr\u00e9\u00e9 pour r\u00e9pondre aux demandes alimentaires de la soci\u00e9t\u00e9 qui sont apparues au cours des trente derni\u00e8res ann\u00e9es. Au cours de cette p\u00e9riode, BioPastis a non seulement consolid\u00e9 la conception et la production de son produit principal, les p\u00e2tisseries froides en [&hellip;]","og_url":"https:\/\/biopastis.com\/fr\/entreprise\/","og_site_name":"BioPastis","article_modified_time":"2024-02-21T16:07:28+00:00","og_image":[{"url":"https:\/\/biopastis.com\/wp-content\/uploads\/2024\/01\/Cadena-Tartones-Circulares-scaled.jpg","type":"","width":"","height":""}],"twitter_card":"summary_large_image","twitter_misc":{"Dur\u00e9e de lecture estim\u00e9e":"4 minutes"},"schema":{"@context":"https:\/\/schema.org","@graph":[{"@type":"WebPage","@id":"https:\/\/biopastis.com\/fr\/entreprise\/","url":"https:\/\/biopastis.com\/fr\/entreprise\/","name":"Entreprise - BioPastis","isPartOf":{"@id":"https:\/\/biopastis.com\/fr\/#website"},"primaryImageOfPage":{"@id":"https:\/\/biopastis.com\/fr\/entreprise\/#primaryimage"},"image":{"@id":"https:\/\/biopastis.com\/fr\/entreprise\/#primaryimage"},"thumbnailUrl":"https:\/\/biopastis.com\/wp-content\/uploads\/2024\/01\/Cadena-Tartones-Circulares-scaled.jpg","datePublished":"2023-11-14T15:22:49+00:00","dateModified":"2024-02-21T16:07:28+00:00","breadcrumb":{"@id":"https:\/\/biopastis.com\/fr\/entreprise\/#breadcrumb"},"inLanguage":"fr-FR","potentialAction":[{"@type":"ReadAction","target":["https:\/\/biopastis.com\/fr\/entreprise\/"]}]},{"@type":"ImageObject","inLanguage":"fr-FR","@id":"https:\/\/biopastis.com\/fr\/entreprise\/#primaryimage","url":"https:\/\/biopastis.com\/wp-content\/uploads\/2024\/01\/Cadena-Tartones-Circulares-scaled.jpg","contentUrl":"https:\/\/biopastis.com\/wp-content\/uploads\/2024\/01\/Cadena-Tartones-Circulares-scaled.jpg"},{"@type":"BreadcrumbList","@id":"https:\/\/biopastis.com\/fr\/entreprise\/#breadcrumb","itemListElement":[{"@type":"ListItem","position":1,"name":"Portada","item":"https:\/\/biopastis.com\/fr\/"},{"@type":"ListItem","position":2,"name":"Entreprise"}]},{"@type":"WebSite","@id":"https:\/\/biopastis.com\/fr\/#website","url":"https:\/\/biopastis.com\/fr\/","name":"BioPastis","description":"La alimentaci\u00f3n natural","publisher":{"@id":"https:\/\/biopastis.com\/fr\/#organization"},"potentialAction":[{"@type":"SearchAction","target":{"@type":"EntryPoint","urlTemplate":"https:\/\/biopastis.com\/fr\/?s={search_term_string}"},"query-input":{"@type":"PropertyValueSpecification","valueRequired":true,"valueName":"search_term_string"}}],"inLanguage":"fr-FR"},{"@type":"Organization","@id":"https:\/\/biopastis.com\/fr\/#organization","name":"BioPastis","url":"https:\/\/biopastis.com\/fr\/","logo":{"@type":"ImageObject","inLanguage":"fr-FR","@id":"https:\/\/biopastis.com\/fr\/#\/schema\/logo\/image\/","url":"https:\/\/biopastis.com\/wp-content\/uploads\/2024\/01\/BIOPASTIS-NATURAL.jpg","contentUrl":"https:\/\/biopastis.com\/wp-content\/uploads\/2024\/01\/BIOPASTIS-NATURAL.jpg","width":658,"height":663,"caption":"BioPastis"},"image":{"@id":"https:\/\/biopastis.com\/fr\/#\/schema\/logo\/image\/"}}]}},"_links":{"self":[{"href":"https:\/\/biopastis.com\/fr\/wp-json\/wp\/v2\/pages\/2204","targetHints":{"allow":["GET"]}}],"collection":[{"href":"https:\/\/biopastis.com\/fr\/wp-json\/wp\/v2\/pages"}],"about":[{"href":"https:\/\/biopastis.com\/fr\/wp-json\/wp\/v2\/types\/page"}],"author":[{"embeddable":true,"href":"https:\/\/biopastis.com\/fr\/wp-json\/wp\/v2\/users\/1"}],"replies":[{"embeddable":true,"href":"https:\/\/biopastis.com\/fr\/wp-json\/wp\/v2\/comments?post=2204"}],"version-history":[{"count":1,"href":"https:\/\/biopastis.com\/fr\/wp-json\/wp\/v2\/pages\/2204\/revisions"}],"predecessor-version":[{"id":2205,"href":"https:\/\/biopastis.com\/fr\/wp-json\/wp\/v2\/pages\/2204\/revisions\/2205"}],"wp:attachment":[{"href":"https:\/\/biopastis.com\/fr\/wp-json\/wp\/v2\/media?parent=2204"}],"curies":[{"name":"wp","href":"https:\/\/api.w.org\/{rel}","templated":true}]}}