{"id":4148,"date":"2024-06-19T15:21:35","date_gmt":"2024-06-19T13:21:35","guid":{"rendered":"https:\/\/biopastis.com\/nuestro-equipo\/"},"modified":"2024-12-02T15:23:35","modified_gmt":"2024-12-02T14:23:35","slug":"our-team","status":"publish","type":"page","link":"https:\/\/biopastis.com\/en\/our-team\/","title":{"rendered":"Our team"},"content":{"rendered":"\n<div class=\"wp-block-columns is-layout-flex wp-container-core-columns-is-layout-28f84493 wp-block-columns-is-layout-flex\">\n<div class=\"wp-block-column is-layout-flow wp-block-column-is-layout-flow\">\n<figure class=\"wp-block-image size-large\"><img loading=\"lazy\" decoding=\"async\" width=\"1024\" height=\"683\" src=\"https:\/\/biopastis.com\/wp-content\/uploads\/2024\/06\/Carlos-Garcia-Romeral-Jefe-de-Logistica-y-aprovisionamientos-1024x683.jpg\" alt=\"\" class=\"wp-image-4119\" srcset=\"https:\/\/biopastis.com\/wp-content\/uploads\/2024\/06\/Carlos-Garcia-Romeral-Jefe-de-Logistica-y-aprovisionamientos-1024x683.jpg 1024w, https:\/\/biopastis.com\/wp-content\/uploads\/2024\/06\/Carlos-Garcia-Romeral-Jefe-de-Logistica-y-aprovisionamientos-300x200.jpg 300w, https:\/\/biopastis.com\/wp-content\/uploads\/2024\/06\/Carlos-Garcia-Romeral-Jefe-de-Logistica-y-aprovisionamientos-768x512.jpg 768w, https:\/\/biopastis.com\/wp-content\/uploads\/2024\/06\/Carlos-Garcia-Romeral-Jefe-de-Logistica-y-aprovisionamientos-1536x1024.jpg 1536w, https:\/\/biopastis.com\/wp-content\/uploads\/2024\/06\/Carlos-Garcia-Romeral-Jefe-de-Logistica-y-aprovisionamientos-2048x1365.jpg 2048w, https:\/\/biopastis.com\/wp-content\/uploads\/2024\/06\/Carlos-Garcia-Romeral-Jefe-de-Logistica-y-aprovisionamientos-600x400.jpg 600w\" sizes=\"auto, (max-width: 1024px) 100vw, 1024px\" \/><\/figure>\n<\/div>\n\n\n\n<div class=\"wp-block-column is-layout-flow wp-block-column-is-layout-flow\">\n<h4 class=\"wp-block-heading\">Carlos Garc\u00eda Romeral <\/h4>\n\n\n\n<h4 class=\"wp-block-heading\">(Head of Logistics and Supplies)<\/h4>\n\n\n\n<p>With more than 20 years of experience at Biopastis, Carlos is currently a fundamental pillar for the company. Since his beginning, Carlos has worked hard to achieve the current position he holds. All the control of the warehouses that Biopastis has in its plant passes through him. He is also responsible for the perfect functioning of the production chains and together with Sergio they make it possible for Biopastis to produce more than 4,000 product units on a daily basis.<\/p>\n\n\n\n<p>Managing all of this is nothing if not based on effort and dedication. A true professional, both inside and outside the company. For us, another member of the Biopastis family.<\/p>\n<\/div>\n<\/div>\n\n<div style=\"height:92px\" aria-hidden=\"true\" class=\"wp-block-spacer\"><\/div>\n\n<div class=\"wp-block-columns is-layout-flex wp-container-core-columns-is-layout-28f84493 wp-block-columns-is-layout-flex\">\n<div class=\"wp-block-column is-layout-flow wp-block-column-is-layout-flow\">\n<figure class=\"wp-block-image size-large\"><img loading=\"lazy\" decoding=\"async\" width=\"905\" height=\"1024\" src=\"https:\/\/biopastis.com\/wp-content\/uploads\/2024\/03\/Jose-Sierra-Pantoja-Director-Ejecutivo-CEO-recorte-905x1024.jpg\" alt=\"\" class=\"wp-image-2438\" srcset=\"https:\/\/biopastis.com\/wp-content\/uploads\/2024\/03\/Jose-Sierra-Pantoja-Director-Ejecutivo-CEO-recorte-905x1024.jpg 905w, https:\/\/biopastis.com\/wp-content\/uploads\/2024\/03\/Jose-Sierra-Pantoja-Director-Ejecutivo-CEO-recorte-265x300.jpg 265w, https:\/\/biopastis.com\/wp-content\/uploads\/2024\/03\/Jose-Sierra-Pantoja-Director-Ejecutivo-CEO-recorte-768x869.jpg 768w, https:\/\/biopastis.com\/wp-content\/uploads\/2024\/03\/Jose-Sierra-Pantoja-Director-Ejecutivo-CEO-recorte-1358x1536.jpg 1358w, https:\/\/biopastis.com\/wp-content\/uploads\/2024\/03\/Jose-Sierra-Pantoja-Director-Ejecutivo-CEO-recorte-1811x2048.jpg 1811w, https:\/\/biopastis.com\/wp-content\/uploads\/2024\/03\/Jose-Sierra-Pantoja-Director-Ejecutivo-CEO-recorte-600x679.jpg 600w\" sizes=\"auto, (max-width: 905px) 100vw, 905px\" \/><\/figure>\n<\/div>\n\n\n\n<div class=\"wp-block-column is-layout-flow wp-block-column-is-layout-flow\">\n<h4 class=\"wp-block-heading\">Jos\u00e9 Sierra Pantoja<\/h4>\n\n\n\n<h4 class=\"wp-block-heading\">(Executive Director &#8211; CEO)<\/h4>\n\n\n\n<p>Aragonese by birth and Manchego by adoption, in 2002 Jos\u00e9 Sierra became part of our Biopastis family.<\/p>\n\n\n\n<p>A graduate in Industrial Electronics and PLC programming, Pepe, as he likes to be called, has revolutionized the way we make our cakes over the past 22 years.<\/p>\n\n\n\n<p>Lorena Garc\u00eda&#8217;s husband, the two of them together, have been innovating and improving year after year our entire production chain and concepts regarding pastry that are in trend.<\/p>\n\n\n\n<p>Pepe, in addition to leading all the technological development of the company, is the person who controls the Purchasing Department and the Sales Department of Biopastis.<\/p>\n\n\n\n<p>He is currently the CEO of the company, to which he brings youth, determination and know-how, so that all the products that leave our company are 100% to the liking of our customers.<\/p>\n\n\n\n<p><strong>\u201cOur maxim is to ensure that everything that comes out of our company maintains the quality levels that our clients demand from us. Development is what makes us stand out from the rest of our competitors, this is our spearhead!! So we do our thing!!\u201d<\/strong><\/p>\n<\/div>\n<\/div>\n\n<div style=\"height:92px\" aria-hidden=\"true\" class=\"wp-block-spacer\"><\/div>\n\n<div class=\"wp-block-columns is-layout-flex wp-container-core-columns-is-layout-28f84493 wp-block-columns-is-layout-flex\">\n<div class=\"wp-block-column is-layout-flow wp-block-column-is-layout-flow\">\n<figure class=\"wp-block-image size-large\"><img loading=\"lazy\" decoding=\"async\" width=\"904\" height=\"1024\" src=\"https:\/\/biopastis.com\/wp-content\/uploads\/2024\/03\/Lorena-Garcia-Marquez-Directora-Dpto-IDI-y-Calidad-recorte-4-904x1024.jpg\" alt=\"\" class=\"wp-image-2459\" srcset=\"https:\/\/biopastis.com\/wp-content\/uploads\/2024\/03\/Lorena-Garcia-Marquez-Directora-Dpto-IDI-y-Calidad-recorte-4-904x1024.jpg 904w, https:\/\/biopastis.com\/wp-content\/uploads\/2024\/03\/Lorena-Garcia-Marquez-Directora-Dpto-IDI-y-Calidad-recorte-4-265x300.jpg 265w, https:\/\/biopastis.com\/wp-content\/uploads\/2024\/03\/Lorena-Garcia-Marquez-Directora-Dpto-IDI-y-Calidad-recorte-4-768x870.jpg 768w, https:\/\/biopastis.com\/wp-content\/uploads\/2024\/03\/Lorena-Garcia-Marquez-Directora-Dpto-IDI-y-Calidad-recorte-4-1356x1536.jpg 1356w, https:\/\/biopastis.com\/wp-content\/uploads\/2024\/03\/Lorena-Garcia-Marquez-Directora-Dpto-IDI-y-Calidad-recorte-4-1808x2048.jpg 1808w, https:\/\/biopastis.com\/wp-content\/uploads\/2024\/03\/Lorena-Garcia-Marquez-Directora-Dpto-IDI-y-Calidad-recorte-4-600x680.jpg 600w\" sizes=\"auto, (max-width: 904px) 100vw, 904px\" \/><\/figure>\n<\/div>\n\n\n\n<div class=\"wp-block-column is-layout-flow wp-block-column-is-layout-flow\">\n<h4 class=\"wp-block-heading\">Lorena Garc\u00eda M\u00e1rquez<\/h4>\n\n\n\n<h4 class=\"wp-block-heading\">(Director of the R&amp;D and Quality Department)<\/h4>\n\n\n\n<p>Without a doubt, the most important pillar of our company. Lorena learned over the years from Nacho and Paqui how to work in order to build a large company. Nacho introduced her to the world of pastry making and Mr. Luis Irizar (Master of Masters) was the one who taught her to be on par with any chef worldwide.<\/p>\n\n\n\n<p>Lorena is a hard worker, constant, a fighter and a sufferer, she is able to make more than 80 cake developments in one day. Luis Irizar defined her as: \u201cShe is a Japanese born in Spain, organized, constant and at the same time innovative and imaginative.\u201d<\/p>\n\n\n\n<p>For years she has been learning the techniques and trends of all the countries she travels to, always accompanied by Pepe. Together they have developed the concept \u201cDessert For One\u201d which they apply as their daily ABC.<\/p>\n\n\n\n<p>Lorena currently manages the entire R&amp;D department at Biopastis, as well as collaborating very closely, as could not be otherwise, in the production chains of our cakes.<\/p>\n\n\n\n<p>Lorena Garc\u00eda <strong>\u201cA good dessert is like a symphony, I always like to say. The right instruments, the right notes&#8230; If you have known how to compose your work, the public will enjoy it with intensity and emotion. But without anyone noticing, like music, a good dessert feeds you while you enjoy it\u201d<\/strong><\/p>\n\n\n\n<div style=\"height:69px\" aria-hidden=\"true\" class=\"wp-block-spacer\"><\/div>\n<\/div>\n<\/div>\n\n<div class=\"wp-block-columns is-layout-flex wp-container-core-columns-is-layout-28f84493 wp-block-columns-is-layout-flex\">\n<div class=\"wp-block-column is-layout-flow wp-block-column-is-layout-flow\">\n<figure class=\"wp-block-image size-large\"><img loading=\"lazy\" decoding=\"async\" width=\"683\" height=\"1024\" src=\"https:\/\/biopastis.com\/wp-content\/uploads\/2024\/12\/Maria-Garcia-Marquez-Directora-del-Dpto-Administracion-y-finanzas-683x1024.jpg\" alt=\"\" class=\"wp-image-4629\" srcset=\"https:\/\/biopastis.com\/wp-content\/uploads\/2024\/12\/Maria-Garcia-Marquez-Directora-del-Dpto-Administracion-y-finanzas-683x1024.jpg 683w, https:\/\/biopastis.com\/wp-content\/uploads\/2024\/12\/Maria-Garcia-Marquez-Directora-del-Dpto-Administracion-y-finanzas-200x300.jpg 200w, https:\/\/biopastis.com\/wp-content\/uploads\/2024\/12\/Maria-Garcia-Marquez-Directora-del-Dpto-Administracion-y-finanzas-768x1152.jpg 768w, https:\/\/biopastis.com\/wp-content\/uploads\/2024\/12\/Maria-Garcia-Marquez-Directora-del-Dpto-Administracion-y-finanzas-1024x1536.jpg 1024w, https:\/\/biopastis.com\/wp-content\/uploads\/2024\/12\/Maria-Garcia-Marquez-Directora-del-Dpto-Administracion-y-finanzas-1365x2048.jpg 1365w, https:\/\/biopastis.com\/wp-content\/uploads\/2024\/12\/Maria-Garcia-Marquez-Directora-del-Dpto-Administracion-y-finanzas-600x900.jpg 600w, https:\/\/biopastis.com\/wp-content\/uploads\/2024\/12\/Maria-Garcia-Marquez-Directora-del-Dpto-Administracion-y-finanzas-scaled.jpg 1707w\" sizes=\"auto, (max-width: 683px) 100vw, 683px\" \/><\/figure>\n\n\n\n<div style=\"height:100px\" aria-hidden=\"true\" class=\"wp-block-spacer\"><\/div>\n<\/div>\n\n\n\n<div class=\"wp-block-column is-layout-flow wp-block-column-is-layout-flow\">\n<p><\/p>\n\n\n\n<p><\/p>\n\n\n\n<p><\/p>\n\n\n\n<p><\/p>\n\n\n\n<div style=\"height:263px\" aria-hidden=\"true\" class=\"wp-block-spacer\"><\/div>\n\n\n\n<h4 class=\"wp-block-heading\">Mar\u00eda Garc\u00eda M\u00e1rquez<\/h4>\n\n\n\n<h4 class=\"wp-block-heading\">(Director of the Administration and Finance Department)<\/h4>\n\n\n\n<p>Your daily responsibilities at Biopastis. It is to control and execute compliance with accounting regulations (general accounting plan).<\/p>\n\n\n\n<p>Plan, organize and coordinate the annual closing process, with internal and external auditors.<\/p>\n\n\n\n<p>Ensure the company&#8217;s tax returns, in compliance with the corresponding tax and legal obligations.<\/p>\n\n\n\n<p>Prepare financial statements, including cash flow statements.<\/p>\n\n\n\n<p>Plan budgets and authorize expenses.<\/p>\n<\/div>\n<\/div>\n\n<div class=\"wp-block-columns is-layout-flex wp-container-core-columns-is-layout-28f84493 wp-block-columns-is-layout-flex\">\n<div class=\"wp-block-column is-layout-flow wp-block-column-is-layout-flow\">\n<figure class=\"wp-block-image size-large\"><img loading=\"lazy\" decoding=\"async\" width=\"1024\" height=\"683\" src=\"https:\/\/biopastis.com\/wp-content\/uploads\/2024\/12\/Sergio-Sanchez-Pastor-Director-Dpto-Produccion-1024x683.jpg\" alt=\"\" class=\"wp-image-4638\" srcset=\"https:\/\/biopastis.com\/wp-content\/uploads\/2024\/12\/Sergio-Sanchez-Pastor-Director-Dpto-Produccion-1024x683.jpg 1024w, https:\/\/biopastis.com\/wp-content\/uploads\/2024\/12\/Sergio-Sanchez-Pastor-Director-Dpto-Produccion-300x200.jpg 300w, https:\/\/biopastis.com\/wp-content\/uploads\/2024\/12\/Sergio-Sanchez-Pastor-Director-Dpto-Produccion-768x512.jpg 768w, https:\/\/biopastis.com\/wp-content\/uploads\/2024\/12\/Sergio-Sanchez-Pastor-Director-Dpto-Produccion-1536x1024.jpg 1536w, https:\/\/biopastis.com\/wp-content\/uploads\/2024\/12\/Sergio-Sanchez-Pastor-Director-Dpto-Produccion-2048x1365.jpg 2048w, https:\/\/biopastis.com\/wp-content\/uploads\/2024\/12\/Sergio-Sanchez-Pastor-Director-Dpto-Produccion-600x400.jpg 600w\" sizes=\"auto, (max-width: 1024px) 100vw, 1024px\" \/><\/figure>\n<\/div>\n\n\n\n<div class=\"wp-block-column is-layout-flow wp-block-column-is-layout-flow\">\n<p><\/p>\n\n\n\n<p><\/p>\n\n\n\n<p><\/p>\n\n\n\n<p><\/p>\n\n\n\n<h4 class=\"wp-block-heading\">Sergio Sanchez Sanchez Pastor<\/h4>\n\n\n\n<h4 class=\"wp-block-heading\">(Production and Factory Director)<\/h4>\n\n\n\n<p>Your daily responsibilities at Biopastis.  Prepare and direct production plans.<\/p>\n\n\n\n<p>Ensure the proper functioning of production.<\/p>\n\n\n\n<p>Supervise staff, ensuring their capacity and adequate performance.<\/p>\n\n\n\n<p>Planning and organization of manufacturing processes and ensuring that all products comply with quality standards.<\/p>\n<\/div>\n<\/div>\n","protected":false},"excerpt":{"rendered":"<p>Carlos Garc\u00eda Romeral (Head of Logistics and Supplies) With more than 20 years of experience at Biopastis, Carlos is currently a fundamental pillar for the company. Since his beginning, Carlos has worked hard to achieve the current position he holds. All the control of the warehouses that Biopastis has in its plant passes through him. [&hellip;]<\/p>\n","protected":false},"author":1,"featured_media":5348,"parent":0,"menu_order":0,"comment_status":"closed","ping_status":"closed","template":"","meta":{"footnotes":""},"class_list":["post-4148","page","type-page","status-publish","has-post-thumbnail","hentry"],"yoast_head":"<!-- This site is optimized with the Yoast SEO plugin v27.3 - https:\/\/yoast.com\/product\/yoast-seo-wordpress\/ -->\n<title>Our team - BioPastis<\/title>\n<meta name=\"robots\" content=\"index, follow, max-snippet:-1, max-image-preview:large, max-video-preview:-1\" \/>\n<link rel=\"canonical\" href=\"https:\/\/biopastis.com\/en\/our-team\/\" \/>\n<meta property=\"og:locale\" content=\"en_US\" \/>\n<meta property=\"og:type\" content=\"article\" \/>\n<meta property=\"og:title\" content=\"Our team - BioPastis\" \/>\n<meta property=\"og:description\" content=\"Carlos Garc\u00eda Romeral (Head of Logistics and Supplies) With more than 20 years of experience at Biopastis, Carlos is currently a fundamental pillar for the company. Since his beginning, Carlos has worked hard to achieve the current position he holds. All the control of the warehouses that Biopastis has in its plant passes through him. [&hellip;]\" \/>\n<meta property=\"og:url\" content=\"https:\/\/biopastis.com\/en\/our-team\/\" \/>\n<meta property=\"og:site_name\" content=\"BioPastis\" \/>\n<meta property=\"article:modified_time\" content=\"2024-12-02T14:23:35+00:00\" \/>\n<meta property=\"og:image\" content=\"https:\/\/biopastis.com\/wp-content\/uploads\/2024\/06\/Fotos-de-la-Familia-3-scaled.jpg\" \/>\n\t<meta property=\"og:image:width\" content=\"2560\" \/>\n\t<meta property=\"og:image:height\" content=\"1706\" \/>\n\t<meta property=\"og:image:type\" content=\"image\/jpeg\" \/>\n<meta name=\"twitter:card\" content=\"summary_large_image\" \/>\n<meta name=\"twitter:label1\" content=\"Est. reading time\" \/>\n\t<meta name=\"twitter:data1\" content=\"1 minute\" \/>\n<script type=\"application\/ld+json\" class=\"yoast-schema-graph\">{\"@context\":\"https:\\\/\\\/schema.org\",\"@graph\":[{\"@type\":\"WebPage\",\"@id\":\"https:\\\/\\\/biopastis.com\\\/en\\\/our-team\\\/\",\"url\":\"https:\\\/\\\/biopastis.com\\\/en\\\/our-team\\\/\",\"name\":\"Our team - BioPastis\",\"isPartOf\":{\"@id\":\"https:\\\/\\\/biopastis.com\\\/en\\\/#website\"},\"primaryImageOfPage\":{\"@id\":\"https:\\\/\\\/biopastis.com\\\/en\\\/our-team\\\/#primaryimage\"},\"image\":{\"@id\":\"https:\\\/\\\/biopastis.com\\\/en\\\/our-team\\\/#primaryimage\"},\"thumbnailUrl\":\"https:\\\/\\\/biopastis.com\\\/wp-content\\\/uploads\\\/2025\\\/09\\\/la-familia-biopastis-al-completo.png\",\"datePublished\":\"2024-06-19T13:21:35+00:00\",\"dateModified\":\"2024-12-02T14:23:35+00:00\",\"breadcrumb\":{\"@id\":\"https:\\\/\\\/biopastis.com\\\/en\\\/our-team\\\/#breadcrumb\"},\"inLanguage\":\"en-US\",\"potentialAction\":[{\"@type\":\"ReadAction\",\"target\":[\"https:\\\/\\\/biopastis.com\\\/en\\\/our-team\\\/\"]}]},{\"@type\":\"ImageObject\",\"inLanguage\":\"en-US\",\"@id\":\"https:\\\/\\\/biopastis.com\\\/en\\\/our-team\\\/#primaryimage\",\"url\":\"https:\\\/\\\/biopastis.com\\\/wp-content\\\/uploads\\\/2025\\\/09\\\/la-familia-biopastis-al-completo.png\",\"contentUrl\":\"https:\\\/\\\/biopastis.com\\\/wp-content\\\/uploads\\\/2025\\\/09\\\/la-familia-biopastis-al-completo.png\",\"width\":1248,\"height\":832},{\"@type\":\"BreadcrumbList\",\"@id\":\"https:\\\/\\\/biopastis.com\\\/en\\\/our-team\\\/#breadcrumb\",\"itemListElement\":[{\"@type\":\"ListItem\",\"position\":1,\"name\":\"Portada\",\"item\":\"https:\\\/\\\/biopastis.com\\\/en\\\/\"},{\"@type\":\"ListItem\",\"position\":2,\"name\":\"Our team\"}]},{\"@type\":\"WebSite\",\"@id\":\"https:\\\/\\\/biopastis.com\\\/en\\\/#website\",\"url\":\"https:\\\/\\\/biopastis.com\\\/en\\\/\",\"name\":\"BioPastis\",\"description\":\"La alimentaci\u00f3n natural\",\"publisher\":{\"@id\":\"https:\\\/\\\/biopastis.com\\\/en\\\/#organization\"},\"potentialAction\":[{\"@type\":\"SearchAction\",\"target\":{\"@type\":\"EntryPoint\",\"urlTemplate\":\"https:\\\/\\\/biopastis.com\\\/en\\\/?s={search_term_string}\"},\"query-input\":{\"@type\":\"PropertyValueSpecification\",\"valueRequired\":true,\"valueName\":\"search_term_string\"}}],\"inLanguage\":\"en-US\"},{\"@type\":\"Organization\",\"@id\":\"https:\\\/\\\/biopastis.com\\\/en\\\/#organization\",\"name\":\"BioPastis\",\"url\":\"https:\\\/\\\/biopastis.com\\\/en\\\/\",\"logo\":{\"@type\":\"ImageObject\",\"inLanguage\":\"en-US\",\"@id\":\"https:\\\/\\\/biopastis.com\\\/en\\\/#\\\/schema\\\/logo\\\/image\\\/\",\"url\":\"https:\\\/\\\/biopastis.com\\\/wp-content\\\/uploads\\\/2024\\\/01\\\/BIOPASTIS-NATURAL.jpg\",\"contentUrl\":\"https:\\\/\\\/biopastis.com\\\/wp-content\\\/uploads\\\/2024\\\/01\\\/BIOPASTIS-NATURAL.jpg\",\"width\":658,\"height\":663,\"caption\":\"BioPastis\"},\"image\":{\"@id\":\"https:\\\/\\\/biopastis.com\\\/en\\\/#\\\/schema\\\/logo\\\/image\\\/\"}}]}<\/script>\n<!-- \/ Yoast SEO plugin. -->","yoast_head_json":{"title":"Our team - BioPastis","robots":{"index":"index","follow":"follow","max-snippet":"max-snippet:-1","max-image-preview":"max-image-preview:large","max-video-preview":"max-video-preview:-1"},"canonical":"https:\/\/biopastis.com\/en\/our-team\/","og_locale":"en_US","og_type":"article","og_title":"Our team - BioPastis","og_description":"Carlos Garc\u00eda Romeral (Head of Logistics and Supplies) With more than 20 years of experience at Biopastis, Carlos is currently a fundamental pillar for the company. Since his beginning, Carlos has worked hard to achieve the current position he holds. All the control of the warehouses that Biopastis has in its plant passes through him. [&hellip;]","og_url":"https:\/\/biopastis.com\/en\/our-team\/","og_site_name":"BioPastis","article_modified_time":"2024-12-02T14:23:35+00:00","og_image":[{"width":2560,"height":1706,"url":"https:\/\/biopastis.com\/wp-content\/uploads\/2024\/06\/Fotos-de-la-Familia-3-scaled.jpg","type":"image\/jpeg"}],"twitter_card":"summary_large_image","twitter_misc":{"Est. reading time":"1 minute"},"schema":{"@context":"https:\/\/schema.org","@graph":[{"@type":"WebPage","@id":"https:\/\/biopastis.com\/en\/our-team\/","url":"https:\/\/biopastis.com\/en\/our-team\/","name":"Our team - BioPastis","isPartOf":{"@id":"https:\/\/biopastis.com\/en\/#website"},"primaryImageOfPage":{"@id":"https:\/\/biopastis.com\/en\/our-team\/#primaryimage"},"image":{"@id":"https:\/\/biopastis.com\/en\/our-team\/#primaryimage"},"thumbnailUrl":"https:\/\/biopastis.com\/wp-content\/uploads\/2025\/09\/la-familia-biopastis-al-completo.png","datePublished":"2024-06-19T13:21:35+00:00","dateModified":"2024-12-02T14:23:35+00:00","breadcrumb":{"@id":"https:\/\/biopastis.com\/en\/our-team\/#breadcrumb"},"inLanguage":"en-US","potentialAction":[{"@type":"ReadAction","target":["https:\/\/biopastis.com\/en\/our-team\/"]}]},{"@type":"ImageObject","inLanguage":"en-US","@id":"https:\/\/biopastis.com\/en\/our-team\/#primaryimage","url":"https:\/\/biopastis.com\/wp-content\/uploads\/2025\/09\/la-familia-biopastis-al-completo.png","contentUrl":"https:\/\/biopastis.com\/wp-content\/uploads\/2025\/09\/la-familia-biopastis-al-completo.png","width":1248,"height":832},{"@type":"BreadcrumbList","@id":"https:\/\/biopastis.com\/en\/our-team\/#breadcrumb","itemListElement":[{"@type":"ListItem","position":1,"name":"Portada","item":"https:\/\/biopastis.com\/en\/"},{"@type":"ListItem","position":2,"name":"Our team"}]},{"@type":"WebSite","@id":"https:\/\/biopastis.com\/en\/#website","url":"https:\/\/biopastis.com\/en\/","name":"BioPastis","description":"La alimentaci\u00f3n natural","publisher":{"@id":"https:\/\/biopastis.com\/en\/#organization"},"potentialAction":[{"@type":"SearchAction","target":{"@type":"EntryPoint","urlTemplate":"https:\/\/biopastis.com\/en\/?s={search_term_string}"},"query-input":{"@type":"PropertyValueSpecification","valueRequired":true,"valueName":"search_term_string"}}],"inLanguage":"en-US"},{"@type":"Organization","@id":"https:\/\/biopastis.com\/en\/#organization","name":"BioPastis","url":"https:\/\/biopastis.com\/en\/","logo":{"@type":"ImageObject","inLanguage":"en-US","@id":"https:\/\/biopastis.com\/en\/#\/schema\/logo\/image\/","url":"https:\/\/biopastis.com\/wp-content\/uploads\/2024\/01\/BIOPASTIS-NATURAL.jpg","contentUrl":"https:\/\/biopastis.com\/wp-content\/uploads\/2024\/01\/BIOPASTIS-NATURAL.jpg","width":658,"height":663,"caption":"BioPastis"},"image":{"@id":"https:\/\/biopastis.com\/en\/#\/schema\/logo\/image\/"}}]}},"_links":{"self":[{"href":"https:\/\/biopastis.com\/en\/wp-json\/wp\/v2\/pages\/4148","targetHints":{"allow":["GET"]}}],"collection":[{"href":"https:\/\/biopastis.com\/en\/wp-json\/wp\/v2\/pages"}],"about":[{"href":"https:\/\/biopastis.com\/en\/wp-json\/wp\/v2\/types\/page"}],"author":[{"embeddable":true,"href":"https:\/\/biopastis.com\/en\/wp-json\/wp\/v2\/users\/1"}],"replies":[{"embeddable":true,"href":"https:\/\/biopastis.com\/en\/wp-json\/wp\/v2\/comments?post=4148"}],"version-history":[{"count":7,"href":"https:\/\/biopastis.com\/en\/wp-json\/wp\/v2\/pages\/4148\/revisions"}],"predecessor-version":[{"id":4654,"href":"https:\/\/biopastis.com\/en\/wp-json\/wp\/v2\/pages\/4148\/revisions\/4654"}],"wp:featuredmedia":[{"embeddable":true,"href":"https:\/\/biopastis.com\/en\/wp-json\/wp\/v2\/media\/5348"}],"wp:attachment":[{"href":"https:\/\/biopastis.com\/en\/wp-json\/wp\/v2\/media?parent=4148"}],"curies":[{"name":"wp","href":"https:\/\/api.w.org\/{rel}","templated":true}]}}